{"id":2673,"date":"2023-07-11T10:42:47","date_gmt":"2023-07-11T08:42:47","guid":{"rendered":"https:\/\/agora.xtec.cat\/ies-baldiri\/?page_id=2673"},"modified":"2023-07-11T11:00:45","modified_gmt":"2023-07-11T09:00:45","slug":"avaluacio","status":"publish","type":"page","link":"https:\/\/agora.xtec.cat\/ies-baldiri\/estrategia-digital-de-centre\/documentacio-estrategia-digital\/avaluacio\/","title":{"rendered":"Avaluaci\u00f3"},"content":{"rendered":"<p>Per tal d\u2019avaluar la implementaci\u00f3 de l&#8217;Estrat\u00e8gia Digital, la Comissi\u00f3\u00a0 d\u2019Estrat\u00e8gia Digital de l\u2019institut es reuneix anualment amb l\u2019equip directiu per valorar l\u2019execuci\u00f3 de les activitats associades als objectius proposats i el grau d\u2019assoliment d&#8217;aquests.<\/p>\n<p>Les seves activitats associades a cada objectiu tenen un responsable que el grau d\u2019assoliment en funci\u00f3 del criteri definit i ho exposa a la comissi\u00f3 d\u2019EDC. A partir d\u2019aqu\u00ed, i si s\u2019escau, la comissi\u00f3 modifica les activitats de l\u2019EDC tenint en compte la temporitzaci\u00f3 recomanada inicialment.<\/p>\n","protected":false},"excerpt":{"rendered":"<p>Per tal d\u2019avaluar la implementaci\u00f3 de l&#8217;Estrat\u00e8gia Digital, la Comissi\u00f3\u00a0 d\u2019Estrat\u00e8gia Digital de l\u2019institut es reuneix anualment amb l\u2019equip directiu per valorar l\u2019execuci\u00f3 de les activitats associades als objectius proposats i el grau d\u2019assoliment d&#8217;aquests.<br \/>\nLes seves activitats associades a cada objectiu tenen un responsable que&hellip;  <a href=\"https:\/\/agora.xtec.cat\/ies-baldiri\/estrategia-digital-de-centre\/documentacio-estrategia-digital\/avaluacio\/\" title=\"Read Avaluaci\u00f3\">Llegeix m\u00e9s\u00bb<\/a><\/p>\n","protected":false},"author":1,"featured_media":0,"parent":2656,"menu_order":0,"comment_status":"closed","ping_status":"closed","template":"","meta":{"_bbp_topic_count":0,"_bbp_reply_count":0,"_bbp_total_topic_count":0,"_bbp_total_reply_count":0,"_bbp_voice_count":0,"_bbp_anonymous_reply_count":0,"_bbp_topic_count_hidden":0,"_bbp_reply_count_hidden":0,"_bbp_forum_subforum_count":0,"footnotes":""},"class_list":["post-2673","page","type-page","status-publish","hentry"],"post_mailing_queue_ids":[],"_links":{"self":[{"href":"https:\/\/agora.xtec.cat\/ies-baldiri\/wp-json\/wp\/v2\/pages\/2673","targetHints":{"allow":["GET"]}}],"collection":[{"href":"https:\/\/agora.xtec.cat\/ies-baldiri\/wp-json\/wp\/v2\/pages"}],"about":[{"href":"https:\/\/agora.xtec.cat\/ies-baldiri\/wp-json\/wp\/v2\/types\/page"}],"author":[{"embeddable":true,"href":"https:\/\/agora.xtec.cat\/ies-baldiri\/wp-json\/wp\/v2\/users\/1"}],"replies":[{"embeddable":true,"href":"https:\/\/agora.xtec.cat\/ies-baldiri\/wp-json\/wp\/v2\/comments?post=2673"}],"version-history":[{"count":2,"href":"https:\/\/agora.xtec.cat\/ies-baldiri\/wp-json\/wp\/v2\/pages\/2673\/revisions"}],"predecessor-version":[{"id":2683,"href":"https:\/\/agora.xtec.cat\/ies-baldiri\/wp-json\/wp\/v2\/pages\/2673\/revisions\/2683"}],"up":[{"embeddable":true,"href":"https:\/\/agora.xtec.cat\/ies-baldiri\/wp-json\/wp\/v2\/pages\/2656"}],"wp:attachment":[{"href":"https:\/\/agora.xtec.cat\/ies-baldiri\/wp-json\/wp\/v2\/media?parent=2673"}],"curies":[{"name":"wp","href":"https:\/\/api.w.org\/{rel}","templated":true}]}}