{"id":2671,"date":"2023-07-11T10:42:29","date_gmt":"2023-07-11T08:42:29","guid":{"rendered":"https:\/\/agora.xtec.cat\/ies-baldiri\/?page_id=2671"},"modified":"2023-07-11T11:04:01","modified_gmt":"2023-07-11T09:04:01","slug":"planificacio","status":"publish","type":"page","link":"https:\/\/agora.xtec.cat\/ies-baldiri\/estrategia-digital-de-centre\/documentacio-estrategia-digital\/planificacio\/","title":{"rendered":"Planificaci\u00f3"},"content":{"rendered":"<h3>PROPOSTA DE TEMPORALITZACI\u00d3 DELS OBJECTIUS I DE LES ACTIVITATS<\/h3>\n<table style=\"height: 220px; width: 90%;\">\n<tbody>\n<tr style=\"height: 51px;\">\n<td style=\"height: 85px;\" colspan=\"2\" rowspan=\"2\"><b>Objectius de l&#8217;EDC<\/b><\/td>\n<td style=\"height: 51px;\" colspan=\"3\"><b>Curs 2023\/2024<\/b><\/td>\n<td style=\"height: 51px;\" colspan=\"3\"><b>Curs 2024\/2025<\/b><\/td>\n<td style=\"height: 51px;\" colspan=\"3\"><b>Curs 2025\/2026<\/b><\/td>\n<\/tr>\n<tr style=\"height: 34px;\">\n<td style=\"height: 34px;\"><b>1T<\/b><\/td>\n<td style=\"height: 34px;\"><b>2T<\/b><\/td>\n<td style=\"height: 34px;\"><b>3T<\/b><\/td>\n<td style=\"height: 34px;\"><b>1T<\/b><\/td>\n<td style=\"height: 34px;\"><b>2T<\/b><\/td>\n<td style=\"height: 34px;\"><b>3T<\/b><\/td>\n<td style=\"height: 34px;\"><b>1T<\/b><\/td>\n<td style=\"height: 34px;\"><b>2T<\/b><\/td>\n<td style=\"height: 34px;\"><b>3T<\/b><\/td>\n<\/tr>\n<tr style=\"height: 34px;\">\n<td style=\"height: 34px;\"><b>1<\/b><\/td>\n<td style=\"height: 34px;\" colspan=\"10\"><b>Millorar la col\u00b7laboraci\u00f3 entre els docents, la comissi\u00f3 d&#8217;EDC, l&#8217;Equip Directiu i agents externs<\/b><\/td>\n<\/tr>\n<tr style=\"height: 49px;\">\n<td style=\"height: 36px;\">1.1<\/td>\n<td style=\"height: 36px;\">Fomentar la creaci\u00f3 de grups de treball interdisciplinaris, per a promoure la innovaci\u00f3 en l&#8217;ensenyament i l&#8217;aprenentatge<\/td>\n<td style=\"height: 36px;\"><\/td>\n<td style=\"height: 36px;\"><\/td>\n<td style=\"height: 36px;\"><\/td>\n<td style=\"height: 36px;\"><b>x<\/b><\/td>\n<td style=\"height: 36px;\"><\/td>\n<td style=\"height: 36px;\"><\/td>\n<td style=\"height: 36px;\"><\/td>\n<td style=\"height: 36px;\"><\/td>\n<td style=\"height: 36px;\"><\/td>\n<\/tr>\n<tr style=\"height: 65px;\">\n<td style=\"height: 65px;\">1.2<\/td>\n<td style=\"height: 65px;\">Establir xarxes de col\u00b7laboraci\u00f3 entre professors de diferents escoles, departaments o altres organitzacions per compartir coneixements, recursos i bones pr\u00e0ctiques<\/td>\n<td style=\"height: 65px;\"><\/td>\n<td style=\"height: 65px;\"><\/td>\n<td style=\"height: 65px;\"><\/td>\n<td style=\"height: 65px;\"><b>x<\/b><\/td>\n<td style=\"height: 65px;\"><\/td>\n<td style=\"height: 65px;\"><\/td>\n<td style=\"height: 65px;\"><\/td>\n<td style=\"height: 65px;\"><\/td>\n<td style=\"height: 65px;\"><\/td>\n<\/tr>\n<\/tbody>\n<\/table>\n<table style=\"width: 90%;\">\n<tbody>\n<tr>\n<td colspan=\"2\" rowspan=\"2\"><b>Objectius de l&#8217;EDC<\/b><\/td>\n<td colspan=\"3\"><b>Curs 2023\/2024<\/b><\/td>\n<td colspan=\"3\"><b>Curs 2024\/2025<\/b><\/td>\n<td colspan=\"3\"><b>Curs 2025\/2026<\/b><\/td>\n<\/tr>\n<tr>\n<td><b>1T<\/b><\/td>\n<td><b>2T<\/b><\/td>\n<td><b>3T<\/b><\/td>\n<td><b>1T<\/b><\/td>\n<td><b>2T<\/b><\/td>\n<td><b>3T<\/b><\/td>\n<td><b>1T<\/b><\/td>\n<td><b>2T<\/b><\/td>\n<td><b>3T<\/b><\/td>\n<\/tr>\n<tr>\n<td><b>2<\/b><\/td>\n<td colspan=\"10\"><b>Millorar la formaci\u00f3 dels docents en avaluaci\u00f3 competencial amb eines digitals<\/b><\/td>\n<\/tr>\n<tr>\n<td>2.1<\/td>\n<td>Crear tutorials per al professorat per promoure l&#8217;\u00fas d&#8217;eines digitals en l&#8217;avaluaci\u00f3 competencial.<\/td>\n<td><\/td>\n<td><\/td>\n<td><\/td>\n<td><\/td>\n<td><\/td>\n<td><b>x<\/b><\/td>\n<td><\/td>\n<td><\/td>\n<td><\/td>\n<\/tr>\n<tr>\n<td>2.2<\/td>\n<td>Crear un grup d&#8217;experts per acompanyar al professorat en l&#8217;aplicaci\u00f3 de l&#8217;avaluaci\u00f3 competencial amb eines digitals.<\/td>\n<td><\/td>\n<td><\/td>\n<td><b>x<\/b><\/td>\n<td><\/td>\n<td><\/td>\n<td><\/td>\n<td><\/td>\n<td><\/td>\n<td><\/td>\n<\/tr>\n<tr>\n<td>2.3<\/td>\n<td>Organitzar formacions internes peri\u00f2diques (p\u00edndoles d&#8217;aprenentatge)<\/td>\n<td><\/td>\n<td><\/td>\n<td><\/td>\n<td><b>x<\/b><\/td>\n<td><b>x<\/b><\/td>\n<td><b>x<\/b><\/td>\n<td><b>x<\/b><\/td>\n<td><b>x<\/b><\/td>\n<td><b>x<\/b><\/td>\n<\/tr>\n<\/tbody>\n<\/table>\n<table style=\"width: 90%;\">\n<tbody>\n<tr>\n<td colspan=\"2\" rowspan=\"2\"><b>Objectius de l&#8217;EDC<\/b><\/td>\n<td colspan=\"3\"><b>Curs 2023\/2024<\/b><\/td>\n<td colspan=\"3\"><b>Curs 2024\/2025<\/b><\/td>\n<td colspan=\"3\"><b>Curs 2025\/2026<\/b><\/td>\n<\/tr>\n<tr>\n<td><b>1T<\/b><\/td>\n<td><b>2T<\/b><\/td>\n<td><b>3T<\/b><\/td>\n<td><b>1T<\/b><\/td>\n<td><b>2T<\/b><\/td>\n<td><b>3T<\/b><\/td>\n<td><b>1T<\/b><\/td>\n<td><b>2T<\/b><\/td>\n<td><b>3T<\/b><\/td>\n<\/tr>\n<tr>\n<td><b>3<\/b><\/td>\n<td colspan=\"10\"><b>Implementar i integrar adequadament les tecnologies digitals en les pr\u00e0ctiques l&#8217;avaluaci\u00f3 del centre per millorar la qualitat de l&#8217;avaluaci\u00f3 i el feedback als alumnes<\/b><\/td>\n<\/tr>\n<tr>\n<td>3.1.<\/td>\n<td>Implementar eines de retroalimentaci\u00f3 digital per millorar la qualitat de l&#8217;avaluaci\u00f3<\/td>\n<td><\/td>\n<td><\/td>\n<td><\/td>\n<td><\/td>\n<td><\/td>\n<td><\/td>\n<td><b>x<\/b><\/td>\n<td><\/td>\n<td><\/td>\n<\/tr>\n<tr>\n<td>3.2.<\/td>\n<td>Desenvolupar guies i protocols clars per a l&#8217;\u00fas de tecnologies digitals en l&#8217;avaluaci\u00f3<\/td>\n<td><\/td>\n<td><\/td>\n<td><\/td>\n<td><\/td>\n<td><\/td>\n<td><\/td>\n<td><b>x<\/b><\/td>\n<td><\/td>\n<td><\/td>\n<\/tr>\n<tr>\n<td>3.3.<\/td>\n<td>Establir un sistema de monitoritzaci\u00f3 i avaluaci\u00f3 de l&#8217;\u00fas de la tecnologia digital per l&#8217;avaluaci\u00f3 en el centre<\/td>\n<td><\/td>\n<td><\/td>\n<td><\/td>\n<td><\/td>\n<td><\/td>\n<td><\/td>\n<td><\/td>\n<td><\/td>\n<td><b>x<\/b><\/td>\n<\/tr>\n<\/tbody>\n<\/table>\n<table style=\"width: 90%;\">\n<tbody>\n<tr>\n<td colspan=\"2\" rowspan=\"2\"><b>Objectius de l&#8217;EDC<\/b><\/td>\n<td colspan=\"3\"><b>Curs 2023\/2024<\/b><\/td>\n<td colspan=\"3\"><b>Curs 2024\/2025<\/b><\/td>\n<td colspan=\"3\"><b>Curs 2025\/2026<\/b><\/td>\n<\/tr>\n<tr>\n<td><b>1T<\/b><\/td>\n<td><b>2T<\/b><\/td>\n<td><b>3T<\/b><\/td>\n<td><b>1T<\/b><\/td>\n<td><b>2T<\/b><\/td>\n<td><b>3T<\/b><\/td>\n<td><b>1T<\/b><\/td>\n<td><b>2T<\/b><\/td>\n<td><b>3T<\/b><\/td>\n<\/tr>\n<tr>\n<td><b>4<\/b><\/td>\n<td colspan=\"10\"><b>Actualitzar el desplegament complet de la compet\u00e8ncia digital de l&#8217;alumnat al nou curr\u00edculum<\/b><\/td>\n<\/tr>\n<tr>\n<td>4.1<\/td>\n<td>Crear un sistema de recollida transversal de cada una de les compet\u00e8ncies digitals per equip docent<\/td>\n<td><b>x<\/b><\/td>\n<td><\/td>\n<td><\/td>\n<td><\/td>\n<td><\/td>\n<td><\/td>\n<td><\/td>\n<td><\/td>\n<td><\/td>\n<\/tr>\n<tr>\n<td>4.2<\/td>\n<td>Recollir les activitats relacionades amb la compet\u00e8ncia digital que es realitzen a cada equip docent<\/td>\n<td><b>x<\/b><\/td>\n<td><\/td>\n<td><\/td>\n<td><\/td>\n<td><\/td>\n<td><\/td>\n<td><\/td>\n<td><\/td>\n<td><\/td>\n<\/tr>\n<tr>\n<td>4.3<\/td>\n<td>Definir la r\u00fabrica d&#8217;avaluaci\u00f3 de la compet\u00e8ncia digital per cada nivell<\/td>\n<td><\/td>\n<td><b>x<\/b><\/td>\n<td><b>x<\/b><\/td>\n<td><\/td>\n<td><\/td>\n<td><\/td>\n<td><\/td>\n<td><\/td>\n<td><\/td>\n<\/tr>\n<tr>\n<td>4.4<\/td>\n<td>Adaptar de les programacions de mat\u00e8ria per incloure activitats per avaluar les compet\u00e8ncies digitals acordades<\/td>\n<td><b>x<\/b><\/td>\n<td><b>x<\/b><\/td>\n<td><b>x<\/b><\/td>\n<td><\/td>\n<td><\/td>\n<td><\/td>\n<td><\/td>\n<td><\/td>\n<td><\/td>\n<\/tr>\n<\/tbody>\n<\/table>\n<table style=\"width: 90%;\">\n<tbody>\n<tr>\n<td colspan=\"2\" rowspan=\"2\"><b>Objectius de l&#8217;EDC<\/b><\/td>\n<td colspan=\"3\"><b>Curs 2023\/2024<\/b><\/td>\n<td colspan=\"3\"><b>Curs 2024\/2025<\/b><\/td>\n<td colspan=\"3\"><b>Curs 2025\/2026<\/b><\/td>\n<\/tr>\n<tr>\n<td><b>1T<\/b><\/td>\n<td><b>2T<\/b><\/td>\n<td><b>3T<\/b><\/td>\n<td><b>1T<\/b><\/td>\n<td><b>2T<\/b><\/td>\n<td><b>3T<\/b><\/td>\n<td><b>1T<\/b><\/td>\n<td><b>2T<\/b><\/td>\n<td><b>3T<\/b><\/td>\n<\/tr>\n<tr>\n<td><b>5<\/b><\/td>\n<td colspan=\"10\"><b>Actualitzar la documentaci\u00f3 de centre relacionada amb l&#8217;EDC<\/b><\/td>\n<\/tr>\n<tr>\n<td>5.1.<\/td>\n<td>Actualitzar el pla d&#8217;acollida digital del professorat<\/td>\n<td><\/td>\n<td><\/td>\n<td><b>x<\/b><\/td>\n<td><\/td>\n<td><\/td>\n<td><b>x<\/b><\/td>\n<td><\/td>\n<td><\/td>\n<td><b>x<\/b><\/td>\n<\/tr>\n<tr>\n<td>5.2.<\/td>\n<td>Actualitzar el pla d&#8217;acollida digital de l&#8217;alumnat<\/td>\n<td><\/td>\n<td><\/td>\n<td><b>x<\/b><\/td>\n<td><\/td>\n<td><\/td>\n<td><b>x<\/b><\/td>\n<td><\/td>\n<td><\/td>\n<td><b>x<\/b><\/td>\n<\/tr>\n<tr>\n<td>5.3.<\/td>\n<td>Actualitzar pla de comunicaci\u00f3 intern i extern<\/td>\n<td><\/td>\n<td><\/td>\n<td><b>x<\/b><\/td>\n<td><\/td>\n<td><\/td>\n<td><b>x<\/b><\/td>\n<td><\/td>\n<td><\/td>\n<td><b>x<\/b><\/td>\n<\/tr>\n<\/tbody>\n<\/table>\n<p>&nbsp;<\/p>\n","protected":false},"excerpt":{"rendered":"<p>PROPOSTA DE TEMPORALITZACI\u00d3 DELS OBJECTIUS I DE LES ACTIVITATS<\/p>\n<p>Objectius de l&#8217;EDC<br \/>\nCurs 2023\/2024<br \/>\nCurs 2024\/2025<br \/>\nCurs 2025\/2026<\/p>\n<p>1T<br \/>\n2T<br \/>\n3T<br \/>\n1T<br \/>\n2T<br \/>\n3T<br \/>\n1T<br \/>\n2T<br \/>\n3T<\/p>\n<p>1<br \/>\nMillorar la col\u00b7laboraci\u00f3 entre els docents, la comissi\u00f3 d&#8217;EDC, l&#8217;Equip Directiu i agents externs<\/p>\n<p>1.1<br \/>\nFomentar la creaci\u00f3 de grups de treball interdisciplinaris, per a promoure la innovaci\u00f3 en l&#8217;ensenyament i l&#8217;aprenentatge<\/p>\n<p>x<\/p>\n<p>1.2<br \/>\nEstablir xarxes de&hellip;  <a href=\"https:\/\/agora.xtec.cat\/ies-baldiri\/estrategia-digital-de-centre\/documentacio-estrategia-digital\/planificacio\/\" title=\"Read Planificaci\u00f3\">Llegeix m\u00e9s\u00bb<\/a><\/p>\n","protected":false},"author":1,"featured_media":0,"parent":2656,"menu_order":0,"comment_status":"closed","ping_status":"closed","template":"","meta":{"_bbp_topic_count":0,"_bbp_reply_count":0,"_bbp_total_topic_count":0,"_bbp_total_reply_count":0,"_bbp_voice_count":0,"_bbp_anonymous_reply_count":0,"_bbp_topic_count_hidden":0,"_bbp_reply_count_hidden":0,"_bbp_forum_subforum_count":0,"footnotes":""},"class_list":["post-2671","page","type-page","status-publish","hentry"],"post_mailing_queue_ids":[],"_links":{"self":[{"href":"https:\/\/agora.xtec.cat\/ies-baldiri\/wp-json\/wp\/v2\/pages\/2671","targetHints":{"allow":["GET"]}}],"collection":[{"href":"https:\/\/agora.xtec.cat\/ies-baldiri\/wp-json\/wp\/v2\/pages"}],"about":[{"href":"https:\/\/agora.xtec.cat\/ies-baldiri\/wp-json\/wp\/v2\/types\/page"}],"author":[{"embeddable":true,"href":"https:\/\/agora.xtec.cat\/ies-baldiri\/wp-json\/wp\/v2\/users\/1"}],"replies":[{"embeddable":true,"href":"https:\/\/agora.xtec.cat\/ies-baldiri\/wp-json\/wp\/v2\/comments?post=2671"}],"version-history":[{"count":4,"href":"https:\/\/agora.xtec.cat\/ies-baldiri\/wp-json\/wp\/v2\/pages\/2671\/revisions"}],"predecessor-version":[{"id":2685,"href":"https:\/\/agora.xtec.cat\/ies-baldiri\/wp-json\/wp\/v2\/pages\/2671\/revisions\/2685"}],"up":[{"embeddable":true,"href":"https:\/\/agora.xtec.cat\/ies-baldiri\/wp-json\/wp\/v2\/pages\/2656"}],"wp:attachment":[{"href":"https:\/\/agora.xtec.cat\/ies-baldiri\/wp-json\/wp\/v2\/media?parent=2671"}],"curies":[{"name":"wp","href":"https:\/\/api.w.org\/{rel}","templated":true}]}}