{"id":19,"date":"2014-09-17T14:56:56","date_gmt":"2014-09-17T14:56:56","guid":{"rendered":"http:\/\/agora.xtec.cat\/ies-baldiri\/?page_id=19"},"modified":"2016-02-10T19:20:57","modified_gmt":"2016-02-10T18:20:57","slug":"linstitut","status":"publish","type":"page","link":"https:\/\/agora.xtec.cat\/ies-baldiri\/linstitut\/","title":{"rendered":"L&#8217;institut"},"content":{"rendered":"<div>\n<h3><a href=\"http:\/\/agora.xtec.cat\/ies-baldiri\/wp-content\/uploads\/usu896\/2014\/09\/colors3.jpg\"><img loading=\"lazy\" decoding=\"async\" class=\"alignnone size-large wp-image-297\" src=\"http:\/\/agora.xtec.cat\/ies-baldiri\/wp-content\/uploads\/usu896\/2014\/09\/colors3-1024x94.jpg\" alt=\"colors3\" width=\"1024\" height=\"94\" srcset=\"https:\/\/agora.xtec.cat\/ies-baldiri\/wp-content\/uploads\/usu896\/2014\/09\/colors3-1024x94.jpg 1024w, https:\/\/agora.xtec.cat\/ies-baldiri\/wp-content\/uploads\/usu896\/2014\/09\/colors3-300x27.jpg 300w, https:\/\/agora.xtec.cat\/ies-baldiri\/wp-content\/uploads\/usu896\/2014\/09\/colors3.jpg 1169w\" sizes=\"auto, (max-width: 1024px) 100vw, 1024px\" \/><\/a><\/h3>\n<h3><span style=\"font-size: small;\"><b><span style=\"font-size: x-large;\">PRESENTACI\u00d3<\/span><br \/>\n<\/b><\/span><\/h3>\n<\/div>\n<p>El nostre institut, creat fa 43 anys, ha format nombroses generacions de pratencs i pratenques per accedir a la universitat, als cicles formatius o al m\u00f3n laboral. El nostre objectiu \u00e9s oferir una educaci\u00f3 integral i de qualitat, adequada a les necessitats de cada alumne\/a, per tal que siguin persones responsables, competents, d\u2019esperit cr\u00edtic i que contribueixin al progr\u00e9s i al desenvolupament de la nostra societat, dins d\u2019uns valors de llibertat, toler\u00e0ncia, solidaritat i respecte al medi ambient<\/p>\n<div>\n<h4><a name=\"TOC-Impartim...\"><\/a>Impartim&#8230;<\/h4>\n<p>ESO<\/p>\n<p>BATXILLERAT de les modalitats seg\u00fcents:<\/p>\n<ul>\n<li>Arts: Via Arts Esc\u00e8niques<\/li>\n<li>Ci\u00e8ncies i Tecnologia<\/li>\n<li>Humanitats i Ci\u00e8ncies Socials<\/li>\n<\/ul>\n<\/div>\n","protected":false},"excerpt":{"rendered":"<p><a href=\"http:\/\/agora.xtec.cat\/ies-baldiri\/wp-content\/uploads\/usu896\/2014\/09\/colors3.jpg\"><\/a><br \/>\nPRESENTACI\u00d3<\/p>\n<p>El nostre institut, creat fa 43 anys, ha format nombroses generacions de pratencs i pratenques per accedir a la universitat, als cicles formatius o al m\u00f3n laboral. El nostre objectiu \u00e9s oferir una educaci\u00f3 integral i de qualitat, adequada a les necessitats de cada&hellip;  <a href=\"https:\/\/agora.xtec.cat\/ies-baldiri\/linstitut\/\" title=\"Read L&#8217;institut\">Llegeix m\u00e9s\u00bb<\/a><\/p>\n","protected":false},"author":1,"featured_media":0,"parent":0,"menu_order":0,"comment_status":"closed","ping_status":"closed","template":"page-templates\/side-menu.php","meta":{"_bbp_topic_count":0,"_bbp_reply_count":0,"_bbp_total_topic_count":0,"_bbp_total_reply_count":0,"_bbp_voice_count":0,"_bbp_anonymous_reply_count":0,"_bbp_topic_count_hidden":0,"_bbp_reply_count_hidden":0,"_bbp_forum_subforum_count":0,"footnotes":""},"class_list":["post-19","page","type-page","status-publish","hentry"],"post_mailing_queue_ids":[],"_links":{"self":[{"href":"https:\/\/agora.xtec.cat\/ies-baldiri\/wp-json\/wp\/v2\/pages\/19","targetHints":{"allow":["GET"]}}],"collection":[{"href":"https:\/\/agora.xtec.cat\/ies-baldiri\/wp-json\/wp\/v2\/pages"}],"about":[{"href":"https:\/\/agora.xtec.cat\/ies-baldiri\/wp-json\/wp\/v2\/types\/page"}],"author":[{"embeddable":true,"href":"https:\/\/agora.xtec.cat\/ies-baldiri\/wp-json\/wp\/v2\/users\/1"}],"replies":[{"embeddable":true,"href":"https:\/\/agora.xtec.cat\/ies-baldiri\/wp-json\/wp\/v2\/comments?post=19"}],"version-history":[{"count":3,"href":"https:\/\/agora.xtec.cat\/ies-baldiri\/wp-json\/wp\/v2\/pages\/19\/revisions"}],"predecessor-version":[{"id":344,"href":"https:\/\/agora.xtec.cat\/ies-baldiri\/wp-json\/wp\/v2\/pages\/19\/revisions\/344"}],"wp:attachment":[{"href":"https:\/\/agora.xtec.cat\/ies-baldiri\/wp-json\/wp\/v2\/media?parent=19"}],"curies":[{"name":"wp","href":"https:\/\/api.w.org\/{rel}","templated":true}]}}