{"id":698,"date":"2016-05-11T23:28:27","date_gmt":"2016-05-11T22:28:27","guid":{"rendered":"http:\/\/agora.xtec.cat\/ies-baix-montseny\/?page_id=698"},"modified":"2023-02-21T13:16:15","modified_gmt":"2023-02-21T12:16:15","slug":"qui-som","status":"publish","type":"page","link":"https:\/\/agora.xtec.cat\/ies-baix-montseny\/linstitut\/qui-som\/","title":{"rendered":"Qui som"},"content":{"rendered":"<p>Som un centre de titularitat p\u00fablica situat al municipi de Sant Celoni, al Vall\u00e8s Oriental. Ens caracteritzem pel nostre esfor\u00e7 per crear un espai de conviv\u00e8ncia, aprenentatge i treball.<\/p>\n<p>Creiem en l\u2019educaci\u00f3 de proximitat i per aix\u00f2 treballem amb xarxa amb els diferents agents socials, amb l\u2019objectiu d\u2019ajudar els nostres alumnes a ser ciutadans responsables, aut\u00f2noms i competents.<\/p>\n<p>Veiem el treball en equip com el motor de la societat i, per tant, el valorem com una manera de fer essencial a nivell educatiu. Per aquest motiu potenciem el triangle escola, fam\u00edlia, municipi com l\u2019equip b\u00e0sic de treball per a oferir una educaci\u00f3 de qualitat. Creiem fermament que sumant capacitats es multipliquen resultats i, la millor manera de transmetre aquest valor als nostres alumnes \u00e9s mostrant-los dia a dia que el treball en xarxa ens fa cr\u00e9ixer a tots.<\/p>\n","protected":false},"excerpt":{"rendered":"<p>Som un centre de titularitat p\u00fablica situat al municipi de Sant Celoni, al Vall\u00e8s Oriental. Ens caracteritzem pel nostre esfor\u00e7 per crear un espai de conviv\u00e8ncia, aprenentatge i treball.<br \/>\nCreiem en l\u2019educaci\u00f3 de proximitat i per aix\u00f2 treballem amb xarxa amb els diferents agents socials, amb&hellip;  <a href=\"https:\/\/agora.xtec.cat\/ies-baix-montseny\/linstitut\/qui-som\/\" title=\"Read Qui som\">Llegeix m\u00e9s\u00bb<\/a><\/p>\n","protected":false},"author":1,"featured_media":0,"parent":19,"menu_order":5,"comment_status":"closed","ping_status":"closed","template":"page-templates\/side-menu.php","meta":{"_bbp_topic_count":0,"_bbp_reply_count":0,"_bbp_total_topic_count":0,"_bbp_total_reply_count":0,"_bbp_voice_count":0,"_bbp_anonymous_reply_count":0,"_bbp_topic_count_hidden":0,"_bbp_reply_count_hidden":0,"_bbp_forum_subforum_count":0,"footnotes":""},"class_list":["post-698","page","type-page","status-publish","hentry"],"post_mailing_queue_ids":[],"_links":{"self":[{"href":"https:\/\/agora.xtec.cat\/ies-baix-montseny\/wp-json\/wp\/v2\/pages\/698","targetHints":{"allow":["GET"]}}],"collection":[{"href":"https:\/\/agora.xtec.cat\/ies-baix-montseny\/wp-json\/wp\/v2\/pages"}],"about":[{"href":"https:\/\/agora.xtec.cat\/ies-baix-montseny\/wp-json\/wp\/v2\/types\/page"}],"author":[{"embeddable":true,"href":"https:\/\/agora.xtec.cat\/ies-baix-montseny\/wp-json\/wp\/v2\/users\/1"}],"replies":[{"embeddable":true,"href":"https:\/\/agora.xtec.cat\/ies-baix-montseny\/wp-json\/wp\/v2\/comments?post=698"}],"version-history":[{"count":2,"href":"https:\/\/agora.xtec.cat\/ies-baix-montseny\/wp-json\/wp\/v2\/pages\/698\/revisions"}],"predecessor-version":[{"id":733,"href":"https:\/\/agora.xtec.cat\/ies-baix-montseny\/wp-json\/wp\/v2\/pages\/698\/revisions\/733"}],"up":[{"embeddable":true,"href":"https:\/\/agora.xtec.cat\/ies-baix-montseny\/wp-json\/wp\/v2\/pages\/19"}],"wp:attachment":[{"href":"https:\/\/agora.xtec.cat\/ies-baix-montseny\/wp-json\/wp\/v2\/media?parent=698"}],"curies":[{"name":"wp","href":"https:\/\/api.w.org\/{rel}","templated":true}]}}