{"id":592,"date":"2016-03-12T11:47:51","date_gmt":"2016-03-12T10:47:51","guid":{"rendered":"http:\/\/agora.xtec.cat\/ies-baix-montseny\/?page_id=592"},"modified":"2025-06-03T08:45:59","modified_gmt":"2025-06-03T06:45:59","slug":"gestio-de-llibres-de-text","status":"publish","type":"page","link":"https:\/\/agora.xtec.cat\/ies-baix-montseny\/ampa\/gestio-de-llibres-de-text\/","title":{"rendered":"Gesti\u00f3 de llibres de text"},"content":{"rendered":"<p>La gesti\u00f3 dels llibres \u00e9s a trav\u00e9s de l&#8217;AFA.<\/p>\n<p>Podeu contactar amb cita pr\u00e8via,<\/p>\n<p>afa@insbaixmontseny.cat \/ 699176717<\/p>\n<p><img loading=\"lazy\" decoding=\"async\" class=\"alignnone size-full wp-image-23655\" src=\"https:\/\/agora.xtec.cat\/ies-baix-montseny\/wp-content\/uploads\/usu1288\/2025\/06\/llibres-contacte_-1.png\" alt=\"\" width=\"1587\" height=\"2245\" srcset=\"https:\/\/agora.xtec.cat\/ies-baix-montseny\/wp-content\/uploads\/usu1288\/2025\/06\/llibres-contacte_-1.png 1587w, https:\/\/agora.xtec.cat\/ies-baix-montseny\/wp-content\/uploads\/usu1288\/2025\/06\/llibres-contacte_-1-212x300.png 212w, https:\/\/agora.xtec.cat\/ies-baix-montseny\/wp-content\/uploads\/usu1288\/2025\/06\/llibres-contacte_-1-724x1024.png 724w, https:\/\/agora.xtec.cat\/ies-baix-montseny\/wp-content\/uploads\/usu1288\/2025\/06\/llibres-contacte_-1-768x1086.png 768w, https:\/\/agora.xtec.cat\/ies-baix-montseny\/wp-content\/uploads\/usu1288\/2025\/06\/llibres-contacte_-1-1086x1536.png 1086w, https:\/\/agora.xtec.cat\/ies-baix-montseny\/wp-content\/uploads\/usu1288\/2025\/06\/llibres-contacte_-1-1448x2048.png 1448w\" sizes=\"auto, (max-width: 1587px) 100vw, 1587px\" \/><\/p>\n","protected":false},"excerpt":{"rendered":"<p>La gesti\u00f3 dels llibres \u00e9s a trav\u00e9s de l&#8217;AFA.<br \/>\nPodeu contactar amb cita pr\u00e8via,<br \/>\nafa@insbaixmontseny.cat \/ 699176717<\/p>\n","protected":false},"author":1,"featured_media":0,"parent":582,"menu_order":40,"comment_status":"closed","ping_status":"closed","template":"page-templates\/side-menu.php","meta":{"_bbp_topic_count":0,"_bbp_reply_count":0,"_bbp_total_topic_count":0,"_bbp_total_reply_count":0,"_bbp_voice_count":0,"_bbp_anonymous_reply_count":0,"_bbp_topic_count_hidden":0,"_bbp_reply_count_hidden":0,"_bbp_forum_subforum_count":0,"footnotes":""},"class_list":["post-592","page","type-page","status-publish","hentry"],"post_mailing_queue_ids":[],"_links":{"self":[{"href":"https:\/\/agora.xtec.cat\/ies-baix-montseny\/wp-json\/wp\/v2\/pages\/592","targetHints":{"allow":["GET"]}}],"collection":[{"href":"https:\/\/agora.xtec.cat\/ies-baix-montseny\/wp-json\/wp\/v2\/pages"}],"about":[{"href":"https:\/\/agora.xtec.cat\/ies-baix-montseny\/wp-json\/wp\/v2\/types\/page"}],"author":[{"embeddable":true,"href":"https:\/\/agora.xtec.cat\/ies-baix-montseny\/wp-json\/wp\/v2\/users\/1"}],"replies":[{"embeddable":true,"href":"https:\/\/agora.xtec.cat\/ies-baix-montseny\/wp-json\/wp\/v2\/comments?post=592"}],"version-history":[{"count":7,"href":"https:\/\/agora.xtec.cat\/ies-baix-montseny\/wp-json\/wp\/v2\/pages\/592\/revisions"}],"predecessor-version":[{"id":23656,"href":"https:\/\/agora.xtec.cat\/ies-baix-montseny\/wp-json\/wp\/v2\/pages\/592\/revisions\/23656"}],"up":[{"embeddable":true,"href":"https:\/\/agora.xtec.cat\/ies-baix-montseny\/wp-json\/wp\/v2\/pages\/582"}],"wp:attachment":[{"href":"https:\/\/agora.xtec.cat\/ies-baix-montseny\/wp-json\/wp\/v2\/media?parent=592"}],"curies":[{"name":"wp","href":"https:\/\/api.w.org\/{rel}","templated":true}]}}