{"id":590,"date":"2016-03-12T11:47:05","date_gmt":"2016-03-12T10:47:05","guid":{"rendered":"http:\/\/agora.xtec.cat\/ies-baix-montseny\/?page_id=590"},"modified":"2023-06-19T12:58:30","modified_gmt":"2023-06-19T10:58:30","slug":"transport-escolar-sant-celoni","status":"publish","type":"page","link":"https:\/\/agora.xtec.cat\/ies-baix-montseny\/serveis\/transport-escolar-sant-celoni\/","title":{"rendered":"Transport escolar"},"content":{"rendered":"<p><a href=\"https:\/\/drive.google.com\/file\/d\/1_-fg0u6JfE_Zc33vXCckHJwBI7wj8a-l\/view?usp=sharing\" target=\"_blank\" rel=\"noopener\"><img loading=\"lazy\" decoding=\"async\" class=\"alignnone wp-image-22342 size-full\" src=\"https:\/\/agora.xtec.cat\/ies-baix-montseny\/wp-content\/uploads\/usu1288\/2023\/06\/Transport-escolar-23-24-2.png\" alt=\"\" width=\"1800\" height=\"450\" srcset=\"https:\/\/agora.xtec.cat\/ies-baix-montseny\/wp-content\/uploads\/usu1288\/2023\/06\/Transport-escolar-23-24-2.png 1800w, https:\/\/agora.xtec.cat\/ies-baix-montseny\/wp-content\/uploads\/usu1288\/2023\/06\/Transport-escolar-23-24-2-300x75.png 300w, https:\/\/agora.xtec.cat\/ies-baix-montseny\/wp-content\/uploads\/usu1288\/2023\/06\/Transport-escolar-23-24-2-1024x256.png 1024w, https:\/\/agora.xtec.cat\/ies-baix-montseny\/wp-content\/uploads\/usu1288\/2023\/06\/Transport-escolar-23-24-2-768x192.png 768w, https:\/\/agora.xtec.cat\/ies-baix-montseny\/wp-content\/uploads\/usu1288\/2023\/06\/Transport-escolar-23-24-2-1536x384.png 1536w\" sizes=\"auto, (max-width: 1800px) 100vw, 1800px\" \/><\/a><\/p>\n<p>&nbsp;<\/p>\n<p>El Consell Comarcal del Vall\u00e8s Oriental \u00e9s qui ofereix el servei de transport escolar a l&#8217;alumnat del centre. Totes les gestions relacionades amb aquest servei s&#8217;han de fer directament al <a href=\"https:\/\/www.vallesoriental.cat\/2028-el-consell\/3066-guia-de-serveis\/servei-de-transport-escolar.html\" target=\"_blank\" rel=\"noopener\">Consell Comarcal\/servei transport escolar<\/a>.<\/p>\n<p>En els apartats seg\u00fcents podreu trobar els enlla\u00e7os als principals tr\u00e0mits i informacions:<\/p>\n<ul>\n<li><a href=\"https:\/\/www.vallesoriental.cat\/ambits\/2197-educacio\/servei-de-transport-escolar\/modalitats\/\" target=\"_blank\" rel=\"noopener\">Modalitats del servei<\/a><\/li>\n<li><a href=\"https:\/\/drive.google.com\/file\/d\/1fxKb8ThEjVb3ghmeTeIuP7xhZDR2Ub3_\/view?usp=sharing\" target=\"_blank\" rel=\"noopener\">Rutes de l&#8217;institut Baix Montseny<\/a> &#8211; <a href=\"https:\/\/www.vallesoriental.cat\/media\/repository\/RUTES_2022-2023\/Institut_Baix_Montseny__SIEI_.pdf\" target=\"_blank\" rel=\"noopener\">Rutes SIEI<\/a><\/li>\n<li><a href=\"https:\/\/www.vallesoriental.cat\/ambits\/2197-educacio\/servei-de-transport-escolar\/condicions-acces-servei\/\" target=\"_blank\" rel=\"noopener\">Condicions d&#8217;acc\u00e9s al servei<\/a><\/li>\n<li><a href=\"https:\/\/www.vallesoriental.cat\/ambits\/2197-educacio\/servei-de-transport-escolar\/procediment-per-accedir-hi\/\" target=\"_blank\" rel=\"noopener\">Procediment per accedir al servei<\/a><\/li>\n<li><a href=\"https:\/\/www.vallesoriental.cat\/ambits\/2197-educacio\/servei-de-transport-escolar\/3059-terminis\/\" target=\"_blank\" rel=\"noopener\">Terminis per a la presentaci\u00f3 de sol\u00b7licituds<\/a><\/li>\n<li><a href=\"https:\/\/www.vallesoriental.cat\/ambits\/2197-educacio\/servei-de-transport-escolar\/preus-publics\/\" target=\"_blank\" rel=\"noopener\">Preus p\u00fablics del transport escolar no obligatori<\/a><\/li>\n<li><a href=\"https:\/\/www.vallesoriental.cat\/ambits\/2197-educacio\/servei-de-transport-escolar\/tramit\/\" target=\"_blank\" rel=\"noopener\">Tr\u00e0mit de sol\u00b7licitud<\/a><\/li>\n<li><a href=\"https:\/\/www.vallesoriental.cat\/ambits\/2197-educacio\/servei-de-transport-escolar\/assignacio-places-\/\" target=\"_blank\" rel=\"noopener\">Assignaci\u00f3 de places<\/a><\/li>\n<\/ul>\n<p style=\"font-weight: 400;\">Us recordem que el servei de Transport Escolar disposa de l\u2019aplicaci\u00f3 <a href=\"https:\/\/www.vallesoriental.cat\/ambits\/2197-educacio\/servei-de-transport-escolar\/batonroute\/\" target=\"_blank\" rel=\"noopener\"><span style=\"color: #ff0095;\"><em>BatOnRoute<\/em><\/span><\/a>. Aquesta aplicaci\u00f3 permet con\u00e8ixer l&#8217;estat de les rutes i enviar alertes i\/o notificacions als familiars dels usuaris en temps real. Algunes fam\u00edlies ja ho v\u00e0reu sol\u00b7licitar amb l\u2019alta de transport escolar i ho esteu utilitzant, d\u2019altres no ho v\u00e0reu sol\u00b7licitar.<\/p>\n<p style=\"font-weight: 400;\">En el cas que us vulgueu donar d&#8217;alta al servei, cal que envieu un correu electr\u00f2nic a <a href=\"mailto:transportescolar@vallesoriental.cat\">transportescolar@vallesoriental.cat<\/a>\u00a0indicant que voleu activar el servei BatOnRoute\u00a0 i el nom de la usu\u00e0ria \/usuari del transport.<\/p>\n","protected":false},"excerpt":{"rendered":"<p><a href=\"https:\/\/drive.google.com\/file\/d\/1_-fg0u6JfE_Zc33vXCckHJwBI7wj8a-l\/view?usp=sharing\" target=\"_blank\" rel=\"noopener\"><\/a><br \/>\n&nbsp;<br \/>\nEl Consell Comarcal del Vall\u00e8s Oriental \u00e9s qui ofereix el servei de transport escolar a l&#8217;alumnat del centre. Totes les gestions relacionades amb aquest servei s&#8217;han de fer directament al <a href=\"https:\/\/www.vallesoriental.cat\/2028-el-consell\/3066-guia-de-serveis\/servei-de-transport-escolar.html\" target=\"_blank\" rel=\"noopener\">Consell Comarcal\/servei transport escolar<\/a>.<br \/>\nEn els apartats seg\u00fcents podreu trobar&hellip;  <a href=\"https:\/\/agora.xtec.cat\/ies-baix-montseny\/serveis\/transport-escolar-sant-celoni\/\" title=\"Read Transport escolar\">Llegeix m\u00e9s\u00bb<\/a><\/p>\n","protected":false},"author":1,"featured_media":0,"parent":63,"menu_order":30,"comment_status":"closed","ping_status":"closed","template":"","meta":{"_bbp_topic_count":0,"_bbp_reply_count":0,"_bbp_total_topic_count":0,"_bbp_total_reply_count":0,"_bbp_voice_count":0,"_bbp_anonymous_reply_count":0,"_bbp_topic_count_hidden":0,"_bbp_reply_count_hidden":0,"_bbp_forum_subforum_count":0,"footnotes":""},"class_list":["post-590","page","type-page","status-publish","hentry"],"post_mailing_queue_ids":[],"_links":{"self":[{"href":"https:\/\/agora.xtec.cat\/ies-baix-montseny\/wp-json\/wp\/v2\/pages\/590","targetHints":{"allow":["GET"]}}],"collection":[{"href":"https:\/\/agora.xtec.cat\/ies-baix-montseny\/wp-json\/wp\/v2\/pages"}],"about":[{"href":"https:\/\/agora.xtec.cat\/ies-baix-montseny\/wp-json\/wp\/v2\/types\/page"}],"author":[{"embeddable":true,"href":"https:\/\/agora.xtec.cat\/ies-baix-montseny\/wp-json\/wp\/v2\/users\/1"}],"replies":[{"embeddable":true,"href":"https:\/\/agora.xtec.cat\/ies-baix-montseny\/wp-json\/wp\/v2\/comments?post=590"}],"version-history":[{"count":3,"href":"https:\/\/agora.xtec.cat\/ies-baix-montseny\/wp-json\/wp\/v2\/pages\/590\/revisions"}],"predecessor-version":[{"id":22343,"href":"https:\/\/agora.xtec.cat\/ies-baix-montseny\/wp-json\/wp\/v2\/pages\/590\/revisions\/22343"}],"up":[{"embeddable":true,"href":"https:\/\/agora.xtec.cat\/ies-baix-montseny\/wp-json\/wp\/v2\/pages\/63"}],"wp:attachment":[{"href":"https:\/\/agora.xtec.cat\/ies-baix-montseny\/wp-json\/wp\/v2\/media?parent=590"}],"curies":[{"name":"wp","href":"https:\/\/api.w.org\/{rel}","templated":true}]}}