{"id":586,"date":"2016-03-12T11:42:27","date_gmt":"2016-03-12T10:42:27","guid":{"rendered":"http:\/\/agora.xtec.cat\/ies-baix-montseny\/?page_id=586"},"modified":"2023-10-17T14:40:53","modified_gmt":"2023-10-17T12:40:53","slug":"que-es-lampa","status":"publish","type":"page","link":"https:\/\/agora.xtec.cat\/ies-baix-montseny\/ampa\/que-es-lampa\/","title":{"rendered":"Qu\u00e8 \u00e9s l&#8217;AFA\/AMPA?"},"content":{"rendered":"<p class=\"Estilo6\" align=\"left\">Les Associacions de Fam\u00edlies d&#8217;Alumnes (AFA) s\u00f3n associacions volunt\u00e0ries de les fam\u00edlies d\u2019un centre educatiu amb l\u2019objectiu general de promoure la participaci\u00f3 i col\u00b7laborar amb les activitats educatives del centre.<\/p>\n<p class=\"Estilo6\" align=\"left\"><strong>Perqu\u00e8 \u00e9s bo participar en l\u2019AFA? <\/strong><\/p>\n<ul>\n<li class=\"Estilo6\">Perqu\u00e8 quan les fam\u00edlies prenen part en les activitats del centre i de la comunitat educativa, els \u00ad fills i filles van m\u00e9s a gust a l\u2019escola i estudien amb m\u00e9s ganes.<\/li>\n<li class=\"Estilo6\">Perqu\u00e8 \u00e9s positiu que tots vetllin per la qualitat de l\u2019educaci\u00f3 dels \u00adfills i filles<\/li>\n<li class=\"Estilo6\">Perqu\u00e8 podr\u00e0s con\u00e8ixer i compartir amb altres pares i mares les teves inquietuds i propostes i tamb\u00e9 ajudar-vos m\u00fatuament<\/li>\n<li class=\"Estilo6\">Perqu\u00e8 podr\u00e0s con\u00e8ixer i entendre com funciona l\u2019escola, el sistema educatiu i la comunitat educativa<\/li>\n<li class=\"Estilo6\">Perqu\u00e8 tota la comunitat educativa podr\u00e0 con\u00e8ixer la diversitat cultural i ling\u00fc\u00edstica de l\u2019escola<\/li>\n<\/ul>\n<p>&nbsp;<\/p>\n<p><strong>Quina finalitat t\u00e9 una AFA?<\/strong><\/p>\n<ul>\n<li>Vetllar per la qualitat de l\u2019educaci\u00f3 a l\u2019escola<\/li>\n<li>Facilitar la relaci\u00f3 entre les fam\u00edlies, la direcci\u00f3 i el professorat de l\u2019escola<\/li>\n<li>Proposar activitats, fer suggeriments o formular queixes en relaci\u00f3 amb el funcionament de l\u2019escola<\/li>\n<li>Col\u00b7laborar en la gesti\u00f3 de serveis d\u2019inter\u00e8s de l\u2019alumnat, com ara el menjador escolar, l\u2019acollida matinal, i l\u2019adquisici\u00f3 i distribuci\u00f3 de llibres de text<\/li>\n<li>Representar les fam\u00edlies al Consell Escolar del centre i les institucions educatives<\/li>\n<li>Orientar les fam\u00edlies sobre els seus drets i deures<\/li>\n<li>Fer propostes per a la formaci\u00f3 de mares i pares<\/li>\n<\/ul>\n<p>&nbsp;<\/p>\n","protected":false},"excerpt":{"rendered":"<p>Les Associacions de Fam\u00edlies d&#8217;Alumnes (AFA) s\u00f3n associacions volunt\u00e0ries de les fam\u00edlies d\u2019un centre educatiu amb l\u2019objectiu general de promoure la participaci\u00f3 i col\u00b7laborar amb les activitats educatives del centre.<br \/>\nPerqu\u00e8 \u00e9s bo participar en l\u2019AFA? <\/p>\n<ul>\n<li class=\"Estilo6\">Perqu\u00e8 quan les fam\u00edlies prenen part en les activitats&hellip;  <a href=\"https:\/\/agora.xtec.cat\/ies-baix-montseny\/ampa\/que-es-lampa\/\" title=\"Read Qu\u00e8 \u00e9s l&#8217;AFA\/AMPA?\">Llegeix m\u00e9s\u00bb<\/a><br \/>\n","protected":false},"author":1,"featured_media":0,"parent":582,"menu_order":10,"comment_status":"closed","ping_status":"closed","template":"page-templates\/side-menu.php","meta":{"_bbp_topic_count":0,"_bbp_reply_count":0,"_bbp_total_topic_count":0,"_bbp_total_reply_count":0,"_bbp_voice_count":0,"_bbp_anonymous_reply_count":0,"_bbp_topic_count_hidden":0,"_bbp_reply_count_hidden":0,"_bbp_forum_subforum_count":0,"footnotes":""},"class_list":["post-586","page","type-page","status-publish","hentry"],"post_mailing_queue_ids":[],"_links":{"self":[{"href":"https:\/\/agora.xtec.cat\/ies-baix-montseny\/wp-json\/wp\/v2\/pages\/586","targetHints":{"allow":["GET"]}}],"collection":[{"href":"https:\/\/agora.xtec.cat\/ies-baix-montseny\/wp-json\/wp\/v2\/pages"}],"about":[{"href":"https:\/\/agora.xtec.cat\/ies-baix-montseny\/wp-json\/wp\/v2\/types\/page"}],"author":[{"embeddable":true,"href":"https:\/\/agora.xtec.cat\/ies-baix-montseny\/wp-json\/wp\/v2\/users\/1"}],"replies":[{"embeddable":true,"href":"https:\/\/agora.xtec.cat\/ies-baix-montseny\/wp-json\/wp\/v2\/comments?post=586"}],"version-history":[{"count":4,"href":"https:\/\/agora.xtec.cat\/ies-baix-montseny\/wp-json\/wp\/v2\/pages\/586\/revisions"}],"predecessor-version":[{"id":22609,"href":"https:\/\/agora.xtec.cat\/ies-baix-montseny\/wp-json\/wp\/v2\/pages\/586\/revisions\/22609"}],"up":[{"embeddable":true,"href":"https:\/\/agora.xtec.cat\/ies-baix-montseny\/wp-json\/wp\/v2\/pages\/582"}],"wp:attachment":[{"href":"https:\/\/agora.xtec.cat\/ies-baix-montseny\/wp-json\/wp\/v2\/media?parent=586"}],"curies":[{"name":"wp","href":"https:\/\/api.w.org\/{rel}","templated":true}]}}