{"id":564,"date":"2016-03-11T20:14:08","date_gmt":"2016-03-11T19:14:08","guid":{"rendered":"http:\/\/agora.xtec.cat\/ies-baix-montseny\/?page_id=564"},"modified":"2023-03-06T09:23:22","modified_gmt":"2023-03-06T08:23:22","slug":"certificats","status":"publish","type":"page","link":"https:\/\/agora.xtec.cat\/ies-baix-montseny\/secretaria\/certificats\/","title":{"rendered":"Reconeixement dels nivells B2 i C1 de catal\u00e0"},"content":{"rendered":"<p>Es pot sol\u00b7licitar el\u00a0<strong>nivell C1 o el nivell B2 de llengua catalana<\/strong>\u00a0si s&#8217;acompleixen uns determinats\u00a0requisits.<\/p>\n<p><strong>A qui va dirigit<\/strong><\/p>\n<p>A les persones nascudes a partir de l&#8217;any 1972 que volen obtenir aquest reconeixement i l&#8217;itinerari educatiu de les quals\u00a0s&#8217;hagi portat a terme \u00edntegrament a Catalunya o, parcialment, a d&#8217;altres territoris on el catal\u00e0 hi fos llengua curricular i avaluable, de manera\u00a0<strong>que\u00a0s&#8217;hagi acabat obtenint la titulaci\u00f3 al sistema educatiu de Catalunya<\/strong>.<\/p>\n<p>Aix\u00ed doncs, la primera promoci\u00f3 escolar que t\u00e9 dret a demanar aquest reconeixement \u00e9s la que va comen\u00e7ar el primer any de l&#8217;educaci\u00f3 general b\u00e0sica (EGB) el curs 1978-1979, a partir del qual l&#8217;ensenyament del catal\u00e0 va ser oficial al sistema educatiu de Catalunya, tal com s&#8217;estableix al\u00a0<a href=\"https:\/\/www.boe.es\/buscar\/doc.php?id=BOE-A-1978-22729\">Reial decret 2092\/1978, de 23 de juny<\/a>.<\/p>\n<p><strong>Requisits<\/strong><\/p>\n<p>Persones nascudes a partir de l&#8217;any 1972 que acompleixin els dos requisits seg\u00fcents:<\/p>\n<ul>\n<li>Haver fet l&#8217;itinerari escolar \u00edntegrament a Catalunya o, parcialment, en d&#8217;altres territoris on el catal\u00e0 fos llengua curricular avaluable, de manera\u00a0<strong>que\u00a0s&#8217;hagi acabat obtenint la titulaci\u00f3 al sistema educatiu de Catalunya<\/strong>.<\/li>\n<li>Haver obtingut una de les seg\u00fcents titulacions: graduat escolar, t\u00e8cnic auxiliar, t\u00e8cnic especialista o BUP, de l&#8217;anterior sistema educatiu; graduat d&#8217;educaci\u00f3 secund\u00e0ria obligat\u00f2ria o batxillerat, de l&#8217;actual sistema educatiu.<\/li>\n<\/ul>\n<p>\u00c9s important indicar que les proves d&#8217;acc\u00e9s per als majors de 25 anys, selectivitat i acc\u00e9s als cicles formatius, aix\u00ed com els cicles formatius de grau mitj\u00e0 o de grau superior, no apareixen a la normativa i, que per tant, no es poden tenir en compte.<\/p>\n<p><strong>Que cal fer per a sol\u00b7licitar-lo:<\/strong><\/p>\n<p>Cal enviar un correu electr\u00f2nic a la b\u00fastia de la secretaria del centre <a href=\"mailto:secretaria@insbaixmontseny.cat\" target=\"_blank\" rel=\"noopener noreferrer\">secretaria<span class=\"\">@insbaixmontseny.cat<\/span> <\/a>adjuntant:<\/p>\n<ol>\n<li><a href=\"https:\/\/documents.espai.educacio.gencat.cat\/FormularisModels\/CentresGestioAdministrativa\/A816.pdf\">Sol\u00b7licitud de reconeixement de l\u2019equival\u00e8ncia del nivell B2\/C1 de llengua catalana per l\u2019escolaritat reglada no universit\u00e0ria[1,29 MB ]<\/a><\/li>\n<li>DNI, NIE o Passaport (en cas de no disposar dels anteriors) del sol\u00b7licitant.<\/li>\n<li>Llibre d&#8217;escolaritat o certificat del centre o centres on s&#8217;ha fet l&#8217;itinerari escolar corresponent a l&#8217;etapa educativa (EGB, BUP, FP, prim\u00e0ria, ESO).<\/li>\n<\/ol>\n<p>En cas que no es disposi dels llibres d&#8217;escolaritat i que el centre o centres que els van emetre hagin tancat o ja no existeixin, caldr\u00e0 demanar a\u00a0<strong>la Inspecci\u00f3 d&#8217;Educaci\u00f3 del servei territorial que correspongui\u00a0<\/strong>el nom del centre dipositari de la documentaci\u00f3 i que custodi\u00ef les actes i expedients del centre o centres tancats o desapareguts.<\/p>\n<p>Les persones que hagin obtingut la seva titulaci\u00f3 en un institut (o institut escola) podran presentar la seva sol\u00b7licitud en qualsevol d&#8217;aquests centres aportant la documentaci\u00f3 requerida.<\/p>\n<p><strong>Si teniu qualsevol dubte sobre el tr\u00e0mit envieu un correu electr\u00f2nic a: <a href=\"mailto:secretaria@insbaixmontseny.cat\" target=\"_blank\" rel=\"noopener noreferrer\">secretaria<span class=\"\">@insbaixmontseny.cat<\/span><\/a><\/strong><\/p>\n<p>&nbsp;<\/p>\n<h5>Certificat de Nivell B2. Equival\u00e8ncies<\/h5>\n<ul>\n<li>T\u00edtol de graduaci\u00f3 escolar (EGB), sempre que s&#8217;hagi cursat tota l&#8217;EGB a Catalunya i s&#8217;hagi cursat la mat\u00e8ria de llengua catalana en la totalitat dels estudis esmentats a partir del curs 1978-1979. Per acreditar les condicions acad\u00e8miques esmentades, cal aportar un certificat expedit, a sol\u00b7licitud de la persona interessada, per qualsevol institut d&#8217;educaci\u00f3 secund\u00e0ria p\u00fablic de la manera que determina la Direcci\u00f3 General d&#8217;Innovaci\u00f3.<\/li>\n<li>T\u00edtol de t\u00e8cnic\/a auxiliar (FP1), sempre que s&#8217;hagi cursat tota l&#8217;EGB i l&#8217;FP1 a Catalunya i s&#8217;hagi cursat la mat\u00e8ria de llengua catalana en la totalitat dels estudis esmentats a partir del curs 1978-1979. Per acreditar les condicions acad\u00e8miques indicades, cal aportar un certificat expedit, a sol\u00b7licitud de la persona interessada, per qualsevol institut d&#8217;educaci\u00f3 secund\u00e0ria p\u00fablic de la manera que determina la Direcci\u00f3 General d&#8217;Innovaci\u00f3.<\/li>\n<\/ul>\n<p>&nbsp;<\/p>\n<h5>Certificat de nivell C1. Equival\u00e8ncies<\/h5>\n<ul>\n<li>T\u00edtol de graduaci\u00f3 en educaci\u00f3 secund\u00e0ria (ESO) sempre que s&#8217;hagin cursat a Catalunya almenys tres cursos qualssevol de prim\u00e0ria i tota l&#8217;ESO, i s&#8217;hagi cursat i aprovat la mat\u00e8ria de llengua catalana en la totalitat dels estudis m\u00ednims esmentats. El requisit d&#8217;acreditaci\u00f3 d&#8217;haver aprovat la mat\u00e8ria de llengua catalana \u00e9s d&#8217;aplicaci\u00f3 als t\u00edtols de graduaci\u00f3 en educaci\u00f3 secund\u00e0ria obtinguts a partir\u00a0 del\u00a0 curs\u00a0 2007-2008.\u00a0 Per\u00a0 acreditar\u00a0 les\u00a0 condicions\u00a0 acad\u00e8miques\u00a0 esmentades,\u00a0 cal\u00a0 aportar\u00a0 un certificat expedit, a sol\u00b7licitud de la persona interessada, per qualsevol institut d&#8217;educaci\u00f3 secund\u00e0ria p\u00fablic de la manera que determina la Direcci\u00f3 General d&#8217;Innovaci\u00f3.<\/li>\n<li>T\u00edtol de batxillerat (LOGSE) sempre que s&#8217;hagin cursat a Catalunya tres cursos qualsevol de prim\u00e0ria i cinc cursos qualsevol entre l&#8217;ESO i el batxillerat i s&#8217;hagi cursat la mat\u00e8ria de llengua catalana en la totalitat dels estudis m\u00ednims esmentats. Per acreditar les condicions acad\u00e8miques esmentades, cal aportar un certificat expedit, a sol\u00b7licitud de la persona interessada, per qualsevol institut d&#8217;educaci\u00f3 secund\u00e0ria p\u00fablic de la manera que determina la Direcci\u00f3 General d&#8217;Innovaci\u00f3.<\/li>\n<li>T\u00edtol de batxillerat (BUP), sempre que s&#8217;hagi cursat tota l&#8217;EGB i el BUP a Catalunya i s&#8217;hagi cursat de manera oficial la mat\u00e8ria de llengua catalana en la totalitat dels estudis esmentats a partir del curs\u00a0 1978-1979.\u00a0 Per\u00a0 acreditar\u00a0 les\u00a0 condicions\u00a0 acad\u00e8miques\u00a0 esmentades,\u00a0 cal\u00a0 aportar\u00a0 un\u00a0 certificat expedit, a sol\u00b7licitud de la persona interessada, per qualsevol institut d&#8217;educaci\u00f3 secund\u00e0ria p\u00fablic de la manera que determina la Direcci\u00f3 General d&#8217;Innovaci\u00f3.<\/li>\n<li>T\u00edtol\u00a0 de\u00a0 t\u00e8cnic\/a\u00a0 especialista\u00a0 (FP2)\u00a0 sempre\u00a0 que\u00a0 s&#8217;hagi\u00a0 cursat\u00a0 tota\u00a0 l&#8217;EGB,\u00a0 l&#8217;FP1\u00a0 i\u00a0 l&#8217;FP2\u00a0 a Catalunya i s&#8217;hagi cursat de manera oficial la mat\u00e8ria de llengua catalana en la totalitat dels estudis esmentats a partir del curs 1978-1979. Per acreditar les condicions acad\u00e8miques esmentades, cal aportar un certificat expedit, a sol\u00b7licitud de la persona interessada, per qualsevol institut d&#8217;educaci\u00f3 secund\u00e0ria p\u00fablic de la manera que determina la Direcci\u00f3 General d&#8217;Innovaci\u00f3.<\/li>\n<\/ul>\n<p><strong>Altres informacions<\/strong><\/p>\n<p>Tamb\u00e9 s&#8217;atendran les peticions de les persones l&#8217;itinerari educatiu de les quals hagi coincidit amb canvis de sistema educatiu, sempre que acreditin documentalment que aquest itinerari, i l&#8217;obtenci\u00f3 del t\u00edtol corresponent, s&#8217;ha fet \u00edntegrament al sistema educatiu de Catalunya o, parcialment, a d&#8217;altres territoris on el catal\u00e0 fos llengua curricular i avaluable, de manera\u00a0<strong>que\u00a0s&#8217;hagi acabat obtenint la titulaci\u00f3 al sistema educatiu de Catalunya<\/strong>. Per exemple,\u00a0persones que hagin comen\u00e7at a fer l&#8217;educaci\u00f3 general b\u00e0sica (EGB) i en algun moment hagin passat a l&#8217;educaci\u00f3 prim\u00e0ria o l&#8217;ducaci\u00f3 secund\u00e0ria obligat\u00f2ria (ESO), o persones que del batxillerat unificat polivalent (BUP) o la formaci\u00f3 professional hagin passat a l&#8217;actual batxillerat.<\/p>\n<p>Per als casos que no es corresponguin amb els sup\u00f2sits esmentats, les persones interessades es podran dirigir al\u00a0<a href=\"http:\/\/sac.gencat.cat\/sacgencat\/AppJava\/organisme_fitxa.jsp?codi=1599\">Departament d&#8217;Educaci\u00f3<\/a>\u00a0per tramitar la seva sol\u00b7licitud.<\/p>\n<p><strong>Normativa<\/strong><\/p>\n<p><a href=\"http:\/\/dogc.gencat.cat\/ca\/pdogc_canals_interns\/pdogc_resultats_fitxa\/?action=fitxa&amp;documentId=501140\">ORDRE VCP\/491\/2009, de 12 de novembre, per la qual es refonen i s&#8217;actualitzen els t\u00edtols, diplomes i certificats equivalents als certificats de coneixements de catal\u00e0 de la Secretaria de Pol\u00edtica Ling\u00fc\u00edstica.\u00a0(DOGC\u00a0 n\u00fam.\u00a0 5511 \u00a0publicat el \u00a023\/11\/2009)<\/a><\/p>\n<p>&nbsp;<\/p>\n<p>&nbsp;<\/p>\n","protected":false},"excerpt":{"rendered":"<p>Es pot sol\u00b7licitar el\u00a0nivell C1 o el nivell B2 de llengua catalana\u00a0si s&#8217;acompleixen uns determinats\u00a0requisits.<br \/>\nA qui va dirigit<br \/>\nA les persones nascudes a partir de l&#8217;any 1972 que volen obtenir aquest reconeixement i l&#8217;itinerari educatiu de les quals\u00a0s&#8217;hagi portat a terme \u00edntegrament a Catalunya o, parcialment,&hellip;  <a href=\"https:\/\/agora.xtec.cat\/ies-baix-montseny\/secretaria\/certificats\/\" title=\"Read Reconeixement dels nivells B2 i C1 de catal\u00e0\">Llegeix m\u00e9s\u00bb<\/a><\/p>\n","protected":false},"author":1,"featured_media":0,"parent":81,"menu_order":25,"comment_status":"closed","ping_status":"closed","template":"","meta":{"_bbp_topic_count":0,"_bbp_reply_count":0,"_bbp_total_topic_count":0,"_bbp_total_reply_count":0,"_bbp_voice_count":0,"_bbp_anonymous_reply_count":0,"_bbp_topic_count_hidden":0,"_bbp_reply_count_hidden":0,"_bbp_forum_subforum_count":0,"footnotes":""},"class_list":["post-564","page","type-page","status-publish","hentry"],"post_mailing_queue_ids":[],"_links":{"self":[{"href":"https:\/\/agora.xtec.cat\/ies-baix-montseny\/wp-json\/wp\/v2\/pages\/564","targetHints":{"allow":["GET"]}}],"collection":[{"href":"https:\/\/agora.xtec.cat\/ies-baix-montseny\/wp-json\/wp\/v2\/pages"}],"about":[{"href":"https:\/\/agora.xtec.cat\/ies-baix-montseny\/wp-json\/wp\/v2\/types\/page"}],"author":[{"embeddable":true,"href":"https:\/\/agora.xtec.cat\/ies-baix-montseny\/wp-json\/wp\/v2\/users\/1"}],"replies":[{"embeddable":true,"href":"https:\/\/agora.xtec.cat\/ies-baix-montseny\/wp-json\/wp\/v2\/comments?post=564"}],"version-history":[{"count":3,"href":"https:\/\/agora.xtec.cat\/ies-baix-montseny\/wp-json\/wp\/v2\/pages\/564\/revisions"}],"predecessor-version":[{"id":21350,"href":"https:\/\/agora.xtec.cat\/ies-baix-montseny\/wp-json\/wp\/v2\/pages\/564\/revisions\/21350"}],"up":[{"embeddable":true,"href":"https:\/\/agora.xtec.cat\/ies-baix-montseny\/wp-json\/wp\/v2\/pages\/81"}],"wp:attachment":[{"href":"https:\/\/agora.xtec.cat\/ies-baix-montseny\/wp-json\/wp\/v2\/media?parent=564"}],"curies":[{"name":"wp","href":"https:\/\/api.w.org\/{rel}","templated":true}]}}