{"id":560,"date":"2016-03-11T20:11:56","date_gmt":"2016-03-11T19:11:56","guid":{"rendered":"http:\/\/agora.xtec.cat\/ies-baix-montseny\/?page_id=560"},"modified":"2023-06-15T14:27:28","modified_gmt":"2023-06-15T12:27:28","slug":"pagaments","status":"publish","type":"page","link":"https:\/\/agora.xtec.cat\/ies-baix-montseny\/secretaria\/pagaments\/","title":{"rendered":"Pagaments material, sortides i preus p\u00fablics"},"content":{"rendered":"<p><iframe loading=\"lazy\" src=\"https:\/\/drive.google.com\/file\/d\/1EU1onsyaBU8MLaX5Qx4mpLqM9paFYn_-\/preview\" width=\"100%\" height=\"480\"><span data-mce-type=\"bookmark\" style=\"display: inline-block; width: 0px; overflow: hidden; line-height: 0;\" class=\"mce_SELRES_start\">\ufeff<\/span><\/iframe><\/p>\n<p>&nbsp;<\/p>\n<p>Els pagaments de les quotes i altres es realitzen mitjan\u00e7ant l\u2019aplicaci\u00f3 <span style=\"color: #ff9900;\">TPV escola<\/span>, un sistema \u00e0gil i senzill basat en pagament de forma segura a <span class=\"f28\">Redsys<\/span>\u00a0mitjan\u00e7ant\u00a0<span class=\"f28\">targeta<\/span>\u00a0de d\u00e8bit, cr\u00e8dit o prepagament de qualsevol entitat financera nacional, i tamb\u00e9 per\u00a0<span class=\"f28\"><em>Bizum<\/em>.<\/span><\/p>\n<p>Teniu dues opcions per accedir a <em>TPV escola<\/em><\/p>\n<p style=\"padding-left: 40px;\"><strong>Opci\u00f3 1<\/strong>, amb l\u2019App gratu\u00efta de m\u00f2bil:<\/p>\n<ol>\n<li style=\"list-style-type: none;\">\n<ol>\n<li>Descarregueu l\u2019aplicaci\u00f3 \u201c<strong><em>TPVEscola<\/em><\/strong>\u201d a <strong><em>Google Play <\/em><\/strong>o <strong><em>App Store<\/em><\/strong>.<\/li>\n<li>Seleccioneu la poblaci\u00f3 i el centre educatiu: <strong>Sant Celoni &#8211; <\/strong><strong>Institut Baix Montseny<\/strong><\/li>\n<li>L\u2019usuari<sup>1<\/sup> \u00a0\u00e9s \u00a0el \u00a0<strong>DNI \u00a0de \u00a0l\u2019alumne\/a<\/strong>\u00a0sense \u00a0espais \u00a0i \u00a0amb \u00a0la \u00a0lletra,\u00a0 i \u00a0la contrasenya d\u2019inici \u00e9s <strong>zx1234<\/strong><\/li>\n<li>Un cop introdu\u00efda, ja queda gravat per properes vegades.<\/li>\n<\/ol>\n<\/li>\n<\/ol>\n<p style=\"padding-left: 40px;\"><strong>Opci\u00f3 2<\/strong>, per internet amb la versi\u00f3 per ordinador:<\/p>\n<ol>\n<li style=\"list-style-type: none;\">\n<ol>\n<li>Accediu a\u00a0 <a href=\"http:\/\/www.tpvescola.com\/\">www.tpvescola.com<\/a><\/li>\n<li>Seleccioneu la poblaci\u00f3 i el centre educatiu: <strong>Sant Celoni &#8211;\u00a0Institut Baix Montseny<\/strong><\/li>\n<li>Us demanar\u00e0 el nom d\u2019usuari<sup>1<\/sup> que \u00e9s el <strong>DNI de l&#8217;alumne\/a<\/strong> sense espais i amb la lletra,\u00a0 i la contrasenya d&#8217;inici que \u00e9s <strong>zx1234<\/strong><\/li>\n<li>Si doneu d&#8217;alta el vostre correu electr\u00f2nic rebreu els justificants\u00a0de cada pagament i altres comunicacions de l\u2019Institut o l\u2019AMPA, que siguin del vostre inter\u00e8s.<\/li>\n<\/ol>\n<\/li>\n<\/ol>\n<p>(<span style=\"font-size: 13.3333px;\">1.<\/span>Si no teniu o no us funciona el codi d&#8217;usuari o la contrasenya, poseu-vos en contacte amb secretaria)<\/p>\n<p>Per fer pagaments :<\/p>\n<p>Aneu a <em>Pagaments <\/em>i seleccioneu els conceptes. Fent clic al bot\u00f3 <em>PAGAR <\/em>accedireu a la p\u00e0gina banc\u00e0ria de pagament. Heu d\u2019introduir les dades de la vostra targeta de cr\u00e8dit o d\u00e8bit i seguir les instruccions en pantalla. Si ho voleu, podeu <strong>desar <\/strong>la targeta de pagament i incl\u00fas <strong>domiciliar <\/strong>en la targeta els pagaments (Sistema bancari segur de Redsys). No cal lliurar els justificants a l\u2019institut.<\/p>\n<p>&nbsp;<\/p>\n<p><strong>Av<\/strong><strong>\u00ed<\/strong><strong>s sobre Protecci\u00f3 de dades<\/strong>: EQC Medios de Pago SLU, propietari legal de TPVEscola, actua com a ENGARREGAT del tractament de dades personals per compte del centre educatiu. Les comunicacions que rebeu si incorporeu el vostre email a la plataforma, seran comunicacions\u00a0 \u00a0autom\u00e0tiques\u00a0 \u00a0relatives\u00a0 \u00a0als\u00a0 \u00a0pagaments\u00a0\u00a0 i\u00a0\u00a0 altres\u00a0 \u00a0comunicacions\u00a0 \u00a0que\u00a0\u00a0 pugui\u00a0 \u00a0realitzar\u00a0 \u00a0el\u00a0 \u00a0centre\u00a0 \u00a0educatiu\u00a0\u00a0 i\/\u00a0 \u00a0o empreses\/entitats relacionades amb el centre educatiu que utilitzin TPVEscola. Per exercir els drets d&#8217;acc\u00e9s, rectificaci\u00f3, cancel\u00b7laci\u00f3 o oposici\u00f3 amb relaci\u00f3 a les vostres dades de car\u00e0cter personal incorporades a TPVEscola, adreceu-vos al centre educatiu o b\u00e9 remeteu un email a <a href=\"mailto:info@tpvescola.com\">info@tpvescola.com.<\/a><\/p>\n","protected":false},"excerpt":{"rendered":"<p>\ufeff<br \/>\n&nbsp;<br \/>\nEls pagaments de les quotes i altres es realitzen mitjan\u00e7ant l\u2019aplicaci\u00f3 TPV escola, un sistema \u00e0gil i senzill basat en pagament de forma segura a Redsys\u00a0mitjan\u00e7ant\u00a0targeta\u00a0de d\u00e8bit, cr\u00e8dit o prepagament de qualsevol entitat financera nacional, i tamb\u00e9 per\u00a0Bizum.<br \/>\nTeniu dues opcions per accedir a TPV escola<br \/>\nOpci\u00f3&hellip;  <a href=\"https:\/\/agora.xtec.cat\/ies-baix-montseny\/secretaria\/pagaments\/\" title=\"Read Pagaments material, sortides i preus p\u00fablics\">Llegeix m\u00e9s\u00bb<\/a><\/p>\n","protected":false},"author":1,"featured_media":0,"parent":81,"menu_order":40,"comment_status":"closed","ping_status":"closed","template":"","meta":{"_bbp_topic_count":0,"_bbp_reply_count":0,"_bbp_total_topic_count":0,"_bbp_total_reply_count":0,"_bbp_voice_count":0,"_bbp_anonymous_reply_count":0,"_bbp_topic_count_hidden":0,"_bbp_reply_count_hidden":0,"_bbp_forum_subforum_count":0,"footnotes":""},"class_list":["post-560","page","type-page","status-publish","hentry"],"post_mailing_queue_ids":[],"_links":{"self":[{"href":"https:\/\/agora.xtec.cat\/ies-baix-montseny\/wp-json\/wp\/v2\/pages\/560","targetHints":{"allow":["GET"]}}],"collection":[{"href":"https:\/\/agora.xtec.cat\/ies-baix-montseny\/wp-json\/wp\/v2\/pages"}],"about":[{"href":"https:\/\/agora.xtec.cat\/ies-baix-montseny\/wp-json\/wp\/v2\/types\/page"}],"author":[{"embeddable":true,"href":"https:\/\/agora.xtec.cat\/ies-baix-montseny\/wp-json\/wp\/v2\/users\/1"}],"replies":[{"embeddable":true,"href":"https:\/\/agora.xtec.cat\/ies-baix-montseny\/wp-json\/wp\/v2\/comments?post=560"}],"version-history":[{"count":3,"href":"https:\/\/agora.xtec.cat\/ies-baix-montseny\/wp-json\/wp\/v2\/pages\/560\/revisions"}],"predecessor-version":[{"id":22325,"href":"https:\/\/agora.xtec.cat\/ies-baix-montseny\/wp-json\/wp\/v2\/pages\/560\/revisions\/22325"}],"up":[{"embeddable":true,"href":"https:\/\/agora.xtec.cat\/ies-baix-montseny\/wp-json\/wp\/v2\/pages\/81"}],"wp:attachment":[{"href":"https:\/\/agora.xtec.cat\/ies-baix-montseny\/wp-json\/wp\/v2\/media?parent=560"}],"curies":[{"name":"wp","href":"https:\/\/api.w.org\/{rel}","templated":true}]}}