{"id":551,"date":"2016-03-11T20:01:33","date_gmt":"2016-03-11T19:01:33","guid":{"rendered":"http:\/\/agora.xtec.cat\/ies-baix-montseny\/?page_id=551"},"modified":"2024-02-08T08:51:16","modified_gmt":"2024-02-08T07:51:16","slug":"projecte-ametista","status":"publish","type":"page","link":"https:\/\/agora.xtec.cat\/ies-baix-montseny\/estudis\/eso\/projecte-ametista\/","title":{"rendered":"Projecte Ametista"},"content":{"rendered":"<p>L&#8217;any 2017 el programa Ametista compleix 20 anys en la seva funci\u00f3 d\u2019atenci\u00f3 a la diversitat d\u2019un tipus concret d\u2019alumnes del nostre institut. <a href=\"https:\/\/agora.xtec.cat\/ies-baix-montseny\/wp-content\/uploads\/usu1288\/2024\/02\/ametista2.png\"><img loading=\"lazy\" decoding=\"async\" class=\"wp-image-23076  alignright\" src=\"https:\/\/agora.xtec.cat\/ies-baix-montseny\/wp-content\/uploads\/usu1288\/2024\/02\/ametista2.png\" alt=\"\" width=\"316\" height=\"352\" srcset=\"https:\/\/agora.xtec.cat\/ies-baix-montseny\/wp-content\/uploads\/usu1288\/2024\/02\/ametista2.png 725w, https:\/\/agora.xtec.cat\/ies-baix-montseny\/wp-content\/uploads\/usu1288\/2024\/02\/ametista2-270x300.png 270w\" sizes=\"auto, (max-width: 316px) 100vw, 316px\" \/><\/a><\/p>\n<p>El Programa va n\u00e9ixer all\u00e0 al curs 1997-98 amb un clar objectiu de resoldre l\u2019encaix a les aules d\u2019uns alumnes desmotivats, que havien acabat la hist\u00f2rica EGB i per \u201cculpa\u201d de la nova ESO es veien obligats a suportar 2 anys m\u00e9s d\u2019escolaritat obligat\u00f2ria.<\/p>\n<p>Des del primer moment es va proposar repescar per al sistema educatiu aquests alumnes, proporcionant-los una atenci\u00f3 acad\u00e8mica i personal individualitzada i a la vegada compaginar-ho amb unes experi\u00e8ncies reals dintre del m\u00f3n laboral.<\/p>\n<p>Els resultats no es van fer esperar i en poc temps el \u201cmodel Ametista\u201d es va escampar per diversos instituts, amb les l\u00f2giques adaptacions concretes a cada entorn. El punt culminant, cal situar-lo l\u2019any 2011 quan el conjunt de projectes d\u2019atenci\u00f3 singular del nostre institut van ser mereixedors del Premi Nacional d\u2019Educaci\u00f3 de Catalunya.<\/p>\n<p>S\u00f3n m\u00e9s de 230 alumnes que han format part de \u201cl\u2019Ametista\u201d durant tots aquests anys, per\u00f2 tamb\u00e9 cal recon\u00e8ixer que en molts aspectes, les circumst\u00e0ncies, les necessitats i el perfil dels alumnes d\u2019ara s\u00f3n diferents a aquells del curs 97-98.<\/p>\n<p>Seguiu el que fan al seu blog:\u00a0<a href=\"https:\/\/ametista201718.wordpress.com\/\">https:\/\/ametista201718.wordpress.com\/<\/a><\/p>\n<p>&nbsp;<\/p>\n","protected":false},"excerpt":{"rendered":"<p>L&#8217;any 2017 el programa Ametista compleix 20 anys en la seva funci\u00f3 d\u2019atenci\u00f3 a la diversitat d\u2019un tipus concret d\u2019alumnes del nostre institut. <a href=\"https:\/\/agora.xtec.cat\/ies-baix-montseny\/wp-content\/uploads\/usu1288\/2024\/02\/ametista2.png\"><\/a><br \/>\nEl Programa va n\u00e9ixer all\u00e0 al curs 1997-98 amb un clar objectiu de resoldre l\u2019encaix a les aules d\u2019uns alumnes desmotivats,&hellip;  <a href=\"https:\/\/agora.xtec.cat\/ies-baix-montseny\/estudis\/eso\/projecte-ametista\/\" title=\"Read Projecte Ametista\">Llegeix m\u00e9s\u00bb<\/a><\/p>\n","protected":false},"author":1,"featured_media":0,"parent":604,"menu_order":20,"comment_status":"closed","ping_status":"closed","template":"page-templates\/side-menu.php","meta":{"_bbp_topic_count":0,"_bbp_reply_count":0,"_bbp_total_topic_count":0,"_bbp_total_reply_count":0,"_bbp_voice_count":0,"_bbp_anonymous_reply_count":0,"_bbp_topic_count_hidden":0,"_bbp_reply_count_hidden":0,"_bbp_forum_subforum_count":0,"footnotes":""},"class_list":["post-551","page","type-page","status-publish","hentry"],"post_mailing_queue_ids":[],"_links":{"self":[{"href":"https:\/\/agora.xtec.cat\/ies-baix-montseny\/wp-json\/wp\/v2\/pages\/551","targetHints":{"allow":["GET"]}}],"collection":[{"href":"https:\/\/agora.xtec.cat\/ies-baix-montseny\/wp-json\/wp\/v2\/pages"}],"about":[{"href":"https:\/\/agora.xtec.cat\/ies-baix-montseny\/wp-json\/wp\/v2\/types\/page"}],"author":[{"embeddable":true,"href":"https:\/\/agora.xtec.cat\/ies-baix-montseny\/wp-json\/wp\/v2\/users\/1"}],"replies":[{"embeddable":true,"href":"https:\/\/agora.xtec.cat\/ies-baix-montseny\/wp-json\/wp\/v2\/comments?post=551"}],"version-history":[{"count":5,"href":"https:\/\/agora.xtec.cat\/ies-baix-montseny\/wp-json\/wp\/v2\/pages\/551\/revisions"}],"predecessor-version":[{"id":23077,"href":"https:\/\/agora.xtec.cat\/ies-baix-montseny\/wp-json\/wp\/v2\/pages\/551\/revisions\/23077"}],"up":[{"embeddable":true,"href":"https:\/\/agora.xtec.cat\/ies-baix-montseny\/wp-json\/wp\/v2\/pages\/604"}],"wp:attachment":[{"href":"https:\/\/agora.xtec.cat\/ies-baix-montseny\/wp-json\/wp\/v2\/media?parent=551"}],"curies":[{"name":"wp","href":"https:\/\/api.w.org\/{rel}","templated":true}]}}