{"id":348,"date":"2015-12-20T17:02:03","date_gmt":"2015-12-20T16:02:03","guid":{"rendered":"http:\/\/agora.xtec.cat\/ies-baix-montseny\/?page_id=348"},"modified":"2024-02-08T09:03:06","modified_gmt":"2024-02-08T08:03:06","slug":"usee","status":"publish","type":"page","link":"https:\/\/agora.xtec.cat\/ies-baix-montseny\/estudis\/eso\/usee\/","title":{"rendered":"Suport intensiu escolaritzaci\u00f3 inclusiva (SIEI)"},"content":{"rendered":"<p><span style=\"margin: 0px; color: black; font-family: 'Arial','sans-serif';\">\u00a0<\/span><span style=\"margin: 0px; color: black; font-family: 'Arial','sans-serif';\">Avan\u00e7ar cap a la inclusi\u00f3 suposa facilitar l\u2019acc\u00e9s als centres educatius, la participaci\u00f3 i l\u2019\u00e8xit de tot l\u2019alumnat. En aquest aven\u00e7, no \u00e9s tan important la situaci\u00f3 actual, ni les metes, sin\u00f3 el <a href=\"https:\/\/agora.xtec.cat\/ies-baix-montseny\/wp-content\/uploads\/usu1288\/2020\/04\/mans.png\"><img loading=\"lazy\" decoding=\"async\" class=\" wp-image-2700 alignright\" src=\"https:\/\/agora.xtec.cat\/ies-baix-montseny\/wp-content\/uploads\/usu1288\/2020\/04\/mans.png\" alt=\"\" width=\"581\" height=\"289\" srcset=\"https:\/\/agora.xtec.cat\/ies-baix-montseny\/wp-content\/uploads\/usu1288\/2020\/04\/mans.png 800w, https:\/\/agora.xtec.cat\/ies-baix-montseny\/wp-content\/uploads\/usu1288\/2020\/04\/mans-300x149.png 300w, https:\/\/agora.xtec.cat\/ies-baix-montseny\/wp-content\/uploads\/usu1288\/2020\/04\/mans-768x382.png 768w\" sizes=\"auto, (max-width: 581px) 100vw, 581px\" \/><\/a>\u00a0comprom\u00eds decidit de la comunitat educativa (professorat, fam\u00edlies i alumnat), d\u2019anar avan\u00e7ant a poc a poc, per trobar noves maneres d\u2019atendre les difer\u00e8ncies individuals.<\/span><\/p>\n<p><span style=\"margin: 0px; color: black; font-family: 'Arial','sans-serif';\">\u00a0<\/span><span style=\"margin: 0px; color: black; font-family: 'Arial','sans-serif';\">Els Suports Intensius per a l\u2019Escolaritzaci\u00f3 Inclusiva (SIEI) s\u00f3n recursos intensius que se sumen als suports universals i addicionals per a l\u2019atenci\u00f3 educativa dels alumnes amb necessitats educatives especials. Aquestes necessitats s\u00f3n fruit del decalatge que es produeix entre les capacitats de l\u2019alumne i les exig\u00e8ncies del context.<\/span><\/p>\n<p><span style=\"margin: 0px; color: black; font-family: 'Arial','sans-serif';\">\u00a0<\/span><span style=\"margin: 0px; color: black; font-family: 'Arial','sans-serif';\">El SIEI \u00e9s un recurs de zona. Al nostre centre tenim alumnes de Sant Celoni, per\u00f2 tamb\u00e9 dels pobles del voltant com Santa Maria de Palautordera, La Batll\u00f2ria, Gualba, el poble del Montseny&#8230;<\/span><\/p>\n<p><span style=\"margin: 0px; color: black; font-family: 'Arial','sans-serif';\">\u00a0<\/span><span style=\"margin: 0px; color: black; font-family: 'Arial','sans-serif';\">L\u2019educaci\u00f3 vista des de la diversitat ent\u00e9n que cadasc\u00fa \u00e9s important. Si sabem com som i ens sabem acceptats per ser com som, el desig de saber no s\u2019atura. <b>En el nostre institut es<\/b> <strong>proposen<\/strong> activitats on es contemplen els <strong>diferents nivells i les diverses maneres de treballar<\/strong> de tothom. Cal identificar i reduir les barreres que els alumnes troben a l\u2019aula per aprendre i desenvolupar-se.<\/span><\/p>\n<p><span style=\"color: #000000; font-family: Times New Roman;\">\u00a0<\/span><span style=\"margin: 0px; color: black; font-family: 'Arial','sans-serif';\">Partint d\u2019aquesta base, l\u2019objectiu del SIEI \u00e9s el de proporcionar els suports necessaris per afavorir-ne aquest aprenentatge en condicions d\u2019equitat. Pret\u00e9n fomentar l\u2019autonomia i les habilitats socials, treballant amb els elements curriculars i amb les adaptacions necess\u00e0ries perqu\u00e8 siguin aprenentatges significatius i esdevingui una experi\u00e8ncia positiva per l\u2019alumnat.<\/span><\/p>\n<p><span style=\"margin: 0px; color: black; font-family: 'Arial','sans-serif';\">\u00a0<\/span><span style=\"margin: 0px; color: black; font-family: 'Arial','sans-serif';\">Tanmateix, el nostre SIEI ofereix un acolliment i orientaci\u00f3 per a les fam\u00edlies, fomentat per una comunicaci\u00f3 propera i continuada, per tal d\u2019anar tots junts en l\u2019educaci\u00f3 dels seus fills i filles.<\/span><\/p>\n<p><span style=\"margin: 0px; color: black; font-family: 'Arial','sans-serif';\">\u00a0<\/span><span style=\"margin: 0px; color: black; font-family: 'Arial','sans-serif';\">En definitiva, l\u2019institut aposta per treballar per nous marcs de conviv\u00e8ncia i es generen noves complicitats que afavoreixen <strong>l\u2019equitat i la cohesi\u00f3 social<\/strong> i el SIEI \u00e9s una pe\u00e7a clau en aquest engranatge.<\/span><\/p>\n<p><a href=\"http:\/\/agora.xtec.cat\/ies-baix-montseny\/wp-content\/uploads\/usu1288\/2015\/12\/s-2-diversitat.jpeg\"><img loading=\"lazy\" decoding=\"async\" class=\"wp-image-755 alignleft\" src=\"http:\/\/agora.xtec.cat\/ies-baix-montseny\/wp-content\/uploads\/usu1288\/2015\/12\/s-2-diversitat-1024x641.jpeg\" alt=\"s-2-diversitat\" width=\"532\" height=\"333\" srcset=\"https:\/\/agora.xtec.cat\/ies-baix-montseny\/wp-content\/uploads\/usu1288\/2015\/12\/s-2-diversitat-1024x641.jpeg 1024w, https:\/\/agora.xtec.cat\/ies-baix-montseny\/wp-content\/uploads\/usu1288\/2015\/12\/s-2-diversitat-300x188.jpeg 300w, https:\/\/agora.xtec.cat\/ies-baix-montseny\/wp-content\/uploads\/usu1288\/2015\/12\/s-2-diversitat-768x481.jpeg 768w, https:\/\/agora.xtec.cat\/ies-baix-montseny\/wp-content\/uploads\/usu1288\/2015\/12\/s-2-diversitat.jpeg 1600w\" sizes=\"auto, (max-width: 532px) 100vw, 532px\" \/><\/a><\/p>\n<p>&nbsp;<\/p>\n<p>&nbsp;<\/p>\n<p>&nbsp;<\/p>\n<p><strong>L\u2019educaci\u00f3 vista des de la diversitat ent\u00e9n que cadasc\u00fa \u00e9s important. Si sabem com som i ens sabem acceptats per ser com som, el desig de saber no s\u2019atura.<\/strong><\/p>\n<p>&nbsp;<\/p>\n<p>&nbsp;<\/p>\n<p>&nbsp;<\/p>\n<p>&nbsp;<\/p>\n","protected":false},"excerpt":{"rendered":"<p>\u00a0Avan\u00e7ar cap a la inclusi\u00f3 suposa facilitar l\u2019acc\u00e9s als centres educatius, la participaci\u00f3 i l\u2019\u00e8xit de tot l\u2019alumnat. En aquest aven\u00e7, no \u00e9s tan important la situaci\u00f3 actual, ni les metes, sin\u00f3 el <a href=\"https:\/\/agora.xtec.cat\/ies-baix-montseny\/wp-content\/uploads\/usu1288\/2020\/04\/mans.png\"><\/a>\u00a0comprom\u00eds decidit de la comunitat educativa (professorat, fam\u00edlies i alumnat), d\u2019anar&hellip;  <a href=\"https:\/\/agora.xtec.cat\/ies-baix-montseny\/estudis\/eso\/usee\/\" title=\"Read Suport intensiu escolaritzaci\u00f3 inclusiva (SIEI)\">Llegeix m\u00e9s\u00bb<\/a><\/p>\n","protected":false},"author":1,"featured_media":0,"parent":604,"menu_order":40,"comment_status":"closed","ping_status":"closed","template":"page-templates\/side-menu.php","meta":{"_bbp_topic_count":0,"_bbp_reply_count":0,"_bbp_total_topic_count":0,"_bbp_total_reply_count":0,"_bbp_voice_count":0,"_bbp_anonymous_reply_count":0,"_bbp_topic_count_hidden":0,"_bbp_reply_count_hidden":0,"_bbp_forum_subforum_count":0,"footnotes":""},"class_list":["post-348","page","type-page","status-publish","hentry"],"post_mailing_queue_ids":[],"_links":{"self":[{"href":"https:\/\/agora.xtec.cat\/ies-baix-montseny\/wp-json\/wp\/v2\/pages\/348","targetHints":{"allow":["GET"]}}],"collection":[{"href":"https:\/\/agora.xtec.cat\/ies-baix-montseny\/wp-json\/wp\/v2\/pages"}],"about":[{"href":"https:\/\/agora.xtec.cat\/ies-baix-montseny\/wp-json\/wp\/v2\/types\/page"}],"author":[{"embeddable":true,"href":"https:\/\/agora.xtec.cat\/ies-baix-montseny\/wp-json\/wp\/v2\/users\/1"}],"replies":[{"embeddable":true,"href":"https:\/\/agora.xtec.cat\/ies-baix-montseny\/wp-json\/wp\/v2\/comments?post=348"}],"version-history":[{"count":6,"href":"https:\/\/agora.xtec.cat\/ies-baix-montseny\/wp-json\/wp\/v2\/pages\/348\/revisions"}],"predecessor-version":[{"id":23083,"href":"https:\/\/agora.xtec.cat\/ies-baix-montseny\/wp-json\/wp\/v2\/pages\/348\/revisions\/23083"}],"up":[{"embeddable":true,"href":"https:\/\/agora.xtec.cat\/ies-baix-montseny\/wp-json\/wp\/v2\/pages\/604"}],"wp:attachment":[{"href":"https:\/\/agora.xtec.cat\/ies-baix-montseny\/wp-json\/wp\/v2\/media?parent=348"}],"curies":[{"name":"wp","href":"https:\/\/api.w.org\/{rel}","templated":true}]}}