{"id":27,"date":"2014-09-17T16:24:03","date_gmt":"2014-09-17T15:24:03","guid":{"rendered":"http:\/\/agora.xtec.cat\/ies-baix-montseny\/?page_id=27"},"modified":"2023-02-21T13:28:26","modified_gmt":"2023-02-21T12:28:26","slug":"don-venim","status":"publish","type":"page","link":"https:\/\/agora.xtec.cat\/ies-baix-montseny\/linstitut\/don-venim\/","title":{"rendered":"D&#8217;on venim"},"content":{"rendered":"<figure class=\"figure wp-caption alignright\"><a href=\"https:\/\/agora.xtec.cat\/ies-baix-montseny\/wp-content\/uploads\/usu1288\/2023\/02\/institut-baix-montseny-obres-anys-1979foto-sant-celoni.jpg\"><img loading=\"lazy\" decoding=\"async\" class=\"wp-image-21688 \" src=\"https:\/\/agora.xtec.cat\/ies-baix-montseny\/wp-content\/uploads\/usu1288\/2023\/02\/institut-baix-montseny-obres-anys-1979foto-sant-celoni-300x206.jpg\" alt=\"\" width=\"342\" height=\"235\" srcset=\"https:\/\/agora.xtec.cat\/ies-baix-montseny\/wp-content\/uploads\/usu1288\/2023\/02\/institut-baix-montseny-obres-anys-1979foto-sant-celoni-300x206.jpg 300w, https:\/\/agora.xtec.cat\/ies-baix-montseny\/wp-content\/uploads\/usu1288\/2023\/02\/institut-baix-montseny-obres-anys-1979foto-sant-celoni-768x527.jpg 768w, https:\/\/agora.xtec.cat\/ies-baix-montseny\/wp-content\/uploads\/usu1288\/2023\/02\/institut-baix-montseny-obres-anys-1979foto-sant-celoni.jpg 891w\" sizes=\"auto, (max-width: 342px) 100vw, 342px\" \/><\/a><figcaption class=\"wp-caption-text\">Any 1979 (Foto Sant Celoni)<\/figcaption><\/figure>\n<p>L\u2019Institut Baix Montseny va n\u00e9ixer com a institut de batxillerat el curs 1978-1979 a la localitat de Sant Celoni per tal de donar una oferta educativa d\u2019estudis postobligatoris\u00a0 al municipi amb el nom de IB Baix Montseny. A partir del curs 1996-1997 la implantaci\u00f3 de l\u2019ESO\u00a0 es va fer una realitat i, durant tres cursos, van conviure dos plans d\u2019estudis diferents sota el nom \u00a0d\u2019 IES Baix Montseny.\u00a0 El curs 2007-2008\u00a0 s\u2019inicia la implantaci\u00f3 de la LOE a primer i a tercer d\u2019ESO i el curs 2008-2009 s\u2019implanta ja definitivament a tots els nivells de l\u2019ESO.<\/p>\n<p>El curs 1999-2000 el centre va acollir per primera vegada dos cicles formatius de grau mitj\u00e0 (el cicle de manteniment electromec\u00e0nic el cicle de gesti\u00f3 administrativa). Enguany, s&#8217;ha ampliat l&#8217;oferta amb el d&#8217;Operacions de laboratori. Tamb\u00e9 s&#8217;imparteixen els Cicles de Grau Superior de Mecatr\u00f2nica i el de Qu\u00edmica Industrial.<\/p>\n<p>Actualment \u00e9s un Institut de secund\u00e0ria que imparteix ensenyaments obligatoris i postobligatoris i que, per tant, acull tres fam\u00edlies educatives ben diferenciades amb les seves l\u00ednies corresponents: cinc l\u00ednies a primer d\u2019ESO, cinc l\u00ednies tamb\u00e9 a primer de batxillerat, incl\u00f2s el batxillerat art\u00edstic,\u00a0 i una l\u00ednia en cadascun dels cicles formatius abans esmentats, sent l\u2019\u00fanic centre al municipi que imparteix ESO, batxillerat i cicles formatius.<\/p>\n<p style=\"text-align: justify;\">En el decurs de la seva hist\u00f2ria, l\u2019Institut Baix Montseny ha anat incrementant el nombre d\u2019alumnes i el nombre de professors. Actualment el centre t\u00e9 prop de 800 alumnes.<\/p>\n","protected":false},"excerpt":{"rendered":"<p><a href=\"https:\/\/agora.xtec.cat\/ies-baix-montseny\/wp-content\/uploads\/usu1288\/2023\/02\/institut-baix-montseny-obres-anys-1979foto-sant-celoni.jpg\"><\/a>Any 1979 (Foto Sant Celoni)<br \/>\nL\u2019Institut Baix Montseny va n\u00e9ixer com a institut de batxillerat el curs 1978-1979 a la localitat de Sant Celoni per tal de donar una oferta educativa d\u2019estudis postobligatoris\u00a0 al municipi amb el nom de IB Baix Montseny. A partir del&hellip;  <a href=\"https:\/\/agora.xtec.cat\/ies-baix-montseny\/linstitut\/don-venim\/\" title=\"Read D&#8217;on venim\">Llegeix m\u00e9s\u00bb<\/a><\/p>\n","protected":false},"author":1,"featured_media":0,"parent":19,"menu_order":10,"comment_status":"closed","ping_status":"closed","template":"page-templates\/side-menu.php","meta":{"_bbp_topic_count":0,"_bbp_reply_count":0,"_bbp_total_topic_count":0,"_bbp_total_reply_count":0,"_bbp_voice_count":0,"_bbp_anonymous_reply_count":0,"_bbp_topic_count_hidden":0,"_bbp_reply_count_hidden":0,"_bbp_forum_subforum_count":0,"footnotes":""},"class_list":["post-27","page","type-page","status-publish","hentry"],"post_mailing_queue_ids":[],"_links":{"self":[{"href":"https:\/\/agora.xtec.cat\/ies-baix-montseny\/wp-json\/wp\/v2\/pages\/27","targetHints":{"allow":["GET"]}}],"collection":[{"href":"https:\/\/agora.xtec.cat\/ies-baix-montseny\/wp-json\/wp\/v2\/pages"}],"about":[{"href":"https:\/\/agora.xtec.cat\/ies-baix-montseny\/wp-json\/wp\/v2\/types\/page"}],"author":[{"embeddable":true,"href":"https:\/\/agora.xtec.cat\/ies-baix-montseny\/wp-json\/wp\/v2\/users\/1"}],"replies":[{"embeddable":true,"href":"https:\/\/agora.xtec.cat\/ies-baix-montseny\/wp-json\/wp\/v2\/comments?post=27"}],"version-history":[{"count":3,"href":"https:\/\/agora.xtec.cat\/ies-baix-montseny\/wp-json\/wp\/v2\/pages\/27\/revisions"}],"predecessor-version":[{"id":21689,"href":"https:\/\/agora.xtec.cat\/ies-baix-montseny\/wp-json\/wp\/v2\/pages\/27\/revisions\/21689"}],"up":[{"embeddable":true,"href":"https:\/\/agora.xtec.cat\/ies-baix-montseny\/wp-json\/wp\/v2\/pages\/19"}],"wp:attachment":[{"href":"https:\/\/agora.xtec.cat\/ies-baix-montseny\/wp-json\/wp\/v2\/media?parent=27"}],"curies":[{"name":"wp","href":"https:\/\/api.w.org\/{rel}","templated":true}]}}