{"id":22711,"date":"2023-11-23T09:58:25","date_gmt":"2023-11-23T08:58:25","guid":{"rendered":"https:\/\/agora.xtec.cat\/ies-baix-montseny\/?page_id=22711"},"modified":"2024-04-12T14:37:16","modified_gmt":"2024-04-12T12:37:16","slug":"__trashed","status":"publish","type":"page","link":"https:\/\/agora.xtec.cat\/ies-baix-montseny\/linstitut\/consell-escolar\/__trashed\/","title":{"rendered":"Acords del consell escolar"},"content":{"rendered":"<p><span style=\"color: #000000;\">En aquest espai trobareu les diferents convocat\u00f2ries del Consell Escolar i els acords adoptats <strong>en format breu<\/strong> per tal de donar compliment al l\u00edmits definits a la <a href=\"https:\/\/portaljuridic.gencat.cat\/ca\/document-del-pjur\/?documentId=680124&amp;validity=1793329&amp;traceability=02&amp;language=ca\" target=\"_blank\" rel=\"noopener\">Llei 19\/2014<\/a> i desplegats al <a href=\"https:\/\/portaljuridic.gencat.cat\/ca\/document-del-pjur\/?documentId=893113&amp;validity=1&amp;traceability=01\" target=\"_blank\" rel=\"noopener\">Decret 8\/2021<\/a> sobre la transpar\u00e8ncia i el dret d&#8217;acc\u00e9s a la informaci\u00f3 p\u00fablica.<\/span><\/p>\n<h5><\/h5>\n<table style=\"border-collapse: collapse; width: 100%;\">\n<tbody>\n<tr>\n<td style=\"width: 38.6149%;\" colspan=\"2\">\n<h6 style=\"text-align: left;\"><strong>Any 2024<\/strong><\/h6>\n<\/td>\n<\/tr>\n<tr>\n<td style=\"width: 38.6149%;\">Consell Escolar de 30 de gener de 2024<\/td>\n<td style=\"width: 61.3851%;\"><a href=\"https:\/\/drive.google.com\/file\/d\/19VCTdLZmNAEIH5_3vjz0NBok2_9briud\/view?usp=sharing\" target=\"_blank\" rel=\"noopener\">Certificat dels acords<\/a><\/td>\n<\/tr>\n<tr>\n<td style=\"width: 38.6149%;\">Consell Escolar de 19 de mar\u00e7 de 2024<\/td>\n<td style=\"width: 61.3851%;\"><a href=\"https:\/\/drive.google.com\/file\/d\/1dI4EYynEJ0epXwDGgTFB2fxhFrOcC_uq\/view?usp=sharing\" target=\"_blank\" rel=\"noopener\">Certificat dels acords<\/a><\/td>\n<\/tr>\n<tr>\n<td style=\"width: 38.6149%;\"><\/td>\n<td style=\"width: 61.3851%;\"><\/td>\n<\/tr>\n<\/tbody>\n<\/table>\n<p>&nbsp;<\/p>\n<p>&nbsp;<\/p>\n","protected":false},"excerpt":{"rendered":"<p>En aquest espai trobareu les diferents convocat\u00f2ries del Consell Escolar i els acords adoptats en format breu per tal de donar compliment al l\u00edmits definits a la <a href=\"https:\/\/portaljuridic.gencat.cat\/ca\/document-del-pjur\/?documentId=680124&amp;validity=1793329&amp;traceability=02&amp;language=ca\" target=\"_blank\" rel=\"noopener\">Llei 19\/2014<\/a> i desplegats al <a href=\"https:\/\/portaljuridic.gencat.cat\/ca\/document-del-pjur\/?documentId=893113&amp;validity=1&amp;traceability=01\" target=\"_blank\" rel=\"noopener\">Decret 8\/2021<\/a> sobre la transpar\u00e8ncia i el&hellip;  <a href=\"https:\/\/agora.xtec.cat\/ies-baix-montseny\/linstitut\/consell-escolar\/__trashed\/\" title=\"Read Acords del consell escolar\">Llegeix m\u00e9s\u00bb<\/a><\/p>\n","protected":false},"author":1,"featured_media":0,"parent":43,"menu_order":5,"comment_status":"closed","ping_status":"closed","template":"page-templates\/side-menu.php","meta":{"_bbp_topic_count":0,"_bbp_reply_count":0,"_bbp_total_topic_count":0,"_bbp_total_reply_count":0,"_bbp_voice_count":0,"_bbp_anonymous_reply_count":0,"_bbp_topic_count_hidden":0,"_bbp_reply_count_hidden":0,"_bbp_forum_subforum_count":0,"footnotes":""},"class_list":["post-22711","page","type-page","status-publish","hentry"],"post_mailing_queue_ids":[],"_links":{"self":[{"href":"https:\/\/agora.xtec.cat\/ies-baix-montseny\/wp-json\/wp\/v2\/pages\/22711","targetHints":{"allow":["GET"]}}],"collection":[{"href":"https:\/\/agora.xtec.cat\/ies-baix-montseny\/wp-json\/wp\/v2\/pages"}],"about":[{"href":"https:\/\/agora.xtec.cat\/ies-baix-montseny\/wp-json\/wp\/v2\/types\/page"}],"author":[{"embeddable":true,"href":"https:\/\/agora.xtec.cat\/ies-baix-montseny\/wp-json\/wp\/v2\/users\/1"}],"replies":[{"embeddable":true,"href":"https:\/\/agora.xtec.cat\/ies-baix-montseny\/wp-json\/wp\/v2\/comments?post=22711"}],"version-history":[{"count":6,"href":"https:\/\/agora.xtec.cat\/ies-baix-montseny\/wp-json\/wp\/v2\/pages\/22711\/revisions"}],"predecessor-version":[{"id":23343,"href":"https:\/\/agora.xtec.cat\/ies-baix-montseny\/wp-json\/wp\/v2\/pages\/22711\/revisions\/23343"}],"up":[{"embeddable":true,"href":"https:\/\/agora.xtec.cat\/ies-baix-montseny\/wp-json\/wp\/v2\/pages\/43"}],"wp:attachment":[{"href":"https:\/\/agora.xtec.cat\/ies-baix-montseny\/wp-json\/wp\/v2\/media?parent=22711"}],"curies":[{"name":"wp","href":"https:\/\/api.w.org\/{rel}","templated":true}]}}