{"id":22589,"date":"2024-01-25T13:29:19","date_gmt":"2024-01-25T12:29:19","guid":{"rendered":"https:\/\/agora.xtec.cat\/ies-baix-montseny\/?page_id=22589"},"modified":"2024-03-06T09:03:24","modified_gmt":"2024-03-06T08:03:24","slug":"edifici-de-cicles-formatius","status":"publish","type":"page","link":"https:\/\/agora.xtec.cat\/ies-baix-montseny\/linstitut\/edifici-de-cicles-formatius\/","title":{"rendered":"Edifici de Cicles Formatius"},"content":{"rendered":"<p>L&#8217;edifici de Cicles Formatius \u00e9s un edifici de nova construcci\u00f3 en el que actualment es duu a terme la major part de l&#8217;activitat docent de <a href=\"https:\/\/agora.xtec.cat\/ies-baix-montseny\/estudis\/cicles-formatius\/\" target=\"_blank\" rel=\"noopener\">Formaci\u00f3 Professional<\/a> que ofereix l&#8217;institut. En aquest espai hi trobem tan les aules de formaci\u00f3 te\u00f2rica com les aules on els alumnes reben la formaci\u00f3 pr\u00e0ctica: aula de mecatr\u00f2nica, aula d&#8217;automatismes, taller el\u00e8ctric i taller mec\u00e0nic .<\/p>\n<p><a href=\"https:\/\/agora.xtec.cat\/ies-baix-montseny\/wp-content\/uploads\/usu1288\/2016\/03\/Render11.png\"><img loading=\"lazy\" decoding=\"async\" class=\"alignnone wp-image-636\" src=\"https:\/\/agora.xtec.cat\/ies-baix-montseny\/wp-content\/uploads\/usu1288\/2016\/03\/Render11.png\" alt=\"\" width=\"668\" height=\"334\" srcset=\"https:\/\/agora.xtec.cat\/ies-baix-montseny\/wp-content\/uploads\/usu1288\/2016\/03\/Render11.png 1000w, https:\/\/agora.xtec.cat\/ies-baix-montseny\/wp-content\/uploads\/usu1288\/2016\/03\/Render11-300x150.png 300w\" sizes=\"auto, (max-width: 668px) 100vw, 668px\" \/>\u00a0\u00a0\u00a0\u00a0<\/a> <a href=\"https:\/\/agora.xtec.cat\/ies-baix-montseny\/wp-content\/uploads\/usu1288\/2024\/01\/Edifici-Cicles-Formatius-2.png\"><img loading=\"lazy\" decoding=\"async\" class=\"alignnone wp-image-22908\" src=\"https:\/\/agora.xtec.cat\/ies-baix-montseny\/wp-content\/uploads\/usu1288\/2024\/01\/Edifici-Cicles-Formatius-2.png\" alt=\"\" width=\"201\" height=\"330\" srcset=\"https:\/\/agora.xtec.cat\/ies-baix-montseny\/wp-content\/uploads\/usu1288\/2024\/01\/Edifici-Cicles-Formatius-2.png 918w, https:\/\/agora.xtec.cat\/ies-baix-montseny\/wp-content\/uploads\/usu1288\/2024\/01\/Edifici-Cicles-Formatius-2-183x300.png 183w, https:\/\/agora.xtec.cat\/ies-baix-montseny\/wp-content\/uploads\/usu1288\/2024\/01\/Edifici-Cicles-Formatius-2-623x1024.png 623w, https:\/\/agora.xtec.cat\/ies-baix-montseny\/wp-content\/uploads\/usu1288\/2024\/01\/Edifici-Cicles-Formatius-2-768x1262.png 768w\" sizes=\"auto, (max-width: 201px) 100vw, 201px\" \/><\/a><\/p>\n<p>&nbsp;<\/p>\n","protected":false},"excerpt":{"rendered":"<p>L&#8217;edifici de Cicles Formatius \u00e9s un edifici de nova construcci\u00f3 en el que actualment es duu a terme la major part de l&#8217;activitat docent de <a href=\"https:\/\/agora.xtec.cat\/ies-baix-montseny\/estudis\/cicles-formatius\/\" target=\"_blank\" rel=\"noopener\">Formaci\u00f3 Professional<\/a> que ofereix l&#8217;institut. En aquest espai hi trobem tan les aules de formaci\u00f3 te\u00f2rica com&hellip;  <a href=\"https:\/\/agora.xtec.cat\/ies-baix-montseny\/linstitut\/edifici-de-cicles-formatius\/\" title=\"Read Edifici de Cicles Formatius\">Llegeix m\u00e9s\u00bb<\/a><\/p>\n","protected":false},"author":1,"featured_media":0,"parent":19,"menu_order":16,"comment_status":"closed","ping_status":"closed","template":"page-templates\/side-menu.php","meta":{"_bbp_topic_count":0,"_bbp_reply_count":0,"_bbp_total_topic_count":0,"_bbp_total_reply_count":0,"_bbp_voice_count":0,"_bbp_anonymous_reply_count":0,"_bbp_topic_count_hidden":0,"_bbp_reply_count_hidden":0,"_bbp_forum_subforum_count":0,"footnotes":""},"class_list":["post-22589","page","type-page","status-publish","hentry"],"post_mailing_queue_ids":[],"_links":{"self":[{"href":"https:\/\/agora.xtec.cat\/ies-baix-montseny\/wp-json\/wp\/v2\/pages\/22589","targetHints":{"allow":["GET"]}}],"collection":[{"href":"https:\/\/agora.xtec.cat\/ies-baix-montseny\/wp-json\/wp\/v2\/pages"}],"about":[{"href":"https:\/\/agora.xtec.cat\/ies-baix-montseny\/wp-json\/wp\/v2\/types\/page"}],"author":[{"embeddable":true,"href":"https:\/\/agora.xtec.cat\/ies-baix-montseny\/wp-json\/wp\/v2\/users\/1"}],"replies":[{"embeddable":true,"href":"https:\/\/agora.xtec.cat\/ies-baix-montseny\/wp-json\/wp\/v2\/comments?post=22589"}],"version-history":[{"count":6,"href":"https:\/\/agora.xtec.cat\/ies-baix-montseny\/wp-json\/wp\/v2\/pages\/22589\/revisions"}],"predecessor-version":[{"id":22962,"href":"https:\/\/agora.xtec.cat\/ies-baix-montseny\/wp-json\/wp\/v2\/pages\/22589\/revisions\/22962"}],"up":[{"embeddable":true,"href":"https:\/\/agora.xtec.cat\/ies-baix-montseny\/wp-json\/wp\/v2\/pages\/19"}],"wp:attachment":[{"href":"https:\/\/agora.xtec.cat\/ies-baix-montseny\/wp-json\/wp\/v2\/media?parent=22589"}],"curies":[{"name":"wp","href":"https:\/\/api.w.org\/{rel}","templated":true}]}}