{"id":22587,"date":"2024-01-25T13:28:58","date_gmt":"2024-01-25T12:28:58","guid":{"rendered":"https:\/\/agora.xtec.cat\/ies-baix-montseny\/?page_id=22587"},"modified":"2024-03-06T09:03:06","modified_gmt":"2024-03-06T08:03:06","slug":"edifici-principal","status":"publish","type":"page","link":"https:\/\/agora.xtec.cat\/ies-baix-montseny\/linstitut\/edifici-principal\/","title":{"rendered":"Edifici principal"},"content":{"rendered":"<p><a href=\"https:\/\/agora.xtec.cat\/ies-baix-montseny\/wp-content\/uploads\/usu1288\/2015\/11\/IES_Baix_Montseny_1.jpg\"><img loading=\"lazy\" decoding=\"async\" class=\"wp-image-285 alignright\" src=\"https:\/\/agora.xtec.cat\/ies-baix-montseny\/wp-content\/uploads\/usu1288\/2015\/11\/IES_Baix_Montseny_1.jpg\" alt=\"\" width=\"686\" height=\"514\" srcset=\"https:\/\/agora.xtec.cat\/ies-baix-montseny\/wp-content\/uploads\/usu1288\/2015\/11\/IES_Baix_Montseny_1.jpg 1024w, https:\/\/agora.xtec.cat\/ies-baix-montseny\/wp-content\/uploads\/usu1288\/2015\/11\/IES_Baix_Montseny_1-300x225.jpg 300w, https:\/\/agora.xtec.cat\/ies-baix-montseny\/wp-content\/uploads\/usu1288\/2015\/11\/IES_Baix_Montseny_1-200x150.jpg 200w\" sizes=\"auto, (max-width: 686px) 100vw, 686px\" \/><\/a>L&#8217;edifici principal de l&#8217;Institut consta de planta baixa, primera planta i segona planta. A la Planta baixa hi trobem la majoria dels serveis i espais comuns, com pot ser la consergeria, secretaria, sala de\u00a0 professors, gimn\u00e0s, biblioteca, sala d&#8217;actes, la cantina, espai de reunions&#8230; aix\u00ed com el despatx de direcci\u00f3, l&#8217;aula de dibuix, alguns departaments i els patis d&#8217;esbarjo dels alumnes. A la primera planta hi ha aules d&#8217;ESO i de Batxillerat i laboratori de Qu\u00edmica Industrial, a la segona planta hi trobem la resta d&#8217;aules d&#8217;ESO i Batxillerat\u00a0 i Laboratori de Ci\u00e8ncies Naturals, el Departament d&#8217;orientaci\u00f3 entre d&#8217;altres.<\/p>\n<p><a href=\"https:\/\/agora.xtec.cat\/ies-baix-montseny\/wp-content\/uploads\/usu1288\/2015\/09\/institut-baix-montseny-i-turo-de-l-home_10937537.jpg\"><img loading=\"lazy\" decoding=\"async\" class=\"alignnone wp-image-270\" src=\"https:\/\/agora.xtec.cat\/ies-baix-montseny\/wp-content\/uploads\/usu1288\/2015\/09\/institut-baix-montseny-i-turo-de-l-home_10937537.jpg\" alt=\"\" width=\"309\" height=\"232\" srcset=\"https:\/\/agora.xtec.cat\/ies-baix-montseny\/wp-content\/uploads\/usu1288\/2015\/09\/institut-baix-montseny-i-turo-de-l-home_10937537.jpg 500w, https:\/\/agora.xtec.cat\/ies-baix-montseny\/wp-content\/uploads\/usu1288\/2015\/09\/institut-baix-montseny-i-turo-de-l-home_10937537-300x225.jpg 300w, https:\/\/agora.xtec.cat\/ies-baix-montseny\/wp-content\/uploads\/usu1288\/2015\/09\/institut-baix-montseny-i-turo-de-l-home_10937537-200x150.jpg 200w\" sizes=\"auto, (max-width: 309px) 100vw, 309px\" \/><\/a><\/p>\n<p>&nbsp;<\/p>\n","protected":false},"excerpt":{"rendered":"<p><a href=\"https:\/\/agora.xtec.cat\/ies-baix-montseny\/wp-content\/uploads\/usu1288\/2015\/11\/IES_Baix_Montseny_1.jpg\"><\/a>L&#8217;edifici principal de l&#8217;Institut consta de planta baixa, primera planta i segona planta. A la Planta baixa hi trobem la majoria dels serveis i espais comuns, com pot ser la consergeria, secretaria, sala de\u00a0 professors, gimn\u00e0s, biblioteca, sala d&#8217;actes, la cantina, espai de reunions&#8230;&hellip;  <a href=\"https:\/\/agora.xtec.cat\/ies-baix-montseny\/linstitut\/edifici-principal\/\" title=\"Read Edifici principal\">Llegeix m\u00e9s\u00bb<\/a><\/p>\n","protected":false},"author":1,"featured_media":0,"parent":19,"menu_order":16,"comment_status":"closed","ping_status":"closed","template":"page-templates\/side-menu.php","meta":{"_bbp_topic_count":0,"_bbp_reply_count":0,"_bbp_total_topic_count":0,"_bbp_total_reply_count":0,"_bbp_voice_count":0,"_bbp_anonymous_reply_count":0,"_bbp_topic_count_hidden":0,"_bbp_reply_count_hidden":0,"_bbp_forum_subforum_count":0,"footnotes":""},"class_list":["post-22587","page","type-page","status-publish","hentry"],"post_mailing_queue_ids":[],"_links":{"self":[{"href":"https:\/\/agora.xtec.cat\/ies-baix-montseny\/wp-json\/wp\/v2\/pages\/22587","targetHints":{"allow":["GET"]}}],"collection":[{"href":"https:\/\/agora.xtec.cat\/ies-baix-montseny\/wp-json\/wp\/v2\/pages"}],"about":[{"href":"https:\/\/agora.xtec.cat\/ies-baix-montseny\/wp-json\/wp\/v2\/types\/page"}],"author":[{"embeddable":true,"href":"https:\/\/agora.xtec.cat\/ies-baix-montseny\/wp-json\/wp\/v2\/users\/1"}],"replies":[{"embeddable":true,"href":"https:\/\/agora.xtec.cat\/ies-baix-montseny\/wp-json\/wp\/v2\/comments?post=22587"}],"version-history":[{"count":6,"href":"https:\/\/agora.xtec.cat\/ies-baix-montseny\/wp-json\/wp\/v2\/pages\/22587\/revisions"}],"predecessor-version":[{"id":22956,"href":"https:\/\/agora.xtec.cat\/ies-baix-montseny\/wp-json\/wp\/v2\/pages\/22587\/revisions\/22956"}],"up":[{"embeddable":true,"href":"https:\/\/agora.xtec.cat\/ies-baix-montseny\/wp-json\/wp\/v2\/pages\/19"}],"wp:attachment":[{"href":"https:\/\/agora.xtec.cat\/ies-baix-montseny\/wp-json\/wp\/v2\/media?parent=22587"}],"curies":[{"name":"wp","href":"https:\/\/api.w.org\/{rel}","templated":true}]}}