{"id":21673,"date":"2023-02-21T12:34:12","date_gmt":"2023-02-21T11:34:12","guid":{"rendered":"https:\/\/agora.xtec.cat\/ies-baix-montseny\/?page_id=21673"},"modified":"2024-05-17T14:57:32","modified_gmt":"2024-05-17T12:57:32","slug":"gestio-economica","status":"publish","type":"page","link":"https:\/\/agora.xtec.cat\/ies-baix-montseny\/linstitut\/gestio-economica\/","title":{"rendered":"Gesti\u00f3 econ\u00f2mica"},"content":{"rendered":"<h4>Pressupost<\/h4>\n<p>El pressupost \u00e9s el document que recull de manera sistem\u00e0tica i quantificada totes les despeses que el centre preveu de fer durant un any natural, juntament amb la previsi\u00f3 dels ingressos que ha d\u2019obtenir per finan\u00e7ar-les. S&#8217;elabora a l&#8217;inici de l&#8217;exercici i es presenta al Consell Escolar per tal que sigui aprovat abans del 30 de gener de l&#8217;any corresponent.<\/p>\n<p>Durant l&#8217;exercici, es pot proposar al consell escolar aquelles modificacions que es considerin oportunes i dins el primer quadrimestre de l&#8217;any seg\u00fcent, s&#8217;ha d&#8217;aprovar la liquidaci\u00f3 del pressupost de l&#8217;any anterior.<\/p>\n<h5>Exercici 2024:<\/h5>\n<p>\u27a1 <a href=\"https:\/\/drive.google.com\/file\/d\/1NYlxEvpWdqhkaB9c6Aeu9q8Z88c7IYjQ\/view?usp=sharing\" target=\"_blank\" rel=\"noopener\">Pressupost any 2024<\/a><br \/>\n\u27a1 Liquidaci\u00f3 del pressupost 2024<\/p>\n<h5>Exercici 2023:<\/h5>\n<p>\u27a1 <a href=\"https:\/\/drive.google.com\/file\/d\/1lugj_KKCaQhGP8Z0QikRYLMoBWf1JOjD\/view?usp=sharing\" target=\"_blank\" rel=\"noopener\">Pressupost any 2023<\/a><br \/>\n\u27a1 <a href=\"https:\/\/drive.google.com\/file\/d\/1OZwRvp3TF8-mw4ZZmxLTKNmQrKArQgon\/view?usp=sharing\" target=\"_blank\" rel=\"noopener\">Liquidaci\u00f3 del pressupost 2023<\/a><\/p>\n<p>&nbsp;<\/p>\n","protected":false},"excerpt":{"rendered":"<p>Pressupost<br \/>\nEl pressupost \u00e9s el document que recull de manera sistem\u00e0tica i quantificada totes les despeses que el centre preveu de fer durant un any natural, juntament amb la previsi\u00f3 dels ingressos que ha d\u2019obtenir per finan\u00e7ar-les. S&#8217;elabora a l&#8217;inici de l&#8217;exercici i es presenta al&hellip;  <a href=\"https:\/\/agora.xtec.cat\/ies-baix-montseny\/linstitut\/gestio-economica\/\" title=\"Read Gesti\u00f3 econ\u00f2mica\">Llegeix m\u00e9s\u00bb<\/a><\/p>\n","protected":false},"author":1,"featured_media":0,"parent":19,"menu_order":40,"comment_status":"closed","ping_status":"closed","template":"page-templates\/side-menu.php","meta":{"_bbp_topic_count":0,"_bbp_reply_count":0,"_bbp_total_topic_count":0,"_bbp_total_reply_count":0,"_bbp_voice_count":0,"_bbp_anonymous_reply_count":0,"_bbp_topic_count_hidden":0,"_bbp_reply_count_hidden":0,"_bbp_forum_subforum_count":0,"footnotes":""},"class_list":["post-21673","page","type-page","status-publish","hentry"],"post_mailing_queue_ids":[],"_links":{"self":[{"href":"https:\/\/agora.xtec.cat\/ies-baix-montseny\/wp-json\/wp\/v2\/pages\/21673","targetHints":{"allow":["GET"]}}],"collection":[{"href":"https:\/\/agora.xtec.cat\/ies-baix-montseny\/wp-json\/wp\/v2\/pages"}],"about":[{"href":"https:\/\/agora.xtec.cat\/ies-baix-montseny\/wp-json\/wp\/v2\/types\/page"}],"author":[{"embeddable":true,"href":"https:\/\/agora.xtec.cat\/ies-baix-montseny\/wp-json\/wp\/v2\/users\/1"}],"replies":[{"embeddable":true,"href":"https:\/\/agora.xtec.cat\/ies-baix-montseny\/wp-json\/wp\/v2\/comments?post=21673"}],"version-history":[{"count":7,"href":"https:\/\/agora.xtec.cat\/ies-baix-montseny\/wp-json\/wp\/v2\/pages\/21673\/revisions"}],"predecessor-version":[{"id":23415,"href":"https:\/\/agora.xtec.cat\/ies-baix-montseny\/wp-json\/wp\/v2\/pages\/21673\/revisions\/23415"}],"up":[{"embeddable":true,"href":"https:\/\/agora.xtec.cat\/ies-baix-montseny\/wp-json\/wp\/v2\/pages\/19"}],"wp:attachment":[{"href":"https:\/\/agora.xtec.cat\/ies-baix-montseny\/wp-json\/wp\/v2\/media?parent=21673"}],"curies":[{"name":"wp","href":"https:\/\/api.w.org\/{rel}","templated":true}]}}