{"id":2094,"date":"2019-02-19T00:18:50","date_gmt":"2019-02-18T23:18:50","guid":{"rendered":"http:\/\/agora.xtec.cat\/ies-baix-montseny\/?page_id=2094"},"modified":"2021-06-09T16:45:29","modified_gmt":"2021-06-09T14:45:29","slug":"erasmus-2","status":"publish","type":"page","link":"https:\/\/agora.xtec.cat\/ies-baix-montseny\/erasmus-2\/","title":{"rendered":"Erasmus+"},"content":{"rendered":"<h3 id=\"sites-page-title-header\" align=\"left\"><span style=\"text-decoration: underline;\"><span id=\"sites-page-title\" dir=\"ltr\" tabindex=\"-1\">Coordinaci\u00f3 Mobilitat Internacional<\/span><\/span><\/h3>\n<p>El nostre centre posseeix la Carta Erasmus per a K103, de forma que l&#8217;alumnat de <strong>Cicles Formatius de Grau Superior<\/strong>\u00a0pot accedir a fer estades de pr\u00e0ctiques en empreses estrangeres.<\/p>\n<p>L&#8217;INS Baix Montseny en el curs 2018-19 va decidir engegar aquest projecte i va sol\u00b7licitar adherir-se al programa de la Uni\u00f3 Europea, aconseguint la carta ECHE, requisit necessari per poder presentar qualsevol projecte Erasmus+. En el curs 2019-2020 i complint amb els terminis establerts per la Comissi\u00f3 Europea es va procedir a fer la petici\u00f3 de beques, en la resoluci\u00f3 de novembre del 2020 ens van comunicar que ten\u00edem disponibles 4 beques per alumnat i 4 m\u00e9s per a professorat, les quals es podran gaudir en els cursos 2020-2021 i 2021-2022.<\/p>\n<p>El programa Erasmus + vol contribuir a l<a href=\"http:\/\/ec.europa.eu\/europe2020\/index_en.htm\">&#8216;Estrat\u00e8gia Europa 2020<\/a> pel creixement, l&#8217;ocupaci\u00f3, la just\u00edcia social, la inclusi\u00f3, i als objectius del marc estrat\u00e8gic per la cooperaci\u00f3 europea en l&#8217;\u00e0mbit de l&#8217;educaci\u00f3 i la formaci\u00f3 (<a href=\"https:\/\/ec.europa.eu\/education\/policies\/european-policy-cooperation\/et2020-framework_en\">ET 2020<\/a>).<\/p>\n<p>Erasmus+ vol donar tamb\u00e9 a promoure el desenvolupament sostenible dels pa\u00efsos associats en l&#8217;\u00e0mbit de l&#8217;educaci\u00f3 superior i contribuir a la realitzaci\u00f3 dels objectius de l<a href=\"http:\/\/ec.europa.eu\/youth\/policy\/youth_strategy\/index_en.htm\">&#8216;estrat\u00e8gia de la UE per la joventut<\/a>.<\/p>\n<p>Dins del programa es plantegen els seg\u00fcents temes espec\u00edfics:<\/p>\n<ul>\n<li><a href=\"http:\/\/ec.europa.eu\/youth\/policy\/youth_strategy\/empl_entrepreneurship_en.htm\">Reduir l&#8217;atur, especialment entre els joves<\/a><\/li>\n<li><a href=\"https:\/\/ec.europa.eu\/education\/policies\/eu-policy-in-the-field-of-adult-learning_en\" target=\"_blank\" rel=\"noopener noreferrer\">Fomentar l&#8217;educaci\u00f3 d&#8217;adults, especialment en les noves compet\u00e8ncies i qualificacions exigides pel mercat laboral<\/a><\/li>\n<li><a href=\"http:\/\/ec.europa.eu\/youth\/policy\/implementation\/dialogue_en.htm\">Animar als joves a participar en la vida democr\u00e0tica d&#8217;Europa<\/a><\/li>\n<li>Donar suport a la <a href=\"https:\/\/ec.europa.eu\/education\/education-in-the-eu\/digital-education-action-plan_en\" target=\"_blank\" rel=\"noopener noreferrer\">innovaci\u00f3<\/a>, la\u00a0<a href=\"https:\/\/ec.europa.eu\/education\/policies\/higher-education\/bologna-process-and-european-higher-education-area_en\" target=\"_blank\" rel=\"noopener noreferrer\">cooperaci\u00f3<\/a> i les <a href=\"http:\/\/eur-lex.europa.eu\/legal-content\/EN\/TXT\/?qid=1389776578033&amp;uri=CELEX:52012DC0669\">reformes<\/a><\/li>\n<li><a href=\"https:\/\/ec.europa.eu\/education\/policies\/school\/early-school-leaving_en\" target=\"_blank\" rel=\"noopener noreferrer\">Reduir l&#8217;abandonament escolar prematur<\/a><\/li>\n<li><a href=\"https:\/\/ec.europa.eu\/education\/policies\/international-cooperation\/international-cooperation-and-policy-dialogue_en\" target=\"_blank\" rel=\"noopener noreferrer\">Promoure la cooperaci\u00f3 i la mobilitat amb els pa\u00efsos associats de la UE<\/a><\/li>\n<\/ul>\n<p>Actualment la mobilitat es pot fer a diferents pa\u00efsos, per saber-ne m\u00e9s sobre el programa Erasmus+ podeu consultar el link seg\u00fcent\u00a0<a href=\"http:\/\/sepie.es\/doc\/convocatoria\/2020\/erasmus-plus-programme-guide-2020_es.pdf\" target=\"_blank\" rel=\"noopener noreferrer\">Erasmus+, Guia del Programa<\/a><\/p>\n<p style=\"text-align: center;\"><span style=\"text-decoration: underline;\"><strong>Erasmus Charter For Higher Education 2021-2027<\/strong><\/span><\/p>\n<p><a href=\"https:\/\/agora.xtec.cat\/ies-baix-montseny\/wp-content\/uploads\/usu1288\/2021\/06\/IMG-20210608-WA0008.jpg\"><img loading=\"lazy\" decoding=\"async\" class=\"size-large wp-image-20090 aligncenter\" src=\"https:\/\/agora.xtec.cat\/ies-baix-montseny\/wp-content\/uploads\/usu1288\/2021\/06\/IMG-20210608-WA0008-1024x697.jpg\" alt=\"\" width=\"1024\" height=\"697\" srcset=\"https:\/\/agora.xtec.cat\/ies-baix-montseny\/wp-content\/uploads\/usu1288\/2021\/06\/IMG-20210608-WA0008-1024x697.jpg 1024w, https:\/\/agora.xtec.cat\/ies-baix-montseny\/wp-content\/uploads\/usu1288\/2021\/06\/IMG-20210608-WA0008-300x204.jpg 300w, https:\/\/agora.xtec.cat\/ies-baix-montseny\/wp-content\/uploads\/usu1288\/2021\/06\/IMG-20210608-WA0008-768x523.jpg 768w, https:\/\/agora.xtec.cat\/ies-baix-montseny\/wp-content\/uploads\/usu1288\/2021\/06\/IMG-20210608-WA0008.jpg 1956w\" sizes=\"auto, (max-width: 1024px) 100vw, 1024px\" \/><\/a><\/p>\n<p style=\"text-align: center;\"><span style=\"text-decoration: underline;\"><strong>Erasmus Charter For Higher Education 2014-2020<\/strong><\/span><\/p>\n<p><a href=\"https:\/\/agora.xtec.cat\/ies-baix-montseny\/wp-content\/uploads\/usu1288\/2019\/11\/Erasmus-Charter.jpg\"><img loading=\"lazy\" decoding=\"async\" class=\"size-large wp-image-2475 aligncenter\" src=\"https:\/\/agora.xtec.cat\/ies-baix-montseny\/wp-content\/uploads\/usu1288\/2019\/11\/Erasmus-Charter-1024x714.jpg\" alt=\"\" width=\"1024\" height=\"714\" srcset=\"https:\/\/agora.xtec.cat\/ies-baix-montseny\/wp-content\/uploads\/usu1288\/2019\/11\/Erasmus-Charter-1024x714.jpg 1024w, https:\/\/agora.xtec.cat\/ies-baix-montseny\/wp-content\/uploads\/usu1288\/2019\/11\/Erasmus-Charter-300x209.jpg 300w, https:\/\/agora.xtec.cat\/ies-baix-montseny\/wp-content\/uploads\/usu1288\/2019\/11\/Erasmus-Charter-768x536.jpg 768w, https:\/\/agora.xtec.cat\/ies-baix-montseny\/wp-content\/uploads\/usu1288\/2019\/11\/Erasmus-Charter.jpg 1246w\" sizes=\"auto, (max-width: 1024px) 100vw, 1024px\" \/><\/a><\/p>\n<p>&nbsp;<\/p>\n<p>&nbsp;<\/p>\n<p>&nbsp;<\/p>\n<table>\n<tbody>\n<tr>\n<td style=\"width: 320px; border-color: #2d5db5; background-color: #fcfcfc;\"><a href=\"https:\/\/agora.xtec.cat\/ies-baix-montseny\/wp-content\/uploads\/usu1288\/2019\/11\/cofinanciadoEN_derecha-2.png\"><img loading=\"lazy\" decoding=\"async\" class=\"wp-image-2480 aligncenter\" src=\"https:\/\/agora.xtec.cat\/ies-baix-montseny\/wp-content\/uploads\/usu1288\/2019\/11\/cofinanciadoEN_derecha-2-300x69.png\" alt=\"\" width=\"239\" height=\"55\" srcset=\"https:\/\/agora.xtec.cat\/ies-baix-montseny\/wp-content\/uploads\/usu1288\/2019\/11\/cofinanciadoEN_derecha-2-300x69.png 300w, https:\/\/agora.xtec.cat\/ies-baix-montseny\/wp-content\/uploads\/usu1288\/2019\/11\/cofinanciadoEN_derecha-2-768x176.png 768w, https:\/\/agora.xtec.cat\/ies-baix-montseny\/wp-content\/uploads\/usu1288\/2019\/11\/cofinanciadoEN_derecha-2.png 844w\" sizes=\"auto, (max-width: 239px) 100vw, 239px\" \/><\/a><\/td>\n<td style=\"width: 197px; border-color: #2d5db5;\"><a href=\"https:\/\/agora.xtec.cat\/ies-baix-montseny\/wp-content\/uploads\/usu1288\/2019\/11\/logo-ins-e1574348302501.jpg\"><img loading=\"lazy\" decoding=\"async\" class=\"wp-image-2482 aligncenter\" src=\"https:\/\/agora.xtec.cat\/ies-baix-montseny\/wp-content\/uploads\/usu1288\/2019\/11\/logo-ins-e1574348302501.jpg\" alt=\"\" width=\"146\" height=\"96\" \/><\/a><\/td>\n<\/tr>\n<\/tbody>\n<\/table>\n<p>&nbsp;<\/p>\n<p>&nbsp;<\/p>\n<p>&nbsp;<\/p>\n","protected":false},"excerpt":{"rendered":"<p>Coordinaci\u00f3 Mobilitat Internacional<br \/>\nEl nostre centre posseeix la Carta Erasmus per a K103, de forma que l&#8217;alumnat de Cicles Formatius de Grau Superior\u00a0pot accedir a fer estades de pr\u00e0ctiques en empreses estrangeres.<br \/>\nL&#8217;INS Baix Montseny en el curs 2018-19 va decidir engegar aquest projecte i va sol\u00b7licitar&hellip;  <a href=\"https:\/\/agora.xtec.cat\/ies-baix-montseny\/erasmus-2\/\" title=\"Read Erasmus+\">Llegeix m\u00e9s\u00bb<\/a><\/p>\n","protected":false},"author":10,"featured_media":0,"parent":0,"menu_order":0,"comment_status":"closed","ping_status":"closed","template":"page-templates\/side-menu.php","meta":{"_bbp_topic_count":0,"_bbp_reply_count":0,"_bbp_total_topic_count":0,"_bbp_total_reply_count":0,"_bbp_voice_count":0,"_bbp_anonymous_reply_count":0,"_bbp_topic_count_hidden":0,"_bbp_reply_count_hidden":0,"_bbp_forum_subforum_count":0,"footnotes":""},"class_list":["post-2094","page","type-page","status-publish","hentry"],"post_mailing_queue_ids":[],"_links":{"self":[{"href":"https:\/\/agora.xtec.cat\/ies-baix-montseny\/wp-json\/wp\/v2\/pages\/2094","targetHints":{"allow":["GET"]}}],"collection":[{"href":"https:\/\/agora.xtec.cat\/ies-baix-montseny\/wp-json\/wp\/v2\/pages"}],"about":[{"href":"https:\/\/agora.xtec.cat\/ies-baix-montseny\/wp-json\/wp\/v2\/types\/page"}],"author":[{"embeddable":true,"href":"https:\/\/agora.xtec.cat\/ies-baix-montseny\/wp-json\/wp\/v2\/users\/10"}],"replies":[{"embeddable":true,"href":"https:\/\/agora.xtec.cat\/ies-baix-montseny\/wp-json\/wp\/v2\/comments?post=2094"}],"version-history":[{"count":3,"href":"https:\/\/agora.xtec.cat\/ies-baix-montseny\/wp-json\/wp\/v2\/pages\/2094\/revisions"}],"predecessor-version":[{"id":20091,"href":"https:\/\/agora.xtec.cat\/ies-baix-montseny\/wp-json\/wp\/v2\/pages\/2094\/revisions\/20091"}],"wp:attachment":[{"href":"https:\/\/agora.xtec.cat\/ies-baix-montseny\/wp-json\/wp\/v2\/media?parent=2094"}],"curies":[{"name":"wp","href":"https:\/\/api.w.org\/{rel}","templated":true}]}}