{"id":20640,"date":"2022-03-09T11:41:02","date_gmt":"2022-03-09T10:41:02","guid":{"rendered":"https:\/\/agora.xtec.cat\/ies-baix-montseny\/?page_id=20640"},"modified":"2024-02-07T13:52:03","modified_gmt":"2024-02-07T12:52:03","slug":"batxillerat-artistic","status":"publish","type":"page","link":"https:\/\/agora.xtec.cat\/ies-baix-montseny\/estudis\/batxillerat\/batxillerat-artistic\/","title":{"rendered":"Batxillerat Art\u00edstic"},"content":{"rendered":"<h3>Curs 2023-2024<\/h3>\n<p><strong>Mat\u00e8ries 1r curs<\/strong><\/p>\n<table style=\"border-collapse: collapse; width: 100%;\">\n<tbody>\n<tr>\n<td style=\"width: 50%;\"><strong>Mat\u00e8ries comunes<\/strong><\/td>\n<td style=\"width: 50%;\"><strong>Mat\u00e8ries de modalitat i optatives<\/strong><\/td>\n<\/tr>\n<tr>\n<td style=\"width: 50%; vertical-align: top;\">\n<ul>\n<li>Llengua Catalana i Literatura I<\/li>\n<li>Llengua Castellana i Literatura I<\/li>\n<li>Llengua Estrangera I<\/li>\n<li>Educaci\u00f3 F\u00edsica<\/li>\n<li>Filosofia<\/li>\n<\/ul>\n<\/td>\n<td style=\"width: 50%;\">\n<ul>\n<li>Dibuix Art\u00edstic I<\/li>\n<li>Cultura Audiovisual<\/li>\n<li>Dibuix T\u00e8cnic Aplicat a les Arts Pl\u00e0stiques i el Disseny I<\/li>\n<li>Projectes Art\u00edstics<\/li>\n<li>Volum<\/li>\n<li>Disseny 2D i 3D<\/li>\n<li>Llenguatges Art\u00edstics Contemporanis<\/li>\n<li>Publicitat<\/li>\n<\/ul>\n<\/td>\n<\/tr>\n<\/tbody>\n<\/table>\n<p><strong>Mat\u00e8ries de 2n curs<\/strong><\/p>\n<table style=\"border-collapse: collapse; width: 100%;\">\n<tbody>\n<tr>\n<td style=\"width: 50%;\"><strong>Mat\u00e8ries comunes<\/strong><\/td>\n<td style=\"width: 50%;\"><strong>Mat\u00e8ries de modalitat i optatives<\/strong><\/td>\n<\/tr>\n<tr>\n<td style=\"width: 50%;\">\n<ul>\n<li>Llengua Catalana i Literatura II<\/li>\n<li>Llengua Castellana i Literatura II<\/li>\n<li>Llengua Estrangera II<\/li>\n<li>Hist\u00f2ria de la Filosofia<\/li>\n<li>Hist\u00f2ria<\/li>\n<li>Treball de Recerca<\/li>\n<\/ul>\n<\/td>\n<td style=\"width: 50%; vertical-align: top;\">\n<ul>\n<li>Dibuix Art\u00edstic II<\/li>\n<li>Dibuix T\u00e8cnic Aplicat a les Arts Pl\u00e0stiques i el Disseny II<\/li>\n<li>Disseny<\/li>\n<li>Fonaments Art\u00edstics<\/li>\n<li>T\u00e8cniques d&#8217;Expressi\u00f3 Graficopl\u00e0stica<\/li>\n<\/ul>\n<\/td>\n<\/tr>\n<\/tbody>\n<\/table>\n<p>&nbsp;<\/p>\n","protected":false},"excerpt":{"rendered":"<p>Curs 2023-2024<br \/>\nMat\u00e8ries 1r curs<\/p>\n<p>Mat\u00e8ries comunes<br \/>\nMat\u00e8ries de modalitat i optatives<\/p>\n<ul>\n<li>Llengua Catalana i Literatura I<\/li>\n<li>Llengua Castellana i Literatura I<\/li>\n<li>Llengua Estrangera I<\/li>\n<li>Educaci\u00f3 F\u00edsica<\/li>\n<li>Filosofia<\/li>\n<\/ul>\n<ul>\n<li>Dibuix Art\u00edstic I<\/li>\n<li>Cultura Audiovisual<\/li>\n<li>Dibuix T\u00e8cnic Aplicat a les Arts Pl\u00e0stiques i el Disseny I<\/li>\n<li>Projectes Art\u00edstics<\/li>\n<li>Volum<\/li>\n<li>Disseny 2D i 3D<\/li>\n<li>Llenguatges Art\u00edstics Contemporanis<\/li>\n<li>Publicitat<\/li>\n<\/ul>\n<p>Mat\u00e8ries de 2n curs<\/p>\n<p>Mat\u00e8ries comunes<br \/>\nMat\u00e8ries de modalitat&hellip;  <a href=\"https:\/\/agora.xtec.cat\/ies-baix-montseny\/estudis\/batxillerat\/batxillerat-artistic\/\" title=\"Read Batxillerat Art\u00edstic\">Llegeix m\u00e9s\u00bb<\/a><\/p>\n","protected":false},"author":6,"featured_media":0,"parent":21372,"menu_order":30,"comment_status":"closed","ping_status":"closed","template":"","meta":{"_bbp_topic_count":0,"_bbp_reply_count":0,"_bbp_total_topic_count":0,"_bbp_total_reply_count":0,"_bbp_voice_count":0,"_bbp_anonymous_reply_count":0,"_bbp_topic_count_hidden":0,"_bbp_reply_count_hidden":0,"_bbp_forum_subforum_count":0,"footnotes":""},"class_list":["post-20640","page","type-page","status-publish","hentry"],"post_mailing_queue_ids":[],"_links":{"self":[{"href":"https:\/\/agora.xtec.cat\/ies-baix-montseny\/wp-json\/wp\/v2\/pages\/20640","targetHints":{"allow":["GET"]}}],"collection":[{"href":"https:\/\/agora.xtec.cat\/ies-baix-montseny\/wp-json\/wp\/v2\/pages"}],"about":[{"href":"https:\/\/agora.xtec.cat\/ies-baix-montseny\/wp-json\/wp\/v2\/types\/page"}],"author":[{"embeddable":true,"href":"https:\/\/agora.xtec.cat\/ies-baix-montseny\/wp-json\/wp\/v2\/users\/6"}],"replies":[{"embeddable":true,"href":"https:\/\/agora.xtec.cat\/ies-baix-montseny\/wp-json\/wp\/v2\/comments?post=20640"}],"version-history":[{"count":8,"href":"https:\/\/agora.xtec.cat\/ies-baix-montseny\/wp-json\/wp\/v2\/pages\/20640\/revisions"}],"predecessor-version":[{"id":23054,"href":"https:\/\/agora.xtec.cat\/ies-baix-montseny\/wp-json\/wp\/v2\/pages\/20640\/revisions\/23054"}],"up":[{"embeddable":true,"href":"https:\/\/agora.xtec.cat\/ies-baix-montseny\/wp-json\/wp\/v2\/pages\/21372"}],"wp:attachment":[{"href":"https:\/\/agora.xtec.cat\/ies-baix-montseny\/wp-json\/wp\/v2\/media?parent=20640"}],"curies":[{"name":"wp","href":"https:\/\/api.w.org\/{rel}","templated":true}]}}