{"id":20308,"date":"2021-11-03T22:33:16","date_gmt":"2021-11-03T21:33:16","guid":{"rendered":"https:\/\/agora.xtec.cat\/ies-baix-montseny\/?page_id=20308"},"modified":"2025-07-07T11:54:51","modified_gmt":"2025-07-07T09:54:51","slug":"https-triaeducativa-gencat-cat-ca-fp-pfi","status":"publish","type":"page","link":"https:\/\/agora.xtec.cat\/ies-baix-montseny\/estudis\/https-triaeducativa-gencat-cat-ca-fp-pfi\/","title":{"rendered":"PFI-Programes de formaci\u00f3 i inserci\u00f3"},"content":{"rendered":"<h3><a href=\"https:\/\/triaeducativa.gencat.cat\/ca\/fp\/pfi\/\" target=\"_blank\" rel=\"noopener\"><img loading=\"lazy\" decoding=\"async\" class=\"alignright wp-image-23207\" src=\"https:\/\/agora.xtec.cat\/ies-baix-montseny\/wp-content\/uploads\/usu1288\/2024\/02\/Clica-PTT-PFI-1.png\" alt=\"\" width=\"261\" height=\"219\" srcset=\"https:\/\/agora.xtec.cat\/ies-baix-montseny\/wp-content\/uploads\/usu1288\/2024\/02\/Clica-PTT-PFI-1.png 940w, https:\/\/agora.xtec.cat\/ies-baix-montseny\/wp-content\/uploads\/usu1288\/2024\/02\/Clica-PTT-PFI-1-300x250.png 300w, https:\/\/agora.xtec.cat\/ies-baix-montseny\/wp-content\/uploads\/usu1288\/2024\/02\/Clica-PTT-PFI-1-768x644.png 768w\" sizes=\"auto, (max-width: 261px) 100vw, 261px\" \/><\/a><\/h3>\n<h3><strong>Programa de Transici\u00f3 al Treball \u2013 Programa de Formaci\u00f3 Inicial <\/strong><\/h3>\n<p><span style=\"font-weight: 400;\">El Pla de Transici\u00f3 al Treball, \u00e9s una tipologia de programes de formaci\u00f3 i inserci\u00f3, organitzat pel Departament d&#8217;Ensenyament de la Generalitat de Catalunya amb la col\u00b7laboraci\u00f3 de l&#8217;Ajuntament de Sant Celoni i el suport del Fons Social Europeu, per a joves de 16 a 21 anys que no hagin obtingut el Graduat en Educaci\u00f3 Secund\u00e0ria Obligat\u00f2ria, on trobar\u00e0s:<\/span><\/p>\n<ul style=\"list-style-type: square;\">\n<li><span style=\"font-weight: 400;\">M\u00f2duls de formaci\u00f3 professional per assolir les compet\u00e8ncies professionals en l&#8217;ofici escollit. Inclouen pr\u00e0ctiques en empresa.<\/span><\/li>\n<li><span style=\"font-weight: 400;\">M\u00f2duls de formaci\u00f3 general per adquirir les compet\u00e8ncies instrumentals que han de facilitar l&#8217;assoliment de les compet\u00e8ncies professionals.<\/span><\/li>\n<li><span style=\"font-weight: 400;\">Orientaci\u00f3, tutoria i assessorament personalitzat.<\/span><\/li>\n<\/ul>\n<p><strong>La durada<\/strong> \u00e9s d&#8217;un curs acad\u00e8mic (de setembre a juny)<\/p>\n<p><b>Et permetr\u00e0 l&#8217;acc\u00e9s a<\/b><b><br \/>\n<\/b><span style=\"font-weight: 400;\">Treballar amb qualificaci\u00f3 professional i\/o estudiar en un cicle formatiu de grau mitj\u00e0. <\/span><span style=\"font-weight: 400;\">I, si vols, m\u00e9s endavant, cursar en centres de formaci\u00f3 d&#8217;adults el graduat en educaci\u00f3 secund\u00e0ria.<\/span><\/p>\n<p><b>La superaci\u00f3 del PTT serveix per:<\/b><\/p>\n<ul>\n<li><span style=\"font-weight: 400;\">Obtenir una certificaci\u00f3 de la formaci\u00f3 rebuda i de les compet\u00e8ncies professionals adquirides.<\/span><\/li>\n<li><span style=\"font-weight: 400;\">El reconeixement d&#8217;acc\u00e9s a cicles formatius de grau mitj\u00e0 (CAM)<\/span><\/li>\n<\/ul>\n<p><b>Perfils professionals:<\/b><span style=\"font-weight: 400;\"><br \/>\n<\/span><\/p>\n<ul>\n<li><span style=\"font-weight: 400;\"><strong>NOU!:<\/strong> Auxiliar en centres sanitaris.<\/span><\/li>\n<li><span style=\"font-weight: 400;\">Auxiliar de muntatges d&#8217;instal\u00b7lacions el\u00e8ctrot\u00e8cniques en edificis.<\/span><\/li>\n<\/ul>\n<p><iframe loading=\"lazy\" src=\"https:\/\/drive.google.com\/file\/d\/1xJRk-X0GjUpAMY4rPM1d53wgaR1XvIyH\/preview\" width=\"100%\" height=\"480\"><\/iframe><\/p>\n","protected":false},"excerpt":{"rendered":"<p><a href=\"https:\/\/triaeducativa.gencat.cat\/ca\/fp\/pfi\/\" target=\"_blank\" rel=\"noopener\"><\/a><br \/>\nPrograma de Transici\u00f3 al Treball \u2013 Programa de Formaci\u00f3 Inicial<br \/>\nEl Pla de Transici\u00f3 al Treball, \u00e9s una tipologia de programes de formaci\u00f3 i inserci\u00f3, organitzat pel Departament d&#8217;Ensenyament de la Generalitat de Catalunya amb la col\u00b7laboraci\u00f3 de l&#8217;Ajuntament de Sant Celoni&hellip;  <a href=\"https:\/\/agora.xtec.cat\/ies-baix-montseny\/estudis\/https-triaeducativa-gencat-cat-ca-fp-pfi\/\" title=\"Read PFI-Programes de formaci\u00f3 i inserci\u00f3\">Llegeix m\u00e9s\u00bb<\/a><\/p>\n","protected":false},"author":6,"featured_media":0,"parent":195,"menu_order":50,"comment_status":"closed","ping_status":"closed","template":"","meta":{"_bbp_topic_count":0,"_bbp_reply_count":0,"_bbp_total_topic_count":0,"_bbp_total_reply_count":0,"_bbp_voice_count":0,"_bbp_anonymous_reply_count":0,"_bbp_topic_count_hidden":0,"_bbp_reply_count_hidden":0,"_bbp_forum_subforum_count":0,"footnotes":""},"class_list":["post-20308","page","type-page","status-publish","hentry"],"post_mailing_queue_ids":[],"_links":{"self":[{"href":"https:\/\/agora.xtec.cat\/ies-baix-montseny\/wp-json\/wp\/v2\/pages\/20308","targetHints":{"allow":["GET"]}}],"collection":[{"href":"https:\/\/agora.xtec.cat\/ies-baix-montseny\/wp-json\/wp\/v2\/pages"}],"about":[{"href":"https:\/\/agora.xtec.cat\/ies-baix-montseny\/wp-json\/wp\/v2\/types\/page"}],"author":[{"embeddable":true,"href":"https:\/\/agora.xtec.cat\/ies-baix-montseny\/wp-json\/wp\/v2\/users\/6"}],"replies":[{"embeddable":true,"href":"https:\/\/agora.xtec.cat\/ies-baix-montseny\/wp-json\/wp\/v2\/comments?post=20308"}],"version-history":[{"count":7,"href":"https:\/\/agora.xtec.cat\/ies-baix-montseny\/wp-json\/wp\/v2\/pages\/20308\/revisions"}],"predecessor-version":[{"id":21662,"href":"https:\/\/agora.xtec.cat\/ies-baix-montseny\/wp-json\/wp\/v2\/pages\/20308\/revisions\/21662"}],"up":[{"embeddable":true,"href":"https:\/\/agora.xtec.cat\/ies-baix-montseny\/wp-json\/wp\/v2\/pages\/195"}],"wp:attachment":[{"href":"https:\/\/agora.xtec.cat\/ies-baix-montseny\/wp-json\/wp\/v2\/media?parent=20308"}],"curies":[{"name":"wp","href":"https:\/\/api.w.org\/{rel}","templated":true}]}}