{"id":20102,"date":"2021-06-16T10:29:57","date_gmt":"2021-06-16T08:29:57","guid":{"rendered":"http:\/\/agora.xtec.cat\/ies-baix-montseny\/?page_id=20102"},"modified":"2023-01-18T19:17:14","modified_gmt":"2023-01-18T18:17:14","slug":"experiencies-erasmus","status":"publish","type":"page","link":"https:\/\/agora.xtec.cat\/ies-baix-montseny\/erasmus-2\/experiencies-erasmus\/","title":{"rendered":"Experi\u00e8ncies Erasmus+"},"content":{"rendered":"<h2 style=\"text-align: center;\"><span style=\"text-decoration: underline; color: #99cc00;\"><strong>CURS 2021-22 (Mobilitat Alumnat)<\/strong><\/span><\/h2>\n<p>En Jordi i la Souhayla, alumnes de 1r de Mecatr\u00f2nica Industrial i Qu\u00edmica Industrial, respectivament, han realitzat la seva estada de mobilitat de pr\u00e0ctiques <a href=\"http:\/\/www.erasmusplus.gob.es\/\">Erasmus+<\/a> a <a href=\"https:\/\/es.wikipedia.org\/wiki\/Maribor\">Maribor<\/a>, Eslov\u00e8nia.<\/p>\n<p><a href=\"https:\/\/agora.xtec.cat\/ies-baix-montseny\/wp-content\/uploads\/usu1288\/2022\/11\/Maribor.jpg\"><img loading=\"lazy\" decoding=\"async\" class=\"aligncenter wp-image-21224\" src=\"https:\/\/agora.xtec.cat\/ies-baix-montseny\/wp-content\/uploads\/usu1288\/2022\/11\/Maribor-1024x683.jpg\" alt=\"\" width=\"793\" height=\"529\" srcset=\"https:\/\/agora.xtec.cat\/ies-baix-montseny\/wp-content\/uploads\/usu1288\/2022\/11\/Maribor-1024x683.jpg 1024w, https:\/\/agora.xtec.cat\/ies-baix-montseny\/wp-content\/uploads\/usu1288\/2022\/11\/Maribor-300x200.jpg 300w, https:\/\/agora.xtec.cat\/ies-baix-montseny\/wp-content\/uploads\/usu1288\/2022\/11\/Maribor-768x512.jpg 768w, https:\/\/agora.xtec.cat\/ies-baix-montseny\/wp-content\/uploads\/usu1288\/2022\/11\/Maribor.jpg 1050w\" sizes=\"auto, (max-width: 793px) 100vw, 793px\" \/><\/a><\/p>\n<p>Ambd\u00f3s alumnes han residit del 10 de juny al 13 d&#8217;agost a la ciutat eslovena, en una resid\u00e8ncia universit\u00e0ria i han pogut fer pr\u00e0ctiques a <a href=\"https:\/\/www.elkosun.com\/\">Elkosun<\/a> i <a href=\"https:\/\/www.henkel.si\/\">Henkel.<\/a><\/p>\n<p><a href=\"https:\/\/agora.xtec.cat\/ies-baix-montseny\/wp-content\/uploads\/usu1288\/2022\/11\/ZNI.jpg\"><img loading=\"lazy\" decoding=\"async\" class=\"aligncenter wp-image-21225 \" src=\"https:\/\/agora.xtec.cat\/ies-baix-montseny\/wp-content\/uploads\/usu1288\/2022\/11\/ZNI-1024x768.jpg\" alt=\"Jordi i Souhayla amb companys i companyes d'altres pa\u00efsos \" width=\"793\" height=\"595\" srcset=\"https:\/\/agora.xtec.cat\/ies-baix-montseny\/wp-content\/uploads\/usu1288\/2022\/11\/ZNI-1024x768.jpg 1024w, https:\/\/agora.xtec.cat\/ies-baix-montseny\/wp-content\/uploads\/usu1288\/2022\/11\/ZNI-300x225.jpg 300w, https:\/\/agora.xtec.cat\/ies-baix-montseny\/wp-content\/uploads\/usu1288\/2022\/11\/ZNI-768x576.jpg 768w, https:\/\/agora.xtec.cat\/ies-baix-montseny\/wp-content\/uploads\/usu1288\/2022\/11\/ZNI-1536x1152.jpg 1536w, https:\/\/agora.xtec.cat\/ies-baix-montseny\/wp-content\/uploads\/usu1288\/2022\/11\/ZNI-200x150.jpg 200w, https:\/\/agora.xtec.cat\/ies-baix-montseny\/wp-content\/uploads\/usu1288\/2022\/11\/ZNI.jpg 1600w\" sizes=\"auto, (max-width: 793px) 100vw, 793px\" \/><\/a><\/p>\n<p>En Jordi i la Souhayla van dedicar uns dies a con\u00e8ixer el pa\u00eds i van fer amics i amigues d&#8217;altres pa\u00efsos gr\u00e0cies a la col\u00b7laboraci\u00f3 que l&#8217;Institut va establir amb <a href=\"https:\/\/es.linkedin.com\/company\/zni-institute-for-new-age-education?trk=public_profile_experience-item_profile-section-card_image-click\">ZNI<\/a>, una organitzaci\u00f3 eslovena especialitzada en mobilitat internacional d&#8217;estudiants i professorat.<\/p>\n<table style=\"border-collapse: collapse; width: 100%;\">\n<tbody>\n<tr>\n<td style=\"width: 50%; background-color: #2bad41;\"><a href=\"https:\/\/agora.xtec.cat\/ies-baix-montseny\/wp-content\/uploads\/usu1288\/2022\/11\/Goran.jpg\"><img loading=\"lazy\" decoding=\"async\" class=\"aligncenter wp-image-21226\" src=\"https:\/\/agora.xtec.cat\/ies-baix-montseny\/wp-content\/uploads\/usu1288\/2022\/11\/Goran-1024x768.jpg\" alt=\"\" width=\"375\" height=\"281\" srcset=\"https:\/\/agora.xtec.cat\/ies-baix-montseny\/wp-content\/uploads\/usu1288\/2022\/11\/Goran-1024x768.jpg 1024w, https:\/\/agora.xtec.cat\/ies-baix-montseny\/wp-content\/uploads\/usu1288\/2022\/11\/Goran-300x225.jpg 300w, https:\/\/agora.xtec.cat\/ies-baix-montseny\/wp-content\/uploads\/usu1288\/2022\/11\/Goran-768x576.jpg 768w, https:\/\/agora.xtec.cat\/ies-baix-montseny\/wp-content\/uploads\/usu1288\/2022\/11\/Goran-1536x1152.jpg 1536w, https:\/\/agora.xtec.cat\/ies-baix-montseny\/wp-content\/uploads\/usu1288\/2022\/11\/Goran-200x150.jpg 200w, https:\/\/agora.xtec.cat\/ies-baix-montseny\/wp-content\/uploads\/usu1288\/2022\/11\/Goran.jpg 2048w\" sizes=\"auto, (max-width: 375px) 100vw, 375px\" \/><\/a><\/td>\n<td style=\"width: 50%; background-color: #2bad41;\"><a href=\"https:\/\/agora.xtec.cat\/ies-baix-montseny\/wp-content\/uploads\/usu1288\/2022\/11\/Souhayla.jpg\"><img loading=\"lazy\" decoding=\"async\" class=\"aligncenter wp-image-21227\" src=\"https:\/\/agora.xtec.cat\/ies-baix-montseny\/wp-content\/uploads\/usu1288\/2022\/11\/Souhayla.jpg\" alt=\"\" width=\"296\" height=\"395\" srcset=\"https:\/\/agora.xtec.cat\/ies-baix-montseny\/wp-content\/uploads\/usu1288\/2022\/11\/Souhayla.jpg 615w, https:\/\/agora.xtec.cat\/ies-baix-montseny\/wp-content\/uploads\/usu1288\/2022\/11\/Souhayla-225x300.jpg 225w\" sizes=\"auto, (max-width: 296px) 100vw, 296px\" \/><\/a><\/td>\n<\/tr>\n<tr>\n<td style=\"width: 50%; background-color: #81db90; text-align: center;\">Jordi amb Goran, el seu tutor de pr\u00e0ctiques a l&#8217;empresa <strong>Elkosun<\/strong><\/td>\n<td style=\"width: 50%; background-color: #81db90; text-align: center;\">Souhayla amb Maja, la seva tutora de pr\u00e0ctiques a l&#8217;empresa <strong>Henkel<\/strong><\/td>\n<\/tr>\n<\/tbody>\n<\/table>\n<p>&nbsp;<\/p>\n<h2 style=\"text-align: center;\"><span style=\"text-decoration: underline; color: #99cc00;\"><strong>CURS 2021-22 (Mobilitat Professorat)<\/strong><\/span><\/h2>\n<p>En Joel Nevado (professor i tutor DUAL de Qu\u00edmica Industrial), en Jesus Lorca (professor de Mecatr\u00f2nica Industrial i Coordinador DUAL), la Roser Guix\u00e9 (Coordinadora de FP) i la Montse Garcia (Coordinadora de Mobilitat Internacinal de FP) van fer estades de 5 dies de formaci\u00f3 mitjan\u00e7ant beques Erasmus.<\/p>\n<table style=\"border-collapse: collapse; width: 100%;\">\n<tbody>\n<tr>\n<td style=\"width: 25%; background-color: #a1059e;\"><a href=\"https:\/\/agora.xtec.cat\/ies-baix-montseny\/wp-content\/uploads\/usu1288\/2023\/01\/Joel-1.jpg\"><img loading=\"lazy\" decoding=\"async\" class=\"aligncenter wp-image-21293\" src=\"https:\/\/agora.xtec.cat\/ies-baix-montseny\/wp-content\/uploads\/usu1288\/2023\/01\/Joel-1.jpg\" alt=\"\" width=\"324\" height=\"283\" srcset=\"https:\/\/agora.xtec.cat\/ies-baix-montseny\/wp-content\/uploads\/usu1288\/2023\/01\/Joel-1.jpg 751w, https:\/\/agora.xtec.cat\/ies-baix-montseny\/wp-content\/uploads\/usu1288\/2023\/01\/Joel-1-300x262.jpg 300w\" sizes=\"auto, (max-width: 324px) 100vw, 324px\" \/><\/a><\/td>\n<td style=\"width: 25%; background-color: #a1059e;\"><a href=\"https:\/\/agora.xtec.cat\/ies-baix-montseny\/wp-content\/uploads\/usu1288\/2023\/01\/IMG-0380.jpg\"><img loading=\"lazy\" decoding=\"async\" class=\"aligncenter size-large wp-image-21295\" src=\"https:\/\/agora.xtec.cat\/ies-baix-montseny\/wp-content\/uploads\/usu1288\/2023\/01\/IMG-0380-768x1024.jpg\" alt=\"\" width=\"768\" height=\"1024\" srcset=\"https:\/\/agora.xtec.cat\/ies-baix-montseny\/wp-content\/uploads\/usu1288\/2023\/01\/IMG-0380-768x1024.jpg 768w, https:\/\/agora.xtec.cat\/ies-baix-montseny\/wp-content\/uploads\/usu1288\/2023\/01\/IMG-0380-225x300.jpg 225w, https:\/\/agora.xtec.cat\/ies-baix-montseny\/wp-content\/uploads\/usu1288\/2023\/01\/IMG-0380-1152x1536.jpg 1152w, https:\/\/agora.xtec.cat\/ies-baix-montseny\/wp-content\/uploads\/usu1288\/2023\/01\/IMG-0380.jpg 1158w\" sizes=\"auto, (max-width: 768px) 100vw, 768px\" \/><\/a><\/td>\n<td style=\"width: 25%; background-color: #a1059e;\"><a href=\"https:\/\/agora.xtec.cat\/ies-baix-montseny\/wp-content\/uploads\/usu1288\/2023\/01\/Montxi.jpg\"><img loading=\"lazy\" decoding=\"async\" class=\"aligncenter size-large wp-image-21297\" src=\"https:\/\/agora.xtec.cat\/ies-baix-montseny\/wp-content\/uploads\/usu1288\/2023\/01\/Montxi-719x1024.jpg\" alt=\"\" width=\"719\" height=\"1024\" srcset=\"https:\/\/agora.xtec.cat\/ies-baix-montseny\/wp-content\/uploads\/usu1288\/2023\/01\/Montxi-719x1024.jpg 719w, https:\/\/agora.xtec.cat\/ies-baix-montseny\/wp-content\/uploads\/usu1288\/2023\/01\/Montxi-211x300.jpg 211w, https:\/\/agora.xtec.cat\/ies-baix-montseny\/wp-content\/uploads\/usu1288\/2023\/01\/Montxi-768x1093.jpg 768w, https:\/\/agora.xtec.cat\/ies-baix-montseny\/wp-content\/uploads\/usu1288\/2023\/01\/Montxi-1079x1536.jpg 1079w, https:\/\/agora.xtec.cat\/ies-baix-montseny\/wp-content\/uploads\/usu1288\/2023\/01\/Montxi.jpg 1120w\" sizes=\"auto, (max-width: 719px) 100vw, 719px\" \/><\/a><\/td>\n<td style=\"width: 25%; text-align: center; background-color: #a1059e;\"><\/td>\n<\/tr>\n<tr>\n<td style=\"width: 25%; text-align: center; background-color: #ad4ad4;\"><strong>En Joel va cursar Enhancing Teachers Digitall Skills a Atenes (Gr\u00e8cia)\u00a0<\/strong><\/td>\n<td style=\"width: 25%; text-align: center; background-color: #ad4ad4;\"><strong>En Jesus va cursar Standard General English with CLIL elements a Malta (Malta)<\/strong><\/td>\n<td style=\"width: 25%; text-align: center; background-color: #ad4ad4;\"><strong>La Montse va cursar Standard General English with CLIL elements a Malta (Malta)<\/strong><\/td>\n<td style=\"width: 25%; text-align: center; background-color: #ad4ad4;\"><strong>La Roser va cursar General English for teachers a Bray (Ireland)<\/strong><\/td>\n<\/tr>\n<\/tbody>\n<\/table>\n<p>&nbsp;<\/p>\n<h2 style=\"text-align: center;\"><span style=\"text-decoration: underline; color: #800080;\"><strong>CURS 2020-21 (Mobilitat Alumnat)<\/strong><\/span><\/h2>\n<p>Ja tenim en Pol i la Jenifer a <a href=\"https:\/\/es.wikipedia.org\/wiki\/Malta\">Malta<\/a>, aquests alumnes del CFGS de Qu\u00edmica Industrial van comen\u00e7ar el 10 de juny les pr\u00e0ctiques d&#8217;empresa a <a href=\"https:\/\/www.cardinalhealth.com\/en.html\" target=\"_blank\" rel=\"noopener noreferrer\">CardinalHealth<\/a>, empresa dedicada a la fabricaci\u00f3 de productes sanitaris.<\/p>\n<p><a style=\"font-weight: bold; font-family: inherit; font-size: 1em;\" href=\"https:\/\/agora.xtec.cat\/ies-baix-montseny\/wp-content\/uploads\/usu1288\/2021\/06\/IMG-20210610-WA0011.jpg\"><img loading=\"lazy\" decoding=\"async\" class=\"wp-image-20097 aligncenter\" src=\"https:\/\/agora.xtec.cat\/ies-baix-montseny\/wp-content\/uploads\/usu1288\/2021\/06\/IMG-20210610-WA0011-1024x768.jpg\" alt=\"\" width=\"597\" height=\"448\" align=\"center\" srcset=\"https:\/\/agora.xtec.cat\/ies-baix-montseny\/wp-content\/uploads\/usu1288\/2021\/06\/IMG-20210610-WA0011.jpg 1024w, https:\/\/agora.xtec.cat\/ies-baix-montseny\/wp-content\/uploads\/usu1288\/2021\/06\/IMG-20210610-WA0011-300x225.jpg 300w, https:\/\/agora.xtec.cat\/ies-baix-montseny\/wp-content\/uploads\/usu1288\/2021\/06\/IMG-20210610-WA0011-768x576.jpg 768w, https:\/\/agora.xtec.cat\/ies-baix-montseny\/wp-content\/uploads\/usu1288\/2021\/06\/IMG-20210610-WA0011-200x150.jpg 200w\" sizes=\"auto, (max-width: 597px) 100vw, 597px\" \/><\/a><\/p>\n<p style=\"text-align: center;\">Pol i Jenifer acompanyats d&#8217;Alan (tutor d&#8217;empresa a CardinalHealth)<\/p>\n<p>&nbsp;<\/p>\n<p>Aquesta estada s&#8217;ha fet possible gr\u00e0cies a les beques <a href=\"http:\/\/www.erasmusplus.gob.es\/\">Erasmus+<\/a> concedides per la Comissi\u00f3 Europea i tenen una durada de 2 mesos.\u00a0 Els alumnes quan tornin podran finalitzar la seva formaci\u00f3 en modalitat DUAL en empreses de la Ind\u00fastria Qu\u00edmica del Baix Montseny.<\/p>\n<p>En el v\u00eddeo podeu visualitzar les impressions del primer dia.<\/p>\n<p style=\"text-align: center;\"><iframe loading=\"lazy\" src=\"\/\/www.youtube.com\/embed\/ETde3YlFLHo\" width=\"560\" height=\"315\" frameborder=\"0\"><\/iframe><\/p>\n<p>&nbsp;<\/p>\n","protected":false},"excerpt":{"rendered":"<p>CURS 2021-22 (Mobilitat Alumnat)<br \/>\nEn Jordi i la Souhayla, alumnes de 1r de Mecatr\u00f2nica Industrial i Qu\u00edmica Industrial, respectivament, han realitzat la seva estada de mobilitat de pr\u00e0ctiques <a href=\"http:\/\/www.erasmusplus.gob.es\/\">Erasmus+<\/a> a <a href=\"https:\/\/es.wikipedia.org\/wiki\/Maribor\">Maribor<\/a>, Eslov\u00e8nia.<br \/>\n<a href=\"https:\/\/agora.xtec.cat\/ies-baix-montseny\/wp-content\/uploads\/usu1288\/2022\/11\/Maribor.jpg\"><\/a><br \/>\nAmbd\u00f3s alumnes han residit del 10 de juny al 13 d&#8217;agost a&hellip;  <a href=\"https:\/\/agora.xtec.cat\/ies-baix-montseny\/erasmus-2\/experiencies-erasmus\/\" title=\"Read Experi\u00e8ncies Erasmus+\">Llegeix m\u00e9s\u00bb<\/a><\/p>\n","protected":false},"author":10,"featured_media":0,"parent":2094,"menu_order":9,"comment_status":"closed","ping_status":"closed","template":"page-templates\/side-menu.php","meta":{"_bbp_topic_count":0,"_bbp_reply_count":0,"_bbp_total_topic_count":0,"_bbp_total_reply_count":0,"_bbp_voice_count":0,"_bbp_anonymous_reply_count":0,"_bbp_topic_count_hidden":0,"_bbp_reply_count_hidden":0,"_bbp_forum_subforum_count":0,"footnotes":""},"class_list":["post-20102","page","type-page","status-publish","hentry"],"post_mailing_queue_ids":[],"_links":{"self":[{"href":"https:\/\/agora.xtec.cat\/ies-baix-montseny\/wp-json\/wp\/v2\/pages\/20102","targetHints":{"allow":["GET"]}}],"collection":[{"href":"https:\/\/agora.xtec.cat\/ies-baix-montseny\/wp-json\/wp\/v2\/pages"}],"about":[{"href":"https:\/\/agora.xtec.cat\/ies-baix-montseny\/wp-json\/wp\/v2\/types\/page"}],"author":[{"embeddable":true,"href":"https:\/\/agora.xtec.cat\/ies-baix-montseny\/wp-json\/wp\/v2\/users\/10"}],"replies":[{"embeddable":true,"href":"https:\/\/agora.xtec.cat\/ies-baix-montseny\/wp-json\/wp\/v2\/comments?post=20102"}],"version-history":[{"count":3,"href":"https:\/\/agora.xtec.cat\/ies-baix-montseny\/wp-json\/wp\/v2\/pages\/20102\/revisions"}],"predecessor-version":[{"id":21299,"href":"https:\/\/agora.xtec.cat\/ies-baix-montseny\/wp-json\/wp\/v2\/pages\/20102\/revisions\/21299"}],"up":[{"embeddable":true,"href":"https:\/\/agora.xtec.cat\/ies-baix-montseny\/wp-json\/wp\/v2\/pages\/2094"}],"wp:attachment":[{"href":"https:\/\/agora.xtec.cat\/ies-baix-montseny\/wp-json\/wp\/v2\/media?parent=20102"}],"curies":[{"name":"wp","href":"https:\/\/api.w.org\/{rel}","templated":true}]}}