{"id":19618,"date":"2020-12-02T18:14:02","date_gmt":"2020-12-02T17:14:02","guid":{"rendered":"http:\/\/agora.xtec.cat\/ies-baix-montseny\/?page_id=19618"},"modified":"2021-10-15T11:05:16","modified_gmt":"2021-10-15T09:05:16","slug":"documentacio","status":"publish","type":"page","link":"https:\/\/agora.xtec.cat\/ies-baix-montseny\/erasmus-2\/documentacio\/","title":{"rendered":"Documentaci\u00f3"},"content":{"rendered":"<p>Quina documentaci\u00f3 \u00e9s necess\u00e0ria abans, durant i despr\u00e9s de la mobilitat?<\/p>\n<p>&nbsp;<\/p>\n<table style=\"background-color: #f5bfe0;\">\n<tbody>\n<tr>\n<td style=\"width: 237px; text-align: center;\"><strong>Abans de marxar<\/strong><\/td>\n<td style=\"width: 268px; text-align: center;\"><strong>Durant l&#8217;estada<\/strong><\/td>\n<td style=\"width: 310px; text-align: center;\"><strong>A la tornada<\/strong><\/td>\n<\/tr>\n<tr>\n<td style=\"width: 237px; text-align: left;\">\n<ul>\n<li><a href=\"https:\/\/europass.cedefop.europa.eu\/es\/home\" target=\"_blank\" rel=\"nofollow noopener noreferrer\">Curr\u00edculum Europass (en la lleng\u00fca del pa\u00eds de l&#8217;estada o angl\u00e8s)<\/a><\/li>\n<li>Carta de motivaci\u00f3<\/li>\n<li><a href=\"https:\/\/agora.xtec.cat\/ies-baix-montseny\/wp-content\/uploads\/usu1288\/2020\/12\/Carta-de-comprom\u00eds.pdf\">Carta de comprom\u00eds<\/a><\/li>\n<li>En cas d&#8217;haver sigut beneficiari de la beca MEC per estudis en el curs anterior, cal que adjuntis la Credencial rebuda pel Departament d&#8217;Educaci\u00f3 de la Generalitat com a beneficiari.<\/li>\n<li><a href=\"https:\/\/w6.seg-social.es\/solTse\/Inicio\" target=\"_blank\" rel=\"nofollow noopener noreferrer\">Tageta sanit\u00e0ria europea (TSE)<\/a><\/li>\n<li>Asseguran\u00e7a en viatge<\/li>\n<\/ul>\n<\/td>\n<td style=\"width: 268px;\">\n<div>\n<ul>\n<li>Actualitzaci\u00f3 peri\u00f2dica del full c\u00e0lcul de despeses<\/li>\n<li>Seguiment i cust\u00f2dia de documents Qbid d&#8217;inici i informes mensuals. (per estades de pr\u00e0ctiques)<\/li>\n<\/ul>\n<\/div>\n<div>\n<div><a href=\"https:\/\/www.empresaiformacio.org\/sBidAlumne\/\" target=\"_blank\" rel=\"nofollow noopener noreferrer\"><img decoding=\"async\" class=\"aligncenter\" src=\"https:\/\/sites.google.com\/a\/xtec.cat\/institut-montserrat-roig\/_\/rsrc\/1606821762232\/config\/bid_alumnecentre.png\" alt=\"https:\/\/www.empresaiformacio.org\/sBidAlumne\/\" border=\"0\" \/><\/a><\/div>\n<ul>\n<li><span style=\"font-size: small;\">Guardar i custodiar fins la tornada i lliurament a la coordinaci\u00f3 de mobilitat la justificaci\u00f3 de despeses.\u00a0Els \u00fanics documents justificatius acceptats de les despeses s\u00f3n factures, tiquets, rebuts&#8230; amb els seus corresponents justificants bancaris\u00a0degudament segellats, si s&#8217;escau. En cas de viatge en avi\u00f3, cal presentar a m\u00e9s els\u00a0justificants de compra (mails, etc.),\u00a0les targetes d&#8217;embarcament i\/o els resguards dels equipatges.<\/span><\/li>\n<li><span style=\"font-size: small;\">Fer servir el hashtag\u00a0 #ErasmusIBM per a publicacions a xarxes socials.<\/span><\/li>\n<\/ul>\n<\/div>\n<\/td>\n<td style=\"width: 310px;\">\n<ul>\n<li><a href=\"https:\/\/agora.xtec.cat\/ies-baix-montseny\/wp-content\/uploads\/usu1288\/2020\/12\/Diario_Alumno.doc\">Mem\u00f2ria<\/a> de l&#8217;estada amb material multim\u00e8dia per la publicaci\u00f3 a les &#8220;Experiences&#8221; de la web del centre.<\/li>\n<li>Lliurament del certificat d&#8217;empresa signat i segellat de l&#8217;estada.<\/li>\n<li>Lliurament de l&#8217;acord de formaci\u00f3 &#8220;Learning agreement&#8221; signat i segellat per la instituci\u00f3 d&#8217;acollida. (Document Erasmus)<\/li>\n<li>Tramesa del test de nivell final de la\u00a0<a href=\"http:\/\/erasmusplusols.eu\/\" target=\"_blank\" rel=\"nofollow noopener noreferrer\">plataforma OLS Erasmus+<\/a>.<\/li>\n<li>Tramesa de l&#8217;enquesta EU Survey.<\/li>\n<li>Lliurament de tota la documentaci\u00f3 generada qbid (FCT) i Erasmus+, signada i segellada per l&#8217;empresa \/ centre educatiu.<\/li>\n<li>Lliurament del full de c\u00e0lcul de despeses.<\/li>\n<li>Lliurament d&#8217;originals i arxiu pdf scanejat de tickets i factures degudament numerades, de despeses d&#8217;allotjament, manutenci\u00f3 i altres despeses a repercutir. (Podeu fer servir l&#8217;app <a href=\"https:\/\/www.camscanner.com\/user\/download\" target=\"_blank\" rel=\"nofollow noopener noreferrer\">CamScanner<\/a>)<\/li>\n<li>Lliurament de targetes d&#8217;embarcament, facturaci\u00f3 i factura del viatge internacional d&#8217;anada i tornada al lloc de l&#8217;estada.<\/li>\n<li>L<span style=\"font-size: small;\">liurament de material multim\u00e8dia per la difusi\u00f3 de l&#8217;estada.\u00a0<\/span><\/li>\n<li><span style=\"font-size: small;\">Alumnat de COIN:\u00a0<\/span><span style=\"font-size: small;\">Participa amb el teu v\u00eddeo al\u00a0<a href=\"https:\/\/www.netinvet.eu\/en\/about\/mobility-prize\" target=\"_blank\" rel=\"nofollow noopener noreferrer\">NETINVET Mobility Prize<\/a><\/span><\/li>\n<\/ul>\n<\/td>\n<\/tr>\n<tr>\n<td style=\"width: 237px;\">Un cop adjudicada la mobilitat:<\/p>\n<ul>\n<li>Signatura i aprovaci\u00f3 dels documents Erasmus:\n<ul>\n<li><a href=\"https:\/\/agora.xtec.cat\/ies-baix-montseny\/wp-content\/uploads\/usu1288\/2021\/06\/7.-Convenio-subvencion-estudiantes-educacion-superior-KA103-2020-ES.doc\" target=\"_blank\" rel=\"noopener noreferrer\">Conveni Subvenci\u00f3 Estudiants d&#8217;Educaci\u00f3 Superior KA103<\/a><\/li>\n<li>Acord de formaci\u00f3 <a href=\"https:\/\/agora.xtec.cat\/ies-baix-montseny\/wp-content\/uploads\/usu1288\/2021\/06\/3.-HE-Learning-agreement_traineeships_form_final_2020_EN.docx\" target=\"_blank\" rel=\"noopener noreferrer\">Learning Agreement Traineeships<\/a><\/li>\n<li>Condicions generals Erasmus.<\/li>\n<li><a href=\"https:\/\/agora.xtec.cat\/ies-baix-montseny\/wp-content\/uploads\/usu1288\/2021\/06\/9.-Carta_Estudiante_Erasmus_ES.pdf\" target=\"_blank\" rel=\"noopener noreferrer\">Carta de l&#8217;Estudiant Erasmus+<\/a><\/li>\n<\/ul>\n<\/li>\n<li>Tramesa del test de nivell inicial de la\u00a0<a href=\"http:\/\/erasmusplusols.eu\/\" target=\"_blank\" rel=\"nofollow noopener noreferrer\">plataforma OLS Erasmus+<\/a>.<\/li>\n<li>Signatura i aprovaci\u00f3 de documentaci\u00f3 Qbid (per estades de pr\u00e0ctiques):\n<ul>\n<li>Acord de pr\u00e0ctiques<\/li>\n<li>Pla d&#8217;activitats<\/li>\n<\/ul>\n<\/li>\n<\/ul>\n<\/td>\n<td style=\"width: 268px;\"><\/td>\n<td style=\"width: 310px;\"><\/td>\n<\/tr>\n<\/tbody>\n<\/table>\n","protected":false},"excerpt":{"rendered":"<p>Quina documentaci\u00f3 \u00e9s necess\u00e0ria abans, durant i despr\u00e9s de la mobilitat?<br \/>\n&nbsp;<\/p>\n<p>Abans de marxar<br \/>\nDurant l&#8217;estada<br \/>\nA la tornada<\/p>\n<ul>\n<li><a href=\"https:\/\/europass.cedefop.europa.eu\/es\/home\" target=\"_blank\" rel=\"nofollow noopener noreferrer\">Curr\u00edculum Europass (en la lleng\u00fca del pa\u00eds de l&#8217;estada o angl\u00e8s)<\/a><\/li>\n<li>Carta de motivaci\u00f3<\/li>\n<li><a href=\"https:\/\/agora.xtec.cat\/ies-baix-montseny\/wp-content\/uploads\/usu1288\/2020\/12\/Carta-de-comprom\u00eds.pdf\">Carta de comprom\u00eds<\/a><\/li>\n<li>En cas d&#8217;haver sigut beneficiari de la beca MEC per&hellip;  <a href=\"https:\/\/agora.xtec.cat\/ies-baix-montseny\/erasmus-2\/documentacio\/\" title=\"Read Documentaci\u00f3\">Llegeix m\u00e9s\u00bb<\/a><br \/>\n","protected":false},"author":10,"featured_media":0,"parent":2094,"menu_order":2,"comment_status":"closed","ping_status":"closed","template":"page-templates\/side-menu.php","meta":{"_bbp_topic_count":0,"_bbp_reply_count":0,"_bbp_total_topic_count":0,"_bbp_total_reply_count":0,"_bbp_voice_count":0,"_bbp_anonymous_reply_count":0,"_bbp_topic_count_hidden":0,"_bbp_reply_count_hidden":0,"_bbp_forum_subforum_count":0,"footnotes":""},"class_list":["post-19618","page","type-page","status-publish","hentry"],"post_mailing_queue_ids":[],"_links":{"self":[{"href":"https:\/\/agora.xtec.cat\/ies-baix-montseny\/wp-json\/wp\/v2\/pages\/19618","targetHints":{"allow":["GET"]}}],"collection":[{"href":"https:\/\/agora.xtec.cat\/ies-baix-montseny\/wp-json\/wp\/v2\/pages"}],"about":[{"href":"https:\/\/agora.xtec.cat\/ies-baix-montseny\/wp-json\/wp\/v2\/types\/page"}],"author":[{"embeddable":true,"href":"https:\/\/agora.xtec.cat\/ies-baix-montseny\/wp-json\/wp\/v2\/users\/10"}],"replies":[{"embeddable":true,"href":"https:\/\/agora.xtec.cat\/ies-baix-montseny\/wp-json\/wp\/v2\/comments?post=19618"}],"version-history":[{"count":4,"href":"https:\/\/agora.xtec.cat\/ies-baix-montseny\/wp-json\/wp\/v2\/pages\/19618\/revisions"}],"predecessor-version":[{"id":20089,"href":"https:\/\/agora.xtec.cat\/ies-baix-montseny\/wp-json\/wp\/v2\/pages\/19618\/revisions\/20089"}],"up":[{"embeddable":true,"href":"https:\/\/agora.xtec.cat\/ies-baix-montseny\/wp-json\/wp\/v2\/pages\/2094"}],"wp:attachment":[{"href":"https:\/\/agora.xtec.cat\/ies-baix-montseny\/wp-json\/wp\/v2\/media?parent=19618"}],"curies":[{"name":"wp","href":"https:\/\/api.w.org\/{rel}","templated":true}]}}