{"id":19607,"date":"2020-12-02T18:05:10","date_gmt":"2020-12-02T17:05:10","guid":{"rendered":"http:\/\/agora.xtec.cat\/ies-baix-montseny\/?page_id=19607"},"modified":"2020-12-04T09:50:06","modified_gmt":"2020-12-04T08:50:06","slug":"recursos-linguistics","status":"publish","type":"page","link":"https:\/\/agora.xtec.cat\/ies-baix-montseny\/erasmus-2\/recursos-linguistics\/","title":{"rendered":"Recursos Ling\u00fc\u00edstics"},"content":{"rendered":"<p>L&#8217;alumnat que rebi una ajuda Erasmus+ per poder realitzar les pr\u00e0ctiques a l&#8217;estranger, gaudir\u00e0 d&#8217;una llic\u00e8ncia d&#8217;avaluaci\u00f3 ling\u00fc\u00edstica en l\u00ednia OLS (<a href=\"https:\/\/ec.europa.eu\/programmes\/erasmus-plus\/resources\/online-linguistic-support_en\">Suport ling\u00fc\u00edstic en l\u00ednia<\/a>)<\/p>\n<p>Els estudiants tindran l&#8217;obligaci\u00f3 de realitzar una avaluaci\u00f3 en l\u00ednia abans de comen\u00e7ar el seu per\u00edode de mobilitat.\u00a0 La realitzaci\u00f3 de l&#8217;avaluaci\u00f3 en l\u00ednia abans de l&#8217;anada \u00e9s un requisit previ per la mobilitat.<\/p>\n<p>El suport ling\u00fc\u00edstic en l\u00ednia serveix per ajudar els participants a Erasmus + a millorar els seus coneixements de la llengua en la qual vagin a treballar, estudiar o realitzar el seu voluntariat a l&#8217;estranger amb la finalitat que puguin treure tot el partit a aquesta experi\u00e8ncia. Amb aquest servei en l\u00ednia s&#8217;accedeix f\u00e0cilment i de manera flexible a un suport ling\u00fc\u00edstic, tamb\u00e9 contribueix a l&#8217;objectiu espec\u00edfic del Programa Erasmus +<\/p>\n<p>&nbsp;<\/p>\n<p><strong>1.- \u00bfQui es pot acollir?<\/strong><\/p>\n<p>Poden obtenir suport ling\u00fc\u00edstic en l\u00ednia:<\/p>\n<p>Els estudiants d&#8217;educaci\u00f3 superior que gaudeixin d&#8217;una mobilitat entre pa\u00efsos participants en el programa per a estudis (3-12 mesos) o per\u00edodes de pr\u00e0ctiques (2-12 mesos)<\/p>\n<p>El suport ling\u00fc\u00edstic en l\u00ednia est\u00e0 disponible en alemany, angl\u00e8s, espanyol, franc\u00e8s, itali\u00e0 i neerland\u00e8s, que s\u00f3n els idiomes principals de prop del 90% de totes les activitats d&#8217;Erasmus +. Per 2020 s&#8217;espera haver ampliat progressivament el sistema de suport ling\u00fc\u00edstic en l\u00ednia a totes les lleng\u00fces oficials de la UE.<\/p>\n<p><strong>2.- Com funciona?<\/strong><\/p>\n<p>L&#8217;avaluaci\u00f3 ling\u00fc\u00edstica pr\u00e8via \u00e9s obligat\u00f2ria (excepte per als parlants nadius o en casos degudament justificats) per als estudiants d&#8217;educaci\u00f3 superior: aix\u00ed poden comprovar si tenen el nivell recomanat per l&#8217;organitzaci\u00f3 d&#8217;acollida. Els resultats de l&#8217;avaluaci\u00f3 no els impediran participar en l&#8217;activitat de mobilitat.En funci\u00f3 d&#8217;aquests resultats, podran seguir un curs d&#8217;idiomes en l\u00ednia, abans de i durant la seva estada a l&#8217;estranger, per millorar les seves compet\u00e8ncies ling\u00fc\u00edstiques. L&#8217;acc\u00e9s als cursos inclou tutories, la participaci\u00f3 en f\u00f2rums, consells d&#8217;altres participants en Erasmus + i molt m\u00e9s. A la tornada, els participants realitzaran l&#8217;avaluaci\u00f3 final, que els permetr\u00e0 mesurar els progressos assolits durant la seva estada a l&#8217;estranger.<\/p>\n<p><strong>3.- Com participar?\u00a0<\/strong><\/p>\n<p>Si ja has estat seleccionat per a una activitat de mobilitat d&#8217;Erasmus + i compleixes els criteris anteriors, el teu instituci\u00f3 o organitzaci\u00f3 t&#8217;enviar\u00e0 un nom d&#8217;usuari i una contrasenya per accedir a la plataforma dels serveis de suport ling\u00fc\u00edstic en l\u00ednia\u00a04.- Enlla\u00e7os\u00a0Per a m\u00e9s informaci\u00f3, posa&#8217;t en contacte amb la instituci\u00f3 d&#8217;origen, l&#8217;organitzaci\u00f3 de coordinaci\u00f3 o <a href=\"http:\/\/www.erasmusplus.gob.es\/sepieintro.html\">l&#8217;ag\u00e8ncia nacional (SEPIE)<\/a> o visita el web <a href=\"https:\/\/erasmusplusols.eu\/es\/\">OLS<\/a>\u00a0Informaci\u00f3 obtinguda <a href=\"http:\/\/ec.europa.eu\/programmes\/erasmus-plus\/tools\/online-linguistic-support_es.htm\">d&#8217;Erasmus +<\/a><\/p>\n<p>https:\/\/www.youtube.com\/watch?v=8okpisQwH3A&#038;feature=emb_logo<\/p>\n","protected":false},"excerpt":{"rendered":"<p>L&#8217;alumnat que rebi una ajuda Erasmus+ per poder realitzar les pr\u00e0ctiques a l&#8217;estranger, gaudir\u00e0 d&#8217;una llic\u00e8ncia d&#8217;avaluaci\u00f3 ling\u00fc\u00edstica en l\u00ednia OLS (<a href=\"https:\/\/ec.europa.eu\/programmes\/erasmus-plus\/resources\/online-linguistic-support_en\">Suport ling\u00fc\u00edstic en l\u00ednia<\/a>)<br \/>\nEls estudiants tindran l&#8217;obligaci\u00f3 de realitzar una avaluaci\u00f3 en l\u00ednia abans de comen\u00e7ar el seu per\u00edode de mobilitat.\u00a0 La realitzaci\u00f3&hellip;  <a href=\"https:\/\/agora.xtec.cat\/ies-baix-montseny\/erasmus-2\/recursos-linguistics\/\" title=\"Read Recursos Ling\u00fc\u00edstics\">Llegeix m\u00e9s\u00bb<\/a><\/p>\n","protected":false},"author":10,"featured_media":0,"parent":2094,"menu_order":4,"comment_status":"closed","ping_status":"closed","template":"page-templates\/side-menu.php","meta":{"_bbp_topic_count":0,"_bbp_reply_count":0,"_bbp_total_topic_count":0,"_bbp_total_reply_count":0,"_bbp_voice_count":0,"_bbp_anonymous_reply_count":0,"_bbp_topic_count_hidden":0,"_bbp_reply_count_hidden":0,"_bbp_forum_subforum_count":0,"footnotes":""},"class_list":["post-19607","page","type-page","status-publish","hentry"],"post_mailing_queue_ids":[],"_links":{"self":[{"href":"https:\/\/agora.xtec.cat\/ies-baix-montseny\/wp-json\/wp\/v2\/pages\/19607","targetHints":{"allow":["GET"]}}],"collection":[{"href":"https:\/\/agora.xtec.cat\/ies-baix-montseny\/wp-json\/wp\/v2\/pages"}],"about":[{"href":"https:\/\/agora.xtec.cat\/ies-baix-montseny\/wp-json\/wp\/v2\/types\/page"}],"author":[{"embeddable":true,"href":"https:\/\/agora.xtec.cat\/ies-baix-montseny\/wp-json\/wp\/v2\/users\/10"}],"replies":[{"embeddable":true,"href":"https:\/\/agora.xtec.cat\/ies-baix-montseny\/wp-json\/wp\/v2\/comments?post=19607"}],"version-history":[{"count":1,"href":"https:\/\/agora.xtec.cat\/ies-baix-montseny\/wp-json\/wp\/v2\/pages\/19607\/revisions"}],"predecessor-version":[{"id":19608,"href":"https:\/\/agora.xtec.cat\/ies-baix-montseny\/wp-json\/wp\/v2\/pages\/19607\/revisions\/19608"}],"up":[{"embeddable":true,"href":"https:\/\/agora.xtec.cat\/ies-baix-montseny\/wp-json\/wp\/v2\/pages\/2094"}],"wp:attachment":[{"href":"https:\/\/agora.xtec.cat\/ies-baix-montseny\/wp-json\/wp\/v2\/media?parent=19607"}],"curies":[{"name":"wp","href":"https:\/\/api.w.org\/{rel}","templated":true}]}}