{"id":19,"date":"2014-09-17T14:56:56","date_gmt":"2014-09-17T14:56:56","guid":{"rendered":"http:\/\/agora.xtec.cat\/ies-baix-montseny\/?page_id=19"},"modified":"2015-12-21T01:03:43","modified_gmt":"2015-12-21T00:03:43","slug":"linstitut","status":"publish","type":"page","link":"https:\/\/agora.xtec.cat\/ies-baix-montseny\/linstitut\/","title":{"rendered":"L&#8217;institut"},"content":{"rendered":"<p style=\"text-align: justify;\"><em>A vegades, all\u00f2 que sembla un perjudici acaba convertint-se en un tret distintiu,\u00a0acaba convertint-se en la singularitat que et distingeix de la resta i que,\u00a0justament per aquest motiu, et fa \u00fanic.<\/em><\/p>\n<p style=\"text-align: justify;\">Aix\u00f2 \u00e9s el que passa amb els nostres trets distintius. El fet de tenir m\u00e9s\u00a0alumnes amb necessitats educatives especials ens ha obligat a desenvolupar\u00a0projectes de diversificaci\u00f3 curricular espec\u00edfics que ara ja s\u00f3n una tradici\u00f3\u00a0i que, en bona mesura, s\u00f3n els que garanteixen un major \u00e8xit del nostre\u00a0alumnat.\u00a0El projecte AMETISTA, el projecte ACCI\u00d3 i l\u2019 AULA VIDA s\u00f3n recursos que\u00a0ens distingeixen de la resta.<\/p>\n<p style=\"text-align: justify;\">Pel que fa a la postobligat\u00f2ria i per la tradici\u00f3 de provenir d\u2019un centre de\u00a0batxillerat amb fama guanyada a partir de tota la promoci\u00f3 d\u2019alumnes ben\u00a0preparats que n\u2019han sortit any rere any, el fet de tenir tres l\u00ednies de batxillerat\u00a0i el desplegament que fem del curr\u00edculum i l\u2019organitzaci\u00f3 del treball de\u00a0recerca ens distingeix d\u2019altres centres de la comarca.\u00a0Un altre tret distintiu \u00e9s l\u2019oferta de dos cicles de grau mitj\u00e0, amb una molt\u00a0bona inserci\u00f3 laboral dels alumnes que l\u2019assoleixen.\u00a0Donar m\u00e9s empenta a l\u2019educaci\u00f3 secund\u00e0ria obligat\u00f2ria, al batxillerat i\u00a0ampliar l\u2019oferta educativa amb cicles de grau superior \u00e9s un dels reptes\u00a0d\u2019aquest equip directiu.<\/p>\n<p style=\"color: #444444; text-align: justify;\">Despr\u00e9s d\u2019aquesta an\u00e0lisi exhaustiva del context volem compartir la nostra\u00a0visi\u00f3 de futur i explicar, d\u2019una manera metaf\u00f2rica, quina \u00e9s la nostra manera\u00a0particular d\u2019implicar i fer participar les diferents persones de la comunitat\u00a0educativa en l\u2019aplicaci\u00f3 d\u2019aquest projecte.<\/p>\n","protected":false},"excerpt":{"rendered":"<p>A vegades, all\u00f2 que sembla un perjudici acaba convertint-se en un tret distintiu,\u00a0acaba convertint-se en la singularitat que et distingeix de la resta i que,\u00a0justament per aquest motiu, et fa \u00fanic.<br \/>\nAix\u00f2 \u00e9s el que passa amb els nostres trets distintius. El fet de tenir m\u00e9s\u00a0alumnes&hellip;  <a href=\"https:\/\/agora.xtec.cat\/ies-baix-montseny\/linstitut\/\" title=\"Read L&#8217;institut\">Llegeix m\u00e9s\u00bb<\/a><\/p>\n","protected":false},"author":1,"featured_media":0,"parent":0,"menu_order":0,"comment_status":"closed","ping_status":"closed","template":"page-templates\/side-menu.php","meta":{"_bbp_topic_count":0,"_bbp_reply_count":0,"_bbp_total_topic_count":0,"_bbp_total_reply_count":0,"_bbp_voice_count":0,"_bbp_anonymous_reply_count":0,"_bbp_topic_count_hidden":0,"_bbp_reply_count_hidden":0,"_bbp_forum_subforum_count":0,"footnotes":""},"class_list":["post-19","page","type-page","status-publish","hentry"],"post_mailing_queue_ids":[],"_links":{"self":[{"href":"https:\/\/agora.xtec.cat\/ies-baix-montseny\/wp-json\/wp\/v2\/pages\/19","targetHints":{"allow":["GET"]}}],"collection":[{"href":"https:\/\/agora.xtec.cat\/ies-baix-montseny\/wp-json\/wp\/v2\/pages"}],"about":[{"href":"https:\/\/agora.xtec.cat\/ies-baix-montseny\/wp-json\/wp\/v2\/types\/page"}],"author":[{"embeddable":true,"href":"https:\/\/agora.xtec.cat\/ies-baix-montseny\/wp-json\/wp\/v2\/users\/1"}],"replies":[{"embeddable":true,"href":"https:\/\/agora.xtec.cat\/ies-baix-montseny\/wp-json\/wp\/v2\/comments?post=19"}],"version-history":[{"count":3,"href":"https:\/\/agora.xtec.cat\/ies-baix-montseny\/wp-json\/wp\/v2\/pages\/19\/revisions"}],"predecessor-version":[{"id":304,"href":"https:\/\/agora.xtec.cat\/ies-baix-montseny\/wp-json\/wp\/v2\/pages\/19\/revisions\/304"}],"wp:attachment":[{"href":"https:\/\/agora.xtec.cat\/ies-baix-montseny\/wp-json\/wp\/v2\/media?parent=19"}],"curies":[{"name":"wp","href":"https:\/\/api.w.org\/{rel}","templated":true}]}}