{"id":1880,"date":"2018-10-30T23:39:27","date_gmt":"2018-10-30T22:39:27","guid":{"rendered":"http:\/\/agora.xtec.cat\/ies-baix-montseny\/?page_id=1880"},"modified":"2024-01-23T14:26:33","modified_gmt":"2024-01-23T13:26:33","slug":"cicles-formatius-grau-superior","status":"publish","type":"page","link":"https:\/\/agora.xtec.cat\/ies-baix-montseny\/estudis\/cicles-formatius\/cicles-formatius-grau-superior\/","title":{"rendered":"Cicles Formatius de Grau Superior"},"content":{"rendered":"<div class=\"pd-15x\">\n<h3 style=\"text-align: left;\"><span style=\"color: #993366;\"><strong>Oferta CFGS Baix Montseny<\/strong><\/span><\/h3>\n<p>&nbsp;<\/p>\n<\/div>\n<table class=\" aligncenter\" style=\"height: 99px; width: 95.5315%; border-collapse: collapse; border-style: solid;\">\n<tbody>\n<tr style=\"height: 32px;\">\n<td style=\"width: 4.08708%; height: 32px; vertical-align: middle; border-style: solid; border-color: #000000; text-align: center; background-color: #6fa3d6;\"><strong><span style=\"color: #993366;\">CODI<\/span><\/strong><\/td>\n<td style=\"width: 33.1075%; height: 32px; vertical-align: middle; border-style: solid; border-color: #000000; text-align: center; background-color: #6fa3d6;\"><strong><span style=\"color: #993366;\">Nom CFGS<\/span><\/strong><\/td>\n<td style=\"width: 19.1603%; height: 32px; vertical-align: middle; border-style: solid; border-color: #000000; text-align: center; background-color: #6fa3d6;\"><strong><span style=\"color: #993366;\">Horari<\/span><\/strong><\/td>\n<td style=\"width: 13.6799%; vertical-align: middle; border-style: solid; border-color: #000000; text-align: center; background-color: #6fa3d6; height: 32px;\"><strong><span style=\"color: #993366;\">Modalitat DUAL<\/span><\/strong><\/td>\n<\/tr>\n<tr style=\"height: 32px;\">\n<td style=\"width: 4.08708%; height: 32px; border-style: solid; background-color: #6fa3d6; border-color: #000000; text-align: center;\"><strong>IMC0<\/strong><\/td>\n<td style=\"width: 33.1075%; height: 32px; border-style: solid; border-color: #000000; text-align: center;\"><a href=\"https:\/\/triaeducativa.gencat.cat\/ca\/estudis\/?mecatronica-industrial&amp;p_id=1873\" target=\"_blank\" rel=\"noopener\">T\u00e8cnic\/a Superior en Mecatr\u00f2nica Industrial<\/a><\/td>\n<td style=\"width: 19.1603%; height: 32px; border-style: solid; border-color: #000000; text-align: center;\">1r i 2n curs de 8:30 a 14:50<\/td>\n<td style=\"width: 13.6799%; border-style: solid; border-color: #000000; text-align: center; height: 64px;\" rowspan=\"2\"><a href=\"https:\/\/agora.xtec.cat\/fpdual\/alumnat\/preguntes-mes-frequents\/\" target=\"_blank\" rel=\"noopener\">+ informaci\u00f3<\/a><\/td>\n<\/tr>\n<tr style=\"height: 32px;\">\n<td style=\"width: 4.08708%; height: 32px; border-style: solid; background-color: #6fa3d6; border-color: #000000; text-align: center;\"><strong>QUA0<\/strong><\/td>\n<td style=\"width: 33.1075%; height: 32px; border-style: solid; border-color: #000000; text-align: center;\"><a href=\"https:\/\/triaeducativa.gencat.cat\/ca\/estudis\/?quimica-industrial&amp;p_id=180\" target=\"_blank\" rel=\"noopener\">T\u00e8cnic\/a Superior en Qu\u00edmica Industrial<\/a><\/td>\n<td style=\"width: 19.1603%; height: 32px; border-style: solid; border-color: #000000; text-align: center;\">1r i 2n curs de 8:30 a 14:50<\/td>\n<\/tr>\n<\/tbody>\n<\/table>\n<p>&nbsp;<\/p>\n<p><iframe loading=\"lazy\" style=\"display: block; margin: auto;\" title=\"YouTube video player\" src=\"\/\/www.youtube.com\/embed\/2VPVjQq6l_o\" width=\"560\" height=\"315\" frameborder=\"0\" allowfullscreen=\"allowfullscreen\"><\/iframe><\/p>\n<h3><span style=\"font-family: inherit; font-size: 1em; color: #993366;\">Descripci\u00f3<\/span><\/h3>\n<p>Els cicles formatius de grau superior (CFGS) s\u00f3n estudis professionalitzadors que formen part de l&#8217;educaci\u00f3 superior i que preparen l\u2019alumnat per a l&#8217;activitat qualificada en un camp professional.<\/p>\n<p>Aquests ensenyaments tenen una durada de 2.000 hores (en dos cursos acad\u00e8mics) i s&#8217;agrupen en fam\u00edlies professionals.<\/p>\n<p>La titulaci\u00f3 que s&#8217;obt\u00e9 en finalitzar un cicle formatiu de grau superior \u00e9s la de t\u00e8cnic o t\u00e8cnica superior del perfil professional corresponent, que permet incorporar-se al m\u00f3n laboral i accedir a estudis universitaris.<\/p>\n<div class=\"pd-15x\"><\/div>\n<h3><span style=\"font-family: inherit; font-size: 1em; color: #993366;\">Com puc accedir als Cicles Formatius de Grau Superior?<\/span><\/h3>\n<p>Tenen <strong style=\"font-family: inherit; font-size: 1em;\">acc\u00e9s directe<\/strong><span style=\"font-family: inherit; font-size: 1em; font-weight: normal;\">\u00a0als cicles de\u00a0<\/span><strong style=\"font-family: inherit; font-size: 1em;\">grau superior<\/strong><span style=\"font-family: inherit; font-size: 1em; font-weight: normal;\">\u00a0les persones que compleixen\u00a0<\/span><strong style=\"font-family: inherit; font-size: 1em;\">algun dels requisits<\/strong><span style=\"font-family: inherit; font-size: 1em; font-weight: normal;\"> seg\u00fcents:<\/span><\/p>\n<ul style=\"list-style-type: disc;\">\n<li>Tenir el t\u00edtol de batxillerat,<\/li>\n<li>Tenir el t\u00edtol de t\u00e8cnic de formaci\u00f3 professional o d\u2019arts pl\u00e0stiques i disseny, t\u00e8cnic superior de formaci\u00f3 professional o d&#8217;arts pl\u00e0stiques i disseny o t\u00e8cnic especialista,<\/li>\n<li>Haver superat el segon curs de batxillerat de qualsevol modalitat de batxillerat experimental,<\/li>\n<li>Haver superat el curs d&#8217;orientaci\u00f3 universit\u00e0ria (COU) o el preuniversitari,<\/li>\n<li>Tenir el t\u00edtol de batxillerat per haver cursat el batxillerat unificat polivalent (BUP),<\/li>\n<li>Tenir qualsevol titulaci\u00f3 universit\u00e0ria o una d&#8217;equivalent, o<\/li>\n<li>Haver superat la prova d&#8217;acc\u00e9s a la universitat per a m\u00e9s grans de 25 anys o de 45 anys, o haver accedit a la universitat per haver acreditat experi\u00e8ncia laboral o professional tenint complerts 40 anys d&#8217;edat.<\/li>\n<\/ul>\n<p>Les persones que no compleixen cap dels requisits esmentats han de superar una <a style=\"font-family: inherit; font-size: 1em;\" href=\"https:\/\/educacio.gencat.cat\/ca\/serveis-tramits\/proves\/proves-acces\/gs-fp\/\" target=\"_blank\" rel=\"noopener\">prova d&#8217;acc\u00e9s<\/a><span style=\"font-family: inherit; font-size: 1em;\">. Per presentar-s&#8217;hi cal tenir complerts 19 anys o b\u00e9 complir-los durant l&#8217;any natural en qu\u00e8 es realitza la prova.<\/span><\/p>\n<div class=\"pd-15x\">\n<h3><span style=\"font-family: inherit; font-size: 1em; color: #993366;\">Quins tr\u00e0mits s&#8217;han de fer?<\/span><\/h3>\n<p>Per cursar el cicle cal formalitzar la sol\u00b7licitud i presentar-la al centre per a l&#8217;ensenyament demanat en primer lloc.<\/p>\n<p>Quan el nombre de sol\u00b7licituds \u00e9s superior a l&#8217;oferta, les peticions s&#8217;ordenen, dins de cada via d&#8217;acc\u00e9s i d&#8217;acord amb les prioritats que pertoqui, segons la qualificaci\u00f3 mitjana dels estudis o la qualificaci\u00f3 de la prova que permet l&#8217;acc\u00e9s al cicle.<\/p>\n<p>Els imports de la matr\u00edcula dels centres dependents del Departament d&#8217;Educaci\u00f3 s\u00f3n:<\/p>\n<p>\u2022 per curs: 360 euros<br \/>\n\u2022 per unitat formativa: 25 euros<br \/>\n\u2022 per m\u00f2dul de formaci\u00f3 en centres de treball (FCT): 25 euros<\/p>\n<p>Consulteu els sup\u00f2sits d&#8217;exempcions i bonificacions generals i espec\u00edfiques a l&#8217;apartat de <a href=\"https:\/\/educacio.gencat.cat\/ca\/departament\/normativa\/taxes-preus-publics\/preu-public\/\" target=\"_blank\" rel=\"noopener\">preus p\u00fablics<\/a> del web del Departament d&#8217;Educaci\u00f3.<\/p>\n<p>Per a la resta de centres, consulteu l&#8217;import en el centre corresponent.<\/p>\n<p>Trobareu m\u00e9s informaci\u00f3 al web<a href=\"https:\/\/preinscripcio.gencat.cat\/ca\/estudis\/fp-grau-superior\/inici\/\" target=\"_blank\" rel=\"noopener\"> preinscripcio.gencat.cat.<\/a><\/p>\n<h3><span style=\"font-family: inherit; font-size: 1em; color: #993366;\">Quines s\u00f3n les sortides acad\u00e8miques i professionals?<\/span><\/h3>\n<div class=\"pd-15x\">\n<p>Les persones que superen un cicle formatiu de\u00a0<strong>grau superior<\/strong>\u00a0obtenen el t\u00edtol de t\u00e8cnic superior, que els permet accedir:<\/p>\n<ul>\n<li>A qualsevol estudi universitari oficial de grau o<\/li>\n<li>Al m\u00f3n laboral.<\/li>\n<\/ul>\n<p>Amb aquests estudis s&#8217;obt\u00e9 el t\u00edtol de t\u00e8cnic superior o t\u00e8cnica superior, que permet accedir a qualsevol estudi universitari oficial de grau. Les persones que s&#8217;han graduat en un cicle formatiu de grau superior poden obtenir la convalidaci\u00f3 de cr\u00e8dits universitaris ECTS.<\/p>\n<p>Per a m\u00e9s informaci\u00f3, consulteu el\u00a0<a href=\"http:\/\/universitats.gencat.cat\/ca\/que_puc_fer\/estudiant_cicles\/\" target=\"_blank\" rel=\"noopener\">Canal Universitats<\/a><\/p>\n<table class=\" alignright\" style=\"height: 70px; width: 26.9759%; border-collapse: collapse;\">\n<tbody>\n<tr>\n<td style=\"width: 100%; background-color: #993366; text-align: right;\">\n<h3 style=\"text-align: center;\"><a href=\"https:\/\/www.gencat.cat\/ensenyament\/eac\/pdf\/ETAPA_CFGS_CA.pdf\" target=\"_blank\" rel=\"noopener\"><span style=\"color: #ffffff;\"><strong>Fitxa de l&#8217;etapa educativa<\/strong><\/span><\/a><\/h3>\n<\/td>\n<\/tr>\n<\/tbody>\n<\/table>\n<h3 style=\"text-align: right;\"><\/h3>\n<\/div>\n<\/div>\n<p style=\"text-align: center;\">\n","protected":false},"excerpt":{"rendered":"<p>Oferta CFGS Baix Montseny<br \/>\n&nbsp;<\/p>\n<p>CODI<br \/>\nNom CFGS<br \/>\nHorari<br \/>\nModalitat DUAL<\/p>\n<p>IMC0<br \/>\n<a href=\"https:\/\/triaeducativa.gencat.cat\/ca\/estudis\/?mecatronica-industrial&amp;p_id=1873\" target=\"_blank\" rel=\"noopener\">T\u00e8cnic\/a Superior en Mecatr\u00f2nica Industrial<\/a><br \/>\n1r i 2n curs de 8:30 a 14:50<br \/>\n<a href=\"https:\/\/agora.xtec.cat\/fpdual\/alumnat\/preguntes-mes-frequents\/\" target=\"_blank\" rel=\"noopener\">+ informaci\u00f3<\/a><\/p>\n<p>QUA0<br \/>\n<a href=\"https:\/\/triaeducativa.gencat.cat\/ca\/estudis\/?quimica-industrial&amp;p_id=180\" target=\"_blank\" rel=\"noopener\">T\u00e8cnic\/a Superior en Qu\u00edmica Industrial<\/a><br \/>\n1r i 2n curs de 8:30 a 14:50<\/p>\n<p>&nbsp;<\/p>\n<p>Descripci\u00f3<br \/>\nEls cicles formatius de grau superior (CFGS) s\u00f3n&hellip;  <a href=\"https:\/\/agora.xtec.cat\/ies-baix-montseny\/estudis\/cicles-formatius\/cicles-formatius-grau-superior\/\" title=\"Read Cicles Formatius de Grau Superior\">Llegeix m\u00e9s\u00bb<\/a><\/p>\n","protected":false},"author":10,"featured_media":0,"parent":22879,"menu_order":40,"comment_status":"closed","ping_status":"closed","template":"page-templates\/side-menu.php","meta":{"_bbp_topic_count":0,"_bbp_reply_count":0,"_bbp_total_topic_count":0,"_bbp_total_reply_count":0,"_bbp_voice_count":0,"_bbp_anonymous_reply_count":0,"_bbp_topic_count_hidden":0,"_bbp_reply_count_hidden":0,"_bbp_forum_subforum_count":0,"footnotes":""},"class_list":["post-1880","page","type-page","status-publish","hentry"],"post_mailing_queue_ids":[],"_links":{"self":[{"href":"https:\/\/agora.xtec.cat\/ies-baix-montseny\/wp-json\/wp\/v2\/pages\/1880","targetHints":{"allow":["GET"]}}],"collection":[{"href":"https:\/\/agora.xtec.cat\/ies-baix-montseny\/wp-json\/wp\/v2\/pages"}],"about":[{"href":"https:\/\/agora.xtec.cat\/ies-baix-montseny\/wp-json\/wp\/v2\/types\/page"}],"author":[{"embeddable":true,"href":"https:\/\/agora.xtec.cat\/ies-baix-montseny\/wp-json\/wp\/v2\/users\/10"}],"replies":[{"embeddable":true,"href":"https:\/\/agora.xtec.cat\/ies-baix-montseny\/wp-json\/wp\/v2\/comments?post=1880"}],"version-history":[{"count":6,"href":"https:\/\/agora.xtec.cat\/ies-baix-montseny\/wp-json\/wp\/v2\/pages\/1880\/revisions"}],"predecessor-version":[{"id":22906,"href":"https:\/\/agora.xtec.cat\/ies-baix-montseny\/wp-json\/wp\/v2\/pages\/1880\/revisions\/22906"}],"up":[{"embeddable":true,"href":"https:\/\/agora.xtec.cat\/ies-baix-montseny\/wp-json\/wp\/v2\/pages\/22879"}],"wp:attachment":[{"href":"https:\/\/agora.xtec.cat\/ies-baix-montseny\/wp-json\/wp\/v2\/media?parent=1880"}],"curies":[{"name":"wp","href":"https:\/\/api.w.org\/{rel}","templated":true}]}}