{"id":1870,"date":"2018-10-30T23:27:56","date_gmt":"2018-10-30T22:27:56","guid":{"rendered":"http:\/\/agora.xtec.cat\/ies-baix-montseny\/?page_id=1870"},"modified":"2025-03-28T13:41:52","modified_gmt":"2025-03-28T12:41:52","slug":"cicles-formatius-grau-mitja","status":"publish","type":"page","link":"https:\/\/agora.xtec.cat\/ies-baix-montseny\/estudis\/cicles-formatius\/cicles-formatius-grau-mitja\/","title":{"rendered":"Cicles Formatius de Grau Mitj\u00e0"},"content":{"rendered":"<div class=\"pd-15x\">\n<h3 style=\"text-align: left;\"><span style=\"color: #993366;\"><strong>Oferta CFGM Baix Montseny<\/strong><\/span><\/h3>\n<\/div>\n<div class=\"pd-15x\">\n<table style=\"border-collapse: collapse; width: 82.2581%; height: 160px;\">\n<tbody>\n<tr style=\"height: 32px;\">\n<td style=\"background-color: #739ede; text-align: center; border-color: #000000;\"><strong><span style=\"color: #993366;\">CODI<\/span><\/strong><\/td>\n<td style=\"width: 54.5498%; height: 32px; text-align: center; background-color: #739ede; border-color: #000000;\"><strong><span style=\"color: #993366;\">Nom CFGM<\/span><\/strong><\/td>\n<td style=\"width: 23.4234%; height: 32px; text-align: center; background-color: #739ede; border-color: #000000;\"><strong><span style=\"color: #993366;\">Horari<\/span><\/strong><\/td>\n<\/tr>\n<tr style=\"height: 32px;\">\n<td style=\"width: 12.1168%; height: 32px; text-align: center; background-color: #739ede; border-color: #000000;\"><strong>AG10<\/strong><\/td>\n<td style=\"width: 54.5498%; height: 32px; text-align: center; border-color: #000000;\"><a href=\"https:\/\/triaeducativa.gencat.cat\/ca\/estudis\/?gestio-administrativa&amp;p_id=49\" target=\"_blank\" rel=\"noopener\">T\u00e8cnic\/a en Gesti\u00f3 Administrativa<\/a><\/td>\n<td style=\"width: 23.4234%; height: 32px; text-align: center; border-color: #000000;\">1r mati, 2n tarda<\/td>\n<\/tr>\n<tr style=\"height: 32px;\">\n<td style=\"width: 12.1168%; height: 32px; text-align: center; background-color: #739ede; border-color: #000000;\"><strong>IM10<\/strong><\/td>\n<td style=\"width: 54.5498%; height: 32px; text-align: center; border-color: #000000;\"><a href=\"https:\/\/triaeducativa.gencat.cat\/ca\/estudis\/?manteniment-electromecanic&amp;p_id=1490\" target=\"_blank\" rel=\"noopener\">T\u00e8cnic\/a en Manteniment Electromec\u00e0nic<\/a><\/td>\n<td style=\"width: 23.4234%; height: 32px; text-align: center; border-color: #000000;\">mati<\/td>\n<\/tr>\n<tr style=\"height: 32px;\">\n<td style=\"width: 12.1168%; height: 32px; text-align: center; background-color: #739ede; border-color: #000000;\"><strong>QU20<\/strong><\/td>\n<td style=\"width: 54.5498%; height: 32px; text-align: center; border-color: #000000;\"><a href=\"https:\/\/triaeducativa.gencat.cat\/ca\/estudis\/?operacions-laboratori&amp;p_id=2053\" target=\"_blank\" rel=\"noopener\">T\u00e8cnic\/a en Operacions de Laboratori<\/a><\/td>\n<td style=\"width: 23.4234%; height: 32px; text-align: center; border-color: #000000;\">1r mati, 2n tarda<\/td>\n<\/tr>\n<tr style=\"height: 32px;\">\n<td style=\"width: 12.1168%; height: 32px; text-align: center; background-color: #739ede; border-color: #000000;\"><strong>1601<\/strong><\/td>\n<td style=\"width: 54.5498%; height: 32px; text-align: center; border-color: #000000;\"><a href=\"https:\/\/triaeducativa.gencat.cat\/ca\/estudis\/?cures-auxiliars-infermeria&amp;p_id=109\" target=\"_blank\" rel=\"noopener\">T\u00e8cnic\/a en Cures auxiliars d&#8217;infermeria<\/a><\/td>\n<td style=\"width: 23.4234%; height: 32px; text-align: center; border-color: #000000;\">tarda<\/td>\n<\/tr>\n<\/tbody>\n<\/table>\n<\/div>\n<h3><\/h3>\n<p>&nbsp;<\/p>\n<p><iframe loading=\"lazy\" style=\"display: block; margin: auto;\" title=\"YouTube video player\" src=\"\/\/www.youtube.com\/embed\/2VPVjQq6l_o\" width=\"560\" height=\"315\" frameborder=\"0\" allowfullscreen=\"allowfullscreen\"><\/iframe><\/p>\n<p>&nbsp;<\/p>\n<h3><span style=\"color: #993366;\"><strong><span style=\"font-family: inherit; font-size: 1em;\">Descripci\u00f3<\/span><\/strong><\/span><\/h3>\n<p>Els cicles formatius de grau mitj\u00e0 (CFGM) s\u00f3n ensenyaments professionalitzadors que proporcionen la formaci\u00f3 necess\u00e0ria per adquirir la compet\u00e8ncia professional i el coneixement propis de cada sector.<\/p>\n<p>S&#8217;agrupen en fam\u00edlies professionals i tenen una durada de 2.000 hores (en dos cursos acad\u00e8mics).<\/p>\n<p>La titulaci\u00f3 que s&#8217;obt\u00e9 en finalitzar un cicle formatiu de grau mitj\u00e0 \u00e9s la de t\u00e8cnic o t\u00e8cnica del perfil professional corresponent, que permet l&#8217;acc\u00e9s al m\u00f3n laboral, a altres cicles de grau mitj\u00e0 o als cicles de grau superior.<\/p>\n<h3><span style=\"color: #993366;\"><strong><span style=\"font-family: inherit; font-size: 1em;\">Com puc accedir als Cicles Formatius de Grau Mitj\u00e0?<\/span><\/strong><\/span><\/h3>\n<p>Tenen <strong style=\"font-family: inherit; font-size: 1em;\">acc\u00e9s directe<\/strong><span style=\"font-family: inherit; font-size: 1em; font-weight: normal;\">\u00a0als cicles de\u00a0<\/span><strong style=\"font-family: inherit; font-size: 1em;\">grau mitj\u00e0<\/strong><span style=\"font-family: inherit; font-size: 1em; font-weight: normal;\">\u00a0les persones que compleixen\u00a0<\/span><strong style=\"font-family: inherit; font-size: 1em;\">algun dels requisits<\/strong><span style=\"font-family: inherit; font-size: 1em; font-weight: normal;\">\u00a0seg\u00fcents:<\/span><\/p>\n<div class=\"pd-15x\">\n<ul>\n<li>Tenir el t\u00edtol de graduat en educaci\u00f3 secund\u00e0ria obligat\u00f2ria,<\/li>\n<li>Tenir el t\u00edtol de t\u00e8cnic o de t\u00e8cnic auxiliar,<\/li>\n<li>Haver superat el curs espec\u00edfic per a l&#8217;acc\u00e9s als cicles formatius de grau mitj\u00e0 (CAM),<\/li>\n<li>Haver superat el segon curs del batxillerat unificat i polivalent (BUP),<\/li>\n<li>Tenir altres estudis equivalents a efectes acad\u00e8mics,<\/li>\n<li>Haver superat els m\u00f2duls obligatoris d&#8217;un programa de qualificaci\u00f3 professional inicial (PQPI),<\/li>\n<li>Haver superat la prova d&#8217;acc\u00e9s a la universitat per a majors de 25 anys, o de 45 anys, o haver accedit a la universitat per haver acreditat experi\u00e8ncia laboral o professional tenint complerts 40 anys d&#8217;edat,<\/li>\n<li>Tenir un t\u00edtol per accedir a un cicle formatiu de grau superior.<\/li>\n<\/ul>\n<p>Les persones que no compleixen cap dels requisits esmentats han de superar una\u00a0<strong><a title=\"V\u00e9s a Prova d'acc\u00e9s\" href=\"https:\/\/educacio.gencat.cat\/ca\/serveis-tramits\/proves\/proves-acces\/gm-fp\/\" target=\"_blank\" rel=\"noopener\">prova d&#8217;acc\u00e9s<\/a><\/strong>. Per presentar-s&#8217;hi han de tenir, com a m\u00ednim, 17 anys l&#8217;any en qu\u00e8 es fa la prova.<\/p>\n<h3><span style=\"color: #993366;\"><strong><span style=\"font-family: inherit; font-size: 1em;\">Quins tr\u00e0mits s&#8217;han de fer?<\/span><\/strong><\/span><\/h3>\n<p>Per cursar un cicle de grau mitj\u00e0 cal formalitzar la preinscripci\u00f3 i presentar-la al centre i per a l&#8217;ensenyament demanat en primer lloc.<\/p>\n<p>Per a l&#8217;assignaci\u00f3 de les places s&#8217;ordenen les sol\u00b7licituds segons la qualificaci\u00f3 mitjana de l&#8217;ESO o dels estudis equivalents; les sol\u00b7licituds que tenen la mateixa puntuaci\u00f3 s&#8217;ordenen a partir d&#8217;un n\u00famero de desempat que s&#8217;obt\u00e9 per sorteig.\u00a0 Hi ha un 20% de places reservades per als alumnes que accedeixen a un cicle mitjan\u00e7ant la prova d&#8217;acc\u00e9s o el curs espec\u00edfic d&#8217;acc\u00e9s; les sol\u00b7licituds d&#8217;aquests alumnes s&#8217;ordenen segons la qualificaci\u00f3 obtinguda a la prova o al curs.<\/p>\n<p>Aquests estudis s\u00f3n gratu\u00efts en els centres dependents del Departament d&#8217;Educaci\u00f3. Per a la resta de centres, consulteu l&#8217;import en el centre corresponent.<\/p>\n<p>Trobareu m\u00e9s informaci\u00f3 al web <a href=\"https:\/\/preinscripcio.gencat.cat\/ca\/estudis\/fp-grau-mitja\/inici\/\" target=\"_blank\" rel=\"noopener\">preinscripcio.gencat.cat.<\/a><\/p>\n<h3><span style=\"color: #993366;\"><strong><span style=\"font-family: inherit; font-size: 1em;\">Quines s\u00f3n les sortides acad\u00e8miques i professionals?<\/span><\/strong><\/span><\/h3>\n<div class=\"pd-15x\">\n<p>Les persones que superen el cicle formatiu de\u00a0<strong>grau mitj\u00e0<\/strong>\u00a0obtenen un t\u00edtol de t\u00e8cnic, que els permet accedir:<\/p>\n<ul>\n<li>Al batxillerat,<\/li>\n<li>A un cicle de grau superior de formaci\u00f3 professional,<\/li>\n<li>Al m\u00f3n laboral.<\/li>\n<\/ul>\n<table class=\" alignright\" style=\"height: 70px; width: 26.9759%; border-collapse: collapse;\">\n<tbody>\n<tr>\n<td style=\"width: 100%; background-color: #993366; text-align: right;\">\n<h3 style=\"text-align: center;\"><a href=\"https:\/\/www.gencat.cat\/ensenyament\/eac\/pdf\/ETAPA_CFGM_CA.pdf\" target=\"_blank\" rel=\"noopener\"><span style=\"color: #ffffff;\"><strong>Fitxa de l&#8217;etapa educativa<\/strong><\/span><\/a><\/h3>\n<\/td>\n<\/tr>\n<\/tbody>\n<\/table>\n<h3 style=\"text-align: right;\"><\/h3>\n<\/div>\n<\/div>\n","protected":false},"excerpt":{"rendered":"<p>Oferta CFGM Baix Montseny<\/p>\n<p>CODI<br \/>\nNom CFGM<br \/>\nHorari<\/p>\n<p>AG10<br \/>\n<a href=\"https:\/\/triaeducativa.gencat.cat\/ca\/estudis\/?gestio-administrativa&amp;p_id=49\" target=\"_blank\" rel=\"noopener\">T\u00e8cnic\/a en Gesti\u00f3 Administrativa<\/a><br \/>\n1r mati, 2n tarda<\/p>\n<p>IM10<br \/>\n<a href=\"https:\/\/triaeducativa.gencat.cat\/ca\/estudis\/?manteniment-electromecanic&amp;p_id=1490\" target=\"_blank\" rel=\"noopener\">T\u00e8cnic\/a en Manteniment Electromec\u00e0nic<\/a><br \/>\nmati<\/p>\n<p>QU20<br \/>\n<a href=\"https:\/\/triaeducativa.gencat.cat\/ca\/estudis\/?operacions-laboratori&amp;p_id=2053\" target=\"_blank\" rel=\"noopener\">T\u00e8cnic\/a en Operacions de Laboratori<\/a><br \/>\n1r mati, 2n tarda<\/p>\n<p>1601<br \/>\n<a href=\"https:\/\/triaeducativa.gencat.cat\/ca\/estudis\/?cures-auxiliars-infermeria&amp;p_id=109\" target=\"_blank\" rel=\"noopener\">T\u00e8cnic\/a en Cures auxiliars d&#8217;infermeria<\/a><br \/>\ntarda<\/p>\n<p>&nbsp;<\/p>\n<p>&nbsp;<br \/>\nDescripci\u00f3<br \/>\nEls cicles formatius de grau mitj\u00e0 (CFGM) s\u00f3n ensenyaments&hellip;  <a href=\"https:\/\/agora.xtec.cat\/ies-baix-montseny\/estudis\/cicles-formatius\/cicles-formatius-grau-mitja\/\" title=\"Read Cicles Formatius de Grau Mitj\u00e0\">Llegeix m\u00e9s\u00bb<\/a><\/p>\n","protected":false},"author":10,"featured_media":0,"parent":22879,"menu_order":30,"comment_status":"closed","ping_status":"closed","template":"page-templates\/side-menu.php","meta":{"_bbp_topic_count":0,"_bbp_reply_count":0,"_bbp_total_topic_count":0,"_bbp_total_reply_count":0,"_bbp_voice_count":0,"_bbp_anonymous_reply_count":0,"_bbp_topic_count_hidden":0,"_bbp_reply_count_hidden":0,"_bbp_forum_subforum_count":0,"footnotes":""},"class_list":["post-1870","page","type-page","status-publish","hentry"],"post_mailing_queue_ids":[],"_links":{"self":[{"href":"https:\/\/agora.xtec.cat\/ies-baix-montseny\/wp-json\/wp\/v2\/pages\/1870","targetHints":{"allow":["GET"]}}],"collection":[{"href":"https:\/\/agora.xtec.cat\/ies-baix-montseny\/wp-json\/wp\/v2\/pages"}],"about":[{"href":"https:\/\/agora.xtec.cat\/ies-baix-montseny\/wp-json\/wp\/v2\/types\/page"}],"author":[{"embeddable":true,"href":"https:\/\/agora.xtec.cat\/ies-baix-montseny\/wp-json\/wp\/v2\/users\/10"}],"replies":[{"embeddable":true,"href":"https:\/\/agora.xtec.cat\/ies-baix-montseny\/wp-json\/wp\/v2\/comments?post=1870"}],"version-history":[{"count":7,"href":"https:\/\/agora.xtec.cat\/ies-baix-montseny\/wp-json\/wp\/v2\/pages\/1870\/revisions"}],"predecessor-version":[{"id":23601,"href":"https:\/\/agora.xtec.cat\/ies-baix-montseny\/wp-json\/wp\/v2\/pages\/1870\/revisions\/23601"}],"up":[{"embeddable":true,"href":"https:\/\/agora.xtec.cat\/ies-baix-montseny\/wp-json\/wp\/v2\/pages\/22879"}],"wp:attachment":[{"href":"https:\/\/agora.xtec.cat\/ies-baix-montseny\/wp-json\/wp\/v2\/media?parent=1870"}],"curies":[{"name":"wp","href":"https:\/\/api.w.org\/{rel}","templated":true}]}}