{"id":696,"date":"2016-07-20T11:34:26","date_gmt":"2016-07-20T10:34:26","guid":{"rendered":"http:\/\/agora.xtec.cat\/ies-arraona\/?page_id=696"},"modified":"2023-03-28T09:27:53","modified_gmt":"2023-03-28T07:27:53","slug":"certificats","status":"publish","type":"page","link":"https:\/\/agora.xtec.cat\/ies-arraona\/informacions-secretaria\/certificats\/","title":{"rendered":"Certificats"},"content":{"rendered":"<ul>\n<li><strong><a href=\"https:\/\/drive.google.com\/open?id=0B24avZ3qQFO-WUZpcDRlR3RaZmc\">Sol\u00b7licitud de certificat d\u2019estudis<\/a><\/strong><\/li>\n<\/ul>\n<p>Descarregueu la sol\u00b7licitud de certificat, faciliteu les dades que es demanen per tal de poder iniciar els tr\u00e0mits del vostre certificat i envieu-la mitjan\u00e7ant correu electr\u00f2nic a l\u2019adre\u00e7a\u00a0 <a href=\"mailto:a8024765@xtec.cat\">a8024765@xtec.cat \u00a0\u00a0 <\/a><\/p>\n<p>Tamb\u00e9 podeu realitzar la sol\u00b7licitud mitjan\u00e7ant <a href=\"http:\/\/goo.gl\/forms\/KCUFrCQ5g7tGEIW13\" target=\"_blank\" rel=\"noopener noreferrer\"><strong>aquest formulari online<\/strong><\/a><\/p>\n<p><span style=\"color: #000000;\"><strong>Quan disposem del certificat signat ens posarem en contacte amb vosaltres per tal d\u2019informar-vos de la documentaci\u00f3 que heu d\u2019aportar. El termini de lliurament d&#8217;un certificat \u00e9s de 7 dies.<br \/>\n<\/strong><\/span><\/p>\n<ul>\n<li><a href=\"https:\/\/goo.gl\/forms\/gTEPEa9pKFQeWFqG2\" target=\"_blank\" rel=\"noopener\"><strong>Sol\u00b7licitud de certificat d\u2019acreditaci\u00f3 de nivell de catal\u00e0.<\/strong><\/a><\/li>\n<\/ul>\n<p>D&#8217;acord amb la normativa d&#8217;aplicaci\u00f3, els centres p\u00fablics d&#8217;Educaci\u00f3 Secund\u00e0ria de Catalunya expediran els certificats d&#8217;equival\u00e8ncia del nivell de Catal\u00e0 a l&#8217;alumnat que aix\u00ed ho sol\u00b7liciti i acompleixi les condicions establertes per la normativa d&#8217;aplicaci\u00f3.<\/p>\n<p>Per tal de sol\u00b7licitar l&#8217;expedici\u00f3 del corresponent certificat, l&#8217;alumnat haur\u00e0 d&#8217;adre\u00e7ar-se al centre en horari de secretaria, i presentar la sol\u00b7licitud i la documentaci\u00f3 que justifiqui el compliment de les condicions establertes legalment per tal de gaudir de la seva expedici\u00f3.<\/p>\n<p><strong><a href=\"https:\/\/drive.google.com\/file\/d\/0B24avZ3qQFO-VjEtRFdwYklfNXc\/view?usp=sharing\" target=\"_blank\" rel=\"noopener noreferrer\">Descarregueu la sol\u00b7licitud de certificat<\/a><\/strong>, faciliteu les dades que es demanen per tal de poder iniciar els tr\u00e0mits del vostre certificat i envieu-la mitjan\u00e7ant correu electr\u00f2nic a l\u2019adre\u00e7a\u00a0 <a href=\"mailto:a8024765@xtec.cat\">a8024765@xtec.cat \u00a0\u00a0<\/a><\/p>\n<p>Tamb\u00e9 podeu realitzar la sol\u00b7licitud mitjan\u00e7ant <strong><a href=\"https:\/\/goo.gl\/forms\/gTEPEa9pKFQeWFqG2\" target=\"_blank\" rel=\"noopener noreferrer\">aquest formulari online<\/a><\/strong><\/p>\n<p><span style=\"color: #000000;\"><strong>Quan disposem del certificat signat ens posarem en contacte amb vosaltres per tal d\u2019informar-vos de la documentaci\u00f3 que heu d\u2019aportar. El termini de lliurament d&#8217;un certificat \u00e9s de 7 dies.<\/strong><\/span><\/p>\n<h4><span style=\"color: #000000;\"><strong>Normativa<\/strong><\/span><\/h4>\n<p>S&#8217;estableixen a <span style=\"color: #33cccc;\">l<span style=\"color: #000000;\">&#8216;<\/span><strong><a style=\"color: #33cccc;\" href=\"http:\/\/www20.gencat.cat\/docs\/Llengcat\/Documents\/Legislacio\/Recull%20de%20normativa\/Ensenyament\/Arxius\/ens_equiv.pdf\" target=\"_blank\" rel=\"noopener noreferrer\"><span style=\"color: #000000;\">Ordre VCP\/491\/2009<\/span>,<\/a><\/strong><\/span> de 12 de novembre, per la qual es refonen i s&#8217;actualitzen els t\u00edtols, diplomes i certificats equivalents als certificats de coneixements de catal\u00e0 de la Secretaria de Pol\u00edtica Ling\u00fc\u00edstica, modificada per l<a href=\"http:\/\/www20.gencat.cat\/portal\/site\/portaldogc\/menuitem.c973d2fc58aa0083e4492d92b0c0e1a0\/?vgnextoid=485946a6e5dfe210VgnVCM1000000b0c1e0aRCRD&amp;appInstanceName=default&amp;action=fitxa&amp;documentId=519344&amp;language=ca_ES&amp;newLang=ca_ES\" target=\"_blank\" rel=\"noopener noreferrer\">&#8216;<span style=\"color: #000000;\"><strong>Ordre VCP\/233\/2010<\/strong><\/span><\/a><span style=\"color: #000000;\">,<\/span> de 12 d&#8217;abril.<\/p>\n<p><span style=\"color: #000000;\"><strong>Titulacions equivalent sals certificats de coneixements de catal\u00e0 de la Direcci\u00f3 General de Pol\u00edtica Ling\u00fc\u00edstica<\/strong><\/span><br \/>\n<strong><a href=\"http:\/\/www20.gencat.cat\/docs\/Llengcat\/Documents\/Certificats%20de%20catala\/Arxius\/Equiv_llista.pdf\" target=\"_blank\" rel=\"noopener noreferrer\">Acc\u00e9s a la llista de titulacions equivalents<\/a><\/strong><\/p>\n","protected":false},"excerpt":{"rendered":"<ul>\n<li><a href=\"https:\/\/drive.google.com\/open?id=0B24avZ3qQFO-WUZpcDRlR3RaZmc\">Sol\u00b7licitud de certificat d\u2019estudis<\/a><\/li>\n<\/ul>\n<p>Descarregueu la sol\u00b7licitud de certificat, faciliteu les dades que es demanen per tal de poder iniciar els tr\u00e0mits del vostre certificat i envieu-la mitjan\u00e7ant correu electr\u00f2nic a l\u2019adre\u00e7a\u00a0 <a href=\"mailto:a8024765@xtec.cat\">a8024765@xtec.cat \u00a0\u00a0 <\/a><br \/>\nTamb\u00e9 podeu realitzar la sol\u00b7licitud mitjan\u00e7ant <a href=\"http:\/\/goo.gl\/forms\/KCUFrCQ5g7tGEIW13\" target=\"_blank\" rel=\"noopener&hellip;  <a href=\"https:\/\/agora.xtec.cat\/ies-arraona\/informacions-secretaria\/certificats\/\" title=\"Read Certificats\">Llegeix m\u00e9s\u00bb<\/a><\/p>\n","protected":false},"author":3,"featured_media":0,"parent":505,"menu_order":8,"comment_status":"open","ping_status":"closed","template":"page-templates\/side-menu.php","meta":{"_bbp_topic_count":0,"_bbp_reply_count":0,"_bbp_total_topic_count":0,"_bbp_total_reply_count":0,"_bbp_voice_count":0,"_bbp_anonymous_reply_count":0,"_bbp_topic_count_hidden":0,"_bbp_reply_count_hidden":0,"_bbp_forum_subforum_count":0,"footnotes":""},"class_list":["post-696","page","type-page","status-publish","hentry"],"post_mailing_queue_ids":[],"_links":{"self":[{"href":"https:\/\/agora.xtec.cat\/ies-arraona\/wp-json\/wp\/v2\/pages\/696","targetHints":{"allow":["GET"]}}],"collection":[{"href":"https:\/\/agora.xtec.cat\/ies-arraona\/wp-json\/wp\/v2\/pages"}],"about":[{"href":"https:\/\/agora.xtec.cat\/ies-arraona\/wp-json\/wp\/v2\/types\/page"}],"author":[{"embeddable":true,"href":"https:\/\/agora.xtec.cat\/ies-arraona\/wp-json\/wp\/v2\/users\/3"}],"replies":[{"embeddable":true,"href":"https:\/\/agora.xtec.cat\/ies-arraona\/wp-json\/wp\/v2\/comments?post=696"}],"version-history":[{"count":3,"href":"https:\/\/agora.xtec.cat\/ies-arraona\/wp-json\/wp\/v2\/pages\/696\/revisions"}],"predecessor-version":[{"id":10128,"href":"https:\/\/agora.xtec.cat\/ies-arraona\/wp-json\/wp\/v2\/pages\/696\/revisions\/10128"}],"up":[{"embeddable":true,"href":"https:\/\/agora.xtec.cat\/ies-arraona\/wp-json\/wp\/v2\/pages\/505"}],"wp:attachment":[{"href":"https:\/\/agora.xtec.cat\/ies-arraona\/wp-json\/wp\/v2\/media?parent=696"}],"curies":[{"name":"wp","href":"https:\/\/api.w.org\/{rel}","templated":true}]}}