{"id":6170,"date":"2019-03-01T15:15:22","date_gmt":"2019-03-01T14:15:22","guid":{"rendered":"http:\/\/agora.xtec.cat\/ies-arraona\/?page_id=6170"},"modified":"2025-11-07T11:51:10","modified_gmt":"2025-11-07T10:51:10","slug":"programatdap","status":"publish","type":"page","link":"https:\/\/agora.xtec.cat\/ies-arraona\/projecte-educatiu\/programatdap\/","title":{"rendered":"Estrat\u00e8gia Digital de Centre"},"content":{"rendered":"<p><strong>Qu\u00e8 \u00e9s EDC?<\/strong><\/p>\n<p><a href=\"https:\/\/agora.xtec.cat\/ies-arraona\/wp-content\/uploads\/usu1014\/2025\/11\/EDC.pdf\">L\u2019Estrat\u00e8gia Digital de Centre (EDC)<\/a> \u00e9s un document que recull totes les accions que es realitzen en un centre, i les que es realitzaran a mitj\u00e0 termini, per aconseguir la m\u00e0xima compet\u00e8ncia digital de l\u2019alumnat, del professorat i del centre educatiu. Ha de tenir com a referent el Pla d\u2019educaci\u00f3 digital de Catalunya (PEDC), on s\u2019indica la necessitat d\u2019assolir la fita d\u2019una societat digitalment competent, fent \u00e8mfasi en l\u2019equitat i tenint en compte l\u2019evoluci\u00f3 del context social i tecnol\u00f2gic.<\/p>\n<p><strong>Continguts de l&#8217;EDC:<\/strong><\/p>\n<p>L\u2019EDC t\u00e9, b\u00e0sicament dues parts. Una primera part que \u00e9s m\u00e9s\u00a0<strong>estrat\u00e8gica<\/strong>\u00a0(objectius, activitats, planificaci\u00f3, etc.), on es defineix on vol arribar el centre digitalment parlant. La segona part mostra la\u00a0<strong>cultura digital,<\/strong>\u00a0ja que \u00e9s on es va recollint el que el centre ja t\u00e9 establert en aquest sentit.<\/p>\n<p>Per entendre\u2019ns, la part estrat\u00e8gica \u00e9s com volem que acabi sent el centre i com aconseguir-ho,\u00a0<em><strong>on volem anar?,<\/strong><\/em>\u00a0i la part de cultura digital s\u00f3n els plans, procediments, protocols, normatives, serveis i acords que el centre ja utilitza,\u00a0<strong><em>que estem fent?<\/em><\/strong><\/p>\n<p><a href=\"https:\/\/agora.xtec.cat\/ies-arraona\/wp-content\/uploads\/usu1014\/2022\/05\/EDC.png\"><img loading=\"lazy\" decoding=\"async\" class=\" wp-image-10721 aligncenter\" src=\"https:\/\/agora.xtec.cat\/ies-arraona\/wp-content\/uploads\/usu1014\/2022\/05\/EDC.png\" alt=\"\" width=\"257\" height=\"467\" srcset=\"https:\/\/agora.xtec.cat\/ies-arraona\/wp-content\/uploads\/usu1014\/2022\/05\/EDC.png 306w, https:\/\/agora.xtec.cat\/ies-arraona\/wp-content\/uploads\/usu1014\/2022\/05\/EDC-165x300.png 165w\" sizes=\"auto, (max-width: 257px) 100vw, 257px\" \/><\/a>Podeu trobar les activitats realitzades al centre <a href=\"https:\/\/agora.xtec.cat\/ies-arraona\/categoria\/ambits-tematics\/ambit-tec\/\">aqu\u00ed<\/a>.<\/p>\n<p><strong>Aprovada pel CONSELL ESCOLAR el 8 de Novembre de 2023<\/strong><\/p>\n<p><a href=\"https:\/\/agora.xtec.cat\/ies-arraona\/wp-content\/uploads\/usu1014\/2023\/06\/Financament-scaled.jpg\"><img loading=\"lazy\" decoding=\"async\" class=\"alignnone size-large wp-image-11684\" src=\"https:\/\/agora.xtec.cat\/ies-arraona\/wp-content\/uploads\/usu1014\/2023\/06\/Financament-1024x137.jpg\" alt=\"\" width=\"1024\" height=\"137\" srcset=\"https:\/\/agora.xtec.cat\/ies-arraona\/wp-content\/uploads\/usu1014\/2023\/06\/Financament-1024x137.jpg 1024w, https:\/\/agora.xtec.cat\/ies-arraona\/wp-content\/uploads\/usu1014\/2023\/06\/Financament-300x40.jpg 300w, https:\/\/agora.xtec.cat\/ies-arraona\/wp-content\/uploads\/usu1014\/2023\/06\/Financament-768x103.jpg 768w, https:\/\/agora.xtec.cat\/ies-arraona\/wp-content\/uploads\/usu1014\/2023\/06\/Financament-1536x205.jpg 1536w, https:\/\/agora.xtec.cat\/ies-arraona\/wp-content\/uploads\/usu1014\/2023\/06\/Financament-2048x273.jpg 2048w\" sizes=\"auto, (max-width: 1024px) 100vw, 1024px\" \/><\/a><\/p>\n","protected":false},"excerpt":{"rendered":"<p>Qu\u00e8 \u00e9s EDC?<br \/>\n<a href=\"https:\/\/agora.xtec.cat\/ies-arraona\/wp-content\/uploads\/usu1014\/2025\/11\/EDC.pdf\">L\u2019Estrat\u00e8gia Digital de Centre (EDC)<\/a> \u00e9s un document que recull totes les accions que es realitzen en un centre, i les que es realitzaran a mitj\u00e0 termini, per aconseguir la m\u00e0xima compet\u00e8ncia digital de l\u2019alumnat, del professorat i del centre educatiu. Ha&hellip;  <a href=\"https:\/\/agora.xtec.cat\/ies-arraona\/projecte-educatiu\/programatdap\/\" title=\"Read Estrat\u00e8gia Digital de Centre\">Llegeix m\u00e9s\u00bb<\/a><\/p>\n","protected":false},"author":7,"featured_media":0,"parent":57,"menu_order":20,"comment_status":"closed","ping_status":"closed","template":"","meta":{"_bbp_topic_count":0,"_bbp_reply_count":0,"_bbp_total_topic_count":0,"_bbp_total_reply_count":0,"_bbp_voice_count":0,"_bbp_anonymous_reply_count":0,"_bbp_topic_count_hidden":0,"_bbp_reply_count_hidden":0,"_bbp_forum_subforum_count":0,"footnotes":""},"class_list":["post-6170","page","type-page","status-publish","hentry"],"post_mailing_queue_ids":[],"_links":{"self":[{"href":"https:\/\/agora.xtec.cat\/ies-arraona\/wp-json\/wp\/v2\/pages\/6170","targetHints":{"allow":["GET"]}}],"collection":[{"href":"https:\/\/agora.xtec.cat\/ies-arraona\/wp-json\/wp\/v2\/pages"}],"about":[{"href":"https:\/\/agora.xtec.cat\/ies-arraona\/wp-json\/wp\/v2\/types\/page"}],"author":[{"embeddable":true,"href":"https:\/\/agora.xtec.cat\/ies-arraona\/wp-json\/wp\/v2\/users\/7"}],"replies":[{"embeddable":true,"href":"https:\/\/agora.xtec.cat\/ies-arraona\/wp-json\/wp\/v2\/comments?post=6170"}],"version-history":[{"count":7,"href":"https:\/\/agora.xtec.cat\/ies-arraona\/wp-json\/wp\/v2\/pages\/6170\/revisions"}],"predecessor-version":[{"id":13384,"href":"https:\/\/agora.xtec.cat\/ies-arraona\/wp-json\/wp\/v2\/pages\/6170\/revisions\/13384"}],"up":[{"embeddable":true,"href":"https:\/\/agora.xtec.cat\/ies-arraona\/wp-json\/wp\/v2\/pages\/57"}],"wp:attachment":[{"href":"https:\/\/agora.xtec.cat\/ies-arraona\/wp-json\/wp\/v2\/media?parent=6170"}],"curies":[{"name":"wp","href":"https:\/\/api.w.org\/{rel}","templated":true}]}}