{"id":5151,"date":"2018-10-10T19:02:11","date_gmt":"2018-10-10T17:02:11","guid":{"rendered":"http:\/\/agora.xtec.cat\/ies-arraona\/?page_id=5151"},"modified":"2023-02-14T23:20:49","modified_gmt":"2023-02-14T22:20:49","slug":"mediacio","status":"publish","type":"page","link":"https:\/\/agora.xtec.cat\/ies-arraona\/projecte-educatiu\/projectes\/mediacio\/","title":{"rendered":"Mediaci\u00f3 i habilitats socials"},"content":{"rendered":"<p><img loading=\"lazy\" decoding=\"async\" class=\"alignnone wp-image-5388\" src=\"https:\/\/agora.xtec.cat\/ies-arraona\/wp-content\/uploads\/usu1014\/2023\/02\/mediacio.jpg\" alt=\"\" width=\"226\" height=\"169\" \/><\/p>\n<p><strong>Presentaci\u00f3<\/strong><\/p>\n<p>L&#8217;origen d&#8217;aquest projecte educatiu no \u00e9s m\u00e9s que l&#8217;esma de millorar la conviv\u00e8ncia a les aules i, d&#8217;aquesta manera, evitar la conflictivitat en general com per exemple: l&#8217;assetjament, i els problemes de conviv\u00e8ncia. Per aconseguir aix\u00f2, l&#8217;alumnat treballar\u00e0 l&#8217;autoconeixement, les habilitats socials i, finalment, coneixer\u00e0 els principis de la mediaci\u00f3.<br \/>\nPer aquest motiu proposem a trav\u00e9s d&#8217;aquest projecte unes l\u00ednies d&#8217;acci\u00f3 per adquirir eines que afavoreixin la conviv\u00e8ncia com l&#8217;assertivitat, l&#8217;empatia i la companyonia.<br \/>\nTot aix\u00f2 tindr\u00e0 un tractament integrat de les lleng\u00fces principals (TIL) com s\u00f3n el catal\u00e0, el castell\u00e0 i l&#8217;angl\u00e8s.<\/p>\n<p><a href=\"https:\/\/agora.xtec.cat\/ies-arraona\/wp-content\/uploads\/usu1014\/2023\/02\/Programa-MediHabSoc.pdf\" target=\"_blank\" rel=\"noopener\"><strong>Programa del projecte de mediaci\u00f3<\/strong><\/a><\/p>\n<p><b>NIVELL:<\/b> ESO 2<\/p>\n","protected":false},"excerpt":{"rendered":"<p>Presentaci\u00f3<br \/>\nL&#8217;origen d&#8217;aquest projecte educatiu no \u00e9s m\u00e9s que l&#8217;esma de millorar la conviv\u00e8ncia a les aules i, d&#8217;aquesta manera, evitar la conflictivitat en general com per exemple: l&#8217;assetjament, i els problemes de conviv\u00e8ncia. Per aconseguir aix\u00f2, l&#8217;alumnat treballar\u00e0 l&#8217;autoconeixement, les habilitats socials i, finalment, coneixer\u00e0&hellip;  <a href=\"https:\/\/agora.xtec.cat\/ies-arraona\/projecte-educatiu\/projectes\/mediacio\/\" title=\"Read Mediaci\u00f3 i habilitats socials\">Llegeix m\u00e9s\u00bb<\/a><\/p>\n","protected":false},"author":7,"featured_media":0,"parent":3628,"menu_order":7,"comment_status":"closed","ping_status":"closed","template":"page-templates\/side-menu.php","meta":{"_bbp_topic_count":0,"_bbp_reply_count":0,"_bbp_total_topic_count":0,"_bbp_total_reply_count":0,"_bbp_voice_count":0,"_bbp_anonymous_reply_count":0,"_bbp_topic_count_hidden":0,"_bbp_reply_count_hidden":0,"_bbp_forum_subforum_count":0,"footnotes":""},"class_list":["post-5151","page","type-page","status-publish","hentry"],"post_mailing_queue_ids":[],"_links":{"self":[{"href":"https:\/\/agora.xtec.cat\/ies-arraona\/wp-json\/wp\/v2\/pages\/5151","targetHints":{"allow":["GET"]}}],"collection":[{"href":"https:\/\/agora.xtec.cat\/ies-arraona\/wp-json\/wp\/v2\/pages"}],"about":[{"href":"https:\/\/agora.xtec.cat\/ies-arraona\/wp-json\/wp\/v2\/types\/page"}],"author":[{"embeddable":true,"href":"https:\/\/agora.xtec.cat\/ies-arraona\/wp-json\/wp\/v2\/users\/7"}],"replies":[{"embeddable":true,"href":"https:\/\/agora.xtec.cat\/ies-arraona\/wp-json\/wp\/v2\/comments?post=5151"}],"version-history":[{"count":3,"href":"https:\/\/agora.xtec.cat\/ies-arraona\/wp-json\/wp\/v2\/pages\/5151\/revisions"}],"predecessor-version":[{"id":11429,"href":"https:\/\/agora.xtec.cat\/ies-arraona\/wp-json\/wp\/v2\/pages\/5151\/revisions\/11429"}],"up":[{"embeddable":true,"href":"https:\/\/agora.xtec.cat\/ies-arraona\/wp-json\/wp\/v2\/pages\/3628"}],"wp:attachment":[{"href":"https:\/\/agora.xtec.cat\/ies-arraona\/wp-json\/wp\/v2\/media?parent=5151"}],"curies":[{"name":"wp","href":"https:\/\/api.w.org\/{rel}","templated":true}]}}