{"id":505,"date":"2016-06-20T22:24:19","date_gmt":"2016-06-20T21:24:19","guid":{"rendered":"http:\/\/agora.xtec.cat\/ies-arraona\/?page_id=505"},"modified":"2023-02-02T14:05:23","modified_gmt":"2023-02-02T13:05:23","slug":"informacions-secretaria","status":"publish","type":"page","link":"https:\/\/agora.xtec.cat\/ies-arraona\/informacions-secretaria\/","title":{"rendered":"Informacions secretaria"},"content":{"rendered":"<p>Esteu a la secci\u00f3 de secretaria, trobareu tota mena d&#8217;informacions administratives i tr\u00e0mits.<\/p>\n<p>Al men\u00fa de l&#8217;esquerra podeu navegar per trobar la informaci\u00f3 que cerqueu.<code><br \/>\n<\/code><\/p>\n<p>Horaris, sol\u00b7licitud de certificats, informaci\u00f3 dels processos de preinscripci\u00f3 i matr\u00edcula, documents, beques i ajuts, expedici\u00f3 de t\u00edtols&#8230;<\/p>\n<p>&nbsp;<\/p>\n","protected":false},"excerpt":{"rendered":"<p>Esteu a la secci\u00f3 de secretaria, trobareu tota mena d&#8217;informacions administratives i tr\u00e0mits.<br \/>\nAl men\u00fa de l&#8217;esquerra podeu navegar per trobar la informaci\u00f3 que cerqueu.<\/p>\n<p>Horaris, sol\u00b7licitud de certificats, informaci\u00f3 dels processos de preinscripci\u00f3 i matr\u00edcula, documents, beques i ajuts, expedici\u00f3 de t\u00edtols&#8230;<br \/>\n&nbsp;<\/p>\n","protected":false},"author":1,"featured_media":0,"parent":0,"menu_order":0,"comment_status":"closed","ping_status":"closed","template":"page-templates\/side-menu.php","meta":{"_bbp_topic_count":0,"_bbp_reply_count":0,"_bbp_total_topic_count":0,"_bbp_total_reply_count":0,"_bbp_voice_count":0,"_bbp_anonymous_reply_count":0,"_bbp_topic_count_hidden":0,"_bbp_reply_count_hidden":0,"_bbp_forum_subforum_count":0,"footnotes":""},"class_list":["post-505","page","type-page","status-publish","hentry"],"post_mailing_queue_ids":[],"_links":{"self":[{"href":"https:\/\/agora.xtec.cat\/ies-arraona\/wp-json\/wp\/v2\/pages\/505","targetHints":{"allow":["GET"]}}],"collection":[{"href":"https:\/\/agora.xtec.cat\/ies-arraona\/wp-json\/wp\/v2\/pages"}],"about":[{"href":"https:\/\/agora.xtec.cat\/ies-arraona\/wp-json\/wp\/v2\/types\/page"}],"author":[{"embeddable":true,"href":"https:\/\/agora.xtec.cat\/ies-arraona\/wp-json\/wp\/v2\/users\/1"}],"replies":[{"embeddable":true,"href":"https:\/\/agora.xtec.cat\/ies-arraona\/wp-json\/wp\/v2\/comments?post=505"}],"version-history":[{"count":3,"href":"https:\/\/agora.xtec.cat\/ies-arraona\/wp-json\/wp\/v2\/pages\/505\/revisions"}],"predecessor-version":[{"id":11234,"href":"https:\/\/agora.xtec.cat\/ies-arraona\/wp-json\/wp\/v2\/pages\/505\/revisions\/11234"}],"wp:attachment":[{"href":"https:\/\/agora.xtec.cat\/ies-arraona\/wp-json\/wp\/v2\/media?parent=505"}],"curies":[{"name":"wp","href":"https:\/\/api.w.org\/{rel}","templated":true}]}}