{"id":46,"date":"2014-09-17T16:53:45","date_gmt":"2014-09-17T16:53:45","guid":{"rendered":"http:\/\/agora.xtec.cat\/ies-arraona\/?page_id=46"},"modified":"2025-11-03T09:31:21","modified_gmt":"2025-11-03T08:31:21","slug":"organigrama","status":"publish","type":"page","link":"https:\/\/agora.xtec.cat\/ies-arraona\/linstitut\/organigrama\/","title":{"rendered":"Organigrama"},"content":{"rendered":"<p>El nostre centre educatiu t\u00e9 la seg\u00fcent organitzaci\u00f3 interna:<\/p>\n<ul>\n<li>Equip directiu<\/li>\n<\/ul>\n<table width=\"564\">\n<tbody>\n<tr>\n<td>Director<\/td>\n<td>Toni Lamagrande<\/td>\n<\/tr>\n<tr>\n<td>Cap d\u2019estudis<\/td>\n<td>Adri\u00e0 Leiva<\/td>\n<\/tr>\n<tr>\n<td>Cap d&#8217;estudis adjunta<\/td>\n<td>Mavi Trasovares<\/td>\n<\/tr>\n<tr>\n<td>Secretari<\/td>\n<td>Jordi de Rialp<\/td>\n<\/tr>\n<tr>\n<td>Coordinadora pedag\u00f2gica<\/td>\n<td>Cynthia Del Jes\u00fas<\/td>\n<\/tr>\n<\/tbody>\n<\/table>\n<ul>\n<li>Coordinacions de nivell i Equips educatius<\/li>\n<\/ul>\n<table style=\"width: 70.9006%;\">\n<tbody>\n<tr>\n<td style=\"width: 38.9171%;\">Coordinaci\u00f3 1r d&#8217;ESO<\/td>\n<td style=\"width: 50.5922%;\">Susanna Valverde \/ Cristina Soriano<\/td>\n<\/tr>\n<tr>\n<td style=\"width: 38.9171%;\">Coordinaci\u00f3 2n d&#8217;ESO<\/td>\n<td style=\"width: 50.5922%;\">Judit Mercader \/ C\u00e8lia Fern\u00e1ndez<\/td>\n<\/tr>\n<tr>\n<td style=\"width: 38.9171%;\">Coordinaci\u00f3 3r d&#8217;ESO<\/td>\n<td style=\"width: 50.5922%;\">\u00c0ngela del Rio \/ Virginia Garcia<\/td>\n<\/tr>\n<tr>\n<td style=\"width: 38.9171%;\">Coordinaci\u00f3 4t d&#8217;ESO<\/td>\n<td style=\"width: 50.5922%;\">\u00d2scar L\u00f3pez \/ Paco Su\u00e1rez<\/td>\n<\/tr>\n<tr>\n<td style=\"width: 38.9171%;\">Coordinaci\u00f3 de Batxillerat<\/td>\n<td style=\"width: 50.5922%;\">Assumpta Abell\u00e1n \/ Maite S\u00e1nchez<\/td>\n<\/tr>\n<\/tbody>\n<\/table>\n<ul>\n<li>Caps de Departament<\/li>\n<\/ul>\n<table style=\"width: 71.1032%;\">\n<tbody>\n<tr style=\"height: 31px;\">\n<td style=\"width: 57.5758%; height: 31px;\">Lleng\u00fces<\/td>\n<td style=\"width: 37.6114%; height: 31px;\">Miquel \u00c0ngel Vime<\/td>\n<\/tr>\n<tr style=\"height: 31px;\">\n<td style=\"width: 57.5758%; height: 31px;\">Lleng\u00fces estrangeres<\/td>\n<td style=\"width: 37.6114%; height: 31px;\">Miguel de Pablos<\/td>\n<\/tr>\n<tr style=\"height: 31px;\">\n<td style=\"width: 57.5758%; height: 31px;\">Ci\u00e8ncies i Tecnologia<\/td>\n<td style=\"width: 37.6114%; height: 31px;\">Jose Montero<\/td>\n<\/tr>\n<tr style=\"height: 31px;\">\n<td style=\"width: 57.5758%; height: 31px;\">Humanitats<\/td>\n<td style=\"width: 37.6114%; height: 31px;\">\u00c0ngels Ruiz<\/td>\n<\/tr>\n<tr style=\"height: 31px;\">\n<td style=\"width: 57.5758%; height: 31px;\">Matem\u00e0tiques<\/td>\n<td style=\"width: 37.6114%; height: 31px;\">\u00c0lex Gonz\u00e1lez<\/td>\n<\/tr>\n<tr style=\"height: 31px;\">\n<td style=\"width: 57.5758%; height: 31px;\">Expressi\u00f3<\/td>\n<td style=\"width: 37.6114%; height: 31px;\">Ruth Vinuesa<\/td>\n<\/tr>\n<\/tbody>\n<\/table>\n<ul>\n<li>Caps d&#8217;\u00c0mbit Tem\u00e0tic<\/li>\n<\/ul>\n<table style=\"width: 71.628%; height: 165px;\">\n<tbody>\n<tr style=\"height: 33px;\">\n<td style=\"width: 57.2193%; height: 33px;\">Lectura<\/td>\n<td style=\"width: 38.6809%; height: 33px;\">Laura Caudevilla<\/td>\n<\/tr>\n<tr style=\"height: 33px;\">\n<td style=\"width: 57.2193%; height: 33px;\">Idiomes<\/td>\n<td style=\"width: 38.6809%; height: 33px;\">Cristina Viguera<\/td>\n<\/tr>\n<tr style=\"height: 33px;\">\n<td style=\"width: 57.2193%; height: 33px;\">Sostenibilitat<\/td>\n<td style=\"width: 38.6809%; height: 33px;\">Juan Jos\u00e9 Aso<\/td>\n<\/tr>\n<tr style=\"height: 33px;\">\n<td style=\"width: 57.2193%; height: 33px;\">Tecnologies<\/td>\n<td style=\"width: 38.6809%; height: 33px;\">Eli Hinojo<\/td>\n<\/tr>\n<tr style=\"height: 33px;\">\n<td style=\"width: 57.2193%; height: 33px;\">Projectes<\/td>\n<td style=\"width: 38.6809%; height: 33px;\">Mavi Trasovares<\/td>\n<\/tr>\n<\/tbody>\n<\/table>\n<ul>\n<li>Equip de Coordinaci\u00f3 i serveis<\/li>\n<\/ul>\n<table style=\"width: 91.0517%; height: 250px;\" width=\"564\">\n<tbody>\n<tr style=\"height: 31px;\">\n<td style=\"height: 31px; width: 50.4456%;\">Coordinaci\u00f3 d&#8217;Activitats i serveis escolars<\/td>\n<td style=\"height: 31px; width: 71.4389%;\">Christian Gonz\u00e1lez \/ \u00c0ngels Ruiz \/Esther Villafranca<\/td>\n<\/tr>\n<tr style=\"height: 31px;\">\n<td style=\"height: 31px; width: 50.4456%;\">Coordinaci\u00f3 Digital<\/td>\n<td style=\"height: 31px; width: 71.4389%;\">Eli Hinojo<\/td>\n<\/tr>\n<tr style=\"height: 31px;\">\n<td style=\"height: 31px; width: 50.4456%;\">Coordinaci\u00f3 LIC\/ Aula d&#8217;Acollida<\/td>\n<td style=\"height: 31px; width: 71.4389%;\">Sussana Tercero \/ Montserrat Iglesias<\/td>\n<\/tr>\n<tr style=\"height: 31px;\">\n<td style=\"height: 31px; width: 50.4456%;\">Coordinaci\u00f3 de Prevenci\u00f3 de Riscos Laborals<\/td>\n<td style=\"height: 31px; width: 71.4389%;\">Juan Jos\u00e9 Aso<\/td>\n<\/tr>\n<tr style=\"height: 31px;\">\n<td style=\"height: 31px; width: 50.4456%;\">Coordinaci\u00f3 del M\u00e0ster de Secund\u00e0ria<\/td>\n<td style=\"height: 31px; width: 71.4389%;\">Toni Lamagrande<\/td>\n<\/tr>\n<tr style=\"height: 31px;\">\n<td style=\"height: 31px; width: 50.4456%;\">Orientaci\u00f3<\/td>\n<td style=\"height: 31px; width: 71.4389%;\">Montse Rus \/ Raquel Montero \/ Mavi T. \/ Anais Villarrubia<\/td>\n<\/tr>\n<tr style=\"height: 33px;\">\n<td style=\"width: 50.4456%; height: 33px;\">Aula Oberta<\/td>\n<td style=\"width: 71.4389%; height: 33px;\">Montserrat Iglesias\/Jorge Gonz\u00e1lez<\/td>\n<\/tr>\n<tr style=\"height: 31px;\">\n<td style=\"height: 31px; width: 50.4456%;\">Mediaci\u00f3<\/td>\n<td style=\"height: 31px; width: 71.4389%;\">Montse Hern\u00e1ndez<\/td>\n<\/tr>\n<\/tbody>\n<\/table>\n<ul>\n<li>Tutors de grup i tutors individuals\u00a0 ESO<br \/>\n<table style=\"height: 758px; width: 55.5383%;\" width=\"215\">\n<tbody>\n<tr style=\"height: 31px;\">\n<td style=\"height: 31px; width: 10.847%;\">ESO 1A<\/td>\n<td style=\"height: 31px; width: 61.3305%;\"><strong>Cristina Soriano<\/strong> \/M\u00f2nica Mestres<\/td>\n<\/tr>\n<tr style=\"height: 31px;\">\n<td style=\"height: 31px; width: 10.847%;\">ESO 1B<\/td>\n<td style=\"height: 31px; width: 61.3305%;\"><strong>Miquel \u00c0ngel Vime<\/strong>\/Lorena Fern\u00e0ndez<\/td>\n<\/tr>\n<tr style=\"height: 31px;\">\n<td style=\"height: 31px; width: 10.847%;\">ESO 1C<\/td>\n<td style=\"height: 31px; width: 61.3305%;\"><strong>Irene Nebot <\/strong>\/ Pablo Mar\u00edn<\/td>\n<\/tr>\n<tr style=\"height: 31px;\">\n<td style=\"height: 31px; width: 10.847%;\">ESO 1D<\/td>\n<td style=\"height: 31px; width: 61.3305%;\"><strong>Laura Caudevilla<\/strong> \/ Christian Gonz\u00e1lez<\/td>\n<\/tr>\n<tr style=\"height: 31px;\">\n<td style=\"width: 10.847%; height: 31px;\">ESO 1E<\/td>\n<td style=\"width: 61.3305%; height: 31px;\"><strong>Teresa Muck<\/strong> \/ Anna Vall\u00e8s<\/td>\n<\/tr>\n<tr style=\"height: 31px;\">\n<td style=\"width: 10.847%; height: 31px;\">ESO 2A<\/td>\n<td style=\"width: 61.3305%; height: 31px;\"><strong>Marta Mart\u00ednez Egea<\/strong>\u00a0\/ Raquel Montero<\/td>\n<\/tr>\n<tr style=\"height: 31px;\">\n<td style=\"height: 31px; width: 10.847%;\">ESO 2B<\/td>\n<td style=\"height: 31px; width: 61.3305%;\"><strong>C\u00e8lia Fern\u00e0ndez<\/strong> \/ Carolina Rueda<\/td>\n<\/tr>\n<tr style=\"height: 31px;\">\n<td style=\"height: 31px; width: 10.847%;\">ESO 2C<\/td>\n<td style=\"height: 31px; width: 61.3305%;\"><strong>Laura Mangas \/<\/strong>J\u00falia Molina<\/td>\n<\/tr>\n<tr style=\"height: 31px;\">\n<td style=\"width: 10.847%; height: 31px;\">ESO 2D<\/td>\n<td style=\"width: 61.3305%; height: 31px;\"><strong>Pol S\u00e1nchez<\/strong>\/ Jos\u00e9 Montero<\/td>\n<\/tr>\n<tr style=\"height: 31px;\">\n<td style=\"width: 10.847%; height: 31px;\">ESO 2E<\/td>\n<td style=\"width: 61.3305%; height: 31px;\"><strong>Judit Mercader<\/strong> \/ Miquel Pla<\/td>\n<\/tr>\n<tr style=\"height: 31px;\">\n<td style=\"height: 31px; width: 10.847%;\">ESO 3A<\/td>\n<td style=\"width: 61.3305%; height: 31px;\"><strong>Laura Garrido<\/strong> \/Ruth Vinuesa<\/td>\n<\/tr>\n<tr style=\"height: 31px;\">\n<td style=\"height: 31px; width: 10.847%;\">ESO 3B<\/td>\n<td style=\"height: 31px; width: 61.3305%;\"><strong>Sebasti\u00e1n Cano \/ <\/strong>Maria \u00c1ngela del Rio<\/td>\n<\/tr>\n<tr style=\"height: 31px;\">\n<td style=\"height: 31px; width: 10.847%;\">ESO 3C<\/td>\n<td style=\"height: 31px; width: 61.3305%;\"><strong>Virginia Gonz\u00e1lez \/\u00a0<\/strong>Anais Villarrubia<\/td>\n<\/tr>\n<tr style=\"height: 31px;\">\n<td style=\"width: 10.847%; height: 31px;\">ESO 3D<\/td>\n<td style=\"height: 31px; width: 61.3305%;\"><strong>Encarna Mart\u00ednez \/<\/strong>Susanna Tercero<\/td>\n<\/tr>\n<tr style=\"height: 31px;\">\n<td style=\"width: 10.847%; height: 31px;\">ESO 3E<\/td>\n<td style=\"width: 61.3305%; height: 31px;\"><strong>Ra\u00fcl Aguilar \/<\/strong>Juan Li\u00e8bana<\/td>\n<\/tr>\n<tr style=\"height: 31px;\">\n<td style=\"height: 31px; width: 10.847%;\">ESO 4A<\/td>\n<td style=\"height: 31px; width: 61.3305%;\"><strong>\u00d2scar L\u00f3pez \/ <\/strong>Sandra Espa\u00f1a<\/td>\n<\/tr>\n<tr style=\"height: 31px;\">\n<td style=\"height: 31px; width: 10.847%;\">ESO 4B<\/td>\n<td style=\"height: 31px; width: 61.3305%;\"><strong>\u00c0ngels Ruiz<\/strong> \/ Paco Su\u00e1rez<\/td>\n<\/tr>\n<tr style=\"height: 46px;\">\n<td style=\"height: 10px; width: 10.847%;\">ESO 4C<\/td>\n<td style=\"height: 10px; width: 61.3305%;\"><strong>Ester Villafranca<\/strong> \/ Montserrat Bel<\/td>\n<\/tr>\n<tr style=\"height: 31px;\">\n<td style=\"width: 10.847%; height: 31px;\">ESO 4D<\/td>\n<td style=\"width: 61.3305%; height: 31px;\"><strong>Marta Mart\u00ednez<\/strong>\u00a0\/ \u00c0lez Gonz\u00e0lex<\/td>\n<\/tr>\n<tr style=\"height: 31px;\">\n<td style=\"height: 31px; width: 10.847%;\">BATX1A<\/td>\n<td style=\"height: 31px; width: 61.3305%;\"><strong>Ver\u00f3nica Garcia<\/strong> \/ Cristina Viguera<\/td>\n<\/tr>\n<tr style=\"height: 31px;\">\n<td style=\"width: 10.847%; height: 31px;\">BATX1B<\/td>\n<td style=\"width: 61.3305%; height: 31px;\"><strong>Montse Rus\/ <\/strong>Jaume Torres<\/td>\n<\/tr>\n<tr style=\"height: 31px;\">\n<td style=\"width: 10.847%; height: 31px;\">BATX1C<\/td>\n<td style=\"width: 61.3305%; height: 31px;\"><strong>Caterina Riba<\/strong> \/ Esther Fern\u00e1ndez<\/td>\n<\/tr>\n<tr style=\"height: 31px;\">\n<td style=\"height: 31px; width: 10.847%;\">BATX2A<\/td>\n<td style=\"height: 31px; width: 61.3305%;\"><strong>Assumpta Abell\u00e1n<\/strong> \/ Jordi V\u00e1zquez<\/td>\n<\/tr>\n<tr style=\"height: 33px;\">\n<td style=\"width: 10.847%; height: 33px;\">BATX2B<\/td>\n<td style=\"width: 61.3305%; height: 33px;\"><strong>Montse Hern\u00e1ndez \/ <\/strong>Juanjo Aso<\/td>\n<\/tr>\n<tr style=\"height: 33px;\">\n<td style=\"width: 10.847%; height: 33px;\">BATX2C<\/td>\n<td style=\"width: 61.3305%; height: 33px;\"><strong>Maite S\u00e1nchez \/ <\/strong>Dolors Giraldo<\/td>\n<\/tr>\n<\/tbody>\n<\/table>\n<\/li>\n<li>Personal d&#8217;Administraci\u00f3 i Serveis<\/li>\n<\/ul>\n<table style=\"width: 56.5414%;\" width=\"564\">\n<tbody>\n<tr>\n<td style=\"width: 32.6203%;\">Administratiu<\/td>\n<td style=\"width: 42.7807%;\">Enric Rom\u00e0 i Yolanda Drag\u00f3n<\/td>\n<\/tr>\n<tr>\n<td style=\"width: 32.6203%;\">Subaltern<\/td>\n<td style=\"width: 42.7807%;\">Merc\u00e8 Morlans<\/td>\n<\/tr>\n<tr>\n<td style=\"width: 32.6203%;\">Subaltern<\/td>\n<td style=\"width: 42.7807%;\">Isabel P\u00e9rez<\/td>\n<\/tr>\n<tr>\n<td style=\"width: 32.6203%;\">TIS<\/td>\n<td style=\"width: 42.7807%;\">Susanna Valverde<\/td>\n<\/tr>\n<\/tbody>\n<\/table>\n<p>&nbsp;<\/p>\n","protected":false},"excerpt":{"rendered":"<p>El nostre centre educatiu t\u00e9 la seg\u00fcent organitzaci\u00f3 interna:<\/p>\n<ul>\n<li>Equip directiu<\/li>\n<\/ul>\n<p>Director<br \/>\nToni Lamagrande<\/p>\n<p>Cap d\u2019estudis<br \/>\nAdri\u00e0 Leiva<\/p>\n<p>Cap d&#8217;estudis adjunta<br \/>\nMavi Trasovares<\/p>\n<p>Secretari<br \/>\nJordi de Rialp<\/p>\n<p>Coordinadora pedag\u00f2gica<br \/>\nCynthia Del Jes\u00fas<\/p>\n<ul>\n<li>Coordinacions de nivell i Equips educatius<\/li>\n<\/ul>\n<p>Coordinaci\u00f3 1r d&#8217;ESO<br \/>\nSusanna Valverde \/ Cristina Soriano<\/p>\n<p>Coordinaci\u00f3 2n d&#8217;ESO<br \/>\nJudit Mercader \/ C\u00e8lia Fern\u00e1ndez<\/p>\n<p>Coordinaci\u00f3 3r d&#8217;ESO<br \/>\n\u00c0ngela del Rio \/ Virginia Garcia<\/p>\n<p>Coordinaci\u00f3&hellip;  <a href=\"https:\/\/agora.xtec.cat\/ies-arraona\/linstitut\/organigrama\/\" title=\"Read Organigrama\">Llegeix m\u00e9s\u00bb<\/a><\/p>\n","protected":false},"author":1,"featured_media":0,"parent":19,"menu_order":50,"comment_status":"closed","ping_status":"closed","template":"page-templates\/side-menu.php","meta":{"_bbp_topic_count":0,"_bbp_reply_count":0,"_bbp_total_topic_count":0,"_bbp_total_reply_count":0,"_bbp_voice_count":0,"_bbp_anonymous_reply_count":0,"_bbp_topic_count_hidden":0,"_bbp_reply_count_hidden":0,"_bbp_forum_subforum_count":0,"footnotes":""},"class_list":["post-46","page","type-page","status-publish","hentry"],"post_mailing_queue_ids":[],"_links":{"self":[{"href":"https:\/\/agora.xtec.cat\/ies-arraona\/wp-json\/wp\/v2\/pages\/46","targetHints":{"allow":["GET"]}}],"collection":[{"href":"https:\/\/agora.xtec.cat\/ies-arraona\/wp-json\/wp\/v2\/pages"}],"about":[{"href":"https:\/\/agora.xtec.cat\/ies-arraona\/wp-json\/wp\/v2\/types\/page"}],"author":[{"embeddable":true,"href":"https:\/\/agora.xtec.cat\/ies-arraona\/wp-json\/wp\/v2\/users\/1"}],"replies":[{"embeddable":true,"href":"https:\/\/agora.xtec.cat\/ies-arraona\/wp-json\/wp\/v2\/comments?post=46"}],"version-history":[{"count":9,"href":"https:\/\/agora.xtec.cat\/ies-arraona\/wp-json\/wp\/v2\/pages\/46\/revisions"}],"predecessor-version":[{"id":13385,"href":"https:\/\/agora.xtec.cat\/ies-arraona\/wp-json\/wp\/v2\/pages\/46\/revisions\/13385"}],"up":[{"embeddable":true,"href":"https:\/\/agora.xtec.cat\/ies-arraona\/wp-json\/wp\/v2\/pages\/19"}],"wp:attachment":[{"href":"https:\/\/agora.xtec.cat\/ies-arraona\/wp-json\/wp\/v2\/media?parent=46"}],"curies":[{"name":"wp","href":"https:\/\/api.w.org\/{rel}","templated":true}]}}