{"id":3851,"date":"2018-03-01T22:55:46","date_gmt":"2018-03-01T21:55:46","guid":{"rendered":"http:\/\/agora.xtec.cat\/ies-arraona\/?page_id=3851"},"modified":"2023-02-14T18:14:58","modified_gmt":"2023-02-14T17:14:58","slug":"bibliosinopsis","status":"publish","type":"page","link":"https:\/\/agora.xtec.cat\/ies-arraona\/projecte-educatiu\/projectes\/bibliosinopsis\/","title":{"rendered":"Bibliosinopsis"},"content":{"rendered":"<p><b><a href=\"http:\/\/agora.xtec.cat\/ies-arraona\/wp-content\/uploads\/usu1014\/2018\/03\/biblio.png\"><img loading=\"lazy\" decoding=\"async\" class=\"alignnone wp-image-3957\" src=\"http:\/\/agora.xtec.cat\/ies-arraona\/wp-content\/uploads\/usu1014\/2018\/03\/biblio.png\" alt=\"\" width=\"178\" height=\"144\" srcset=\"https:\/\/agora.xtec.cat\/ies-arraona\/wp-content\/uploads\/usu1014\/2018\/03\/biblio.png 301w, https:\/\/agora.xtec.cat\/ies-arraona\/wp-content\/uploads\/usu1014\/2018\/03\/biblio-300x245.png 300w\" sizes=\"auto, (max-width: 178px) 100vw, 178px\" \/><\/a>\u00a0 \u00a0 \u00a0 \u00a0 \u00a0 \u00a0 \u00a0 \u00a0 \u00a0 \u00a0\u00a0<\/b><\/p>\n<p><em>&#8220;Per imagines ad verbum&#8221;<\/em><\/p>\n<p><b>Presentaci\u00f3<\/b><\/p>\n<p><span style=\"font-weight: 400;\">El projecte Booktrailers ens ensenya una estrat\u00e8gia diferent per animar l\u2019alumnat a enfonsar-se en el m\u00f3n de la literatura.<\/span><\/p>\n<p><span style=\"font-weight: 400;\">En aquest projecte, us proposem que sigueu vosaltres els que convenceu els dem\u00e9s amb la vostra Bibliosinopsis de qu\u00e8 llegeixin alguns contes d\u2019autores i d\u2019autores reconeguts de la literatura grega, llatina i universal que llegireu i dels que us haureu documentat.<\/span><\/p>\n<p><span style=\"font-weight: 400;\">El resultat \u00e9s com les sinopsis de les pel\u00b7l\u00edcules. Esperem que tingueu un \u00e8xit espectacular! I d\u2019aqu\u00ed als Oscars!<\/span><\/p>\n<p><strong>PROFESSORS\/ES:\u00a0<\/strong>Isabel Or\u00fas, Javier Ortiz i Lorena G\u00f3mez<\/p>\n<p><b>NIVELL:<\/b><span style=\"font-weight: 400;\"> \u00a0<\/span>3r\u00a0d&#8217;ESO<\/p>\n<ol>\n<li><a href=\"http:\/\/agora.xtec.cat\/ies-arraona\/projecte-educatiu\/projectes\/bibliosinopsis\/bibliosinopsisobjectius\/\"><strong>OBJECTIUS<\/strong><\/a><\/li>\n<li><a href=\"http:\/\/agora.xtec.cat\/ies-arraona\/projecte-educatiu\/projectes\/bibliosinopsis\/bibliosinopsiscontinguts\/\"><strong>CONTINGUTS<\/strong><\/a><\/li>\n<li><a href=\"https:\/\/agora.xtec.cat\/ies-arraona\/projecte-educatiu\/projectes\/bibliosinopsis\/bibliosinopsismetodologia\/\"><strong>COM TREBALLEM?<\/strong><\/a><\/li>\n<li><strong><a href=\"https:\/\/agora.xtec.cat\/ies-arraona\/projecte-educatiu\/projectes\/bibliosinopsis\/bibliosinopsisavaluem\/\"><strong>COM AVALUEM?<\/strong><\/a><\/strong><\/li>\n<li><span style=\"color: #000000;\"><b style=\"font-family: inherit; font-size: 1em;\">PRODUCTE FINAL &#8211; <\/b><b style=\"font-family: inherit; font-size: 1em;\">Opus exactum:<\/b><\/span><\/li>\n<\/ol>\n<p>La finalitat \u00e9s crear un v\u00eddeo que promocioni els llibres i s&#8217;anir\u00e0 pujant a la web a l&#8217;apartat de projectes. Els treballs escrits es tornaran corregits als alumnes.<\/p>\n<p><span style=\"font-weight: 400;\">Consilium incepti nostri est pelliculam cynematrographicam brevem efficere quae libros vulget, quae quidem in pagina retiali apparebit sub nomine \u201cincepta\u201d. Libelli rite castigati discipulis redistribuentur.<\/span><\/p>\n<p>La promesa y el beso<\/p>\n<p><iframe loading=\"lazy\" title=\"LA PROMESA Y EL BESO Nayely Melgar y Anna Rosado Tra\u0301iler definitivo\" width=\"500\" height=\"375\" src=\"https:\/\/www.youtube.com\/embed\/A_greJO6mzs?feature=oembed\" frameborder=\"0\" allow=\"accelerometer; autoplay; clipboard-write; encrypted-media; gyroscope; picture-in-picture; web-share\" referrerpolicy=\"strict-origin-when-cross-origin\" allowfullscreen><\/iframe><\/p>\n<p>&nbsp;<\/p>\n<p>Un Sant Jordi de pel\u00b7l\u00edcula<\/p>\n<p><a href=\"https:\/\/drive.google.com\/file\/d\/1a_6cQejURgoQ8n2oFXknDDn5GSdsW824%5Bembed%5D&nbsp;Dia%20de%20la%20dona%5Bembed%5Dhttps:\/\/youtu.be\/AQ4L3iwwwSc\">https:\/\/drive.google.com\/file\/d\/1a_6cQejURgoQ8n2oFXknDDn5GSdsW824<\/p>\n<p>&nbsp;<\/p>\n<p>Dia de la dona<\/p>\n<p>https:\/\/youtu.be\/AQ4L3iwwwSc<\/a><\/p>\n<p>&nbsp;<\/p>\n","protected":false},"excerpt":{"rendered":"<p><a href=\"http:\/\/agora.xtec.cat\/ies-arraona\/wp-content\/uploads\/usu1014\/2018\/03\/biblio.png\"><\/a>\u00a0 \u00a0 \u00a0 \u00a0 \u00a0 \u00a0 \u00a0 \u00a0 \u00a0 \u00a0\u00a0<br \/>\n&#8220;Per imagines ad verbum&#8221;<br \/>\nPresentaci\u00f3<br \/>\nEl projecte Booktrailers ens ensenya una estrat\u00e8gia diferent per animar l\u2019alumnat a enfonsar-se en el m\u00f3n de la literatura.<br \/>\nEn aquest projecte, us proposem que sigueu vosaltres els que convenceu els dem\u00e9s amb&hellip;  <a href=\"https:\/\/agora.xtec.cat\/ies-arraona\/projecte-educatiu\/projectes\/bibliosinopsis\/\" title=\"Read Bibliosinopsis\">Llegeix m\u00e9s\u00bb<\/a><\/p>\n","protected":false},"author":7,"featured_media":0,"parent":3628,"menu_order":101,"comment_status":"closed","ping_status":"closed","template":"page-templates\/side-menu.php","meta":{"_bbp_topic_count":0,"_bbp_reply_count":0,"_bbp_total_topic_count":0,"_bbp_total_reply_count":0,"_bbp_voice_count":0,"_bbp_anonymous_reply_count":0,"_bbp_topic_count_hidden":0,"_bbp_reply_count_hidden":0,"_bbp_forum_subforum_count":0,"footnotes":""},"class_list":["post-3851","page","type-page","status-publish","hentry"],"post_mailing_queue_ids":[],"_links":{"self":[{"href":"https:\/\/agora.xtec.cat\/ies-arraona\/wp-json\/wp\/v2\/pages\/3851","targetHints":{"allow":["GET"]}}],"collection":[{"href":"https:\/\/agora.xtec.cat\/ies-arraona\/wp-json\/wp\/v2\/pages"}],"about":[{"href":"https:\/\/agora.xtec.cat\/ies-arraona\/wp-json\/wp\/v2\/types\/page"}],"author":[{"embeddable":true,"href":"https:\/\/agora.xtec.cat\/ies-arraona\/wp-json\/wp\/v2\/users\/7"}],"replies":[{"embeddable":true,"href":"https:\/\/agora.xtec.cat\/ies-arraona\/wp-json\/wp\/v2\/comments?post=3851"}],"version-history":[{"count":4,"href":"https:\/\/agora.xtec.cat\/ies-arraona\/wp-json\/wp\/v2\/pages\/3851\/revisions"}],"predecessor-version":[{"id":5984,"href":"https:\/\/agora.xtec.cat\/ies-arraona\/wp-json\/wp\/v2\/pages\/3851\/revisions\/5984"}],"up":[{"embeddable":true,"href":"https:\/\/agora.xtec.cat\/ies-arraona\/wp-json\/wp\/v2\/pages\/3628"}],"wp:attachment":[{"href":"https:\/\/agora.xtec.cat\/ies-arraona\/wp-json\/wp\/v2\/media?parent=3851"}],"curies":[{"name":"wp","href":"https:\/\/api.w.org\/{rel}","templated":true}]}}