{"id":3850,"date":"2018-03-01T22:55:46","date_gmt":"2018-03-01T21:55:46","guid":{"rendered":"http:\/\/agora.xtec.cat\/ies-arraona\/?page_id=3850"},"modified":"2023-02-14T18:15:14","modified_gmt":"2023-02-14T17:15:14","slug":"teatre","status":"publish","type":"page","link":"https:\/\/agora.xtec.cat\/ies-arraona\/projecte-educatiu\/projectes\/teatre\/","title":{"rendered":"Enjoying English through drama"},"content":{"rendered":"<p><a href=\"http:\/\/agora.xtec.cat\/ies-arraona\/wp-content\/uploads\/usu1014\/2018\/03\/Enjoying.png\"><img loading=\"lazy\" decoding=\"async\" class=\"alignnone size-full wp-image-3946\" src=\"http:\/\/agora.xtec.cat\/ies-arraona\/wp-content\/uploads\/usu1014\/2018\/03\/Enjoying.png\" alt=\"\" width=\"582\" height=\"221\" srcset=\"https:\/\/agora.xtec.cat\/ies-arraona\/wp-content\/uploads\/usu1014\/2018\/03\/Enjoying.png 582w, https:\/\/agora.xtec.cat\/ies-arraona\/wp-content\/uploads\/usu1014\/2018\/03\/Enjoying-300x114.png 300w\" sizes=\"auto, (max-width: 582px) 100vw, 582px\" \/><\/a><\/p>\n<p><em>\u201cThe stage is not merely the meeting place of all the arts, but it is also the return of art to life\u201d. Oscar Wilde.<\/em><\/p>\n<p><strong>Presentaci\u00f3 i objectius<\/strong><\/p>\n<p><span style=\"font-weight: 400;\">El teatre \u00e9s joc, creativitat, acords, equip, consens, comunicaci\u00f3, coordinaci\u00f3, responsabilitat, comprom\u00eds, conviv\u00e8ncia, respectar la difer\u00e8ncia. Arribar a l\u2019espectacle \u00e9s haver transitat per tots aquests aspectes. Per aconseguir-ho \u00e9s necessari realitzar una s\u00e8rie d\u2019activitats i d\u2019exercicis que seran recursos de gran valor per la formaci\u00f3 de l\u2019alumnat, i contribuir al seu desenvolupament integral, a la formaci\u00f3 de persones lliures i felices, i de ciutadans c\u00edvics i respectuosos que conformin una societat madura.<\/span><\/p>\n<p><span style=\"font-weight: 400;\">Aquest curs 2018-2019 participarem en la mostra de teatre de Sabadell (LaSala\u00a0Miguel Hern\u00e1ndez) amb una adaptaci\u00f3 en angl\u00e8s de la novel\u00b7la <\/span><i><span style=\"font-weight: 400;\">The<\/span><\/i><span style=\"font-weight: 400;\"> Outsiders. Per aconseguir aquest ambici\u00f3s objectiu, farem exercicis de teatralitzaci\u00f3 i improvisaci\u00f3, ballarem coreografies, analitzarem personatges, treballarem textos en angl\u00e8s, prepararem decorats i vestuaris, assajarem\u2026 En definitiva, crearem la nostra pr\u00f2pia versi\u00f3 de\u00a0<\/span><i><span style=\"font-weight: 400;\">The<\/span><\/i><span style=\"font-weight: 400;\"> Outsiders.<\/span><\/p>\n<p><b>PROFESSORES: \u00a0<\/b>Cynthia del Jes\u00fas, Esther L\u00f3pez i M\u00f3nica G\u00f3mez<\/p>\n<p><b>NIVELL:<\/b><span style=\"font-weight: 400;\"> 3r d&#8217;ESO<\/span><\/p>\n<ol>\n<li><a href=\"https:\/\/agora.xtec.cat\/ies-arraona\/projecte-educatiu\/projectes\/teatre\/enjoying-english-through-dramacontinguts\/\"><strong>CONTINGUTS<\/strong><\/a><\/li>\n<li><a href=\"https:\/\/agora.xtec.cat\/ies-arraona\/projecte-educatiu\/projectes\/teatre\/enjoying-english-through-dramametodologia\/\"><strong>COM TREBALLEM<\/strong><\/a><\/li>\n<li><a href=\"https:\/\/agora.xtec.cat\/ies-arraona\/projecte-educatiu\/projectes\/teatre\/enjoying-english-through-dramaavaluem\/\"><strong>COM AVALUEM?<\/strong><\/a><\/li>\n<li><strong>PRODUCTE FINAL:<\/strong><\/li>\n<\/ol>\n<p>&nbsp;<\/p>\n<p>&nbsp;<\/p>\n<p><iframe loading=\"lazy\" title=\"VIDEO PROMOCIONAL FOOTLOOSE\" width=\"500\" height=\"375\" src=\"https:\/\/www.youtube.com\/embed\/-njZ2amOwqU?feature=oembed\" frameborder=\"0\" allow=\"accelerometer; autoplay; clipboard-write; encrypted-media; gyroscope; picture-in-picture; web-share\" referrerpolicy=\"strict-origin-when-cross-origin\" allowfullscreen><\/iframe><\/p>\n","protected":false},"excerpt":{"rendered":"<p><a href=\"http:\/\/agora.xtec.cat\/ies-arraona\/wp-content\/uploads\/usu1014\/2018\/03\/Enjoying.png\"><\/a><br \/>\n\u201cThe stage is not merely the meeting place of all the arts, but it is also the return of art to life\u201d. Oscar Wilde.<br \/>\nPresentaci\u00f3 i objectius<br \/>\nEl teatre \u00e9s joc, creativitat, acords, equip, consens, comunicaci\u00f3, coordinaci\u00f3, responsabilitat, comprom\u00eds, conviv\u00e8ncia, respectar la difer\u00e8ncia. Arribar a l\u2019espectacle&hellip;  <a href=\"https:\/\/agora.xtec.cat\/ies-arraona\/projecte-educatiu\/projectes\/teatre\/\" title=\"Read Enjoying English through drama\">Llegeix m\u00e9s\u00bb<\/a><\/p>\n","protected":false},"author":7,"featured_media":0,"parent":3628,"menu_order":102,"comment_status":"closed","ping_status":"closed","template":"page-templates\/side-menu.php","meta":{"_bbp_topic_count":0,"_bbp_reply_count":0,"_bbp_total_topic_count":0,"_bbp_total_reply_count":0,"_bbp_voice_count":0,"_bbp_anonymous_reply_count":0,"_bbp_topic_count_hidden":0,"_bbp_reply_count_hidden":0,"_bbp_forum_subforum_count":0,"footnotes":""},"class_list":["post-3850","page","type-page","status-publish","hentry"],"post_mailing_queue_ids":[],"_links":{"self":[{"href":"https:\/\/agora.xtec.cat\/ies-arraona\/wp-json\/wp\/v2\/pages\/3850","targetHints":{"allow":["GET"]}}],"collection":[{"href":"https:\/\/agora.xtec.cat\/ies-arraona\/wp-json\/wp\/v2\/pages"}],"about":[{"href":"https:\/\/agora.xtec.cat\/ies-arraona\/wp-json\/wp\/v2\/types\/page"}],"author":[{"embeddable":true,"href":"https:\/\/agora.xtec.cat\/ies-arraona\/wp-json\/wp\/v2\/users\/7"}],"replies":[{"embeddable":true,"href":"https:\/\/agora.xtec.cat\/ies-arraona\/wp-json\/wp\/v2\/comments?post=3850"}],"version-history":[{"count":4,"href":"https:\/\/agora.xtec.cat\/ies-arraona\/wp-json\/wp\/v2\/pages\/3850\/revisions"}],"predecessor-version":[{"id":5986,"href":"https:\/\/agora.xtec.cat\/ies-arraona\/wp-json\/wp\/v2\/pages\/3850\/revisions\/5986"}],"up":[{"embeddable":true,"href":"https:\/\/agora.xtec.cat\/ies-arraona\/wp-json\/wp\/v2\/pages\/3628"}],"wp:attachment":[{"href":"https:\/\/agora.xtec.cat\/ies-arraona\/wp-json\/wp\/v2\/media?parent=3850"}],"curies":[{"name":"wp","href":"https:\/\/api.w.org\/{rel}","templated":true}]}}