{"id":3847,"date":"2018-03-01T22:55:45","date_gmt":"2018-03-01T21:55:45","guid":{"rendered":"http:\/\/agora.xtec.cat\/ies-arraona\/?page_id=3847"},"modified":"2023-02-14T18:16:03","modified_gmt":"2023-02-14T17:16:03","slug":"francais","status":"publish","type":"page","link":"https:\/\/agora.xtec.cat\/ies-arraona\/projecte-educatiu\/projectes\/francais\/","title":{"rendered":"Le fran\u00e7ais en projet"},"content":{"rendered":"<p><a href=\"http:\/\/agora.xtec.cat\/ies-arraona\/wp-content\/uploads\/usu1014\/2018\/03\/Fr.png\"><img loading=\"lazy\" decoding=\"async\" class=\"alignnone wp-image-3995\" src=\"http:\/\/agora.xtec.cat\/ies-arraona\/wp-content\/uploads\/usu1014\/2018\/03\/Fr-1024x372.png\" alt=\"\" width=\"275\" height=\"100\" srcset=\"https:\/\/agora.xtec.cat\/ies-arraona\/wp-content\/uploads\/usu1014\/2018\/03\/Fr-1024x372.png 1024w, https:\/\/agora.xtec.cat\/ies-arraona\/wp-content\/uploads\/usu1014\/2018\/03\/Fr-300x109.png 300w, https:\/\/agora.xtec.cat\/ies-arraona\/wp-content\/uploads\/usu1014\/2018\/03\/Fr-768x279.png 768w, https:\/\/agora.xtec.cat\/ies-arraona\/wp-content\/uploads\/usu1014\/2018\/03\/Fr.png 1092w\" sizes=\"auto, (max-width: 275px) 100vw, 275px\" \/><\/a><\/p>\n<p><strong><em>&#8220;Une langue diff\u00e9rente est une vision diff\u00e9rente de la vie&#8221; (Federico Fellini)<\/em><\/strong><\/p>\n<p><a href=\"http:\/\/agora.xtec.cat\/ies-arraona\/wp-content\/uploads\/usu1014\/2018\/03\/fr2.png\"><img loading=\"lazy\" decoding=\"async\" class=\"alignnone wp-image-3997\" src=\"http:\/\/agora.xtec.cat\/ies-arraona\/wp-content\/uploads\/usu1014\/2018\/03\/fr2-1024x372.png\" alt=\"\" width=\"275\" height=\"100\" srcset=\"https:\/\/agora.xtec.cat\/ies-arraona\/wp-content\/uploads\/usu1014\/2018\/03\/fr2-1024x372.png 1024w, https:\/\/agora.xtec.cat\/ies-arraona\/wp-content\/uploads\/usu1014\/2018\/03\/fr2-300x109.png 300w, https:\/\/agora.xtec.cat\/ies-arraona\/wp-content\/uploads\/usu1014\/2018\/03\/fr2-768x279.png 768w, https:\/\/agora.xtec.cat\/ies-arraona\/wp-content\/uploads\/usu1014\/2018\/03\/fr2.png 1092w\" sizes=\"auto, (max-width: 275px) 100vw, 275px\" \/><\/a><\/p>\n<p><strong><em>&#8220;Communiquer, c\u2019est mettre en commun, et mettre en commun, c\u2019est l\u2019acte m\u00eame qui nous constitue&#8221; (Albert Jacquard)<\/em><\/strong><\/p>\n<p><a href=\"http:\/\/agora.xtec.cat\/ies-arraona\/wp-content\/uploads\/usu1014\/2018\/03\/fr3.png\"><img loading=\"lazy\" decoding=\"async\" class=\"alignnone wp-image-3998\" src=\"http:\/\/agora.xtec.cat\/ies-arraona\/wp-content\/uploads\/usu1014\/2018\/03\/fr3-1024x373.png\" alt=\"\" width=\"274\" height=\"100\" srcset=\"https:\/\/agora.xtec.cat\/ies-arraona\/wp-content\/uploads\/usu1014\/2018\/03\/fr3-1024x373.png 1024w, https:\/\/agora.xtec.cat\/ies-arraona\/wp-content\/uploads\/usu1014\/2018\/03\/fr3-300x109.png 300w, https:\/\/agora.xtec.cat\/ies-arraona\/wp-content\/uploads\/usu1014\/2018\/03\/fr3-768x279.png 768w, https:\/\/agora.xtec.cat\/ies-arraona\/wp-content\/uploads\/usu1014\/2018\/03\/fr3.png 1091w\" sizes=\"auto, (max-width: 274px) 100vw, 274px\" \/><\/a><\/p>\n<p><strong><em>&#8220;Le cin\u00e9ma, c\u2019est l\u2019\u00e9criture moderne dont l\u2019encre est la lumi\u00e8re&#8221; (Jean Cocteau)<\/em><\/strong><\/p>\n<p><strong>Presentaci\u00f3<\/strong><\/p>\n<p><span style=\"font-weight: 400;\">En el context europeu actual \u00e9s evident que una de les principals necessitats dels nostres alumnes \u00e9s aprendre a comunicar-se en altres lleng\u00fces i con\u00e8ixer la resta de cultures d\u2019Europa. I de tots \u00e9s conegut que la segona llengua estrangera m\u00e9s important tant a nivell europeu com a nivell internacional \u00e9s el franc\u00e8s, que es parla a m\u00e9s de 35 pa\u00efsos dels 5 continents! <\/span><\/p>\n<p><span style=\"font-weight: 400;\">A partir d\u2019aquest curs l\u2019ensenyament del franc\u00e8s s\u2019inclour\u00e0 en el treball per projectes a tota l\u2019ESO, \u00a0fomentant la col\u00b7laboraci\u00f3, la participaci\u00f3 i la utilitzaci\u00f3 activa de la llengua en contextos reals de comunicaci\u00f3. \u00c9s per aix\u00f2 que a partir d\u2019ara apareixer\u00e0 amb el nom \u201cLe Fran\u00e7ais en Projet\u201d (el franc\u00e8s en projecte), i per a cada curs es proposar\u00e0 un projecte diferent.<\/span><\/p>\n<p><b>PROFESSORS\/ES: <\/b>Miguel De Pablos, Celia Fern\u00e1ndez, David Briones i Javier Ortiz.<\/p>\n<p><strong>NIVELLS:\u00a0<\/strong>1r, 2n 3r, 4t d&#8217;ESO i 1r de batxillerat.<\/p>\n<ol>\n<li><a href=\"http:\/\/agora.xtec.cat\/ies-arraona\/projecte-educatiu\/projectes\/francais\/le-francais-en-projet-2\/\"><strong>OBJECTIUS<\/strong><\/a><\/li>\n<li><a href=\"http:\/\/agora.xtec.cat\/ies-arraona\/projecte-educatiu\/projectes\/francais\/le-francais-en-projet\/\"><strong>CONTINGUTS<\/strong><\/a><\/li>\n<li><strong><a href=\"http:\/\/agora.xtec.cat\/ies-arraona\/projecte-educatiu\/projectes\/francais\/le-francais-en-projet-3\/\"><strong>COM TREBALLEM<\/strong><\/a><\/strong><\/li>\n<li><a href=\"http:\/\/agora.xtec.cat\/ies-arraona\/projecte-educatiu\/projectes\/francais\/le-francais-en-projet-4\/\"><strong>COM AVALUEM?<\/strong><\/a><\/li>\n<li><a href=\"http:\/\/agora.xtec.cat\/ies-arraona\/projecte-educatiu\/projectes\/francais\/le-francais-en-projet-5\/\"><strong>SORTIDES<\/strong><\/a><\/li>\n<li><strong>PRODUCTE FINAL<\/strong><\/li>\n<\/ol>\n<p><strong>Productes finals<\/strong><\/p>\n<p><span style=\"font-weight: 400;\">FR 1R.<\/span><\/p>\n<p><span style=\"font-weight: 400;\">OP\u00c9RATION MAGAZINE: REVISTA DIGITAL<\/span><\/p>\n<ul>\n<li style=\"font-weight: 400;\"><a href=\"http:\/\/www.calameo.com\/read\/0050162433645167603f7\"><span style=\"font-weight: 400;\">http:\/\/www.calameo.com\/read\/0050162433645167603f7<\/span><\/a><\/li>\n<\/ul>\n<p><span style=\"font-weight: 400;\">FR2N<\/span><\/p>\n<p><span style=\"font-weight: 400;\">AT\u00c9LIER CORRESPONDANCE<\/span><\/p>\n<ul>\n<li style=\"font-weight: 400;\"><a href=\"https:\/\/padlet.com\/cefeliarraona\/DRAWMYLIFE2N\"><span style=\"font-weight: 400;\">https:\/\/padlet.com\/cefeliarraona\/DRAWMYLIFE2N<\/span><\/a><\/li>\n<li style=\"font-weight: 400;\"><a href=\"https:\/\/padlet.com\/cefeliarraona\/ateliercorrespondancevideos\"><span style=\"font-weight: 400;\">https:\/\/padlet.com\/cefeliarraona\/ateliercorrespondancevideos<\/span><\/a><\/li>\n<\/ul>\n<p><span style=\"font-weight: 400;\">FR3R<\/span><\/p>\n<p><span style=\"font-weight: 400;\">PROJET \u00c9CHANGE:<\/span><\/p>\n<ul>\n<li style=\"font-weight: 400;\"><a href=\"https:\/\/padlet.com\/cefeliarraona\/lumiere_moteur_accion\"><span style=\"font-weight: 400;\">https:\/\/padlet.com\/cefeliarraona\/lumiere_moteur_accion<\/span><\/a><\/li>\n<li style=\"font-weight: 400;\"><a href=\"http:\/\/agora.xtec.cat\/ies-arraona\/general\/intercanvi-a-nica-2018\/\"><span style=\"font-weight: 400;\">Intercanvi a Ni\u00e7a<\/span><\/a><\/li>\n<li style=\"font-weight: 400;\"><a href=\"http:\/\/agora.xtec.cat\/ies-arraona\/general\/intercanvi-nica-sabadell\/\">Intercanvi a Sabadell<\/a><\/li>\n<\/ul>\n<p><b><a href=\"http:\/\/agora.xtec.cat\/ies-arraona\/projecte-educatiu\/projectes\/francais\/le-francais-en-projet\/\">PROJECTES DELS GRUPS<\/a>: <\/b>1r ESO (projecte trimestral), 2n ESO A\/B\/C (Anual) i<b>\u00a0<\/b>3r ESO A\/B\/C (Anual)<\/p>\n","protected":false},"excerpt":{"rendered":"<p><a href=\"http:\/\/agora.xtec.cat\/ies-arraona\/wp-content\/uploads\/usu1014\/2018\/03\/Fr.png\"><\/a><br \/>\n&#8220;Une langue diff\u00e9rente est une vision diff\u00e9rente de la vie&#8221; (Federico Fellini)<br \/>\n<a href=\"http:\/\/agora.xtec.cat\/ies-arraona\/wp-content\/uploads\/usu1014\/2018\/03\/fr2.png\"><\/a><br \/>\n&#8220;Communiquer, c\u2019est mettre en commun, et mettre en commun, c\u2019est l\u2019acte m\u00eame qui nous constitue&#8221; (Albert Jacquard)<br \/>\n<a href=\"http:\/\/agora.xtec.cat\/ies-arraona\/wp-content\/uploads\/usu1014\/2018\/03\/fr3.png\"><\/a><br \/>\n&#8220;Le cin\u00e9ma, c\u2019est l\u2019\u00e9criture moderne dont l\u2019encre est la lumi\u00e8re&#8221; (Jean Cocteau)<br \/>\nPresentaci\u00f3<br \/>\nEn el context europeu&hellip;  <a href=\"https:\/\/agora.xtec.cat\/ies-arraona\/projecte-educatiu\/projectes\/francais\/\" title=\"Read Le fran\u00e7ais en projet\">Llegeix m\u00e9s\u00bb<\/a><\/p>\n","protected":false},"author":7,"featured_media":0,"parent":3628,"menu_order":105,"comment_status":"closed","ping_status":"closed","template":"page-templates\/side-menu.php","meta":{"_bbp_topic_count":0,"_bbp_reply_count":0,"_bbp_total_topic_count":0,"_bbp_total_reply_count":0,"_bbp_voice_count":0,"_bbp_anonymous_reply_count":0,"_bbp_topic_count_hidden":0,"_bbp_reply_count_hidden":0,"_bbp_forum_subforum_count":0,"footnotes":""},"class_list":["post-3847","page","type-page","status-publish","hentry"],"post_mailing_queue_ids":[],"_links":{"self":[{"href":"https:\/\/agora.xtec.cat\/ies-arraona\/wp-json\/wp\/v2\/pages\/3847","targetHints":{"allow":["GET"]}}],"collection":[{"href":"https:\/\/agora.xtec.cat\/ies-arraona\/wp-json\/wp\/v2\/pages"}],"about":[{"href":"https:\/\/agora.xtec.cat\/ies-arraona\/wp-json\/wp\/v2\/types\/page"}],"author":[{"embeddable":true,"href":"https:\/\/agora.xtec.cat\/ies-arraona\/wp-json\/wp\/v2\/users\/7"}],"replies":[{"embeddable":true,"href":"https:\/\/agora.xtec.cat\/ies-arraona\/wp-json\/wp\/v2\/comments?post=3847"}],"version-history":[{"count":4,"href":"https:\/\/agora.xtec.cat\/ies-arraona\/wp-json\/wp\/v2\/pages\/3847\/revisions"}],"predecessor-version":[{"id":5992,"href":"https:\/\/agora.xtec.cat\/ies-arraona\/wp-json\/wp\/v2\/pages\/3847\/revisions\/5992"}],"up":[{"embeddable":true,"href":"https:\/\/agora.xtec.cat\/ies-arraona\/wp-json\/wp\/v2\/pages\/3628"}],"wp:attachment":[{"href":"https:\/\/agora.xtec.cat\/ies-arraona\/wp-json\/wp\/v2\/media?parent=3847"}],"curies":[{"name":"wp","href":"https:\/\/api.w.org\/{rel}","templated":true}]}}