{"id":3846,"date":"2018-03-01T22:55:44","date_gmt":"2018-03-01T21:55:44","guid":{"rendered":"http:\/\/agora.xtec.cat\/ies-arraona\/?page_id=3846"},"modified":"2023-02-14T18:15:31","modified_gmt":"2023-02-14T17:15:31","slug":"filovisual","status":"publish","type":"page","link":"https:\/\/agora.xtec.cat\/ies-arraona\/projecte-educatiu\/projectes\/filovisual\/","title":{"rendered":"Filovisual"},"content":{"rendered":"<p>&nbsp;<\/p>\n<table style=\"width: 1001px;\">\n<tbody>\n<tr>\n<td style=\"width: 1536px;\" colspan=\"4\"><strong>PROJECTE FILOVISUAL 1ESO DIARI CLASSE.\u00a0<\/strong><\/td>\n<\/tr>\n<tr>\n<td style=\"width: 60px;\"><strong>TEMP.<\/strong><\/td>\n<td style=\"width: 481px;\"><strong>CONTINGUTS<\/strong><\/td>\n<td style=\"width: 995px;\" colspan=\"2\"><strong>ACTIVITAT<\/strong><\/td>\n<\/tr>\n<tr>\n<td style=\"width: 60px;\"><strong>2h.<\/strong><\/p>\n<p><strong>\u00a0<\/strong><\/td>\n<td style=\"width: 1029px;\" colspan=\"2\">\n<p style=\"text-align: left;\">\u00b7\u00a0\u00a0\u00a0\u00a0\u00a0\u00a0\u00a0\u00a0 Concepte de <strong>Filosofia<\/strong>.<\/p>\n<p style=\"text-align: left;\">\u00b7\u00a0\u00a0\u00a0\u00a0\u00a0\u00a0\u00a0\u00a0 El pas del <strong>Temps<\/strong> com a percepci\u00f3 subjectiva. Per qu\u00e8 unes vegades sembla que el temps passa r\u00e0pid i altres m\u00e9s lent?. Sobre l\u2019obsessi\u00f3 viure intensament i a no perdre&#8217;s res.<\/p>\n<p style=\"text-align: left;\">\u00b7\u00a0\u00a0\u00a0\u00a0\u00a0\u00a0\u00a0\u00a0 Mite de Cronos, devorador de vida. Mite de Pers\u00e9fone. Idea d\u2019infern.<\/p>\n<\/td>\n<td style=\"width: 447px;\">\u00b7\u00a0\u00a0\u00a0\u00a0\u00a0\u00a0\u00a0\u00a0 Apunts<\/td>\n<\/tr>\n<tr>\n<td style=\"width: 60px;\"><strong>2h.<\/strong><\/td>\n<td style=\"width: 1029px;\" colspan=\"2\"><strong>El<\/strong> <strong>Mite de La Caverna de Plat\u00f3<\/strong>.<\/p>\n<p>Sobre les met\u00e0fores de la llum i l\u2019ombra.<\/p>\n<p>Relat i an\u00e0lisi del mite.<\/td>\n<td style=\"width: 447px;\">\u00b7\u00a0\u00a0\u00a0\u00a0\u00a0\u00a0\u00a0\u00a0 Relat del mite i an\u00e0lisi de les met\u00e0fores m\u00e9s significatives.<\/p>\n<p>\u00b7\u00a0\u00a0\u00a0\u00a0\u00a0\u00a0\u00a0\u00a0 An\u00e0lisi visual de \u201cl\u2019escena dels fets\u201d (on situa Plat\u00f3 la cova, el foc, la pendent, el sol, &#8230;). Projecci\u00f3 de diverses representacions del mite.<\/p>\n<p>\u00b7\u00a0\u00a0\u00a0\u00a0\u00a0\u00a0\u00a0\u00a0 Representaci\u00f3 lliure del mite<\/td>\n<\/tr>\n<tr>\n<td style=\"width: 60px;\"><strong>2h.<\/strong><\/td>\n<td style=\"width: 1029px;\" colspan=\"2\">\u00b7\u00a0\u00a0\u00a0\u00a0\u00a0\u00a0\u00a0\u00a0 <strong>L\u2019escola a l\u2019antiga Gr\u00e8cia<\/strong><\/p>\n<p>Origen grec de la paraula escola: <em>esjol\u00e9<\/em>, creada per formar als fills de les fam\u00edlies lliures (tants nois no saben ben b\u00e9 perqu\u00e8 serveix una escola &#8230;):<\/p>\n<p>\u00fc\u00a0 L\u2019<em>esjol\u00e9<\/em> com a via d\u2019aprenentatge dels fills de les fam\u00edlies lliures.<\/p>\n<p>\u00fc\u00a0 Sobre la difer\u00e8ncia de mentalitat entre els homes i dones nascuts lliures i nascuts esclaus.<\/p>\n<p>\u00fc\u00a0 La tauleta de cera i el punx\u00f3, estris b\u00e0sics d\u2019aprenentatge.<\/p>\n<p>&nbsp;<\/td>\n<td style=\"width: 447px;\">\u00b7\u00a0\u00a0\u00a0\u00a0\u00a0\u00a0\u00a0\u00a0 Debat en grup sobre el significat de Llibertat<\/p>\n<p>\u00b7\u00a0\u00a0\u00a0\u00a0\u00a0\u00a0\u00a0\u00a0 Escriure en catal\u00e0 i llat\u00ed les seg\u00fcents sent\u00e8ncies del fil\u00f2sof rom\u00e0 <strong>Seneca<\/strong> sobre la percepci\u00f3 del temps:<\/p>\n<p>\u201cNo \u00e9s que tinguem poc temps, \u00e9s que n\u2019hem perdut molt\u201d<\/p>\n<p><em>Non exiguum temporibus habemus, sed multa perdidimus.<\/em><\/p>\n<p>\u201cLa natura no ha concebut res perqu\u00e8 sigui imm\u00f2bil\u201d<\/p>\n<p><em>Nihil ita ut immobile esset natura concepit<\/em>.<\/p>\n<p>Els alumnes tradueixen les dues sent\u00e8ncies del llat\u00ed al grec amb el suport de la projecci\u00f3 d\u2019una taula d\u2019equival\u00e8ncies dels dos alfabets.<\/td>\n<\/tr>\n<tr>\n<td style=\"width: 60px;\"><strong>2h.<\/strong><\/td>\n<td style=\"width: 1029px;\" colspan=\"2\"><\/td>\n<td style=\"width: 447px;\">\u00b7\u00a0\u00a0\u00a0\u00a0\u00a0\u00a0\u00a0\u00a0 Activitat d\u2019escriptura amb cera fosa i punx\u00f3: cada alumne fa la seva pr\u00f2pia tauleta amb cera fosa per escriure a continuaci\u00f3 sobre ella la traducci\u00f3 al grec de les dues sent\u00e8ncies.<\/td>\n<\/tr>\n<tr>\n<td style=\"width: 60px;\"><strong>1h.<\/strong><\/td>\n<td style=\"width: 1029px;\" colspan=\"2\">\u00b7\u00a0\u00a0\u00a0\u00a0\u00a0\u00a0\u00a0\u00a0 <strong>Aparen\u00e7a i realitat: l\u2019engany visual<\/strong><\/td>\n<td style=\"width: 447px;\">\u00b7\u00a0\u00a0\u00a0\u00a0\u00a0\u00a0\u00a0\u00a0 Projecci\u00f3 d\u2019enganys visuals.<\/p>\n<p>\u00b7\u00a0\u00a0\u00a0\u00a0\u00a0\u00a0\u00a0\u00a0 Debat de grup sobre c\u00f3m les aparences afecten el nostre dia a dia (amb els companys, etc)<\/td>\n<\/tr>\n<tr>\n<td style=\"width: 60px;\"><strong>1h.<\/strong><\/td>\n<td style=\"width: 1029px;\" colspan=\"2\"><strong>\u00a0<\/strong><\/td>\n<td style=\"width: 447px;\">\u00b7\u00a0\u00a0\u00a0\u00a0\u00a0\u00a0\u00a0\u00a0 Dibuix de la il\u00b7lusi\u00f3 \u00f2ptica d\u2019un forat (a partir de v\u00eddeotutorial)<\/td>\n<\/tr>\n<tr>\n<td style=\"width: 60px;\"><strong>\u00a0<\/strong><\/p>\n<p><strong>1h.<\/strong><\/p>\n<p><strong>\u00a0<\/strong><\/td>\n<td style=\"width: 1029px;\" colspan=\"2\"><\/td>\n<td style=\"width: 447px;\">\u00b7\u00a0\u00a0\u00a0\u00a0\u00a0\u00a0\u00a0\u00a0 Continuaci\u00f3 dibuix il\u00b7lusi\u00f3 \u00f2ptica d\u2019un forat.<\/td>\n<\/tr>\n<tr>\n<td style=\"width: 60px;\"><strong>2h.<\/strong><\/p>\n<p><strong>\u00a0<\/strong><\/td>\n<td style=\"width: 1029px;\" colspan=\"2\">\u00b7\u00a0\u00a0\u00a0\u00a0\u00a0\u00a0\u00a0\u00a0 <strong>L\u2019instant i el Temps<\/strong><\/p>\n<p>Tornem a connectar amb el tema de la percepci\u00f3 del temps que ja hav\u00edem tractat en el <strong>Tema 1<\/strong>. Per\u00f2 aquesta vegada ens centrem en el valor de l\u2019instant, en la gran difer\u00e8ncia existent entre el pas del temps i el temps realment viscut. Entenem que la reflexi\u00f3 que aporta Jorge Bucay en el compte de <strong><em>El buscador<\/em><\/strong> s\u2019ajusta exactament a la nostra intenci\u00f3.<\/td>\n<td style=\"width: 447px;\">\u00b7\u00a0\u00a0\u00a0\u00a0\u00a0\u00a0\u00a0\u00a0 Projecci\u00f3 del relat animat del compte.<\/p>\n<p>\u00b7\u00a0\u00a0\u00a0\u00a0\u00a0\u00a0\u00a0\u00a0 Lectura grupal del mateix compte.<\/p>\n<p>\u00b7\u00a0\u00a0\u00a0\u00a0\u00a0\u00a0\u00a0\u00a0 Intervencions dels alumnes exposant en p\u00fablic el record instants valuosos.<\/td>\n<\/tr>\n<tr>\n<td style=\"width: 60px;\"><strong>2h.<\/strong><\/td>\n<td style=\"width: 1029px;\" colspan=\"2\">\u00b7\u00a0\u00a0\u00a0\u00a0\u00a0\u00a0\u00a0 <strong>Una aproximaci\u00f3 al Taoisme<\/strong><\/p>\n<p>Met\u00e0fora del <em>Ying<\/em> i el <em>Yang<\/em>.<\/p>\n<p>El llibre del Tao.<\/p>\n<p>El <em>jaiku<\/em>.<\/td>\n<td style=\"width: 447px;\">\u00b7\u00a0\u00a0\u00a0\u00a0\u00a0\u00a0\u00a0\u00a0 Lectura i an\u00e0lisi grupal d\u2019un cap\u00edtol del Tao-Te-King.<\/p>\n<p>\u00b7\u00a0\u00a0\u00a0\u00a0\u00a0\u00a0\u00a0\u00a0 Lectura i an\u00e0lisi grupal d\u2019una selecci\u00f3 de <em>jaikus<\/em>.<\/p>\n<p>\u00b7\u00a0\u00a0\u00a0\u00a0\u00a0\u00a0\u00a0\u00a0 El dibuix i l\u2019escriptura entesos com una unitat a la cultura xinesa tradicional. Projecci\u00f3 d\u2019exemples.<\/td>\n<\/tr>\n<tr>\n<td style=\"width: 60px;\"><strong>2h.<\/strong><\/td>\n<td style=\"width: 1029px;\" colspan=\"2\">Concepte d\u2019ideograma: cal\u00b7ligrafia <em>Yong<\/em><\/td>\n<td style=\"width: 447px;\">\u00b7\u00a0\u00a0\u00a0\u00a0\u00a0\u00a0\u00a0\u00a0 Procediment d\u2019escriptura amb cal\u00b7ligrafia <em>Yong<\/em>.<\/p>\n<p>\u00b7\u00a0\u00a0\u00a0\u00a0\u00a0\u00a0\u00a0\u00a0 Activitat amb tinta xina sobre paper d\u2019arr\u00f2s: aplicaci\u00f3 del procediment en la creaci\u00f3 de dos <em>jaikus<\/em> en cal\u00b7ligrafia <em>Yong<\/em> a partir d\u2019una selecci\u00f3 d\u2019ideogrames.<\/td>\n<\/tr>\n<tr>\n<td style=\"width: 60px;\"><strong>1h.<\/strong><\/td>\n<td style=\"width: 1029px;\" colspan=\"2\">\u00b7\u00a0\u00a0\u00a0\u00a0\u00a0\u00a0\u00a0 <strong>Una aproximaci\u00f3 a la Teoria de la Relativitat<\/strong><\/p>\n<p>La Relativitat de la velocitat (exemple del tren i el cotxe, del tren i la pilota, &#8230;).<\/p>\n<p>La velocitat de la llum \u00e9s absoluta.<\/td>\n<td style=\"width: 447px;\">\u00b7\u00a0\u00a0\u00a0\u00a0\u00a0\u00a0\u00a0\u00a0 Demostraci\u00f3 de la relativitat de la velocitat utilitzant un cotxe el\u00e8ctric de joguina amb fars.<\/p>\n<p>\u00b7\u00a0\u00a0\u00a0\u00a0\u00a0\u00a0\u00a0\u00a0 Apunts visuals sobre la relativitat de la velocitat.<\/p>\n<p>\u00b7\u00a0\u00a0\u00a0\u00a0\u00a0\u00a0\u00a0\u00a0 Projecci\u00f3 d\u2019una animaci\u00f3 explicativa del concepte de relativitat.<\/td>\n<\/tr>\n<tr>\n<td style=\"width: 60px;\"><strong>1h.<\/strong><\/td>\n<td style=\"width: 1029px;\" colspan=\"2\">La velocitat de la llum com a pe\u00e7a fonamental per entendre la dimensi\u00f3 espai-temps.<\/p>\n<p>Sobre la deformaci\u00f3 de la dimensi\u00f3 espai-temps. Quina forma t\u00e9 l\u2019univers?. L\u2019univers \u00e9s infinit?<\/td>\n<td style=\"width: 447px;\">\u00b7\u00a0\u00a0\u00a0\u00a0\u00a0\u00a0\u00a0\u00a0 Demostraci\u00f3 de la deformaci\u00f3 de la dimensi\u00f3 espai-temps utilitzant un llen\u00e7ol i una bola de ferro.<\/p>\n<p>\u00b7\u00a0\u00a0\u00a0\u00a0\u00a0\u00a0\u00a0\u00a0 Representaci\u00f3 visual de la deformaci\u00f3 de l\u2019espai-temps (a partir de v\u00eddeotutorial).<\/td>\n<\/tr>\n<tr>\n<td style=\"width: 60px;\"><strong>2h.<\/strong><\/td>\n<td style=\"width: 1029px;\" colspan=\"2\"><\/td>\n<td style=\"width: 447px;\">\u00b7\u00a0\u00a0\u00a0\u00a0\u00a0\u00a0\u00a0\u00a0 Activitat amb acuarel.la: gal\u00e0xia (a partir de v\u00eddeotutorial)<\/p>\n<p>OBSERVACI\u00d3: l\u2019activitat Representaci\u00f3 visual de la deformaci\u00f3 de l\u2019espai-temps sumaria un valor afegit si dispos\u00e9ssim d\u2019ordinadors adequats per treballar amb el programa Photoshop (eina Malla, etc.)<\/td>\n<\/tr>\n<\/tbody>\n<\/table>\n<p><a href=\"http:\/\/agora.xtec.cat\/ies-arraona\/wp-content\/uploads\/usu1014\/2016\/11\/image-1.png\">\r\n\t<div class=\"slideshow_container slideshow_container_style-light\" style=\"height: 600px; \" data-slideshow-id=\"1352\" data-style-name=\"style-light\" data-style-version=\"2.3.1\" >\r\n\r\n\t\t\t\t\t<div class=\"slideshow_loading_icon\"><\/div>\r\n\t\t\r\n\t\t<div class=\"slideshow_content\" style=\"display: none;\">\r\n\r\n\t\t\t<div class=\"slideshow_view\">\r\n\t\t\t\t<div class=\"slideshow_slide slideshow_slide_image\">\r\n\t\t\t\t\t\t\t\t\t\t\t<img src=\"https:\/\/agora.xtec.cat\/ies-arraona\/wp-content\/uploads\/usu1014\/2016\/12\/Felicitaci\u00f3.png\" alt=\"felicitacio\" width=\"907\" height=\"648\" \/>\r\n\t\t\t\t\t\t\t\t\t\t<div class=\"slideshow_description_box slideshow_transparent\">\r\n\t\t\t\t\t\t\t\t\t\t\t\t\t\t\t\t\t<\/div>\r\n\t\t\t\t<\/div>\r\n\r\n\t\t\t\t\t\t<div style=\"clear: both;\"><\/div><\/div><div class=\"slideshow_view\">\r\n\t\t\t\t<div class=\"slideshow_slide slideshow_slide_image\">\r\n\t\t\t\t\t\t\t\t\t\t\t<img src=\"https:\/\/agora.xtec.cat\/ies-arraona\/wp-content\/uploads\/usu1014\/2016\/11\/FILOVISUAL-La-Torre-de-Babel.jpg\" alt=\"filovisual-la-torre-de-babel\" width=\"1024\" height=\"728\" \/>\r\n\t\t\t\t\t\t\t\t\t\t<div class=\"slideshow_description_box slideshow_transparent\">\r\n\t\t\t\t\t\t<div class=\"slideshow_title\">filovisual-la-torre-de-babel<\/div>\t\t\t\t\t\t\t\t\t\t\t<\/div>\r\n\t\t\t\t<\/div>\r\n\r\n\t\t\t\t\t\t<div style=\"clear: both;\"><\/div><\/div><div class=\"slideshow_view\">\r\n\t\t\t\t<div class=\"slideshow_slide slideshow_slide_image\">\r\n\t\t\t\t\t\t\t\t\t\t\t<img src=\"https:\/\/agora.xtec.cat\/ies-arraona\/wp-content\/uploads\/usu1014\/2016\/11\/FILOVISUAL-El-mite-de-la-caverna.jpg\" alt=\"filovisual-el-mite-de-la-caverna\" width=\"1024\" height=\"728\" \/>\r\n\t\t\t\t\t\t\t\t\t\t<div class=\"slideshow_description_box slideshow_transparent\">\r\n\t\t\t\t\t\t<div class=\"slideshow_title\">filovisual-el-mite-de-la-caverna<\/div>\t\t\t\t\t\t\t\t\t\t\t<\/div>\r\n\t\t\t\t<\/div>\r\n\r\n\t\t\t\t\t\t<div style=\"clear: both;\"><\/div><\/div><div class=\"slideshow_view\">\r\n\t\t\t\t<div class=\"slideshow_slide slideshow_slide_image\">\r\n\t\t\t\t\t\t\t\t\t\t\t<img src=\"https:\/\/agora.xtec.cat\/ies-arraona\/wp-content\/uploads\/usu1014\/2016\/11\/image.png\" alt=\"image\" width=\"404\" height=\"404\" \/>\r\n\t\t\t\t\t\t\t\t\t\t<div class=\"slideshow_description_box slideshow_transparent\">\r\n\t\t\t\t\t\t<div class=\"slideshow_title\">image<\/div>\t\t\t\t\t\t\t\t\t\t\t<\/div>\r\n\t\t\t\t<\/div>\r\n\r\n\t\t\t\t\t\t<div style=\"clear: both;\"><\/div><\/div><div class=\"slideshow_view\">\r\n\t\t\t\t<div class=\"slideshow_slide slideshow_slide_image\">\r\n\t\t\t\t\t\t\t\t\t\t\t<img src=\"https:\/\/agora.xtec.cat\/ies-arraona\/wp-content\/uploads\/usu1014\/2016\/11\/image-1.png\" alt=\"image-1\" width=\"948\" height=\"948\" \/>\r\n\t\t\t\t\t\t\t\t\t\t<div class=\"slideshow_description_box slideshow_transparent\">\r\n\t\t\t\t\t\t<div class=\"slideshow_title\">image-1<\/div>\t\t\t\t\t\t\t\t\t\t\t<\/div>\r\n\t\t\t\t<\/div>\r\n\r\n\t\t\t\t\t\t<div style=\"clear: both;\"><\/div><\/div><div class=\"slideshow_view\">\r\n\t\t\t\t<div class=\"slideshow_slide slideshow_slide_image\">\r\n\t\t\t\t\t\t\t\t\t\t\t<img src=\"https:\/\/agora.xtec.cat\/ies-arraona\/wp-content\/uploads\/usu1014\/2016\/12\/paraules.jpg\" alt=\"paraules\" width=\"1360\" height=\"272\" \/>\r\n\t\t\t\t\t\t\t\t\t\t<div class=\"slideshow_description_box slideshow_transparent\">\r\n\t\t\t\t\t\t<div class=\"slideshow_title\">paraules<\/div>\t\t\t\t\t\t\t\t\t\t\t<\/div>\r\n\t\t\t\t<\/div>\r\n\r\n\t\t\t\t\t\t<div style=\"clear: both;\"><\/div><\/div><div class=\"slideshow_view\">\r\n\t\t\t\t<div class=\"slideshow_slide slideshow_slide_image\">\r\n\t\t\t\t\t\t\t\t\t\t\t<img src=\"https:\/\/agora.xtec.cat\/ies-arraona\/wp-content\/uploads\/usu1014\/2016\/12\/circumst\u00e1ncies1.jpg\" alt=\"circumstancies1\" width=\"1024\" height=\"728\" \/>\r\n\t\t\t\t\t\t\t\t\t\t<div class=\"slideshow_description_box slideshow_transparent\">\r\n\t\t\t\t\t\t<div class=\"slideshow_title\">circumstancies1<\/div>\t\t\t\t\t\t\t\t\t\t\t<\/div>\r\n\t\t\t\t<\/div>\r\n\r\n\t\t\t\t\t\t<div style=\"clear: both;\"><\/div><\/div><div class=\"slideshow_view\">\r\n\t\t\t\t<div class=\"slideshow_slide slideshow_slide_image\">\r\n\t\t\t\t\t\t\t\t\t\t\t<img src=\"https:\/\/agora.xtec.cat\/ies-arraona\/wp-content\/uploads\/usu1014\/2016\/12\/circumst\u00e1ncies2.jpg\" alt=\"circumstancies2\" width=\"1024\" height=\"728\" \/>\r\n\t\t\t\t\t\t\t\t\t\t<div class=\"slideshow_description_box slideshow_transparent\">\r\n\t\t\t\t\t\t<div class=\"slideshow_title\">circumstancies2<\/div>\t\t\t\t\t\t\t\t\t\t\t<\/div>\r\n\t\t\t\t<\/div>\r\n\r\n\t\t\t\t\t\t<div style=\"clear: both;\"><\/div><\/div><div class=\"slideshow_view\">\r\n\t\t\t\t<div class=\"slideshow_slide slideshow_slide_image\">\r\n\t\t\t\t\t\t\t\t\t\t\t<img src=\"https:\/\/agora.xtec.cat\/ies-arraona\/wp-content\/uploads\/usu1014\/2016\/11\/Projecte-FILOVISUAL-les-il-\u00c0lusions-\u00a6ptiques.jpg\" alt=\"projecte-filovisual-les-il-alusions-%c2%a6ptiques\" width=\"1024\" height=\"728\" \/>\r\n\t\t\t\t\t\t\t\t\t\t<div class=\"slideshow_description_box slideshow_transparent\">\r\n\t\t\t\t\t\t<div class=\"slideshow_title\">projecte-filovisual-les-il-alusions-%c2%a6ptiques<\/div>\t\t\t\t\t\t\t\t\t\t\t<\/div>\r\n\t\t\t\t<\/div>\r\n\r\n\t\t\t\t\t\t<div style=\"clear: both;\"><\/div><\/div><div class=\"slideshow_view\">\r\n\t\t\t\t<div class=\"slideshow_slide slideshow_slide_image\">\r\n\t\t\t\t\t\t\t\t\t\t\t<img src=\"https:\/\/agora.xtec.cat\/ies-arraona\/wp-content\/uploads\/usu1014\/2016\/11\/FiloVisual-LLUM-i-FOC.jpg\" alt=\"filovisual-llum-i-foc\" width=\"1152\" height=\"1169\" \/>\r\n\t\t\t\t\t\t\t\t\t\t<div class=\"slideshow_description_box slideshow_transparent\">\r\n\t\t\t\t\t\t<div class=\"slideshow_title\">filovisual-llum-i-foc<\/div>\t\t\t\t\t\t\t\t\t\t\t<\/div>\r\n\t\t\t\t<\/div>\r\n\r\n\t\t\t\t\t\t<div style=\"clear: both;\"><\/div><\/div><div class=\"slideshow_view\">\r\n\t\t\t\t<div class=\"slideshow_slide slideshow_slide_image\">\r\n\t\t\t\t\t\t\t\t\t\t\t<img src=\"https:\/\/agora.xtec.cat\/ies-arraona\/wp-content\/uploads\/usu1014\/2016\/11\/FILOVISUAL-rostres-de-SORPRESA.jpg\" alt=\"filovisual-rostres-de-sorpresa\" width=\"1243\" height=\"1399\" \/>\r\n\t\t\t\t\t\t\t\t\t\t<div class=\"slideshow_description_box slideshow_transparent\">\r\n\t\t\t\t\t\t<div class=\"slideshow_title\">filovisual-rostres-de-sorpresa<\/div>\t\t\t\t\t\t\t\t\t\t\t<\/div>\r\n\t\t\t\t<\/div>\r\n\r\n\t\t\t\t\t\t<div style=\"clear: both;\"><\/div><\/div><div class=\"slideshow_view\">\r\n\t\t\t\t<div class=\"slideshow_slide slideshow_slide_image\">\r\n\t\t\t\t\t\t\t\t\t\t\t<img src=\"https:\/\/agora.xtec.cat\/ies-arraona\/wp-content\/uploads\/usu1014\/2016\/11\/FiloVisual-EXPLORANT.jpg\" alt=\"filovisual-explorant\" width=\"1024\" height=\"728\" \/>\r\n\t\t\t\t\t\t\t\t\t\t<div class=\"slideshow_description_box slideshow_transparent\">\r\n\t\t\t\t\t\t<div class=\"slideshow_title\">filovisual-explorant<\/div>\t\t\t\t\t\t\t\t\t\t\t<\/div>\r\n\t\t\t\t<\/div>\r\n\r\n\t\t\t\t\t\t<div style=\"clear: both;\"><\/div><\/div>\r\n\t\t<\/div>\r\n\r\n\t\t<div class=\"slideshow_controlPanel slideshow_transparent\" style=\"display: none;\"><ul><li class=\"slideshow_togglePlay\" data-play-text=\"Visualitza\" data-pause-text=\"Pausa\"><\/li><\/ul><\/div>\r\n\r\n\t\t<div class=\"slideshow_button slideshow_previous slideshow_transparent\" role=\"button\" data-previous-text=\"Anterior\" style=\"display: none;\"><\/div>\r\n\t\t<div class=\"slideshow_button slideshow_next slideshow_transparent\" role=\"button\" data-next-text=\"Seg\u00fcent\" style=\"display: none;\"><\/div>\r\n\r\n\t\t<div class=\"slideshow_pagination\" style=\"display: none;\" data-go-to-text=\"V\u00e9s a la diapositiva\"><div class=\"slideshow_pagination_center\"><\/div><\/div>\r\n\r\n\t\t<!-- WordPress Slideshow Version 2.3.1 -->\r\n\r\n\t\t\t<\/div>\r\n\r\n<\/a><\/p>\n","protected":false},"excerpt":{"rendered":"<p>&nbsp;<\/p>\n<p>PROJECTE FILOVISUAL 1ESO DIARI CLASSE.\u00a0<\/p>\n<p>TEMP.<br \/>\nCONTINGUTS<br \/>\nACTIVITAT<\/p>\n<p>2h.<br \/>\n\u00a0<\/p>\n<p>\u00b7\u00a0\u00a0\u00a0\u00a0\u00a0\u00a0\u00a0\u00a0 Concepte de Filosofia.<br \/>\n\u00b7\u00a0\u00a0\u00a0\u00a0\u00a0\u00a0\u00a0\u00a0 El pas del Temps com a percepci\u00f3 subjectiva. Per qu\u00e8 unes vegades sembla que el temps passa r\u00e0pid i altres m\u00e9s lent?. Sobre l\u2019obsessi\u00f3 viure intensament i a no perdre&#8217;s res.<br \/>\n\u00b7\u00a0\u00a0\u00a0\u00a0\u00a0\u00a0\u00a0\u00a0 Mite de Cronos, devorador de vida.&hellip;  <a href=\"https:\/\/agora.xtec.cat\/ies-arraona\/projecte-educatiu\/projectes\/filovisual\/\" title=\"Read Filovisual\">Llegeix m\u00e9s\u00bb<\/a><\/p>\n","protected":false},"author":7,"featured_media":0,"parent":3628,"menu_order":103,"comment_status":"closed","ping_status":"closed","template":"page-templates\/side-menu.php","meta":{"_bbp_topic_count":0,"_bbp_reply_count":0,"_bbp_total_topic_count":0,"_bbp_total_reply_count":0,"_bbp_voice_count":0,"_bbp_anonymous_reply_count":0,"_bbp_topic_count_hidden":0,"_bbp_reply_count_hidden":0,"_bbp_forum_subforum_count":0,"footnotes":""},"class_list":["post-3846","page","type-page","status-publish","hentry"],"post_mailing_queue_ids":[],"_links":{"self":[{"href":"https:\/\/agora.xtec.cat\/ies-arraona\/wp-json\/wp\/v2\/pages\/3846","targetHints":{"allow":["GET"]}}],"collection":[{"href":"https:\/\/agora.xtec.cat\/ies-arraona\/wp-json\/wp\/v2\/pages"}],"about":[{"href":"https:\/\/agora.xtec.cat\/ies-arraona\/wp-json\/wp\/v2\/types\/page"}],"author":[{"embeddable":true,"href":"https:\/\/agora.xtec.cat\/ies-arraona\/wp-json\/wp\/v2\/users\/7"}],"replies":[{"embeddable":true,"href":"https:\/\/agora.xtec.cat\/ies-arraona\/wp-json\/wp\/v2\/comments?post=3846"}],"version-history":[{"count":3,"href":"https:\/\/agora.xtec.cat\/ies-arraona\/wp-json\/wp\/v2\/pages\/3846\/revisions"}],"predecessor-version":[{"id":4007,"href":"https:\/\/agora.xtec.cat\/ies-arraona\/wp-json\/wp\/v2\/pages\/3846\/revisions\/4007"}],"up":[{"embeddable":true,"href":"https:\/\/agora.xtec.cat\/ies-arraona\/wp-json\/wp\/v2\/pages\/3628"}],"wp:attachment":[{"href":"https:\/\/agora.xtec.cat\/ies-arraona\/wp-json\/wp\/v2\/media?parent=3846"}],"curies":[{"name":"wp","href":"https:\/\/api.w.org\/{rel}","templated":true}]}}