{"id":3717,"date":"2018-02-28T21:59:26","date_gmt":"2018-02-28T20:59:26","guid":{"rendered":"http:\/\/agora.xtec.cat\/ies-arraona\/?page_id=3717"},"modified":"2019-03-21T09:46:05","modified_gmt":"2019-03-21T08:46:05","slug":"master-del-professorat-de-secundaria","status":"publish","type":"page","link":"https:\/\/agora.xtec.cat\/ies-arraona\/projecte-educatiu\/formacio\/master-del-professorat-de-secundaria\/","title":{"rendered":"M\u00e0ster del professorat de secund\u00e0ria"},"content":{"rendered":"<p style=\"text-align: justify;\">L\u2019Institut Arraona compta amb una extensa experi\u00e8ncia en la formaci\u00f3 inicial del professorat de secund\u00e0ria ja que va estar col\u00b7laborant per a l&#8217;obtenci\u00f3 del Certificat d\u2019Aptitud Pedag\u00f2gica (CAP) del molts professors de la comarca del Vall\u00e8s.\u00a0Ara, la normativa actual preveu la realitzaci\u00f3 del &#8220;M\u00e0ster en Formaci\u00f3 del Professorat de Secund\u00e0ria Obligat\u00f2ria i Batxillerat, Formaci\u00f3 Professional i Ensenyament d&#8217;Idiomes&#8221; i enguany el nostre Institut ha estat sel\u00b7leccionat com a centre formador de pr\u00e0ctiques.<\/p>\n<p style=\"text-align: justify;\">El nostre pla de treball preten capacitar i contribuir a la construcci\u00f3 de la identitat docent d&#8217;aquests futurs professors i professores.<\/p>\n<p style=\"text-align: justify;\">Tutors:<\/p>\n<ul>\n<li style=\"text-align: justify;\">Isabel Ripoll\u00e8s<\/li>\n<li style=\"text-align: justify;\">Rosa Clemente<\/li>\n<li style=\"text-align: justify;\">Assumpta Abell\u00e1n<\/li>\n<li style=\"text-align: justify;\">Juanjo Aso<\/li>\n<li style=\"text-align: justify;\">Javier Ortiz<\/li>\n<\/ul>\n<p>Coordinador: Toni Lamagrande<\/p>\n","protected":false},"excerpt":{"rendered":"<p>L\u2019Institut Arraona compta amb una extensa experi\u00e8ncia en la formaci\u00f3 inicial del professorat de secund\u00e0ria ja que va estar col\u00b7laborant per a l&#8217;obtenci\u00f3 del Certificat d\u2019Aptitud Pedag\u00f2gica (CAP) del molts professors de la comarca del Vall\u00e8s.\u00a0Ara, la normativa actual preveu la realitzaci\u00f3 del &#8220;M\u00e0ster en&hellip;  <a href=\"https:\/\/agora.xtec.cat\/ies-arraona\/projecte-educatiu\/formacio\/master-del-professorat-de-secundaria\/\" title=\"Read M\u00e0ster del professorat de secund\u00e0ria\">Llegeix m\u00e9s\u00bb<\/a><\/p>\n","protected":false},"author":7,"featured_media":0,"parent":6235,"menu_order":10,"comment_status":"closed","ping_status":"closed","template":"","meta":{"_bbp_topic_count":0,"_bbp_reply_count":0,"_bbp_total_topic_count":0,"_bbp_total_reply_count":0,"_bbp_voice_count":0,"_bbp_anonymous_reply_count":0,"_bbp_topic_count_hidden":0,"_bbp_reply_count_hidden":0,"_bbp_forum_subforum_count":0,"footnotes":""},"class_list":["post-3717","page","type-page","status-publish","hentry"],"post_mailing_queue_ids":[],"_links":{"self":[{"href":"https:\/\/agora.xtec.cat\/ies-arraona\/wp-json\/wp\/v2\/pages\/3717","targetHints":{"allow":["GET"]}}],"collection":[{"href":"https:\/\/agora.xtec.cat\/ies-arraona\/wp-json\/wp\/v2\/pages"}],"about":[{"href":"https:\/\/agora.xtec.cat\/ies-arraona\/wp-json\/wp\/v2\/types\/page"}],"author":[{"embeddable":true,"href":"https:\/\/agora.xtec.cat\/ies-arraona\/wp-json\/wp\/v2\/users\/7"}],"replies":[{"embeddable":true,"href":"https:\/\/agora.xtec.cat\/ies-arraona\/wp-json\/wp\/v2\/comments?post=3717"}],"version-history":[{"count":3,"href":"https:\/\/agora.xtec.cat\/ies-arraona\/wp-json\/wp\/v2\/pages\/3717\/revisions"}],"predecessor-version":[{"id":3793,"href":"https:\/\/agora.xtec.cat\/ies-arraona\/wp-json\/wp\/v2\/pages\/3717\/revisions\/3793"}],"up":[{"embeddable":true,"href":"https:\/\/agora.xtec.cat\/ies-arraona\/wp-json\/wp\/v2\/pages\/6235"}],"wp:attachment":[{"href":"https:\/\/agora.xtec.cat\/ies-arraona\/wp-json\/wp\/v2\/media?parent=3717"}],"curies":[{"name":"wp","href":"https:\/\/api.w.org\/{rel}","templated":true}]}}