{"id":3628,"date":"2018-02-28T19:26:47","date_gmt":"2018-02-28T18:26:47","guid":{"rendered":"http:\/\/agora.xtec.cat\/ies-arraona\/?page_id=3628"},"modified":"2019-03-21T09:44:30","modified_gmt":"2019-03-21T08:44:30","slug":"projectes","status":"publish","type":"page","link":"https:\/\/agora.xtec.cat\/ies-arraona\/projecte-educatiu\/projectes\/","title":{"rendered":"Projectes"},"content":{"rendered":"<p>Al nostre Institut es realitzen diferents tipologies de projectes. Les caracter\u00edstiques fonamentals s\u00f3n:<\/p>\n<ul>\n<li>Projectes originals, connectats amb el m\u00f3n real.<\/li>\n<li>Els continguts i l\u2019avaluaci\u00f3 s\u00f3n competencials.<\/li>\n<li>Treballem amb dos o tres professors per projecte i junts a l\u2019aula 2 hores a la setmana.<\/li>\n<li>Fomentem el triling\u00fcisme.<\/li>\n<li>Potenciem la comprensi\u00f3 lectora, el debat i la m\u00fasica ambient per a la relaxaci\u00f3.<\/li>\n<li>Transversals, partint del que l\u2019alumne sap i permetent adquirir m\u00e9s coneixements i compet\u00e8ncies.<\/li>\n<li>Atractius, fomentant la participaci\u00f3 activa de l\u2019alumnat.<\/li>\n<\/ul>\n<p>A continuaci\u00f3 podeu trobar els enlla\u00e7os als webs on es descriuen els continguts, la metodologia i l\u2019avaluaci\u00f3 per cada un dels projectes.<\/p>\n<ul style=\"list-style-type: square;\">\n<li style=\"list-style-type: none;\">\n<ul style=\"list-style-type: square;\">\n<li><a href=\"http:\/\/agora.xtec.cat\/ies-arraona\/projecte-educatiu\/projectes\/art-i-cinema\/\">Art i cinema<\/a><\/li>\n<li><a class=\"menu-link sub-menu-link\" href=\"http:\/\/agora.xtec.cat\/ies-arraona\/projecte-educatiu\/projectes\/bibliosinopsis\/\">Bibliosinopsis<\/a><\/li>\n<li><a href=\"http:\/\/agora.xtec.cat\/ies-arraona\/projecte-educatiu\/projectes\/cultures-del-mon\/\">Cultures del M\u00f3n<\/a><\/li>\n<li><a href=\"http:\/\/agora.xtec.cat\/ies-arraona\/projecte-educatiu\/projectes\/teatre\/\">Enjoying English through drama<\/a><\/li>\n<li><a href=\"http:\/\/agora.xtec.cat\/ies-arraona\/projecte-educatiu\/projectes\/filoart\/\">FiloArt<\/a><\/li>\n<li><a href=\"http:\/\/agora.xtec.cat\/ies-arraona\/projecte-educatiu\/projectes\/filovisual\/\">FiloVisual<\/a><\/li>\n<li><a href=\"http:\/\/agora.xtec.cat\/ies-arraona\/projecte-educatiu\/projectes\/in-giro-per-la-italia\/\">In giro per la Italia<\/a><\/li>\n<li><a href=\"http:\/\/agora.xtec.cat\/ies-arraona\/projecte-educatiu\/projectes\/info-arraona\/\">InfoArraona<\/a><\/li>\n<li><a href=\"http:\/\/agora.xtec.cat\/ies-arraona\/projecte-educatiu\/projectes\/francais\/\">Le fran\u00e7ais en project<\/a><\/li>\n<li><a href=\"http:\/\/agora.xtec.cat\/ies-arraona\/projecte-educatiu\/projectes\/mediacio\/\">Mediaci\u00f3 i habilitats socials<\/a><\/li>\n<li><a href=\"http:\/\/agora.xtec.cat\/ies-arraona\/projecte-educatiu\/projectes\/nosaltres-i-els-altres\/\">Nosaltres i els altres. Mapes, rutes i exploracions<\/a><\/li>\n<li><a href=\"http:\/\/agora.xtec.cat\/ies-arraona\/projecte-educatiu\/projectes\/self\/\">Self made project<\/a><\/li>\n<\/ul>\n<\/li>\n<\/ul>\n<p>&nbsp;<\/p>\n","protected":false},"excerpt":{"rendered":"<p>Al nostre Institut es realitzen diferents tipologies de projectes. Les caracter\u00edstiques fonamentals s\u00f3n:<\/p>\n<ul>\n<li>Projectes originals, connectats amb el m\u00f3n real.<\/li>\n<li>Els continguts i l\u2019avaluaci\u00f3 s\u00f3n competencials.<\/li>\n<li>Treballem amb dos o tres professors per projecte i junts a l\u2019aula 2 hores a la setmana.<\/li>\n<li>Fomentem el triling\u00fcisme.<\/li>\n<li>Potenciem la comprensi\u00f3 lectora,&hellip;  <a href=\"https:\/\/agora.xtec.cat\/ies-arraona\/projecte-educatiu\/projectes\/\" title=\"Read Projectes\">Llegeix m\u00e9s\u00bb<\/a><br \/>\n","protected":false},"author":7,"featured_media":0,"parent":57,"menu_order":60,"comment_status":"closed","ping_status":"closed","template":"","meta":{"_bbp_topic_count":0,"_bbp_reply_count":0,"_bbp_total_topic_count":0,"_bbp_total_reply_count":0,"_bbp_voice_count":0,"_bbp_anonymous_reply_count":0,"_bbp_topic_count_hidden":0,"_bbp_reply_count_hidden":0,"_bbp_forum_subforum_count":0,"footnotes":""},"class_list":["post-3628","page","type-page","status-publish","hentry"],"post_mailing_queue_ids":[],"_links":{"self":[{"href":"https:\/\/agora.xtec.cat\/ies-arraona\/wp-json\/wp\/v2\/pages\/3628","targetHints":{"allow":["GET"]}}],"collection":[{"href":"https:\/\/agora.xtec.cat\/ies-arraona\/wp-json\/wp\/v2\/pages"}],"about":[{"href":"https:\/\/agora.xtec.cat\/ies-arraona\/wp-json\/wp\/v2\/types\/page"}],"author":[{"embeddable":true,"href":"https:\/\/agora.xtec.cat\/ies-arraona\/wp-json\/wp\/v2\/users\/7"}],"replies":[{"embeddable":true,"href":"https:\/\/agora.xtec.cat\/ies-arraona\/wp-json\/wp\/v2\/comments?post=3628"}],"version-history":[{"count":4,"href":"https:\/\/agora.xtec.cat\/ies-arraona\/wp-json\/wp\/v2\/pages\/3628\/revisions"}],"predecessor-version":[{"id":5505,"href":"https:\/\/agora.xtec.cat\/ies-arraona\/wp-json\/wp\/v2\/pages\/3628\/revisions\/5505"}],"up":[{"embeddable":true,"href":"https:\/\/agora.xtec.cat\/ies-arraona\/wp-json\/wp\/v2\/pages\/57"}],"wp:attachment":[{"href":"https:\/\/agora.xtec.cat\/ies-arraona\/wp-json\/wp\/v2\/media?parent=3628"}],"curies":[{"name":"wp","href":"https:\/\/api.w.org\/{rel}","templated":true}]}}