{"id":27,"date":"2014-09-17T16:24:03","date_gmt":"2014-09-17T16:24:03","guid":{"rendered":"http:\/\/agora.xtec.cat\/ies-arraona\/?page_id=27"},"modified":"2025-08-18T20:15:20","modified_gmt":"2025-08-18T18:15:20","slug":"historia","status":"publish","type":"page","link":"https:\/\/agora.xtec.cat\/ies-arraona\/linstitut\/historia\/","title":{"rendered":"Hist\u00f2ria"},"content":{"rendered":"<p><a href=\"http:\/\/agora.xtec.cat\/ies-arraona\/wp-content\/uploads\/usu1014\/2014\/09\/arraona-antic.jpg\" rel=\"attachment wp-att-443\"><img loading=\"lazy\" decoding=\"async\" class=\"alignnone size-full wp-image-443\" src=\"http:\/\/agora.xtec.cat\/ies-arraona\/wp-content\/uploads\/usu1014\/2014\/09\/arraona-antic.jpg\" alt=\"arraona-antic\" width=\"450\" height=\"135\" srcset=\"https:\/\/agora.xtec.cat\/ies-arraona\/wp-content\/uploads\/usu1014\/2014\/09\/arraona-antic.jpg 450w, https:\/\/agora.xtec.cat\/ies-arraona\/wp-content\/uploads\/usu1014\/2014\/09\/arraona-antic-300x90.jpg 300w\" sizes=\"auto, (max-width: 450px) 100vw, 450px\" \/><\/a><\/p>\n<p style=\"text-align: justify;\">D&#8217;entrada val a dir que l&#8217;Arraona juntament amb l&#8217;Egara van ser els primers instituts constru\u00efts en aquesta comarca fa m\u00e9s de 55 anys.<\/p>\n<p style=\"text-align: justify;\">Els centres es van fundar l&#8217;any <strong>1967<\/strong> a Castellarnau. Gr\u00e0cies a aix\u00f2, i especialment a les ciutats de\u00a0<strong>Terrassa <\/strong>i <strong>Sabadell <\/strong>, varen aconseguir ampliar la seva oferta d&#8217;ensenyament p\u00fablic en uns anys d&#8217;enorme creixement.<\/p>\n<p style=\"text-align: justify;\">Els nois estudiaven a l&#8217;Arraona i les noies a l&#8217;Egara, fins que el curs 1977-1978 van passar a ser mixtos. Es compartien espais, com la Sala d&#8217;Actes i el Gimn\u00e0s perqu\u00e8 l&#8217;Egara no els tenia.<\/p>\n<p style=\"text-align: justify;\">Els noms s&#8217;escolliren en unes reunions pr\u00e8vies a l&#8217;obertura i s&#8217;opt\u00e0 per Arraona (nom rom\u00e0 de Sabadell) i Egara (nom rom\u00e0 de Terrassa) per tal d&#8217;estalviar-se noms comuns a l&#8217;\u00e8poca (eren freq\u00fcents els edificis que duien el nom del Caudillo) i que posteriorment els\u00a0anys han esborrat. La tria es pot considerar encertada i, efectivament, ha sobreviscut b\u00e9 el pas dels anys.<\/p>\n<p style=\"text-align: justify;\">Al principi un dels problemes per als alumnes d&#8217;aquests instituts era el transport, ja que la majoria venien de ciutats llunyanes, com Poliny\u00e0, Rubi, Castellar, Viladecavalls o Vacarisses i Olesa i els mitjans de transport possibles eren els autobusos municipals i el tren, que quedava lluny dels centres i a l&#8217;estaci\u00f3 no hi paraven tots els trens.<\/p>\n<p style=\"text-align: justify;\">El senyor Albert Guri va ser el primer director de l&#8217;Arraona quan encara el centre estava en obres (els patis i la sala d&#8217;actes es van acabar al segon curs). Va ser-ne el director durant 13 anys. Despr\u00e9s abandon\u00e0 la doc\u00e8ncia per ocupar un c\u00e0rrec administratiu a Barcelona.<\/p>\n<p style=\"text-align: justify;\">L&#8217;any 1996, l&#8217;Arraona es va traslladar a l&#8217;antiga Escola Oficial d&#8217;Idiomes (abans Escola Sant Bernard) al carrer Pr\u00edncep de Viana, a la zona centre-nord de la ciutat, participant dels barris Conc\u00f2rdia, Creu Alta, Ca n&#8217;Oriac i Torreguitart. Coincidint amb el trasllat, es van fer els canvis en el pla d&#8217;estudis i es va substituir el COU i el BUP per l&#8217;ESO i el Batxillerat que coneixem.<\/p>\n<p style=\"text-align: justify;\">Tot aix\u00f2 va provocar alguns enrenous en el personal del centre: no era el mateix gran edifici, calia traslladar tot el material, que no era poc, i iniciar una nova etapa: l&#8217;ESO. Amb tot, les coses han anat funcionant i millorant amb els anys.<\/p>\n<p style=\"text-align: justify;\">La seu de Princep de Viana rebia alumnes de l&#8217;Escola Miquel Carreras (del barri de Ca n&#8217;Oriac) i l&#8217;Escola Agn\u00e8s Armengol (del sector La Serra). Pel curs 2011-12 tamb\u00e9 de l&#8217;Escola Samuntada.<\/p>\n<p>A partir del curs 2014-2015 l&#8217;Institut Arraona va iniciar el seu trasllat progressiu a la nova seu a l&#8217;espai provisional situat al costat de l&#8217;Escola Can Llong, amb acc\u00e9s pel carrer de Praga. Per tant, el curs 2018-2019 ja estan ubicats en aquest barri els quatre nivells de l\u2019ESO i el batxillerat.<\/p>\n<p>Per al curs 2027-2028 est\u00e0 previst el trasllat al <a href=\"https:\/\/drive.google.com\/file\/d\/16k11jGFKxsybpCNKg9BI9C_o7EAS_mSp\/view\">nou edifici<\/a> de l&#8217;Institut Arraona al carrer Zuric a Can Llong.<\/p>\n<p>L\u2019 institut ha rebut hist\u00f2ricament alumnes de moltes escoles de prim\u00e0ria de la ciutat, per\u00f2 actualment els rep de l\u2019<em>Escola Can Llong, Escola Mas Boadella, Escola Virolet<\/em> (aquesta a partir del curs 2020-2021) i d&#8217;altres escoles properes no adscrites.<\/p>\n<p>Al barri de Can Llong la poblaci\u00f3 de forma gen\u00e8rica \u00e9s de classe mitjana, amb una situaci\u00f3 econ\u00f2mica estable, amb fam\u00edlies joves amb titulaci\u00f3 acad\u00e8mica i de professions liberals, amb \u00fas freq\u00fcent del catal\u00e0 i gaireb\u00e9 sense poblaci\u00f3 estrangera.<\/p>\n<p>Els directors del centre han estat: Jos\u00e9 Tudur\u00ed (1981- 1983), Gl\u00f2ria Durantes (1983-1984), Hernando Rayo (1984-1986), Ferran Marcos (1986-1989), Jordi Vinyals (1989-1994), Montserrat G\u00f3mez (1995-2000), Antonio Luis Corrales (2000-2011), Alex Codina (2011-2015), Maite Pujol (2015-2016) i Toni Lamagrande (2016-2028).<\/p>\n","protected":false},"excerpt":{"rendered":"<p><a href=\"http:\/\/agora.xtec.cat\/ies-arraona\/wp-content\/uploads\/usu1014\/2014\/09\/arraona-antic.jpg\" rel=\"attachment wp-att-443\"><\/a><br \/>\nD&#8217;entrada val a dir que l&#8217;Arraona juntament amb l&#8217;Egara van ser els primers instituts constru\u00efts en aquesta comarca fa m\u00e9s de 55 anys.<br \/>\nEls centres es van fundar l&#8217;any 1967 a Castellarnau. Gr\u00e0cies a aix\u00f2, i especialment a les ciutats de\u00a0Terrassa i Sabadell&hellip;  <a href=\"https:\/\/agora.xtec.cat\/ies-arraona\/linstitut\/historia\/\" title=\"Read Hist\u00f2ria\">Llegeix m\u00e9s\u00bb<\/a><\/p>\n","protected":false},"author":1,"featured_media":0,"parent":19,"menu_order":20,"comment_status":"closed","ping_status":"closed","template":"page-templates\/side-menu.php","meta":{"_bbp_topic_count":0,"_bbp_reply_count":0,"_bbp_total_topic_count":0,"_bbp_total_reply_count":0,"_bbp_voice_count":0,"_bbp_anonymous_reply_count":0,"_bbp_topic_count_hidden":0,"_bbp_reply_count_hidden":0,"_bbp_forum_subforum_count":0,"footnotes":""},"class_list":["post-27","page","type-page","status-publish","hentry"],"post_mailing_queue_ids":[],"_links":{"self":[{"href":"https:\/\/agora.xtec.cat\/ies-arraona\/wp-json\/wp\/v2\/pages\/27","targetHints":{"allow":["GET"]}}],"collection":[{"href":"https:\/\/agora.xtec.cat\/ies-arraona\/wp-json\/wp\/v2\/pages"}],"about":[{"href":"https:\/\/agora.xtec.cat\/ies-arraona\/wp-json\/wp\/v2\/types\/page"}],"author":[{"embeddable":true,"href":"https:\/\/agora.xtec.cat\/ies-arraona\/wp-json\/wp\/v2\/users\/1"}],"replies":[{"embeddable":true,"href":"https:\/\/agora.xtec.cat\/ies-arraona\/wp-json\/wp\/v2\/comments?post=27"}],"version-history":[{"count":8,"href":"https:\/\/agora.xtec.cat\/ies-arraona\/wp-json\/wp\/v2\/pages\/27\/revisions"}],"predecessor-version":[{"id":13307,"href":"https:\/\/agora.xtec.cat\/ies-arraona\/wp-json\/wp\/v2\/pages\/27\/revisions\/13307"}],"up":[{"embeddable":true,"href":"https:\/\/agora.xtec.cat\/ies-arraona\/wp-json\/wp\/v2\/pages\/19"}],"wp:attachment":[{"href":"https:\/\/agora.xtec.cat\/ies-arraona\/wp-json\/wp\/v2\/media?parent=27"}],"curies":[{"name":"wp","href":"https:\/\/api.w.org\/{rel}","templated":true}]}}