{"id":19,"date":"2014-09-17T14:56:56","date_gmt":"2014-09-17T14:56:56","guid":{"rendered":"http:\/\/agora.xtec.cat\/ies-arraona\/?page_id=19"},"modified":"2016-07-29T14:56:13","modified_gmt":"2016-07-29T13:56:13","slug":"linstitut","status":"publish","type":"page","link":"https:\/\/agora.xtec.cat\/ies-arraona\/linstitut\/","title":{"rendered":"L&#8217;institut"},"content":{"rendered":"<p>L\u2019Institut Arraona-Can Llong \u00e9s un institut p\u00fablic d\u2019Ensenyament Secundari situat al sector nord de Sabadell amb mig segle d&#8217;hist\u00f2ria i amb una projecci\u00f3 cultural i educativa que ha estat una refer\u00e8ncia for\u00e7a important, dins el sistema p\u00fablic d\u2019ensenyament a la ciutat.<\/p>\n<p>L\u2019Institut obre les seves portes a la possibilitat de noves ofertes formatives i actualment ofereix els ensenyaments de:<\/p>\n<p>. Educaci\u00f3 Secund\u00e0ria Obligat\u00f2ria<\/p>\n<p>. Batxillerat Human\u00edstic i Social<\/p>\n<p>. Batxillerat Cient\u00edfic i Tecnol\u00f2gic<\/p>\n<p>&nbsp;<\/p>\n","protected":false},"excerpt":{"rendered":"<p>L\u2019Institut Arraona-Can Llong \u00e9s un institut p\u00fablic d\u2019Ensenyament Secundari situat al sector nord de Sabadell amb mig segle d&#8217;hist\u00f2ria i amb una projecci\u00f3 cultural i educativa que ha estat una refer\u00e8ncia for\u00e7a important, dins el sistema p\u00fablic d\u2019ensenyament a la ciutat.<br \/>\nL\u2019Institut obre les seves portes&hellip;  <a href=\"https:\/\/agora.xtec.cat\/ies-arraona\/linstitut\/\" title=\"Read L&#8217;institut\">Llegeix m\u00e9s\u00bb<\/a><\/p>\n","protected":false},"author":1,"featured_media":0,"parent":0,"menu_order":0,"comment_status":"closed","ping_status":"closed","template":"page-templates\/side-menu.php","meta":{"_bbp_topic_count":0,"_bbp_reply_count":0,"_bbp_total_topic_count":0,"_bbp_total_reply_count":0,"_bbp_voice_count":0,"_bbp_anonymous_reply_count":0,"_bbp_topic_count_hidden":0,"_bbp_reply_count_hidden":0,"_bbp_forum_subforum_count":0,"footnotes":""},"class_list":["post-19","page","type-page","status-publish","hentry"],"post_mailing_queue_ids":[],"_links":{"self":[{"href":"https:\/\/agora.xtec.cat\/ies-arraona\/wp-json\/wp\/v2\/pages\/19","targetHints":{"allow":["GET"]}}],"collection":[{"href":"https:\/\/agora.xtec.cat\/ies-arraona\/wp-json\/wp\/v2\/pages"}],"about":[{"href":"https:\/\/agora.xtec.cat\/ies-arraona\/wp-json\/wp\/v2\/types\/page"}],"author":[{"embeddable":true,"href":"https:\/\/agora.xtec.cat\/ies-arraona\/wp-json\/wp\/v2\/users\/1"}],"replies":[{"embeddable":true,"href":"https:\/\/agora.xtec.cat\/ies-arraona\/wp-json\/wp\/v2\/comments?post=19"}],"version-history":[{"count":5,"href":"https:\/\/agora.xtec.cat\/ies-arraona\/wp-json\/wp\/v2\/pages\/19\/revisions"}],"predecessor-version":[{"id":6254,"href":"https:\/\/agora.xtec.cat\/ies-arraona\/wp-json\/wp\/v2\/pages\/19\/revisions\/6254"}],"wp:attachment":[{"href":"https:\/\/agora.xtec.cat\/ies-arraona\/wp-json\/wp\/v2\/media?parent=19"}],"curies":[{"name":"wp","href":"https:\/\/api.w.org\/{rel}","templated":true}]}}