{"id":11349,"date":"2023-02-14T18:13:57","date_gmt":"2023-02-14T17:13:57","guid":{"rendered":"https:\/\/agora.xtec.cat\/ies-arraona\/?page_id=11349"},"modified":"2023-02-14T22:50:29","modified_gmt":"2023-02-14T21:50:29","slug":"suportvital","status":"publish","type":"page","link":"https:\/\/agora.xtec.cat\/ies-arraona\/projecte-educatiu\/projectes\/suportvital\/","title":{"rendered":"Suport Vital"},"content":{"rendered":"<p><img loading=\"lazy\" decoding=\"async\" class=\"alignnone wp-image-5388\" src=\"https:\/\/agora.xtec.cat\/ies-arraona\/wp-content\/uploads\/usu1014\/2023\/02\/Suportvital.jpg\" alt=\"\" width=\"226\" height=\"169\" \/><\/p>\n<p><strong>Presentaci\u00f3<\/strong><\/p>\n<p><strong>Arraona saves lives<\/strong> \u00e9s un projecte de centre iniciat el curs 2019-2020 arran de l\u2019adhesi\u00f3 del nostre centre educatiu al programa de suport vital en centres educatius del <strong>Consell Catal\u00e0 de Ressuscitaci\u00f3<\/strong>.<br \/>\nL\u2019objectiu general del projecte \u00e9s: l\u2019alumnat ha de ser capa\u00e7 de donar una resposta b\u00e0sica en cas d\u2019emerg\u00e8ncia sanit\u00e0ria: ACR (aturada cardiorespirat\u00f2ria)<br \/>\nAt\u00e8s que el Suport Vital B\u00e0sic (SVB) aborda continguts corresponents tant a la mat\u00e8ria d\u2019<strong>Educaci\u00f3 F\u00edsica<\/strong> com a la mat\u00e8ria de <strong>Ci\u00e8ncies Naturals (Biologia)<\/strong>, aquest projecte es du a<br \/>\nterme a tota l\u2019etapa educativa ESO dins aquestes dues mat\u00e8ries.<br \/>\nA primer d\u2019ESO es treballa dins la mat\u00e8ria de MEDI.<br \/>\n<a href=\"https:\/\/agora.xtec.cat\/ies-arraona\/wp-content\/uploads\/usu1014\/2023\/02\/Programa-PROJECTE-SVB1.pdf\" target=\"_blank\" rel=\"noopener\"><strong>Programa del projecte de suport vital per ESO1 <\/strong><\/a><\/p>\n<p>A tercer d\u2019ESO es treballa durant tot el curs dins la mat\u00e8ria de MEDI.<br \/>\n<a href=\"https:\/\/agora.xtec.cat\/ies-arraona\/wp-content\/uploads\/usu1014\/2023\/02\/Programa-PROJECTE-SVB-3r-22-23-3r-ESO.pdf\" target=\"_blank\" rel=\"noopener\"><strong>Programa del projecte de suport vital per ESO3 <\/strong><\/a><\/p>\n<p><b>NIVELL:<\/b> ESO 1,\u00a0ESO 3<\/p>\n","protected":false},"excerpt":{"rendered":"<p>Presentaci\u00f3<br \/>\nArraona saves lives \u00e9s un projecte de centre iniciat el curs 2019-2020 arran de l\u2019adhesi\u00f3 del nostre centre educatiu al programa de suport vital en centres educatius del Consell Catal\u00e0 de Ressuscitaci\u00f3.<br \/>\nL\u2019objectiu general del projecte \u00e9s: l\u2019alumnat ha de ser capa\u00e7 de donar una resposta&hellip;  <a href=\"https:\/\/agora.xtec.cat\/ies-arraona\/projecte-educatiu\/projectes\/suportvital\/\" title=\"Read Suport Vital\">Llegeix m\u00e9s\u00bb<\/a><\/p>\n","protected":false},"author":7,"featured_media":0,"parent":3628,"menu_order":13,"comment_status":"closed","ping_status":"closed","template":"page-templates\/side-menu.php","meta":{"_bbp_topic_count":0,"_bbp_reply_count":0,"_bbp_total_topic_count":0,"_bbp_total_reply_count":0,"_bbp_voice_count":0,"_bbp_anonymous_reply_count":0,"_bbp_topic_count_hidden":0,"_bbp_reply_count_hidden":0,"_bbp_forum_subforum_count":0,"footnotes":""},"class_list":["post-11349","page","type-page","status-publish","hentry"],"post_mailing_queue_ids":[],"_links":{"self":[{"href":"https:\/\/agora.xtec.cat\/ies-arraona\/wp-json\/wp\/v2\/pages\/11349","targetHints":{"allow":["GET"]}}],"collection":[{"href":"https:\/\/agora.xtec.cat\/ies-arraona\/wp-json\/wp\/v2\/pages"}],"about":[{"href":"https:\/\/agora.xtec.cat\/ies-arraona\/wp-json\/wp\/v2\/types\/page"}],"author":[{"embeddable":true,"href":"https:\/\/agora.xtec.cat\/ies-arraona\/wp-json\/wp\/v2\/users\/7"}],"replies":[{"embeddable":true,"href":"https:\/\/agora.xtec.cat\/ies-arraona\/wp-json\/wp\/v2\/comments?post=11349"}],"version-history":[{"count":3,"href":"https:\/\/agora.xtec.cat\/ies-arraona\/wp-json\/wp\/v2\/pages\/11349\/revisions"}],"predecessor-version":[{"id":11413,"href":"https:\/\/agora.xtec.cat\/ies-arraona\/wp-json\/wp\/v2\/pages\/11349\/revisions\/11413"}],"up":[{"embeddable":true,"href":"https:\/\/agora.xtec.cat\/ies-arraona\/wp-json\/wp\/v2\/pages\/3628"}],"wp:attachment":[{"href":"https:\/\/agora.xtec.cat\/ies-arraona\/wp-json\/wp\/v2\/media?parent=11349"}],"curies":[{"name":"wp","href":"https:\/\/api.w.org\/{rel}","templated":true}]}}