{"id":11344,"date":"2023-02-14T18:11:36","date_gmt":"2023-02-14T17:11:36","guid":{"rendered":"https:\/\/agora.xtec.cat\/ies-arraona\/?page_id=11344"},"modified":"2023-02-24T08:16:43","modified_gmt":"2023-02-24T07:16:43","slug":"politikon","status":"publish","type":"page","link":"https:\/\/agora.xtec.cat\/ies-arraona\/projecte-educatiu\/projectes\/politikon\/","title":{"rendered":"Politikon"},"content":{"rendered":"<p><img loading=\"lazy\" decoding=\"async\" class=\"alignnone wp-image-5388\" src=\"https:\/\/agora.xtec.cat\/ies-arraona\/wp-content\/uploads\/usu1014\/2023\/02\/politikon.png\" alt=\"\" width=\"226\" height=\"169\" \/><\/p>\n<p><strong>Presentaci\u00f3<\/strong><\/p>\n<p>En el projecte es realitza un recorregut hist\u00f2ric del pensament pol\u00edtic dels autors filos\u00f2fics m\u00e9s rellevants. Aix\u00ed es tractaran quatre \u00e8poques b\u00e0siques;<br \/>\n-Edat Antiga; Plat\u00f3 i Arist\u00f2til<br \/>\n-Edat Mitjana; Cristianisme<br \/>\n-Edat Moderna; Maquiavel, Hobbes, Locke, Rousseau<br \/>\n-Edat Contempor\u00e0nia; Stuart Mill, Nietzsche, Hegel\/Marx-Comunismes, Anarquisme, Capitalisme.<\/p>\n<p><a href=\"https:\/\/agora.xtec.cat\/ies-arraona\/wp-content\/uploads\/usu1014\/2023\/02\/Projecte-Politikon.pdf\" target=\"_blank\" rel=\"noopener\"><strong>Programa del projecte<\/strong><\/a><\/p>\n<p><b>NIVELL:<\/b> ESO 3<\/p>\n","protected":false},"excerpt":{"rendered":"<p>Presentaci\u00f3<br \/>\nEn el projecte es realitza un recorregut hist\u00f2ric del pensament pol\u00edtic dels autors filos\u00f2fics m\u00e9s rellevants. Aix\u00ed es tractaran quatre \u00e8poques b\u00e0siques;<br \/>\n-Edat Antiga; Plat\u00f3 i Arist\u00f2til<br \/>\n-Edat Mitjana; Cristianisme<br \/>\n-Edat Moderna; Maquiavel, Hobbes, Locke, Rousseau<br \/>\n-Edat Contempor\u00e0nia; Stuart Mill, Nietzsche, Hegel\/Marx-Comunismes, Anarquisme, Capitalisme.<br \/>\n<a href=\"https:\/\/agora.xtec.cat\/ies-arraona\/wp-content\/uploads\/usu1014\/2023\/02\/Projecte-Politikon.pdf\" target=\"_blank\" rel=\"noopener\">Programa del projecte<\/a><br \/>\nNIVELL:&hellip;  <a href=\"https:\/\/agora.xtec.cat\/ies-arraona\/projecte-educatiu\/projectes\/politikon\/\" title=\"Read Politikon\">Llegeix m\u00e9s\u00bb<\/a><\/p>\n","protected":false},"author":7,"featured_media":0,"parent":3628,"menu_order":11,"comment_status":"closed","ping_status":"closed","template":"page-templates\/side-menu.php","meta":{"_bbp_topic_count":0,"_bbp_reply_count":0,"_bbp_total_topic_count":0,"_bbp_total_reply_count":0,"_bbp_voice_count":0,"_bbp_anonymous_reply_count":0,"_bbp_topic_count_hidden":0,"_bbp_reply_count_hidden":0,"_bbp_forum_subforum_count":0,"footnotes":""},"class_list":["post-11344","page","type-page","status-publish","hentry"],"post_mailing_queue_ids":[],"_links":{"self":[{"href":"https:\/\/agora.xtec.cat\/ies-arraona\/wp-json\/wp\/v2\/pages\/11344","targetHints":{"allow":["GET"]}}],"collection":[{"href":"https:\/\/agora.xtec.cat\/ies-arraona\/wp-json\/wp\/v2\/pages"}],"about":[{"href":"https:\/\/agora.xtec.cat\/ies-arraona\/wp-json\/wp\/v2\/types\/page"}],"author":[{"embeddable":true,"href":"https:\/\/agora.xtec.cat\/ies-arraona\/wp-json\/wp\/v2\/users\/7"}],"replies":[{"embeddable":true,"href":"https:\/\/agora.xtec.cat\/ies-arraona\/wp-json\/wp\/v2\/comments?post=11344"}],"version-history":[{"count":3,"href":"https:\/\/agora.xtec.cat\/ies-arraona\/wp-json\/wp\/v2\/pages\/11344\/revisions"}],"predecessor-version":[{"id":11426,"href":"https:\/\/agora.xtec.cat\/ies-arraona\/wp-json\/wp\/v2\/pages\/11344\/revisions\/11426"}],"up":[{"embeddable":true,"href":"https:\/\/agora.xtec.cat\/ies-arraona\/wp-json\/wp\/v2\/pages\/3628"}],"wp:attachment":[{"href":"https:\/\/agora.xtec.cat\/ies-arraona\/wp-json\/wp\/v2\/media?parent=11344"}],"curies":[{"name":"wp","href":"https:\/\/api.w.org\/{rel}","templated":true}]}}