{"id":11335,"date":"2023-02-14T18:06:59","date_gmt":"2023-02-14T17:06:59","guid":{"rendered":"https:\/\/agora.xtec.cat\/ies-arraona\/?page_id=11335"},"modified":"2023-02-24T08:08:16","modified_gmt":"2023-02-24T07:08:16","slug":"monclassic","status":"publish","type":"page","link":"https:\/\/agora.xtec.cat\/ies-arraona\/projecte-educatiu\/projectes\/monclassic\/","title":{"rendered":"M\u00f3n cl\u00e0ssic"},"content":{"rendered":"<p><img loading=\"lazy\" decoding=\"async\" class=\"alignnone wp-image-5388\" src=\"https:\/\/agora.xtec.cat\/ies-arraona\/wp-content\/uploads\/usu1014\/2023\/02\/MonClassic.jpg\" alt=\"\" width=\"126\" height=\"133\" \/><\/p>\n<p><strong>Presentaci\u00f3<\/strong><\/p>\n<p>Els alumnes coneixeran l&#8217;heroi grec Ulisses i les aventures que visqu\u00e9 durant el llarg viatge de tornada a casa despr\u00e9s de la vict\u00f2ria sobre els troians. El relat del seu periple ens ha acompanyat a trav\u00e9s dels segles: des de L&#8217;Odissea d&#8217;Homer, fa tres mil\u00b7lennis, fins a l&#8217;actualitat, a trav\u00e9s de molts i diversos mitjans. En el marc d&#8217;aquest projecte, els alumnes continuaran aquesta cadena de transmissi\u00f3, esdevenint ells tamb\u00e9 narradors de la hist\u00f2ria d&#8217;Ulisses.<\/p>\n<p><a href=\"https:\/\/agora.xtec.cat\/ies-arraona\/wp-content\/uploads\/usu1014\/2023\/02\/Odissea.pdf\" target=\"_blank\" rel=\"noopener\"><strong>Programa del projecte<\/strong><\/a><\/p>\n<p><b>NIVELL:<\/b> ESO 3<\/p>\n","protected":false},"excerpt":{"rendered":"<p>Presentaci\u00f3<br \/>\nEls alumnes coneixeran l&#8217;heroi grec Ulisses i les aventures que visqu\u00e9 durant el llarg viatge de tornada a casa despr\u00e9s de la vict\u00f2ria sobre els troians. El relat del seu periple ens ha acompanyat a trav\u00e9s dels segles: des de L&#8217;Odissea d&#8217;Homer, fa tres mil\u00b7lennis,&hellip;  <a href=\"https:\/\/agora.xtec.cat\/ies-arraona\/projecte-educatiu\/projectes\/monclassic\/\" title=\"Read M\u00f3n cl\u00e0ssic\">Llegeix m\u00e9s\u00bb<\/a><\/p>\n","protected":false},"author":7,"featured_media":0,"parent":3628,"menu_order":8,"comment_status":"closed","ping_status":"closed","template":"page-templates\/side-menu.php","meta":{"_bbp_topic_count":0,"_bbp_reply_count":0,"_bbp_total_topic_count":0,"_bbp_total_reply_count":0,"_bbp_voice_count":0,"_bbp_anonymous_reply_count":0,"_bbp_topic_count_hidden":0,"_bbp_reply_count_hidden":0,"_bbp_forum_subforum_count":0,"footnotes":""},"class_list":["post-11335","page","type-page","status-publish","hentry"],"post_mailing_queue_ids":[],"_links":{"self":[{"href":"https:\/\/agora.xtec.cat\/ies-arraona\/wp-json\/wp\/v2\/pages\/11335","targetHints":{"allow":["GET"]}}],"collection":[{"href":"https:\/\/agora.xtec.cat\/ies-arraona\/wp-json\/wp\/v2\/pages"}],"about":[{"href":"https:\/\/agora.xtec.cat\/ies-arraona\/wp-json\/wp\/v2\/types\/page"}],"author":[{"embeddable":true,"href":"https:\/\/agora.xtec.cat\/ies-arraona\/wp-json\/wp\/v2\/users\/7"}],"replies":[{"embeddable":true,"href":"https:\/\/agora.xtec.cat\/ies-arraona\/wp-json\/wp\/v2\/comments?post=11335"}],"version-history":[{"count":3,"href":"https:\/\/agora.xtec.cat\/ies-arraona\/wp-json\/wp\/v2\/pages\/11335\/revisions"}],"predecessor-version":[{"id":11479,"href":"https:\/\/agora.xtec.cat\/ies-arraona\/wp-json\/wp\/v2\/pages\/11335\/revisions\/11479"}],"up":[{"embeddable":true,"href":"https:\/\/agora.xtec.cat\/ies-arraona\/wp-json\/wp\/v2\/pages\/3628"}],"wp:attachment":[{"href":"https:\/\/agora.xtec.cat\/ies-arraona\/wp-json\/wp\/v2\/media?parent=11335"}],"curies":[{"name":"wp","href":"https:\/\/api.w.org\/{rel}","templated":true}]}}