{"id":10764,"date":"2022-05-14T19:33:06","date_gmt":"2022-05-14T17:33:06","guid":{"rendered":"https:\/\/agora.xtec.cat\/ies-arraona\/?page_id=10764"},"modified":"2023-06-20T12:30:03","modified_gmt":"2023-06-20T10:30:03","slug":"avaluacio-i-millora","status":"publish","type":"page","link":"https:\/\/agora.xtec.cat\/ies-arraona\/projecte-educatiu\/programatdap\/part-estrategica\/avaluacio-i-millora\/","title":{"rendered":"Avaluaci\u00f3 i millora"},"content":{"rendered":"<p style=\"text-align: left;\">La comissi\u00f3 digital far\u00e0 un seguiment al llarg del curs del desenvolupament de les activitats de l\u2019estrat\u00e8gia digital. Per tal d\u2019avaluar-ne la implementaci\u00f3, al final de cada curs es reunir\u00e0 la comissi\u00f3 digital per valorar l\u2019assoliment dels criteris de les activitats i els objectius finalitzats i, l\u2019estat dels que estan en proc\u00e9s. Es presentar\u00e0 al claustre i el consell escolar aquests resultats i tots els aspectes que es considerin rellevants o que requereixin la seva aprovaci\u00f3. A partir d\u2019aquesta avaluaci\u00f3 la comissi\u00f3 digital faran modificacions de l\u2019estrat\u00e8gia digital pels seg\u00fcents cursos, si s\u2019escau.<\/p>\n","protected":false},"excerpt":{"rendered":"<p>La comissi\u00f3 digital far\u00e0 un seguiment al llarg del curs del desenvolupament de les activitats de l\u2019estrat\u00e8gia digital. Per tal d\u2019avaluar-ne la implementaci\u00f3, al final de cada curs es reunir\u00e0 la comissi\u00f3 digital per valorar l\u2019assoliment dels criteris de les activitats i els objectius finalitzats&hellip;  <a href=\"https:\/\/agora.xtec.cat\/ies-arraona\/projecte-educatiu\/programatdap\/part-estrategica\/avaluacio-i-millora\/\" title=\"Read Avaluaci\u00f3 i millora\">Llegeix m\u00e9s\u00bb<\/a><\/p>\n","protected":false},"author":8,"featured_media":0,"parent":10745,"menu_order":0,"comment_status":"closed","ping_status":"closed","template":"","meta":{"_bbp_topic_count":0,"_bbp_reply_count":0,"_bbp_total_topic_count":0,"_bbp_total_reply_count":0,"_bbp_voice_count":0,"_bbp_anonymous_reply_count":0,"_bbp_topic_count_hidden":0,"_bbp_reply_count_hidden":0,"_bbp_forum_subforum_count":0,"footnotes":""},"class_list":["post-10764","page","type-page","status-publish","hentry"],"post_mailing_queue_ids":[],"_links":{"self":[{"href":"https:\/\/agora.xtec.cat\/ies-arraona\/wp-json\/wp\/v2\/pages\/10764","targetHints":{"allow":["GET"]}}],"collection":[{"href":"https:\/\/agora.xtec.cat\/ies-arraona\/wp-json\/wp\/v2\/pages"}],"about":[{"href":"https:\/\/agora.xtec.cat\/ies-arraona\/wp-json\/wp\/v2\/types\/page"}],"author":[{"embeddable":true,"href":"https:\/\/agora.xtec.cat\/ies-arraona\/wp-json\/wp\/v2\/users\/8"}],"replies":[{"embeddable":true,"href":"https:\/\/agora.xtec.cat\/ies-arraona\/wp-json\/wp\/v2\/comments?post=10764"}],"version-history":[{"count":3,"href":"https:\/\/agora.xtec.cat\/ies-arraona\/wp-json\/wp\/v2\/pages\/10764\/revisions"}],"predecessor-version":[{"id":11716,"href":"https:\/\/agora.xtec.cat\/ies-arraona\/wp-json\/wp\/v2\/pages\/10764\/revisions\/11716"}],"up":[{"embeddable":true,"href":"https:\/\/agora.xtec.cat\/ies-arraona\/wp-json\/wp\/v2\/pages\/10745"}],"wp:attachment":[{"href":"https:\/\/agora.xtec.cat\/ies-arraona\/wp-json\/wp\/v2\/media?parent=10764"}],"curies":[{"name":"wp","href":"https:\/\/api.w.org\/{rel}","templated":true}]}}