{"id":10762,"date":"2022-05-14T19:33:05","date_gmt":"2022-05-14T17:33:05","guid":{"rendered":"https:\/\/agora.xtec.cat\/ies-arraona\/?page_id=10762"},"modified":"2023-06-20T11:51:51","modified_gmt":"2023-06-20T09:51:51","slug":"objectius","status":"publish","type":"page","link":"https:\/\/agora.xtec.cat\/ies-arraona\/projecte-educatiu\/programatdap\/part-estrategica\/objectius\/","title":{"rendered":"Objectius"},"content":{"rendered":"<p>Una vegada feta la diagnosi es creu convenient establir uns objectius (l\u00ednia de treball) que ens permetran millorar i avan\u00e7ar cap a una millora de la compet\u00e8ncia digital tant de d\u2019alumnat com dels docents.<\/p>\n<p>Els objectius que es redactaran partiran dels punts febles detectats, tindran en compte els documents de centre (Projecte educatiu, projecte directiu\u2026) i definiran l\u2019Estrat\u00e8gia digital de centre.<\/p>\n<p>OBJECTIU 1: Millorar l&#8217;acollida digital del professorat per facilitar-ne la seva incorporaci\u00f3.<\/p>\n<p>OBJECTIU 2: Consensuar amb tot el claustre els procediments per avaluar la compet\u00e8ncia digital de l&#8217;alumnat de l&#8217;ESO per elaborar els documents d&#8217;avaluaci\u00f3 competencial.<\/p>\n<p>OBJECTIU 3: Continuar amb la promoci\u00f3 d&#8217;\u00fas d&#8217;EVA i altres sistemes de creaci\u00f3 i gesti\u00f3 de continguts per donar coher\u00e8ncia a la l\u00ednia del centre<\/p>\n<p>OBJECTIU 4: Creaci\u00f3 de documentaci\u00f3 amb ajudes a la protecci\u00f3 de dades i la verificaci\u00f3 de la informaci\u00f3 per fomentar un \u00fas correcte de la tecnologia.<\/p>\n<p>OBJECTIU 5: Millorar la formaci\u00f3 continuada en l&#8217;\u00e0mbit digital pel professorat per fomentar la innovaci\u00f3.<\/p>\n<p>&nbsp;<\/p>\n<p style=\"text-align: center;\">\n","protected":false},"excerpt":{"rendered":"<p>Una vegada feta la diagnosi es creu convenient establir uns objectius (l\u00ednia de treball) que ens permetran millorar i avan\u00e7ar cap a una millora de la compet\u00e8ncia digital tant de d\u2019alumnat com dels docents.<br \/>\nEls objectius que es redactaran partiran dels punts febles detectats, tindran en&hellip;  <a href=\"https:\/\/agora.xtec.cat\/ies-arraona\/projecte-educatiu\/programatdap\/part-estrategica\/objectius\/\" title=\"Read Objectius\">Llegeix m\u00e9s\u00bb<\/a><\/p>\n","protected":false},"author":8,"featured_media":0,"parent":10745,"menu_order":0,"comment_status":"closed","ping_status":"closed","template":"","meta":{"_bbp_topic_count":0,"_bbp_reply_count":0,"_bbp_total_topic_count":0,"_bbp_total_reply_count":0,"_bbp_voice_count":0,"_bbp_anonymous_reply_count":0,"_bbp_topic_count_hidden":0,"_bbp_reply_count_hidden":0,"_bbp_forum_subforum_count":0,"footnotes":""},"class_list":["post-10762","page","type-page","status-publish","hentry"],"post_mailing_queue_ids":[],"_links":{"self":[{"href":"https:\/\/agora.xtec.cat\/ies-arraona\/wp-json\/wp\/v2\/pages\/10762","targetHints":{"allow":["GET"]}}],"collection":[{"href":"https:\/\/agora.xtec.cat\/ies-arraona\/wp-json\/wp\/v2\/pages"}],"about":[{"href":"https:\/\/agora.xtec.cat\/ies-arraona\/wp-json\/wp\/v2\/types\/page"}],"author":[{"embeddable":true,"href":"https:\/\/agora.xtec.cat\/ies-arraona\/wp-json\/wp\/v2\/users\/8"}],"replies":[{"embeddable":true,"href":"https:\/\/agora.xtec.cat\/ies-arraona\/wp-json\/wp\/v2\/comments?post=10762"}],"version-history":[{"count":3,"href":"https:\/\/agora.xtec.cat\/ies-arraona\/wp-json\/wp\/v2\/pages\/10762\/revisions"}],"predecessor-version":[{"id":11714,"href":"https:\/\/agora.xtec.cat\/ies-arraona\/wp-json\/wp\/v2\/pages\/10762\/revisions\/11714"}],"up":[{"embeddable":true,"href":"https:\/\/agora.xtec.cat\/ies-arraona\/wp-json\/wp\/v2\/pages\/10745"}],"wp:attachment":[{"href":"https:\/\/agora.xtec.cat\/ies-arraona\/wp-json\/wp\/v2\/media?parent=10762"}],"curies":[{"name":"wp","href":"https:\/\/api.w.org\/{rel}","templated":true}]}}