{"id":9756,"date":"2018-10-31T12:43:20","date_gmt":"2018-10-31T11:43:20","guid":{"rendered":"http:\/\/agora.xtec.cat\/ies-antoni-pous\/?page_id=9756"},"modified":"2024-02-21T10:18:38","modified_gmt":"2024-02-21T09:18:38","slug":"generacio-plurilingue","status":"publish","type":"page","link":"https:\/\/agora.xtec.cat\/ies-antoni-pous\/projectes-2\/generacio-plurilingue\/","title":{"rendered":"GEP+: promoci\u00f3 de l&#8217;angl\u00e8s i del pluriling\u00fcisme"},"content":{"rendered":"<p><span style=\"font-weight: 400;\"><a href=\"https:\/\/agora.xtec.cat\/ies-antoni-pous\/wp-content\/uploads\/usu283\/2023\/01\/Logo.png\"><img loading=\"lazy\" decoding=\"async\" class=\"aligncenter size-full wp-image-13739\" src=\"https:\/\/agora.xtec.cat\/ies-antoni-pous\/wp-content\/uploads\/usu283\/2023\/01\/Logo.png\" alt=\"\" width=\"200\" height=\"200\" srcset=\"https:\/\/agora.xtec.cat\/ies-antoni-pous\/wp-content\/uploads\/usu283\/2023\/01\/Logo.png 200w, https:\/\/agora.xtec.cat\/ies-antoni-pous\/wp-content\/uploads\/usu283\/2023\/01\/Logo-150x150.png 150w\" sizes=\"auto, (max-width: 200px) 100vw, 200px\" \/><\/a>Durant el curs 2018-2019 el centre va comen\u00e7ar el <\/span><b>programa GEP\u00a0 (Generaci\u00f3 Pluriling\u00fce)<\/b><span style=\"font-weight: 400;\"> d\u2019innovaci\u00f3 pedag\u00f2gica del Departament, amb la participaci\u00f3 d\u2019un primer equip impulsor integrat per tres docents. Aquest programa t\u00e9 com a finalitat <\/span><b>millorar la compet\u00e8ncia en lleng\u00fces estrangeres<\/b><span style=\"font-weight: 400;\"> de l&#8217;alumnat, mitjan\u00e7ant la incorporaci\u00f3 progressiva de l\u2019<\/span><b>ensenyament de lleng\u00fces estrangeres curriculars <\/b><span style=\"font-weight: 400;\">(en el nostre cas, l\u2019<\/span><b>angl\u00e8s<\/b><span style=\"font-weight: 400;\">) <\/span><b>en mat\u00e8ries no ling\u00fc\u00edstiques<\/b><span style=\"font-weight: 400;\"> mitjan\u00e7ant la metodologia <\/span><b>AICLE <\/b><span style=\"font-weight: 400;\">(Aprenentatge Integrat de Continguts en Llengua Estrangera), l\u2019aprenentatge basat en projectes (<\/span><b>ABP<\/b><span style=\"font-weight: 400;\">) i altres metodologies diversificades.\u00a0<\/span><\/p>\n<p><span style=\"font-weight: 400;\">Despr\u00e9s de tres anys de participaci\u00f3 en el programa i un cop finalitzat, el curs 2021-2022 el centre va fer una aposta per continuar treballant mitjan\u00e7ant el <\/span><b>projecte GEP+. <\/b><span style=\"font-weight: 400;\">Simult\u00e0niament, es va iniciar la revisi\u00f3 del <\/span><b>Projecte Ling\u00fc\u00edstic de Centre (PLC)<\/b><span style=\"font-weight: 400;\">, amb la incorporaci\u00f3 del reconeixement i el respecte de la diversitat ling\u00fc\u00edstica de l\u2019alumnat i les fam\u00edlies i la <\/span><b>promoci\u00f3 del pluriling\u00fcisme<\/b><span style=\"font-weight: 400;\">.\u00a0<\/span><\/p>\n<p><span style=\"font-weight: 400;\">Aix\u00ed, per tal de fer realitat la millora de les compet\u00e8ncies en llengua anglesa i la promoci\u00f3 del pluriling\u00fcisme al nostre centre, a partir del curs 2022-2023, s\u2019estableixen <\/span><b>dues l\u00ednies de treball<\/b><span style=\"font-weight: 400;\"> dins el projecte GEP+:<\/span><\/p>\n<ul>\n<li aria-level=\"1\"><b>GEP+ English<\/b><span style=\"font-weight: 400;\">: accions adre\u00e7ades a la promoci\u00f3 de l\u2019angl\u00e8s com a llengua de comunicaci\u00f3 i aprenentatge en mat\u00e8ries no ling\u00fc\u00edstiques.<\/span><\/li>\n<\/ul>\n<ul>\n<li style=\"font-weight: 400;\" aria-level=\"1\"><b>GEP+ Pluriling\u00fce<\/b><span style=\"font-weight: 400;\">: accions adre\u00e7ades al reconeixement, visibilitzaci\u00f3 i promoci\u00f3 de les diverses lleng\u00fces curriculars i familiars presents al centre.<\/span><\/li>\n<\/ul>\n<p><span style=\"font-weight: 400;\">Els objectius del projecte GEP+ s\u00f3n els seg\u00fcents:<\/span><\/p>\n<ul>\n<li style=\"font-weight: 400;\" aria-level=\"1\"><b>Consolidar <\/b><span style=\"font-weight: 400;\">la tasca iniciada amb el programa GEP, <\/span><b>utilitzant la llengua anglesa en mat\u00e8ries no ling\u00fc\u00edstiques<\/b><span style=\"font-weight: 400;\"> per millorar la compet\u00e8ncia de l\u2019alumnat en aquesta llengua.<\/span><\/li>\n<li style=\"font-weight: 400;\" aria-level=\"1\"><b>Promoure la formaci\u00f3<\/b><span style=\"font-weight: 400;\"> dels i les docents del centre en lleng\u00fces estrangeres i en metodologia AICLE.<\/span><\/li>\n<li style=\"font-weight: 400;\" aria-level=\"1\"><b>Recon\u00e8ixer, visibilitzar i promoure <\/b><span style=\"font-weight: 400;\">les diverses lleng\u00fces presents al centre i a l\u2019entorn.<\/span><\/li>\n<li style=\"font-weight: 400;\" aria-level=\"1\"><b>Ampliar i consolidar l\u2019equip de docents<\/b><span style=\"font-weight: 400;\"> que participen en el projecte GEP+, abastant cada vegada m\u00e9s mat\u00e8ries i m\u00e9s cursos, tant a l\u2019ESO com al Batxillerat i als Cicles Formatius.<\/span><\/li>\n<li style=\"font-weight: 400;\" aria-level=\"1\"><b>Incorporar el projecte GEP+ en el Projecte Ling\u00fc\u00edstic de Centre<\/b><span style=\"font-weight: 400;\">, en el marc de la promoci\u00f3 del pluriling\u00fcisme.<\/span><\/li>\n<\/ul>\n<ul>\n<li style=\"font-weight: 400;\" aria-level=\"1\"><span style=\"font-weight: 400;\">Promoure la <\/span><b>participaci\u00f3 i la implicaci\u00f3 de tota la comunitat educativa<\/b><span style=\"font-weight: 400;\"> en el projecte pluriling\u00fce del centre<\/span><\/li>\n<\/ul>\n<p><span style=\"font-weight: 400;\">Trobareu tota la informaci\u00f3 sobre el projecte GEP+, la mem\u00f2ria de les activitats que anem desenvolupant i un recull d\u2019evid\u00e8ncies i recursos al lloc web del <\/span><b>GEP+ Antoni Pous<\/b><span style=\"font-weight: 400;\">.<\/span><\/p>\n<p><span style=\"font-weight: 400;\">ENLLA\u00c7 LLOC WEB (WIX) <\/span><a href=\"https:\/\/gepinsantonipous3.wixsite.com\/gepantonipous\"><span style=\"font-weight: 400;\">https:\/\/gepinsantonipous3.wixsite.com\/gepantonipous<\/span><\/a><\/p>\n","protected":false},"excerpt":{"rendered":"<p>Durant el curs 2018-2019 el centre va comen\u00e7ar el programa GEP\u00a0 (Generaci\u00f3 Pluriling\u00fce) d\u2019innovaci\u00f3 pedag\u00f2gica del Departament, amb la participaci\u00f3 [&hellip;]<\/p>\n","protected":false},"author":1,"featured_media":0,"parent":57,"menu_order":7,"comment_status":"closed","ping_status":"closed","template":"page-templates\/side-menu.php","meta":{"_bbp_topic_count":0,"_bbp_reply_count":0,"_bbp_total_topic_count":0,"_bbp_total_reply_count":0,"_bbp_voice_count":0,"_bbp_anonymous_reply_count":0,"_bbp_topic_count_hidden":0,"_bbp_reply_count_hidden":0,"_bbp_forum_subforum_count":0,"site-sidebar-layout":"default","site-content-layout":"","ast-site-content-layout":"","site-content-style":"default","site-sidebar-style":"default","ast-global-header-display":"","ast-banner-title-visibility":"","ast-main-header-display":"","ast-hfb-above-header-display":"","ast-hfb-below-header-display":"","ast-hfb-mobile-header-display":"","site-post-title":"","ast-breadcrumbs-content":"","ast-featured-img":"","footer-sml-layout":"","theme-transparent-header-meta":"","adv-header-id-meta":"","stick-header-meta":"","header-above-stick-meta":"","header-main-stick-meta":"","header-below-stick-meta":"","astra-migrate-meta-layouts":"default","ast-page-background-enabled":"default","ast-page-background-meta":{"desktop":{"background-color":"var(--ast-global-color-4)","background-image":"","background-repeat":"repeat","background-position":"center center","background-size":"auto","background-attachment":"scroll","background-type":"","background-media":"","overlay-type":"","overlay-color":"","overlay-opacity":"","overlay-gradient":""},"tablet":{"background-color":"","background-image":"","background-repeat":"repeat","background-position":"center center","background-size":"auto","background-attachment":"scroll","background-type":"","background-media":"","overlay-type":"","overlay-color":"","overlay-opacity":"","overlay-gradient":""},"mobile":{"background-color":"","background-image":"","background-repeat":"repeat","background-position":"center center","background-size":"auto","background-attachment":"scroll","background-type":"","background-media":"","overlay-type":"","overlay-color":"","overlay-opacity":"","overlay-gradient":""}},"ast-content-background-meta":{"desktop":{"background-color":"var(--ast-global-color-5)","background-image":"","background-repeat":"repeat","background-position":"center center","background-size":"auto","background-attachment":"scroll","background-type":"","background-media":"","overlay-type":"","overlay-color":"","overlay-opacity":"","overlay-gradient":""},"tablet":{"background-color":"var(--ast-global-color-5)","background-image":"","background-repeat":"repeat","background-position":"center center","background-size":"auto","background-attachment":"scroll","background-type":"","background-media":"","overlay-type":"","overlay-color":"","overlay-opacity":"","overlay-gradient":""},"mobile":{"background-color":"var(--ast-global-color-5)","background-image":"","background-repeat":"repeat","background-position":"center center","background-size":"auto","background-attachment":"scroll","background-type":"","background-media":"","overlay-type":"","overlay-color":"","overlay-opacity":"","overlay-gradient":""}},"footnotes":""},"class_list":["post-9756","page","type-page","status-publish","hentry"],"post_mailing_queue_ids":[],"_links":{"self":[{"href":"https:\/\/agora.xtec.cat\/ies-antoni-pous\/wp-json\/wp\/v2\/pages\/9756","targetHints":{"allow":["GET"]}}],"collection":[{"href":"https:\/\/agora.xtec.cat\/ies-antoni-pous\/wp-json\/wp\/v2\/pages"}],"about":[{"href":"https:\/\/agora.xtec.cat\/ies-antoni-pous\/wp-json\/wp\/v2\/types\/page"}],"author":[{"embeddable":true,"href":"https:\/\/agora.xtec.cat\/ies-antoni-pous\/wp-json\/wp\/v2\/users\/1"}],"replies":[{"embeddable":true,"href":"https:\/\/agora.xtec.cat\/ies-antoni-pous\/wp-json\/wp\/v2\/comments?post=9756"}],"version-history":[{"count":5,"href":"https:\/\/agora.xtec.cat\/ies-antoni-pous\/wp-json\/wp\/v2\/pages\/9756\/revisions"}],"predecessor-version":[{"id":15074,"href":"https:\/\/agora.xtec.cat\/ies-antoni-pous\/wp-json\/wp\/v2\/pages\/9756\/revisions\/15074"}],"up":[{"embeddable":true,"href":"https:\/\/agora.xtec.cat\/ies-antoni-pous\/wp-json\/wp\/v2\/pages\/57"}],"wp:attachment":[{"href":"https:\/\/agora.xtec.cat\/ies-antoni-pous\/wp-json\/wp\/v2\/media?parent=9756"}],"curies":[{"name":"wp","href":"https:\/\/api.w.org\/{rel}","templated":true}]}}