{"id":8874,"date":"2017-09-04T16:07:48","date_gmt":"2017-09-04T14:07:48","guid":{"rendered":"http:\/\/agora.xtec.cat\/ies-antoni-pous\/?page_id=8874"},"modified":"2019-11-07T21:49:42","modified_gmt":"2019-11-07T20:49:42","slug":"centre-de-formacio-integral","status":"publish","type":"page","link":"https:\/\/agora.xtec.cat\/ies-antoni-pous\/serveis\/centre-de-formacio-integral\/","title":{"rendered":"Centre de formaci\u00f3 integral"},"content":{"rendered":"<div style=\"text-align: center;\">\n<div style=\"margin: 8px 0px 4px; text-align: left;\">\n<p class=\"camp\" style=\"text-align: justify;\">El projecte Manlleu, formaci\u00f3 al llarg de la vida, \u00e9s una proposta del nou marc organitzatiu que permet consolidar les activitats formatives que es duen a terme al municipi i treballar coordinadament per fomentar la formaci\u00f3 de la poblaci\u00f3 al llarg de la vida.<\/p>\n<p style=\"text-align: justify;\">Un dels reptes del municipi en l\u2019\u00e0mbit de la formaci\u00f3 laboral \u00e9s augmentar la poblaci\u00f3 amb estudis de formaci\u00f3 professional, ja que \u00e9s la demanda del mercat laboral. Per promoure-ho, una de les primeres actuacions \u00e9s\u00a0la creaci\u00f3 del<strong>\u00a0nou Centre de Formaci\u00f3 Integral<\/strong>.<strong> L\u2019Institut Antoni Pous<\/strong>\u00a0\u00e9s el centre que acull, a part de la seva oferta existent de cicles formatius, els cursos de formaci\u00f3 per a l\u2019ocupaci\u00f3. Els cursos de formaci\u00f3 ocupacional s\u00f3n de l\u2019\u00e0mbit sociosanitari, camp en el qual l\u2019Institut \u00e9s un especialista. L\u2019objectiu \u00e9s facilitar la transici\u00f3 entre uns i altres estudis i formar persones en aquest sector, ja que \u00e9s una necessitat real. Per conduir aquest nou marc organitzatiu i possibilitar la coordinaci\u00f3 entre aquests i la resta d\u2019actors, una de les opcions \u00e9s crear el Consell Municipal de Formaci\u00f3.<\/p>\n<p><strong><a href=\"http:\/\/www.elter.net\/noticia\/23961\/educaci\/manlleu\/balanc-lactivitat-del-centre-formacio-integral-serveis-comunitat#.XcSCrp-E7rd\" target=\"_blank\" rel=\"noopener noreferrer\">Balan\u00e7 de l&#8217;activitat del Centre de Formaci\u00f3 Integral en Serveis a la Comunitat 2019<\/a><\/strong><\/p>\n<\/div>\n<div style=\"margin: 8px 0px 4px;\"><\/div>\n<div style=\"margin: 8px 0px 4px;\"><iframe loading=\"lazy\" style=\"margin: 0 auto;\" src=\"\/\/v.calameo.com\/?bkcode=003269962d20b62ca88be&amp;mode=mini\" width=\"680\" height=\"500\" frameborder=\"0\" scrolling=\"no\" allowfullscreen=\"allowfullscreen\"><\/iframe><\/div>\n<div><\/div>\n<div style=\"margin: 4px 0px 8px;\"><\/div>\n<\/div>\n","protected":false},"excerpt":{"rendered":"<p>El projecte Manlleu, formaci\u00f3 al llarg de la vida, \u00e9s una proposta del nou marc organitzatiu que permet consolidar les [&hellip;]<\/p>\n","protected":false},"author":1,"featured_media":0,"parent":63,"menu_order":9,"comment_status":"closed","ping_status":"closed","template":"page-templates\/side-menu.php","meta":{"_bbp_topic_count":0,"_bbp_reply_count":0,"_bbp_total_topic_count":0,"_bbp_total_reply_count":0,"_bbp_voice_count":0,"_bbp_anonymous_reply_count":0,"_bbp_topic_count_hidden":0,"_bbp_reply_count_hidden":0,"_bbp_forum_subforum_count":0,"site-sidebar-layout":"default","site-content-layout":"","ast-site-content-layout":"","site-content-style":"default","site-sidebar-style":"default","ast-global-header-display":"","ast-banner-title-visibility":"","ast-main-header-display":"","ast-hfb-above-header-display":"","ast-hfb-below-header-display":"","ast-hfb-mobile-header-display":"","site-post-title":"","ast-breadcrumbs-content":"","ast-featured-img":"","footer-sml-layout":"","theme-transparent-header-meta":"","adv-header-id-meta":"","stick-header-meta":"","header-above-stick-meta":"","header-main-stick-meta":"","header-below-stick-meta":"","astra-migrate-meta-layouts":"default","ast-page-background-enabled":"default","ast-page-background-meta":{"desktop":{"background-color":"var(--ast-global-color-4)","background-image":"","background-repeat":"repeat","background-position":"center center","background-size":"auto","background-attachment":"scroll","background-type":"","background-media":"","overlay-type":"","overlay-color":"","overlay-opacity":"","overlay-gradient":""},"tablet":{"background-color":"","background-image":"","background-repeat":"repeat","background-position":"center center","background-size":"auto","background-attachment":"scroll","background-type":"","background-media":"","overlay-type":"","overlay-color":"","overlay-opacity":"","overlay-gradient":""},"mobile":{"background-color":"","background-image":"","background-repeat":"repeat","background-position":"center center","background-size":"auto","background-attachment":"scroll","background-type":"","background-media":"","overlay-type":"","overlay-color":"","overlay-opacity":"","overlay-gradient":""}},"ast-content-background-meta":{"desktop":{"background-color":"var(--ast-global-color-5)","background-image":"","background-repeat":"repeat","background-position":"center center","background-size":"auto","background-attachment":"scroll","background-type":"","background-media":"","overlay-type":"","overlay-color":"","overlay-opacity":"","overlay-gradient":""},"tablet":{"background-color":"var(--ast-global-color-5)","background-image":"","background-repeat":"repeat","background-position":"center center","background-size":"auto","background-attachment":"scroll","background-type":"","background-media":"","overlay-type":"","overlay-color":"","overlay-opacity":"","overlay-gradient":""},"mobile":{"background-color":"var(--ast-global-color-5)","background-image":"","background-repeat":"repeat","background-position":"center center","background-size":"auto","background-attachment":"scroll","background-type":"","background-media":"","overlay-type":"","overlay-color":"","overlay-opacity":"","overlay-gradient":""}},"footnotes":""},"class_list":["post-8874","page","type-page","status-publish","hentry"],"post_mailing_queue_ids":[],"_links":{"self":[{"href":"https:\/\/agora.xtec.cat\/ies-antoni-pous\/wp-json\/wp\/v2\/pages\/8874","targetHints":{"allow":["GET"]}}],"collection":[{"href":"https:\/\/agora.xtec.cat\/ies-antoni-pous\/wp-json\/wp\/v2\/pages"}],"about":[{"href":"https:\/\/agora.xtec.cat\/ies-antoni-pous\/wp-json\/wp\/v2\/types\/page"}],"author":[{"embeddable":true,"href":"https:\/\/agora.xtec.cat\/ies-antoni-pous\/wp-json\/wp\/v2\/users\/1"}],"replies":[{"embeddable":true,"href":"https:\/\/agora.xtec.cat\/ies-antoni-pous\/wp-json\/wp\/v2\/comments?post=8874"}],"version-history":[{"count":4,"href":"https:\/\/agora.xtec.cat\/ies-antoni-pous\/wp-json\/wp\/v2\/pages\/8874\/revisions"}],"predecessor-version":[{"id":14987,"href":"https:\/\/agora.xtec.cat\/ies-antoni-pous\/wp-json\/wp\/v2\/pages\/8874\/revisions\/14987"}],"up":[{"embeddable":true,"href":"https:\/\/agora.xtec.cat\/ies-antoni-pous\/wp-json\/wp\/v2\/pages\/63"}],"wp:attachment":[{"href":"https:\/\/agora.xtec.cat\/ies-antoni-pous\/wp-json\/wp\/v2\/media?parent=8874"}],"curies":[{"name":"wp","href":"https:\/\/api.w.org\/{rel}","templated":true}]}}