{"id":57,"date":"2014-09-17T17:01:07","date_gmt":"2014-09-17T17:01:07","guid":{"rendered":"http:\/\/agora.xtec.cat\/ies-antoni-pous\/?page_id=57"},"modified":"2023-04-21T17:00:01","modified_gmt":"2023-04-21T15:00:01","slug":"projectes-2","status":"publish","type":"page","link":"https:\/\/agora.xtec.cat\/ies-antoni-pous\/projectes-2\/","title":{"rendered":"Projectes"},"content":{"rendered":"<p><a title=\"Laboratori de qu\u00edmica\" href=\"https:\/\/www.flickr.com\/photos\/127700851@N02\/22491389476\/in\/album-72157660374742982\/\" data-flickr-embed=\"true\"><img loading=\"lazy\" decoding=\"async\" src=\"https:\/\/c1.staticflickr.com\/1\/605\/22491389476_e833ed0c28_b.jpg\" alt=\"Laboratori de qu\u00edmica\" width=\"1024\" height=\"410\" \/><\/a><script src=\"\/\/embedr.flickr.com\/assets\/client-code.js\" async=\"\" charset=\"utf-8\"><\/script><script src=\"\/\/embedr.flickr.com\/assets\/client-code.js\" async=\"\" charset=\"utf-8\"><\/script><\/p>\n<p><strong>Projecte educatiu<\/strong><\/p>\n<p>Quins s\u00f3n els nostres trets d\u2019identitat, la nostra l\u00ednia pedag\u00f2gica i organitzativa i els principis que regeixen el nostre funcionament.<\/p>\n<p><strong>Qualitat i millora cont\u00ednua<\/strong><\/p>\n<p>El centre t\u00e9 implantat el Pla de Qualitat i millora cont\u00ednua que assegura la qualitat del servei a tot els nivells.<\/p>\n<p><strong>Treball per projectes<\/strong><\/p>\n<p>Cap a l\u2019escola del futur.<\/p>\n<p><strong>Mobilitat<\/strong><\/p>\n<p>El nostre alumnat viatja arreu d\u2019Europa.<\/p>\n<p><strong>Projecte digital<\/strong><\/p>\n<p>Cap a un canvi en el paradigma de l\u2019educaci\u00f3.<\/p>\n<p><strong>Escola verda<\/strong><\/p>\n<p>Som un centre sensibilitzat pel medi ambient.<\/p>\n<p><strong>Projecte Instituts Vora Ter<\/strong><\/p>\n<p>Compartim\u00a0diferents activitats que\u00a0fem al voltant del riu Ter<\/p>\n<p><strong>Desendolla&#8217;t<\/strong><\/p>\n<p>El nostre centre participa en el projecte Desendolla&#8217;t que vetlla per a l&#8217;estalvi energ\u00e8tic dels edificis.<\/p>\n<p><strong>Hack the school<\/strong><\/p>\n<p>Hem\u00a0estat seleccionat en el projecte Hack the school, per redissenyar els espais educatius del centre.<\/p>\n<p><strong>Activitats de lectura i escriptura<\/strong><\/p>\n<p>Activitats relacionades amb la lectura i l\u2019escriptura que es treballen al centre<\/p>\n<p class=\"entry-title\"><strong>Projecte #aquiproubullying<\/strong><\/p>\n<p>Gesti\u00f3 de conflictes i mediaci\u00f3 per a fer front als problemes de conviv\u00e8ncia<\/p>\n<p><strong>El Catal\u00e0 al m\u00f3n<\/strong><\/p>\n<p>Projecte en qu\u00e8 es crea una xarxa de col\u00b7laboraci\u00f3 per treballar la llengua catalana amb diferents centres dels Pa\u00efsos Catalans.<\/p>\n<p><strong>Projecte Peris<\/strong><\/p>\n<p>Projecte en el que s&#8217;intenta donar suport a alumnes amb\u00a0Trastorns del\u00a0Neurodesenvolupament no diagnosticats i no tractats<\/p>\n<p><strong>Avancem<\/strong><\/p>\n<p>Projecte que s&#8217;encamina al tractament integral de les lleng\u00fces.<\/p>\n<p><strong>Generaci\u00f3 Pluriling\u00fce<\/strong><\/p>\n<p>En aquest projecte rebrem assessorament i formaci\u00f3 per tal de poder introduir la metodologia AICLE al nostre centre.<\/p>\n<p><strong>Programa MUFPS i Centre formador<\/strong><\/p>\n<p><span style=\"font-family: inherit; font-size: 1em;\">Preteneml actuar com a centre formador, ent\u00e8s com a centre amb el comprom\u00eds en el desenvolupament personal i professional de tot el professorat, aix\u00ed com en la formaci\u00f3 de futurs docents, acollint-los i fent-los part\u00edcips de l\u2019activitat educativa i la vida escolar.<\/span><\/p>\n<p class=\"western\">\n","protected":false},"excerpt":{"rendered":"<p>Projecte educatiu Quins s\u00f3n els nostres trets d\u2019identitat, la nostra l\u00ednia pedag\u00f2gica i organitzativa i els principis que regeixen el [&hellip;]<\/p>\n","protected":false},"author":1,"featured_media":0,"parent":0,"menu_order":0,"comment_status":"closed","ping_status":"closed","template":"page-templates\/side-menu.php","meta":{"_bbp_topic_count":0,"_bbp_reply_count":0,"_bbp_total_topic_count":0,"_bbp_total_reply_count":0,"_bbp_voice_count":0,"_bbp_anonymous_reply_count":0,"_bbp_topic_count_hidden":0,"_bbp_reply_count_hidden":0,"_bbp_forum_subforum_count":0,"site-sidebar-layout":"default","site-content-layout":"","ast-site-content-layout":"","site-content-style":"default","site-sidebar-style":"default","ast-global-header-display":"","ast-banner-title-visibility":"","ast-main-header-display":"","ast-hfb-above-header-display":"","ast-hfb-below-header-display":"","ast-hfb-mobile-header-display":"","site-post-title":"","ast-breadcrumbs-content":"","ast-featured-img":"","footer-sml-layout":"","theme-transparent-header-meta":"","adv-header-id-meta":"","stick-header-meta":"","header-above-stick-meta":"","header-main-stick-meta":"","header-below-stick-meta":"","astra-migrate-meta-layouts":"default","ast-page-background-enabled":"default","ast-page-background-meta":{"desktop":{"background-color":"var(--ast-global-color-4)","background-image":"","background-repeat":"repeat","background-position":"center center","background-size":"auto","background-attachment":"scroll","background-type":"","background-media":"","overlay-type":"","overlay-color":"","overlay-opacity":"","overlay-gradient":""},"tablet":{"background-color":"","background-image":"","background-repeat":"repeat","background-position":"center center","background-size":"auto","background-attachment":"scroll","background-type":"","background-media":"","overlay-type":"","overlay-color":"","overlay-opacity":"","overlay-gradient":""},"mobile":{"background-color":"","background-image":"","background-repeat":"repeat","background-position":"center center","background-size":"auto","background-attachment":"scroll","background-type":"","background-media":"","overlay-type":"","overlay-color":"","overlay-opacity":"","overlay-gradient":""}},"ast-content-background-meta":{"desktop":{"background-color":"var(--ast-global-color-5)","background-image":"","background-repeat":"repeat","background-position":"center center","background-size":"auto","background-attachment":"scroll","background-type":"","background-media":"","overlay-type":"","overlay-color":"","overlay-opacity":"","overlay-gradient":""},"tablet":{"background-color":"var(--ast-global-color-5)","background-image":"","background-repeat":"repeat","background-position":"center center","background-size":"auto","background-attachment":"scroll","background-type":"","background-media":"","overlay-type":"","overlay-color":"","overlay-opacity":"","overlay-gradient":""},"mobile":{"background-color":"var(--ast-global-color-5)","background-image":"","background-repeat":"repeat","background-position":"center center","background-size":"auto","background-attachment":"scroll","background-type":"","background-media":"","overlay-type":"","overlay-color":"","overlay-opacity":"","overlay-gradient":""}},"footnotes":""},"class_list":["post-57","page","type-page","status-publish","hentry"],"post_mailing_queue_ids":[],"_links":{"self":[{"href":"https:\/\/agora.xtec.cat\/ies-antoni-pous\/wp-json\/wp\/v2\/pages\/57","targetHints":{"allow":["GET"]}}],"collection":[{"href":"https:\/\/agora.xtec.cat\/ies-antoni-pous\/wp-json\/wp\/v2\/pages"}],"about":[{"href":"https:\/\/agora.xtec.cat\/ies-antoni-pous\/wp-json\/wp\/v2\/types\/page"}],"author":[{"embeddable":true,"href":"https:\/\/agora.xtec.cat\/ies-antoni-pous\/wp-json\/wp\/v2\/users\/1"}],"replies":[{"embeddable":true,"href":"https:\/\/agora.xtec.cat\/ies-antoni-pous\/wp-json\/wp\/v2\/comments?post=57"}],"version-history":[{"count":4,"href":"https:\/\/agora.xtec.cat\/ies-antoni-pous\/wp-json\/wp\/v2\/pages\/57\/revisions"}],"predecessor-version":[{"id":13998,"href":"https:\/\/agora.xtec.cat\/ies-antoni-pous\/wp-json\/wp\/v2\/pages\/57\/revisions\/13998"}],"wp:attachment":[{"href":"https:\/\/agora.xtec.cat\/ies-antoni-pous\/wp-json\/wp\/v2\/media?parent=57"}],"curies":[{"name":"wp","href":"https:\/\/api.w.org\/{rel}","templated":true}]}}