{"id":2909,"date":"2017-06-15T22:22:26","date_gmt":"2017-06-15T20:22:26","guid":{"rendered":"http:\/\/agora.xtec.cat\/ies-antoni-pous\/?page_id=2909"},"modified":"2023-11-15T09:49:08","modified_gmt":"2023-11-15T08:49:08","slug":"activitats-de-lectura-i-lescriptura","status":"publish","type":"page","link":"https:\/\/agora.xtec.cat\/ies-antoni-pous\/projectes-2\/activitats-de-lectura-i-lescriptura\/","title":{"rendered":"Projecte Lector"},"content":{"rendered":"<p><a href=\"http:\/\/agora.xtec.cat\/ies-antoni-pous\/wp-content\/uploads\/usu283\/2017\/06\/C-a7cz6WAAA7Hxh-1.jpg\"><img loading=\"lazy\" decoding=\"async\" class=\"alignnone size-large wp-image-2911\" src=\"http:\/\/agora.xtec.cat\/ies-antoni-pous\/wp-content\/uploads\/usu283\/2017\/06\/C-a7cz6WAAA7Hxh-1-1024x410.jpg\" alt=\"C-a7cz6WAAA7Hxh (1)\" width=\"1024\" height=\"410\" srcset=\"https:\/\/agora.xtec.cat\/ies-antoni-pous\/wp-content\/uploads\/usu283\/2017\/06\/C-a7cz6WAAA7Hxh-1-1024x410.jpg 1024w, https:\/\/agora.xtec.cat\/ies-antoni-pous\/wp-content\/uploads\/usu283\/2017\/06\/C-a7cz6WAAA7Hxh-1-300x120.jpg 300w, https:\/\/agora.xtec.cat\/ies-antoni-pous\/wp-content\/uploads\/usu283\/2017\/06\/C-a7cz6WAAA7Hxh-1-768x307.jpg 768w, https:\/\/agora.xtec.cat\/ies-antoni-pous\/wp-content\/uploads\/usu283\/2017\/06\/C-a7cz6WAAA7Hxh-1.jpg 1200w\" sizes=\"auto, (max-width: 1024px) 100vw, 1024px\" \/><\/a><\/p>\n<h4>Activitats relacionades amb la lectura i l&#8217;escriptura que es treballen al centre<\/h4>\n<hr \/>\n<ul>\n<li>\n<div align=\"justify\"><b>Dinamitzaci\u00f3 lectora<\/b>, per a que les lectures es vegin com una oportunitat de gaudi i no com una obligaci\u00f3. \u00c9s per aix\u00f2 que se\u2019ls ofereix als alumnes la possibilitat d\u2019escollir les lectures d\u2019entre un llistat de recomanacions supervisat pel departament de lleng\u00fces<\/div>\n<\/li>\n<li>Col\u00b7laboraci\u00f3 amb la biblioteca de Manlleu, tant en les activitats de dinamitzaci\u00f3 <b>\u201cSerpent de llibres<\/b>\u201d com en els pr\u00e9stecs subrogats. Tamb\u00e9 participarem en un concurs de <b>Booktrailers<\/b> on els alumnes recomanaran lectures amb gravacions que faran.<\/li>\n<li>\n<div align=\"justify\">Promoure l&#8217;\u00fas de la biblioteca escolar, continuar amb la compra de llibres per incentivar-los amb noves lectures.<\/div>\n<\/li>\n<li>\n<div align=\"justify\">Estendre el servei de pr\u00e9stec als pares d&#8217;alumnes (facilitar una llista de recomanacions i novetats per als pares i que puguin fer el pr\u00e9stec a trav\u00e9s dels seus fills).<\/div>\n<\/li>\n<li>\n<div align=\"justify\">Afavorir els pr\u00e9stecs del professorat, fent difusi\u00f3 de les noves adquisicions del fons de la biblioteca.<\/div>\n<\/li>\n<li>\n<div align=\"justify\">Continuar col\u00b7laborant en el projecte <i><b>Lecxit<\/b><\/i><i>, <\/i>per promoure la lectura entre els alumnes de prim\u00e0ria. Aquest projecte consisteix en qu\u00e8 els alumnes de 2n cicle dediquin unes hores de voluntariat, acompanyant als alumnes de prim\u00e0ria per incentivar-los a llegir i a ajudar-los en la millora tant de la comprensi\u00f3 com l\u2019agilitat lectora.<\/div>\n<\/li>\n<li>\n<div align=\"justify\">Continuar participant en concursos literaris com el que organitza <b>l\u2019Omnium cultural<\/b>, <b>l\u2019\u00c0ngels Viladomat<\/b> que organitza el Call\u00eds, <b>Ficcions<\/b>, etc.<\/div>\n<\/li>\n<li>\n<div align=\"justify\"><a href=\"https:\/\/www.blogger.com\/null\" name=\"_GoBack\"><\/a>Concurs <b>Picalletres<\/b> amb els alumnes de 3r ESO, que es gravar\u00e0 al 9TV de Vic. Aquest concurs incentiva l\u2019aprenentatge i la correcci\u00f3 ortogr\u00e0fica entre l\u2019alumnat<\/div>\n<\/li>\n<li><strong>30 minuts de lectura di\u00e0ria<\/strong> a l&#8217;ESO i el Batxillerat<\/li>\n<\/ul>\n","protected":false},"excerpt":{"rendered":"<p>Activitats relacionades amb la lectura i l&#8217;escriptura que es treballen al centre Dinamitzaci\u00f3 lectora, per a que les lectures es [&hellip;]<\/p>\n","protected":false},"author":1,"featured_media":0,"parent":57,"menu_order":2,"comment_status":"closed","ping_status":"closed","template":"page-templates\/side-menu.php","meta":{"_bbp_topic_count":0,"_bbp_reply_count":0,"_bbp_total_topic_count":0,"_bbp_total_reply_count":0,"_bbp_voice_count":0,"_bbp_anonymous_reply_count":0,"_bbp_topic_count_hidden":0,"_bbp_reply_count_hidden":0,"_bbp_forum_subforum_count":0,"site-sidebar-layout":"default","site-content-layout":"","ast-site-content-layout":"","site-content-style":"default","site-sidebar-style":"default","ast-global-header-display":"","ast-banner-title-visibility":"","ast-main-header-display":"","ast-hfb-above-header-display":"","ast-hfb-below-header-display":"","ast-hfb-mobile-header-display":"","site-post-title":"","ast-breadcrumbs-content":"","ast-featured-img":"","footer-sml-layout":"","theme-transparent-header-meta":"","adv-header-id-meta":"","stick-header-meta":"","header-above-stick-meta":"","header-main-stick-meta":"","header-below-stick-meta":"","astra-migrate-meta-layouts":"default","ast-page-background-enabled":"default","ast-page-background-meta":{"desktop":{"background-color":"var(--ast-global-color-4)","background-image":"","background-repeat":"repeat","background-position":"center center","background-size":"auto","background-attachment":"scroll","background-type":"","background-media":"","overlay-type":"","overlay-color":"","overlay-opacity":"","overlay-gradient":""},"tablet":{"background-color":"","background-image":"","background-repeat":"repeat","background-position":"center center","background-size":"auto","background-attachment":"scroll","background-type":"","background-media":"","overlay-type":"","overlay-color":"","overlay-opacity":"","overlay-gradient":""},"mobile":{"background-color":"","background-image":"","background-repeat":"repeat","background-position":"center center","background-size":"auto","background-attachment":"scroll","background-type":"","background-media":"","overlay-type":"","overlay-color":"","overlay-opacity":"","overlay-gradient":""}},"ast-content-background-meta":{"desktop":{"background-color":"var(--ast-global-color-5)","background-image":"","background-repeat":"repeat","background-position":"center center","background-size":"auto","background-attachment":"scroll","background-type":"","background-media":"","overlay-type":"","overlay-color":"","overlay-opacity":"","overlay-gradient":""},"tablet":{"background-color":"var(--ast-global-color-5)","background-image":"","background-repeat":"repeat","background-position":"center center","background-size":"auto","background-attachment":"scroll","background-type":"","background-media":"","overlay-type":"","overlay-color":"","overlay-opacity":"","overlay-gradient":""},"mobile":{"background-color":"var(--ast-global-color-5)","background-image":"","background-repeat":"repeat","background-position":"center center","background-size":"auto","background-attachment":"scroll","background-type":"","background-media":"","overlay-type":"","overlay-color":"","overlay-opacity":"","overlay-gradient":""}},"footnotes":""},"class_list":["post-2909","page","type-page","status-publish","hentry"],"post_mailing_queue_ids":[],"_links":{"self":[{"href":"https:\/\/agora.xtec.cat\/ies-antoni-pous\/wp-json\/wp\/v2\/pages\/2909","targetHints":{"allow":["GET"]}}],"collection":[{"href":"https:\/\/agora.xtec.cat\/ies-antoni-pous\/wp-json\/wp\/v2\/pages"}],"about":[{"href":"https:\/\/agora.xtec.cat\/ies-antoni-pous\/wp-json\/wp\/v2\/types\/page"}],"author":[{"embeddable":true,"href":"https:\/\/agora.xtec.cat\/ies-antoni-pous\/wp-json\/wp\/v2\/users\/1"}],"replies":[{"embeddable":true,"href":"https:\/\/agora.xtec.cat\/ies-antoni-pous\/wp-json\/wp\/v2\/comments?post=2909"}],"version-history":[{"count":3,"href":"https:\/\/agora.xtec.cat\/ies-antoni-pous\/wp-json\/wp\/v2\/pages\/2909\/revisions"}],"predecessor-version":[{"id":14510,"href":"https:\/\/agora.xtec.cat\/ies-antoni-pous\/wp-json\/wp\/v2\/pages\/2909\/revisions\/14510"}],"up":[{"embeddable":true,"href":"https:\/\/agora.xtec.cat\/ies-antoni-pous\/wp-json\/wp\/v2\/pages\/57"}],"wp:attachment":[{"href":"https:\/\/agora.xtec.cat\/ies-antoni-pous\/wp-json\/wp\/v2\/media?parent=2909"}],"curies":[{"name":"wp","href":"https:\/\/api.w.org\/{rel}","templated":true}]}}