{"id":27,"date":"2014-09-17T16:24:03","date_gmt":"2014-09-17T16:24:03","guid":{"rendered":"http:\/\/agora.xtec.cat\/ies-antoni-pous\/?page_id=27"},"modified":"2026-01-22T07:55:58","modified_gmt":"2026-01-22T06:55:58","slug":"historia","status":"publish","type":"page","link":"https:\/\/agora.xtec.cat\/ies-antoni-pous\/linstitut\/el-centre\/historia\/","title":{"rendered":"Hist\u00f2ria de l&#8217;INS i vida del poeta"},"content":{"rendered":"<p>&nbsp;<\/p>\n<p><strong>HIST\u00d2RIA DE L&#8217;INSTITUT<\/strong><\/p>\n<p>&nbsp;<\/p>\n<p style=\"text-align: center;\"><a href=\"http:\/\/agora.xtec.cat\/ies-antoni-pous\/wp-content\/uploads\/usu283\/2014\/09\/historia.jpg\"><img loading=\"lazy\" decoding=\"async\" class=\"alignnone wp-image-2302\" src=\"http:\/\/agora.xtec.cat\/ies-antoni-pous\/wp-content\/uploads\/usu283\/2014\/09\/historia.jpg\" alt=\"historia\" width=\"1020\" height=\"408\" srcset=\"https:\/\/agora.xtec.cat\/ies-antoni-pous\/wp-content\/uploads\/usu283\/2014\/09\/historia.jpg 800w, https:\/\/agora.xtec.cat\/ies-antoni-pous\/wp-content\/uploads\/usu283\/2014\/09\/historia-300x120.jpg 300w, https:\/\/agora.xtec.cat\/ies-antoni-pous\/wp-content\/uploads\/usu283\/2014\/09\/historia-768x307.jpg 768w\" sizes=\"auto, (max-width: 1020px) 100vw, 1020px\" \/><\/a><\/p>\n<ul>\n<li>\u00a0\u00a0Al 1975, en desapar\u00e8ixer l&#8217;antic Batxillerat, el col\u00b7legi del Carme de les germanes\u00a0carmelites, va deixar d&#8217;impartir aquests estudis. L&#8217;Ajuntament i els pares dels alumnes\u00a0que havien d&#8217;iniciar el nou Batxillerat van crear un centre de titularitat municipal.<\/li>\n<\/ul>\n<ul>\n<li>1975-1976. El col\u00b7legi del Carme va cedir unes aules a l&#8217;Ajuntament per tal de\u00a0comen\u00e7ar la nova modalitat del Batxillerat Unificat Polivalent.<\/li>\n<\/ul>\n<ul>\n<li>1981-1982. Aquest curs, s&#8217;ampli\u00e0 l&#8217;oferta educativa i el centre comen\u00e7\u00e0 a impartir el\u00a0nivell de COU, aix\u00f2 comport\u00e0 la necessitat de m\u00e9s espai per encabir-hi un nombre\u00a0d&#8217;alumnes creixent. Aquest espai i els que es van anar necessitant, foren cedits per la\u00a0Caixa d&#8217;Estalvis de Manlleu que tenia i t\u00e9 la seva central a la mateixa pla\u00e7a.<\/li>\n<\/ul>\n<ul>\n<li>1976-1977. En cr\u00e9ixer el nombre d&#8217;alumnes, l&#8217;Ajuntament negoci\u00e0 amb l&#8217;escola p\u00fablica\u00a0d&#8217;EGB Puig-Agut la cessi\u00f3 d&#8217;unes aules per acollir els cursos de BUP. Posteriorment, el\u00a0BUP Municipal es trasllad\u00e0 a la pla\u00e7a Fra Bernard\u00ed i ocup\u00e0 els locals on s&#8217;ubica<br \/>\nactualment l&#8217;Ajuntament.<\/li>\n<\/ul>\n<ul>\n<li>1976-1984. Directora, M. Dolors Alemany Camprub\u00ed.<\/li>\n<\/ul>\n<ul>\n<li>1984-1985. Aquell antic BUP Municipal, CLA en la terminologia oficial, es convert\u00ed\u00a0definitivament en Institut, centre p\u00fablic depenent del Departament d&#8217;Ensenyament de la\u00a0Generalitat de Catalunya. Els esfor\u00e7os del primer alcalde democr\u00e0tic, Joan Usart i de la<br \/>\nregidora d&#8217;ensenyament, Dolors Rovira, reeixiren. La Directora General d&#8217;Ensenyament\u00a0era Carme Laura Gil, Consellera d&#8217;ensenyament de l&#8217;anterior govern de la Generalitat.<\/li>\n<\/ul>\n<ul>\n<li>1984-1986. Directora, Maria Ferrer Puig<\/li>\n<\/ul>\n<ul>\n<li>1986-1987. Trasllat al nou edifici, l&#8217;IES actual, pensat i dissenyat com a Centre\u00a0Educatiu.<\/li>\n<\/ul>\n<ul>\n<li>1986-1987. Director, Robert Vendrell Cirera.<\/li>\n<\/ul>\n<ul>\n<li>1987-1989. Director, Jordi Mascarella Rovira<\/li>\n<\/ul>\n<ul>\n<li>1989-1990. Director, Maties Ramisa Verdaguer.<\/li>\n<\/ul>\n<ul>\n<li>1990-1991. El Consistori de l&#8217;Ajuntament de Manlleu, presidit per Joan Usart, proposa\u00a0el nom del poeta manlleuenc &#8220;Antoni Pous i Argila&#8221;, mort prematurament.<\/li>\n<\/ul>\n<ul>\n<li>1990-1992. Director, Ferran Crespo Anglada.<\/li>\n<\/ul>\n<ul>\n<li>1992-1993. Directora, Carme Vil\u00e0 Comajoan<\/li>\n<\/ul>\n<ul>\n<li>1995-1996. L&#8217;Institut inicia la reforma educativa regulada per la LOGSE i comen\u00e7a a\u00a0impartir l&#8217;ESO. Aix\u00f2 va significar un notable augment del nombre d&#8217;alumnes i fou\u00a0necess\u00e0ria l&#8217;ampliaci\u00f3 de les seves depend\u00e8ncies amb 12 aules, menjador, aula\u00a0polivalent i l&#8217;aula de tecnologia.<\/li>\n<\/ul>\n<ul>\n<li>1993-1996. Directora, Miquelina Riera Ferrer.<\/li>\n<\/ul>\n<ul>\n<li>1996-2000. Directora, Anna Piella Cros.<\/li>\n<\/ul>\n<ul>\n<li>2000- 2004. Director, Albert Pedro Font.<\/li>\n<\/ul>\n<ul>\n<li>2004-2009. Directora, Miquelina Riera Ferrer.<\/li>\n<\/ul>\n<ul>\n<li>2009-2011. Directora, Pilar Crispi Canora.<\/li>\n<\/ul>\n<ul>\n<li>2011. Director, Llu\u00eds Monteis Catot.<\/li>\n<\/ul>\n<ul>\n<li>2020- Present. Directoria, S\u00f2nia Higueruelo Demason.<\/li>\n<\/ul>\n<p><a href=\"https:\/\/ies-antoni-pous-25.blogspot.com\/\">Celebraci\u00f3 del 25\u00e8 aniversari<\/a><\/p>\n<p><a href=\"https:\/\/10anysdecicles.blogspot.com\/\">Celebraci\u00f3 del 10\u00e8 aniversari de cicles formatius<\/a><\/p>\n<p><strong>VIDA DEL POETA<\/strong><\/p>\n<h4 style=\"text-align: center;\"><a href=\"http:\/\/agora.xtec.cat\/ies-antoni-pous\/wp-content\/uploads\/usu283\/2017\/04\/ANTONI-POUS.jpg\"><img loading=\"lazy\" decoding=\"async\" class=\"alignnone wp-image-2307\" src=\"http:\/\/agora.xtec.cat\/ies-antoni-pous\/wp-content\/uploads\/usu283\/2017\/04\/ANTONI-POUS.jpg\" alt=\"ANTONI-POUS\" width=\"1020\" height=\"408\" srcset=\"https:\/\/agora.xtec.cat\/ies-antoni-pous\/wp-content\/uploads\/usu283\/2017\/04\/ANTONI-POUS.jpg 675w, https:\/\/agora.xtec.cat\/ies-antoni-pous\/wp-content\/uploads\/usu283\/2017\/04\/ANTONI-POUS-300x120.jpg 300w\" sizes=\"auto, (max-width: 1020px) 100vw, 1020px\" \/><\/a><\/h4>\n<p>&nbsp;<\/p>\n<h4 style=\"text-align: center;\"><span style=\"color: #000000;\"><strong>Antoni Pous i Argila (1932 &#8211; 1976)<\/strong><\/span><\/h4>\n<h4><span style=\"color: #000000;\"><strong>Els seus poemes<a href=\"http:\/\/agora.xtec.cat\/ies-antoni-pous\/wp-content\/uploads\/usu283\/2017\/04\/antonipous1.png\"><img loading=\"lazy\" decoding=\"async\" class=\"size-full wp-image-1940 alignright\" src=\"http:\/\/agora.xtec.cat\/ies-antoni-pous\/wp-content\/uploads\/usu283\/2017\/04\/antonipous1.png\" alt=\"antonipous1\" width=\"149\" height=\"218\" \/><\/a><\/strong><\/span><\/h4>\n<p><a href=\"http:\/\/agora.xtec.cat\/ies-antoni-pous\/wp-content\/uploads\/usu283\/2016\/11\/poema1.mp3\">SOTJA A CADA HORITZ\u00d3 UN INDESXIFRABLE (\u00c0udio)<\/a><\/p>\n<p><a href=\"http:\/\/agora.xtec.cat\/ies-antoni-pous\/wp-content\/uploads\/usu283\/2016\/11\/poema2.mp3\"> ET VAIG CON\u00c8IXER PERQU\u00c8 JA ET SABIA (\u00c0udio)<\/a><\/p>\n<p><a href=\"http:\/\/agora.xtec.cat\/ies-antoni-pous\/wp-content\/uploads\/usu283\/2016\/11\/poema3.mp3\"> VESPRE ESTREMIT D\u2019ARD\u00c8NCIES BATUDES (\u00c0udio)<\/a><\/p>\n<p><a href=\"http:\/\/agora.xtec.cat\/ies-antoni-pous\/wp-content\/uploads\/usu283\/2016\/11\/poema4.mp3\"> I TOT SER\u00c0 FELI\u00c7 EN EL PLOR I LA SANG (\u00c0udio)<\/a><\/p>\n<p><a href=\"http:\/\/LA NOIA PURA EN EL DESERT FLORIA (\u00c0udio)\"> LA NOIA PURA EN EL DESERT FLORIA (\u00c0udio)<\/a><\/p>\n<h4><\/h4>\n<h4><\/h4>\n<h4><span style=\"color: #000000;\"><strong>La seva vida<\/strong><\/span><\/h4>\n<p><a href=\"http:\/\/agora.xtec.cat\/ies-antoni-pous\/wp-content\/uploads\/usu283\/2016\/11\/vida.pdf\">Esb\u00f3s biogr\u00e0fic<\/a><\/p>\n<p><a href=\"http:\/\/agora.xtec.cat\/ies-antoni-pous\/wp-content\/uploads\/usu283\/2017\/04\/antonipous2.png\"><img loading=\"lazy\" decoding=\"async\" class=\"size-full wp-image-1941 alignright\" src=\"http:\/\/agora.xtec.cat\/ies-antoni-pous\/wp-content\/uploads\/usu283\/2017\/04\/antonipous2.png\" alt=\"antonipous2\" width=\"198\" height=\"287\" \/><\/a><\/p>\n<h4><\/h4>\n<h4><\/h4>\n<h4><span style=\"color: #000000;\"><strong>Opinions<\/strong><\/span><\/h4>\n<ul>\n<li><a href=\"http:\/\/agora.xtec.cat\/ies-antoni-pous\/wp-content\/uploads\/usu283\/2016\/11\/ElpoetadelfocperJoanArimany.pdf\">El poeta del <\/a><a href=\"http:\/\/agora.xtec.cat\/ies-antoni-pous\/wp-content\/uploads\/usu283\/2016\/11\/ElpoetadelfocperJoanArimany.pdf\">foc, per Joan Arimany<\/a><\/li>\n<li><a href=\"http:\/\/agora.xtec.cat\/ies-antoni-pous\/wp-content\/uploads\/usu283\/2016\/11\/RetallsdunavidaintensaperJosepGrauJofrepoetaiescriptor..pdf\">Retalls d&#8217;una vida intensa, per Josep Grau <\/a><\/li>\n<li><a href=\"http:\/\/agora.xtec.cat\/ies-antoni-pous\/wp-content\/uploads\/usu283\/2016\/11\/AraqueamaguenelsmeusdiesrosesperRicardTorrents.pdf\">Ara que amaguen els meus dies, roses, per Ricard Torrents <\/a><\/li>\n<li><a href=\"http:\/\/agora.xtec.cat\/ies-antoni-pous\/wp-content\/uploads\/usu283\/2016\/11\/Mem%C3%B2ria-dAntoni-Pous-per-Pere-Farr%C3%A9s-fil%C3%B2leg-i-professor-de-la-Universitat-de-Barcelona..pdf\">Mem\u00f2ria d&#8217;Antoni Pous, per Pere Farr\u00e9s <\/a><\/li>\n<li><a href=\"http:\/\/agora.xtec.cat\/ies-antoni-pous\/wp-content\/uploads\/usu283\/2016\/11\/EnToniellluitadorperAssumptaVinyetaiPous.pdf\">En Toni, el lluitador, per Assumpta Vinyeta Pous <\/a><\/li>\n<li><a href=\"http:\/\/agora.xtec.cat\/ies-antoni-pous\/wp-content\/uploads\/usu283\/2016\/11\/EnToniPousilamistatperSegimonSerrallongaPoeta..pdf\">En Toni Pous i l&#8217;amistat, per Segimon Serrallonga <\/a><\/li>\n<li><a href=\"http:\/\/agora.xtec.cat\/ies-antoni-pous\/wp-content\/uploads\/usu283\/2016\/11\/L%E2%80%99iceberg-Pous-per-Ramon-Farr%C3%A9s-fil%C3%B2leg-i-traductor..pdf\">L&#8217;iceberg Pous, per Ramon Farr\u00e9s <\/a><\/li>\n<li><a href=\"http:\/\/agora.xtec.cat\/ies-antoni-pous\/wp-content\/uploads\/usu283\/2016\/11\/El-poeta-secret-per-Ramon-Farr%C3%A9s-fil%C3%B2leg-i-traductor.pdf\">El poeta secret, per Ramon Farr\u00e9s<\/a><\/li>\n<\/ul>\n<p>&nbsp;<\/p>\n<h4><\/h4>\n<h4><\/h4>\n<h4><span style=\"color: #000000;\"><strong>El Museu\u00a0del Ter presenta el documental \u201cAntoni Pous i Argila, 1932-1976<\/strong><\/span><\/h4>\n<p>&nbsp;<\/p>\n<p style=\"text-align: center;\"><iframe loading=\"lazy\" src=\"https:\/\/www.youtube.com\/embed\/Mkc63BsPiHQ\" width=\"560\" height=\"315\" frameborder=\"0\" allowfullscreen=\"allowfullscreen\" data-mce-fragment=\"1\"><\/iframe><\/p>\n<p>Es tracta d\u2019una eina de divulgaci\u00f3 de la figura d\u2019aquest autor que dona nom al nostre institut. El gui\u00f3 ha anat a c\u00e0rrec de Ramon Farr\u00e9s, professor de la UAB i especialista en l\u2019obra de l\u2019autor manlleuenc. El documental \u00e9s fruit dels actes de reconeixement que es van realitzar l\u2019any 2016 amb motiu dels 40 anys de la seva mort.<\/p>\n<p>&nbsp;<\/p>\n<p>&nbsp;<\/p>\n","protected":false},"excerpt":{"rendered":"<p>&nbsp; HIST\u00d2RIA DE L&#8217;INSTITUT &nbsp; \u00a0\u00a0Al 1975, en desapar\u00e8ixer l&#8217;antic Batxillerat, el col\u00b7legi del Carme de les germanes\u00a0carmelites, va deixar [&hellip;]<\/p>\n","protected":false},"author":1,"featured_media":0,"parent":14554,"menu_order":0,"comment_status":"closed","ping_status":"closed","template":"","meta":{"_bbp_topic_count":0,"_bbp_reply_count":0,"_bbp_total_topic_count":0,"_bbp_total_reply_count":0,"_bbp_voice_count":0,"_bbp_anonymous_reply_count":0,"_bbp_topic_count_hidden":0,"_bbp_reply_count_hidden":0,"_bbp_forum_subforum_count":0,"site-sidebar-layout":"default","site-content-layout":"","ast-site-content-layout":"default","site-content-style":"default","site-sidebar-style":"default","ast-global-header-display":"","ast-banner-title-visibility":"","ast-main-header-display":"","ast-hfb-above-header-display":"","ast-hfb-below-header-display":"","ast-hfb-mobile-header-display":"","site-post-title":"","ast-breadcrumbs-content":"","ast-featured-img":"","footer-sml-layout":"","theme-transparent-header-meta":"default","adv-header-id-meta":"","stick-header-meta":"","header-above-stick-meta":"","header-main-stick-meta":"","header-below-stick-meta":"","astra-migrate-meta-layouts":"set","ast-page-background-enabled":"default","ast-page-background-meta":{"desktop":{"background-color":"var(--ast-global-color-4)","background-image":"","background-repeat":"repeat","background-position":"center center","background-size":"auto","background-attachment":"scroll","background-type":"","background-media":"","overlay-type":"","overlay-color":"","overlay-opacity":"","overlay-gradient":""},"tablet":{"background-color":"","background-image":"","background-repeat":"repeat","background-position":"center center","background-size":"auto","background-attachment":"scroll","background-type":"","background-media":"","overlay-type":"","overlay-color":"","overlay-opacity":"","overlay-gradient":""},"mobile":{"background-color":"","background-image":"","background-repeat":"repeat","background-position":"center center","background-size":"auto","background-attachment":"scroll","background-type":"","background-media":"","overlay-type":"","overlay-color":"","overlay-opacity":"","overlay-gradient":""}},"ast-content-background-meta":{"desktop":{"background-color":"var(--ast-global-color-5)","background-image":"","background-repeat":"repeat","background-position":"center center","background-size":"auto","background-attachment":"scroll","background-type":"","background-media":"","overlay-type":"","overlay-color":"","overlay-opacity":"","overlay-gradient":""},"tablet":{"background-color":"var(--ast-global-color-5)","background-image":"","background-repeat":"repeat","background-position":"center center","background-size":"auto","background-attachment":"scroll","background-type":"","background-media":"","overlay-type":"","overlay-color":"","overlay-opacity":"","overlay-gradient":""},"mobile":{"background-color":"var(--ast-global-color-5)","background-image":"","background-repeat":"repeat","background-position":"center center","background-size":"auto","background-attachment":"scroll","background-type":"","background-media":"","overlay-type":"","overlay-color":"","overlay-opacity":"","overlay-gradient":""}},"footnotes":""},"class_list":["post-27","page","type-page","status-publish","hentry"],"post_mailing_queue_ids":[],"_links":{"self":[{"href":"https:\/\/agora.xtec.cat\/ies-antoni-pous\/wp-json\/wp\/v2\/pages\/27","targetHints":{"allow":["GET"]}}],"collection":[{"href":"https:\/\/agora.xtec.cat\/ies-antoni-pous\/wp-json\/wp\/v2\/pages"}],"about":[{"href":"https:\/\/agora.xtec.cat\/ies-antoni-pous\/wp-json\/wp\/v2\/types\/page"}],"author":[{"embeddable":true,"href":"https:\/\/agora.xtec.cat\/ies-antoni-pous\/wp-json\/wp\/v2\/users\/1"}],"replies":[{"embeddable":true,"href":"https:\/\/agora.xtec.cat\/ies-antoni-pous\/wp-json\/wp\/v2\/comments?post=27"}],"version-history":[{"count":8,"href":"https:\/\/agora.xtec.cat\/ies-antoni-pous\/wp-json\/wp\/v2\/pages\/27\/revisions"}],"predecessor-version":[{"id":16219,"href":"https:\/\/agora.xtec.cat\/ies-antoni-pous\/wp-json\/wp\/v2\/pages\/27\/revisions\/16219"}],"up":[{"embeddable":true,"href":"https:\/\/agora.xtec.cat\/ies-antoni-pous\/wp-json\/wp\/v2\/pages\/14554"}],"wp:attachment":[{"href":"https:\/\/agora.xtec.cat\/ies-antoni-pous\/wp-json\/wp\/v2\/media?parent=27"}],"curies":[{"name":"wp","href":"https:\/\/api.w.org\/{rel}","templated":true}]}}