{"id":2372,"date":"2017-04-08T10:25:17","date_gmt":"2017-04-08T08:25:17","guid":{"rendered":"http:\/\/agora.xtec.cat\/ies-antoni-pous\/?page_id=2372"},"modified":"2021-04-28T10:03:52","modified_gmt":"2021-04-28T08:03:52","slug":"servei-de-reconeixement","status":"publish","type":"page","link":"https:\/\/agora.xtec.cat\/ies-antoni-pous\/serveis\/servei-de-reconeixement\/","title":{"rendered":"Servei de reconeixement"},"content":{"rendered":"<h4><a href=\"http:\/\/agora.xtec.cat\/ies-antoni-pous\/wp-content\/uploads\/usu283\/2016\/01\/LOGO_Reconeixement.jpg\"><img loading=\"lazy\" decoding=\"async\" class=\"alignright wp-image-894 size-full\" src=\"http:\/\/agora.xtec.cat\/ies-antoni-pous\/wp-content\/uploads\/usu283\/2016\/01\/LOGO_Reconeixement.jpg\" alt=\"LOGO_Reconeixement\" width=\"84\" height=\"84\" \/><\/a><\/h4>\n<h4><\/h4>\n<h4><\/h4>\n<h4><\/h4>\n<h4>1. Descripci\u00f3 del Servei de reconeixement acad\u00e8mic dels aprenentatges assolits mitjan\u00e7ant l\u2019experi\u00e8ncia laboral o en activitats socials<\/h4>\n<hr \/>\n<p style=\"text-align: justify;\">El reconeixement acad\u00e8mic dels aprenentatges assolits mitjan\u00e7ant l\u2019experi\u00e8ncia laboral o en activitats socials \u00e9s un servei que presta el centre educatiu, a sol\u00b7licitud de la persona usu\u00e0ria, de forma individual.<\/p>\n<p style=\"text-align: justify;\"><strong>El reconeixement acad\u00e8mic dels aprenentatges assolits mitjan\u00e7ant l\u2019experi\u00e8ncia laboral permet a les persones adultes posar en valor aquells aprenentatges que han adquirit i obtenir la correspond\u00e8ncia amb els ensenyaments de formaci\u00f3 professional del sistema educatiu. <\/strong><\/p>\n<p style=\"text-align: justify;\">\u00danicament, es poden recon\u00e8ixer els aprenentatges relacionats amb els cr\u00e8dits, o unitats formatives que derivin d\u2019unitats de compet\u00e8ncia dels t\u00edtols de formaci\u00f3 professional inicial.<\/p>\n<p style=\"text-align: justify;\">El reconeixement acad\u00e8mic dels aprenentatges assolits mitjan\u00e7ant l\u2019experi\u00e8ncia laboral o en activitats socials conclou amb un certificat oficial expedit pel centre educatiu on hi constaran els cr\u00e8dits o unitats formatives reconegudes.<\/p>\n<p style=\"text-align: justify;\"><strong>El servei de reconeixement, no \u00e9s una continuaci\u00f3 del Servei d\u2019Assessorament<\/strong>, per tant s\u2019han de seguir els punts indicats en la Resoluci\u00f3 ENS\/1891\/2012, de 23 d\u2019agost, d\u2019organitzaci\u00f3 de diverses mesures flexibilitadores i actuacions en la formaci\u00f3 professional inicial.<\/p>\n<p style=\"text-align: justify;\"><strong>Haver rebut el servei d\u2019assessorament en un centre, no garanteix disposar de pla\u00e7a pel servei de reconeixement<\/strong> <strong>en el mateix centre. La persona interessada haur\u00e0 de fer una nova sol\u00b7licitud al servei de reconeixement<\/strong> i entrar\u00e0 en un proc\u00e9s d\u2019admissi\u00f3 que es far\u00e0 d\u2019acord amb els criteris establerts a les instruccions de l\u2019esmentada Resoluci\u00f3 del 23 d\u2019agost.<\/p>\n<p style=\"text-align: justify;\"><a href=\"http:\/\/agora.xtec.cat\/ies-antoni-pous\/wp-content\/uploads\/usu283\/2016\/11\/Informaci%C3%B3-difusi%C3%B3-Servei-Reconeixement-INS-Antoni-Pous-2.pdf\">Informaci\u00f3 servei reconeixement d\u2019aprenentatges<\/a><\/p>\n<h4 style=\"text-align: justify;\">2. Persones destinat\u00e0ries<\/h4>\n<hr \/>\n<p style=\"text-align: justify;\">El servei de reconeixement acad\u00e8mic dels aprenentatges assolits mitjan\u00e7ant l\u2019experi\u00e8ncia laboral s\u2019adre\u00e7a a les persones que han complert 18 anys, i acrediten una experi\u00e8ncia laboral o en activitats socials, d\u2019almenys dos anys, en el sector professional relacionat amb el cicle formatiu del qual volen recon\u00e8ixer els aprenentatges.<\/p>\n<h4 style=\"text-align: justify;\">3. Oferta de places al Servei de reconeixement de l\u2019Institut Antoni Pous i Argila curs 2020-2021<\/h4>\n<hr \/>\n<table style=\"height: 134px;\" width=\"438\">\n<tbody>\n<tr>\n<td style=\"width: 369px;\"><strong>Cicle Formatiu<\/strong><\/td>\n<td style=\"width: 61px; text-align: center;\"><strong>Places <\/strong><\/td>\n<\/tr>\n<tr>\n<td style=\"width: 369px;\">Atenci\u00f3 a Persones en Situaci\u00f3 de depend\u00e8ncia (SC10)<\/td>\n<td style=\"width: 61px; text-align: center;\">3<\/td>\n<\/tr>\n<tr>\n<td style=\"width: 369px;\">T\u00e8cnic\/a en Integraci\u00f3 Social (SCC0)<\/td>\n<td style=\"width: 61px; text-align: center;\">3<\/td>\n<\/tr>\n<tr>\n<td style=\"width: 369px;\">T\u00e8cnic\/a en Educaci\u00f3 Infantil (SCB0)<\/td>\n<td style=\"width: 61px; text-align: center;\">3<\/td>\n<\/tr>\n<\/tbody>\n<\/table>\n<h4>4. Requisits per accedir al servei<\/h4>\n<hr \/>\n<p style=\"text-align: justify;\"><strong>Per participar-hi ha d\u2019acreditar haver rebut el servei d\u2019assessorament previ per al mateix cicle formatiu, aportant l\u2019informe d\u2019assessorament.<\/strong><\/p>\n<p style=\"text-align: justify;\">Tamb\u00e9 hi poden participar les persones que hagin fet la fase d\u2019orientaci\u00f3 i assessorament en qualsevol convocat\u00f2ria del proc\u00e9s per a l\u2019acreditaci\u00f3 de compet\u00e8ncies professionals relatives a unitats de compet\u00e8ncia establertes en els t\u00edtols de t\u00e8cnic i t\u00e8cnic superior de formaci\u00f3 professional del sistema educatiu; sempre que es tracti del mateix t\u00edtol o un t\u00edtol que es consideri af\u00ed. A tal efecte, presentaran el certificat d\u2019orientaci\u00f3 sobre l\u2019acreditaci\u00f3 de compet\u00e8ncies lliurat pel centre.<\/p>\n<h4 style=\"text-align: justify;\">5. Procediment d\u2019Inscripci\u00f3<\/h4>\n<hr \/>\n<p style=\"text-align: justify;\">La sol\u00b7licitud es realitzar\u00e0 de forma presencial a la secretaria del centre, aportant l\u2019aspirant el full de sol\u00b7licitud degudament omplert<\/p>\n<p style=\"text-align: justify;\"><a href=\"http:\/\/agora.xtec.cat\/ies-antoni-pous\/wp-content\/uploads\/usu283\/2016\/11\/C10-P01-R3-Sol%C2%B7licitud-Inscripci%C3%B3-al-servei-de-reconeixement-R.pdf\">Full de sol\u00b7licitud<\/a><\/p>\n<h4 style=\"text-align: justify;\">6. Preu del Servei<\/h4>\n<hr \/>\n<p style=\"text-align: justify;\"><a href=\"http:\/\/agora.xtec.cat\/ies-antoni-pous\/wp-content\/uploads\/usu283\/2016\/11\/02-Preu-pulbic.pdf\">Preus<\/a><\/p>\n<p style=\"text-align: justify;\">Els centres educatius dependents del Departament d\u2019Ensenyament la prestaci\u00f3 del Servei de reconeixement acad\u00e8mic dels aprenentatges assolits mitjan\u00e7ant l\u2019experi\u00e8ncia laboral est\u00e0 subjecta a l\u2019ingr\u00e9s del preu p\u00fablic. (ORDRE ENS\/270\/2012- DOGC n\u00fam. 6221, de 27.9.2012)<\/p>\n<p style=\"text-align: justify;\">a) Per cr\u00e8dits de t\u00edtols LOGSE, 40,00\u20ac<\/p>\n<p style=\"text-align: justify;\">b) Per unitat formativa de t\u00edtols LOE 18,00\u20ac<\/p>\n<p style=\"text-align: justify;\">Seran aplicables amb la justificaci\u00f3 documental pr\u00e8via, les exempcions i bonificacions seg\u00fcents:<\/p>\n<p style=\"text-align: justify;\"><strong>Bonificaci\u00f3 del 50%<\/strong><\/p>\n<p style=\"text-align: justify;\">Les persones membres de fam\u00edlies nombroses classificades en la de categoria general i les persones membres de fam\u00edlies monoparentals, tenen una bonificaci\u00f3 del 50% dels imports dels preus p\u00fablics, sense que ambdues bonificacions siguin acumulables.<\/p>\n<p style=\"text-align: justify;\"><strong>Exempci\u00f3 total del preu p\u00fablic<\/strong><\/p>\n<p style=\"text-align: justify;\">a) Les persones membres de fam\u00edlies nombroses de categoria especial.<\/p>\n<p style=\"text-align: justify;\">b) Les persones que posseeixen la declaraci\u00f3 legal de minusv\u00e0lua en grau igual o superior al 33%.<\/p>\n<p style=\"text-align: justify;\">c) Les persones subjectes a mesures privatives de llibertat.<\/p>\n<p style=\"text-align: justify;\">d) Les v\u00edctimes d\u2019actes terroristes, els seus c\u00f2njuges i els seus fills.<\/p>\n<p style=\"text-align: justify;\">Les persones que disposin d\u2019una certificaci\u00f3 amb unitats de compet\u00e8ncia acreditades que tenen una correspond\u00e8ncia parcial amb un o diversos m\u00f2duls professionals, i que han sol\u00b7licitat que se\u2019ls reconegui la correspond\u00e8ncia amb unitats formatives establerta per la DGFPIERE, seran admeses sense satisfer l\u2019import corresponent al preu p\u00fablic establert, i sense comptabilitzar en el nombre de places que oferta del centre.<\/p>\n<h4 style=\"text-align: justify;\">7. Calendari<\/h4>\n<hr \/>\n<table style=\"width: 825px;\">\n<tbody>\n<tr>\n<td style=\"width: 259px;\">Per\u00edode d\u2019admissi\u00f3 de sol\u00b7licituds (persones ja assessorades)<\/td>\n<td style=\"width: 244px;\">Pendent de concretar<\/td>\n<td style=\"width: 312px;\">Presencial a la secretaria del centre. Full de sol\u00b7licitud. DNI Informe de vida laboral (treball assalariat) o certificat de a Tresoreria General de la Seguretat Social o de la mutualitat laboral (aut\u00f2noms) o Certificat d\u2019empresa (activitats socials sense relaci\u00f3 laboral) Informe d\u2019assessorament<\/td>\n<\/tr>\n<tr>\n<td style=\"width: 259px;\">Publicaci\u00f3 de les llistes de persones admeses i places de reserva<\/td>\n<td style=\"width: 244px;\">Pendent de concretar<\/td>\n<td style=\"width: 312px;\">Al taulell i a la p\u00e0gina web del centre<\/td>\n<\/tr>\n<tr>\n<td style=\"width: 259px;\">Reclamacions a la llista provisional de persones admeses<\/td>\n<td style=\"width: 244px;\">Pendent de concretar<\/td>\n<td style=\"width: 312px;\"><\/td>\n<\/tr>\n<tr>\n<td style=\"width: 259px;\">Publicaci\u00f3 llista definitiva de persones admeses i places de reserva<\/td>\n<td style=\"width: 244px;\">Pendent de concretar<\/td>\n<td style=\"width: 312px;\"><\/td>\n<\/tr>\n<tr>\n<td style=\"width: 259px;\">Admissi\u00f3 noves sol\u00b7licituds provinents de noves persones assessorades<\/td>\n<td style=\"width: 244px;\">Pendent de concretar<\/td>\n<td style=\"width: 312px;\"><\/td>\n<\/tr>\n<tr>\n<td style=\"width: 259px;\">Inscripci\u00f3 i pagament del Servei<\/td>\n<td style=\"width: 244px;\">Pendent de concretar<\/td>\n<td style=\"width: 312px;\">Full d\u2019inscripci\u00f3 Justificant pagament. Informe Assessor<\/td>\n<\/tr>\n<tr>\n<td style=\"width: 259px;\">Data d\u2019inici de les sessions de Reconeixement<\/td>\n<td style=\"width: 244px;\">Pendent de concretar<\/td>\n<td style=\"width: 312px;\"><\/td>\n<\/tr>\n<tr>\n<td style=\"width: 259px;\">Publicaci\u00f3 de resultats provisionals<\/td>\n<td style=\"width: 244px;\">Pendent de concretar<\/td>\n<td style=\"width: 312px;\"><\/td>\n<\/tr>\n<tr>\n<td style=\"width: 259px;\">Reclamacions als resultats provisionals<\/td>\n<td style=\"width: 244px;\">Pendent de concretar<\/td>\n<td style=\"width: 312px;\"><\/td>\n<\/tr>\n<tr>\n<td style=\"width: 259px;\">Publicaci\u00f3 resultats definitius<\/td>\n<td style=\"width: 244px;\">Pendent de concretar<\/td>\n<td style=\"width: 312px;\"><\/td>\n<\/tr>\n<tr>\n<td style=\"width: 259px;\">Lliurament certificats<\/td>\n<td style=\"width: 244px;\">Pendent de concretar<\/td>\n<td style=\"width: 312px;\"><\/td>\n<\/tr>\n<\/tbody>\n<\/table>\n<p>Si en el primer semestre no hi ha candidats, l\u2019Institut obrir\u00e0 un segon per\u00edode coincidint amb la finalitzaci\u00f3 d\u2019assessoraments i un tercer durant el 2017.<\/p>\n<p>&nbsp;<\/p>\n<h4>8. Canal de comunicaci\u00f3<\/h4>\n<hr \/>\n<p>Es publicar\u00e0 a la p\u00e0gina web i al taulell d\u2019anunci les dates del proc\u00e9s.<\/p>\n<p>Previ a l\u2019inici de cada fase es contactar\u00e0 individualment amb cada aspirant via tel\u00e8fonica i\/o a trav\u00e9s del correu electr\u00f2nic.<\/p>\n<p>&nbsp;<\/p>\n<h4>9. Carta de comprom\u00eds de qualitat dels serveis<\/h4>\n<hr \/>\n<p><a href=\"http:\/\/agora.xtec.cat\/ies-antoni-pous\/wp-content\/uploads\/usu283\/2016\/11\/Carta-comprom%C3%ADs-assessorament-reconeixement.pdf\">Carta de comprom\u00eds<\/a><\/p>\n<p>&nbsp;<\/p>\n<h4>10. Resoluci\u00f3<\/h4>\n<hr \/>\n<p><a href=\"http:\/\/agora.xtec.cat\/ies-antoni-pous\/wp-content\/uploads\/usu283\/2016\/11\/01-Resoluci%C3%B3-mesures-flexibilizadores.pdf\">Resoluci\u00f3 de mesures flexibilitzadores<\/a><\/p>\n","protected":false},"excerpt":{"rendered":"<p>1. Descripci\u00f3 del Servei de reconeixement acad\u00e8mic dels aprenentatges assolits mitjan\u00e7ant l\u2019experi\u00e8ncia laboral o en activitats socials El reconeixement acad\u00e8mic [&hellip;]<\/p>\n","protected":false},"author":3,"featured_media":0,"parent":63,"menu_order":9,"comment_status":"closed","ping_status":"closed","template":"page-templates\/side-menu.php","meta":{"_bbp_topic_count":0,"_bbp_reply_count":0,"_bbp_total_topic_count":0,"_bbp_total_reply_count":0,"_bbp_voice_count":0,"_bbp_anonymous_reply_count":0,"_bbp_topic_count_hidden":0,"_bbp_reply_count_hidden":0,"_bbp_forum_subforum_count":0,"site-sidebar-layout":"default","site-content-layout":"","ast-site-content-layout":"","site-content-style":"default","site-sidebar-style":"default","ast-global-header-display":"","ast-banner-title-visibility":"","ast-main-header-display":"","ast-hfb-above-header-display":"","ast-hfb-below-header-display":"","ast-hfb-mobile-header-display":"","site-post-title":"","ast-breadcrumbs-content":"","ast-featured-img":"","footer-sml-layout":"","theme-transparent-header-meta":"","adv-header-id-meta":"","stick-header-meta":"","header-above-stick-meta":"","header-main-stick-meta":"","header-below-stick-meta":"","astra-migrate-meta-layouts":"default","ast-page-background-enabled":"default","ast-page-background-meta":{"desktop":{"background-color":"var(--ast-global-color-4)","background-image":"","background-repeat":"repeat","background-position":"center center","background-size":"auto","background-attachment":"scroll","background-type":"","background-media":"","overlay-type":"","overlay-color":"","overlay-opacity":"","overlay-gradient":""},"tablet":{"background-color":"","background-image":"","background-repeat":"repeat","background-position":"center center","background-size":"auto","background-attachment":"scroll","background-type":"","background-media":"","overlay-type":"","overlay-color":"","overlay-opacity":"","overlay-gradient":""},"mobile":{"background-color":"","background-image":"","background-repeat":"repeat","background-position":"center center","background-size":"auto","background-attachment":"scroll","background-type":"","background-media":"","overlay-type":"","overlay-color":"","overlay-opacity":"","overlay-gradient":""}},"ast-content-background-meta":{"desktop":{"background-color":"var(--ast-global-color-5)","background-image":"","background-repeat":"repeat","background-position":"center center","background-size":"auto","background-attachment":"scroll","background-type":"","background-media":"","overlay-type":"","overlay-color":"","overlay-opacity":"","overlay-gradient":""},"tablet":{"background-color":"var(--ast-global-color-5)","background-image":"","background-repeat":"repeat","background-position":"center center","background-size":"auto","background-attachment":"scroll","background-type":"","background-media":"","overlay-type":"","overlay-color":"","overlay-opacity":"","overlay-gradient":""},"mobile":{"background-color":"var(--ast-global-color-5)","background-image":"","background-repeat":"repeat","background-position":"center center","background-size":"auto","background-attachment":"scroll","background-type":"","background-media":"","overlay-type":"","overlay-color":"","overlay-opacity":"","overlay-gradient":""}},"footnotes":""},"class_list":["post-2372","page","type-page","status-publish","hentry"],"post_mailing_queue_ids":[],"_links":{"self":[{"href":"https:\/\/agora.xtec.cat\/ies-antoni-pous\/wp-json\/wp\/v2\/pages\/2372","targetHints":{"allow":["GET"]}}],"collection":[{"href":"https:\/\/agora.xtec.cat\/ies-antoni-pous\/wp-json\/wp\/v2\/pages"}],"about":[{"href":"https:\/\/agora.xtec.cat\/ies-antoni-pous\/wp-json\/wp\/v2\/types\/page"}],"author":[{"embeddable":true,"href":"https:\/\/agora.xtec.cat\/ies-antoni-pous\/wp-json\/wp\/v2\/users\/3"}],"replies":[{"embeddable":true,"href":"https:\/\/agora.xtec.cat\/ies-antoni-pous\/wp-json\/wp\/v2\/comments?post=2372"}],"version-history":[{"count":3,"href":"https:\/\/agora.xtec.cat\/ies-antoni-pous\/wp-json\/wp\/v2\/pages\/2372\/revisions"}],"predecessor-version":[{"id":12107,"href":"https:\/\/agora.xtec.cat\/ies-antoni-pous\/wp-json\/wp\/v2\/pages\/2372\/revisions\/12107"}],"up":[{"embeddable":true,"href":"https:\/\/agora.xtec.cat\/ies-antoni-pous\/wp-json\/wp\/v2\/pages\/63"}],"wp:attachment":[{"href":"https:\/\/agora.xtec.cat\/ies-antoni-pous\/wp-json\/wp\/v2\/media?parent=2372"}],"curies":[{"name":"wp","href":"https:\/\/api.w.org\/{rel}","templated":true}]}}