{"id":2365,"date":"2017-04-08T09:47:17","date_gmt":"2017-04-08T07:47:17","guid":{"rendered":"http:\/\/agora.xtec.cat\/ies-antoni-pous\/?page_id=2365"},"modified":"2021-04-28T10:03:12","modified_gmt":"2021-04-28T08:03:12","slug":"servei-dassessorament","status":"publish","type":"page","link":"https:\/\/agora.xtec.cat\/ies-antoni-pous\/serveis\/servei-dassessorament\/","title":{"rendered":"Servei d&#8217;assessorament"},"content":{"rendered":"<h3 class=\"western\" align=\"left\"><u><a href=\"http:\/\/agora.xtec.cat\/ies-antoni-pous\/wp-content\/uploads\/usu283\/2016\/02\/Assessorament.jpg\"><img loading=\"lazy\" decoding=\"async\" class=\"size-full wp-image-1325 alignright\" src=\"http:\/\/agora.xtec.cat\/ies-antoni-pous\/wp-content\/uploads\/usu283\/2016\/02\/Assessorament.jpg\" alt=\"Assessorament\" width=\"84\" height=\"84\" \/><\/a><\/u><\/h3>\n<h3 class=\"western\" align=\"left\"><\/h3>\n<h3 class=\"western\" align=\"left\"><\/h3>\n<h3 class=\"western\" align=\"left\"><\/h3>\n<h3 class=\"western\" align=\"left\"><\/h3>\n<h3 class=\"western\" align=\"left\">\u00a01.Descripci\u00f3 del Servei d&#8217;assessorament<\/h3>\n<hr \/>\n<p class=\"western\" style=\"text-align: justify;\" align=\"left\">\u00c9s un servei que presta el centre educatiu, a sol\u00b7licitud de la persona interessada, de forma personalitzada, que consisteix en la identificaci\u00f3 i l\u2019an\u00e0lisi detallat de les capacitats i expectatives professionals, i la identificaci\u00f3 i valoraci\u00f3 de les ofertes formatives amb les seves variants, i que conclou amb l\u2019elaboraci\u00f3 i lliurament de l\u2019informe d\u2019assessorament (requisit previ per participar al Reconeixement acad\u00e8mic dels aprenentatges assolits mitjan\u00e7ant l\u2019experi\u00e8ncia laboral o en activitats socials).<\/p>\n<p class=\"western\">\u00a0<a href=\"http:\/\/agora.xtec.cat\/ies-antoni-pous\/wp-content\/uploads\/usu283\/2016\/11\/Informaci%C3%B3-difusi%C3%B3-Servei-Reconeixement-INS-Antoni-Pous-2-1.pdf\">Informaci\u00f3 servei d&#8217;assessorament<\/a><\/p>\n<h3 class=\"western\" align=\"left\"><\/h3>\n<h3 class=\"western\" align=\"left\">\u00a02. Carta de comprom\u00eds de qualitat dels serveis<\/h3>\n<hr \/>\n<p class=\"western\" align=\"left\"><a href=\"http:\/\/agora.xtec.cat\/ies-antoni-pous\/wp-content\/uploads\/usu283\/2016\/11\/Carta-comprom%C3%ADs-assessorament.pdf\">Carta de comprom\u00eds<\/a><\/p>\n<h3 class=\"western\" align=\"left\"><\/h3>\n<h3 class=\"western\" align=\"left\">\u00a03. Preu del Servei<\/h3>\n<hr \/>\n<p class=\"western\" align=\"left\">60\u20ac (Centres p\u00fablics del Departament d\u2019Ensenyament)<\/p>\n<p class=\"western\" align=\"justify\">Als centres educatius dependents del Departament d\u2019Ensenyament la prestaci\u00f3 del Servei est\u00e0 subjecta a l\u2019ingr\u00e9s de 60\u20ac en concepte de preu p\u00fablic, tal i com s\u2019estableix a l\u2019ORDRE NS\/270\/2012, de creaci\u00f3 de preus p\u00fablics per diversos serveis relacionats amb els ensenyaments de formaci\u00f3 professional inicial que es presten als centres educatius depenents del Departament d\u2019Ensenyament (DOGC n\u00fam. 6221, de 27.9.2012). L\u2019ordre determina en quines situacions les persones interessades poden demanar exempcions i bonificacions.<\/p>\n<h3 class=\"western\" align=\"left\"><\/h3>\n<h3 class=\"western\" align=\"left\">4. Oferta de places al Servei d&#8217;Assessorament de l&#8217;institut Antoni Pous i Argila curs 2020-2021<\/h3>\n<hr \/>\n<table width=\"576\" cellspacing=\"0\" cellpadding=\"1\">\n<colgroup>\n<col width=\"285\" \/>\n<col width=\"285\" \/> <\/colgroup>\n<tbody>\n<tr valign=\"top\">\n<td width=\"285\" height=\"19\">\n<p align=\"center\"><span style=\"font-size: small;\"><span style=\"font-size: large;\"><b>Fam\u00edlia Professional<\/b><\/span><\/span><\/p>\n<\/td>\n<td width=\"285\">\n<p align=\"center\"><span style=\"font-size: small;\"><span style=\"font-size: large;\"><b>Places<\/b><\/span><\/span><\/p>\n<\/td>\n<\/tr>\n<tr valign=\"top\">\n<td width=\"285\" height=\"16\">\n<p align=\"center\"><span style=\"font-size: small;\"><span style=\"font-size: medium;\">Serveis Socioculturals i a la comunitat<\/span><\/span><\/p>\n<\/td>\n<td width=\"285\">\n<p align=\"center\"><span style=\"font-size: small;\"><span style=\"font-size: medium;\">9<\/span><\/span><\/p>\n<\/td>\n<\/tr>\n<\/tbody>\n<\/table>\n<h3 class=\"western\" align=\"left\"><\/h3>\n<h3>5. Criteris d&#8217;admissi\u00f3<\/h3>\n<p>L\u2019ordre d\u2019admissi\u00f3, als centres del Departament, es realitzar\u00e0 d\u2019acord amb la major edat de la persona sol\u00b7licitant.<\/p>\n<h3 class=\"western\" align=\"left\"><\/h3>\n<h3>6. Calendari<\/h3>\n<table width=\"614\" cellspacing=\"0\" cellpadding=\"1\">\n<colgroup>\n<col width=\"224\" \/>\n<col width=\"173\" \/>\n<col width=\"209\" \/> <\/colgroup>\n<tbody>\n<tr valign=\"top\">\n<td width=\"224\" height=\"19\"><span style=\"font-size: small;\"><span style=\"font-size: large;\">Descripci\u00f3<\/span><\/span><\/td>\n<td width=\"173\"><span style=\"font-size: small;\"><span style=\"font-size: large;\">Data<\/span><\/span><\/td>\n<td width=\"209\"><span style=\"font-size: small;\"><span style=\"font-size: large;\">Observacions<\/span><\/span><\/td>\n<\/tr>\n<tr valign=\"top\">\n<td width=\"224\" height=\"29\"><span style=\"font-size: small;\"><span style=\"font-size: small;\">Per\u00edode d\u2019admissi\u00f3 de sol\u00b7licituds<\/span><\/span><\/td>\n<td width=\"173\">Pendent de determinar<\/td>\n<td width=\"209\"><span style=\"font-size: small;\"><span style=\"font-size: small;\">Presencial a la secretaria del centre<\/span><\/span><\/td>\n<\/tr>\n<tr valign=\"top\">\n<td width=\"224\" height=\"29\"><span style=\"font-size: small;\"><span style=\"font-size: small;\">Publicaci\u00f3 de les llistes provisional d\u2019admesos i places de reserva<\/span><\/span><\/td>\n<td width=\"173\">Pendent de determinar<\/td>\n<td width=\"209\"><span style=\"font-size: small;\"><span style=\"font-size: small;\">Al taulell i a la p\u00e0gina web del centre<\/span><\/span><\/td>\n<\/tr>\n<tr valign=\"top\">\n<td width=\"224\" height=\"34\"><span style=\"font-size: small;\"><span style=\"font-family: Calibri, serif;\"><span style=\"font-size: small;\">Reclamacions a la llista provisional de persones admeses<\/span><\/span><\/span><\/td>\n<td width=\"173\">Pendent de determinar<\/td>\n<td width=\"209\"><span style=\"font-size: small;\"><span style=\"font-size: small;\">&#8211;<\/span><\/span><\/td>\n<\/tr>\n<tr valign=\"top\">\n<td width=\"224\" height=\"52\"><span style=\"font-size: small;\"><span style=\"font-family: Calibri, serif;\"><span style=\"font-size: small;\">Publicaci\u00f3 llista definitiva de persones admeses i places de reserva<\/span><\/span><\/span><\/td>\n<td width=\"173\">Pendent de determinar<\/td>\n<td width=\"209\"><\/td>\n<\/tr>\n<tr valign=\"top\">\n<td width=\"224\" height=\"244\"><span style=\"font-size: small;\"><span style=\"font-size: small;\">Lliurament de la documentaci\u00f3<\/span><\/span><\/td>\n<td width=\"173\">Pendent de determinar<\/td>\n<td width=\"209\">\n<ul>\n<li>\n<p align=\"justify\"><span style=\"font-size: small;\"><span style=\"font-size: small;\">Full de sol\u00b7licitud impr\u00e8s amb les dades personals i la fam\u00edlia professional<\/span> <span style=\"font-size: small;\">escollida<\/span><\/span><\/p>\n<\/li>\n<li>\n<p align=\"justify\"><span style=\"font-size: small;\"><span style=\"font-size: small;\">Fotoc\u00f2pia DNI, NIE o Passaport acompanyat de l\u2019original per a la seva<\/span> <span style=\"font-size: small;\">verificaci\u00f3<\/span><\/span><\/p>\n<\/li>\n<li>\n<p align=\"left\"><span style=\"font-size: small;\"><span style=\"font-size: small;\">Document justificatiu de la<\/span> <span style=\"font-size: small;\">bonificaci\u00f3 o l\u2019exempci\u00f3 del preu p\u00fablic, si \u00e9s el cas.<\/span><\/span><\/p>\n<\/li>\n<li>\n<p align=\"justify\"><span style=\"font-size: small;\"><span style=\"font-size: small;\">Resguard de pagament del preu establert.<\/span><\/span><\/p>\n<\/li>\n<\/ul>\n<\/td>\n<\/tr>\n<tr valign=\"top\">\n<td width=\"224\" height=\"45\"><span style=\"font-size: small;\"><span style=\"font-size: small;\">Pagament del Servei<\/span><\/span><\/td>\n<td width=\"173\"><span style=\"font-size: small;\"><span style=\"font-size: small;\">Pendent de determinar<\/span><\/span><\/td>\n<td width=\"209\">\n<p align=\"justify\"><span style=\"font-size: small;\"><span style=\"font-size: small;\">La manca de pagament del preu del servei en el termini establert comporta l\u2019exclusi\u00f3 del servei.<\/span><\/span><\/p>\n<\/td>\n<\/tr>\n<tr valign=\"top\">\n<td width=\"224\" height=\"74\"><span style=\"font-size: small;\"><span style=\"font-size: small;\">Data d\u2019inici de les sessions d\u2019assessorament<\/span><\/span><\/td>\n<td width=\"173\">Pendent de determinar<\/td>\n<td width=\"209\"><span style=\"font-size: small;\"><span style=\"font-size: small;\">trucada telef\u00f2nica i\/o un correu notificant l\u2019hora assignada.<\/span><\/span><\/p>\n<p><span style=\"font-size: small;\"><span style=\"font-size: small;\">En el cas que no es pugui assistir a la sessi\u00f3 i no <\/span> <span style=\"font-size: small;\">es<\/span><\/span><\/td>\n<\/tr>\n<\/tbody>\n<\/table>\n<table width=\"614\" cellspacing=\"0\" cellpadding=\"1\">\n<colgroup>\n<col width=\"224\" \/>\n<col width=\"173\" \/>\n<col width=\"209\" \/> <\/colgroup>\n<tbody>\n<tr valign=\"top\">\n<td width=\"224\" height=\"90\"><\/td>\n<td width=\"173\"><\/td>\n<td width=\"209\">\n<p align=\"justify\"><span style=\"font-size: small;\"><span style=\"font-size: small;\">comuniqui amb antelaci\u00f3, o la no justificaci\u00f3 d\u2019una assist\u00e8ncia comportar\u00e0 la p\u00e8rdua dels drets a rebre l\u2019assessorament i la p\u00e8rdua del reemborsament del preu del servei.<\/span><\/span><\/p>\n<\/td>\n<\/tr>\n<tr valign=\"top\">\n<td width=\"224\" height=\"34\"><span style=\"font-size: small;\"><span style=\"font-family: Calibri, serif;\"><span style=\"font-size: small;\">Sessi\u00f3 presentaci\u00f3 servei assessorament<\/span><\/span><\/span><\/td>\n<td width=\"173\">Pendent de determinar<\/td>\n<td width=\"209\"><span style=\"font-size: small;\"><span style=\"font-size: small;\">Si hi ha poques places es far\u00e0 individual<\/span><\/span><\/td>\n<\/tr>\n<tr valign=\"top\">\n<td width=\"224\" height=\"34\"><span style=\"font-size: small;\"><span style=\"font-family: Calibri, serif;\"><span style=\"font-size: small;\">Tutories individuals servei assessorament<\/span><\/span><\/span><\/td>\n<td width=\"173\">Pendent de determinar<\/td>\n<td width=\"209\"><\/td>\n<\/tr>\n<tr valign=\"top\">\n<td width=\"224\" height=\"51\"><span style=\"font-size: small;\"><span style=\"font-family: Calibri, serif;\"><span style=\"font-size: small;\">Lliurament informes d\u2019assessorament i enquestes satisfacci\u00f3<\/span><\/span><\/span><\/td>\n<td width=\"173\">Pendent de determinar<\/td>\n<td width=\"209\"><\/td>\n<\/tr>\n<\/tbody>\n<\/table>\n<h3 class=\"western\" align=\"left\"><\/h3>\n<h3>7. Full sol\u00b7licitud del servei<\/h3>\n<hr \/>\n<p class=\"western\"><a href=\"http:\/\/agora.xtec.cat\/ies-antoni-pous\/wp-content\/uploads\/usu283\/2016\/11\/C10-P01-R2-Sol%C2%B7licitud-dinscripci%C3%B3-Assessoramentrev.pdf\">Sol\u00b7licitud inscripci\u00f3 al Servei d&#8217;Assessorament<\/a><\/p>\n","protected":false},"excerpt":{"rendered":"<p>\u00a01.Descripci\u00f3 del Servei d&#8217;assessorament \u00c9s un servei que presta el centre educatiu, a sol\u00b7licitud de la persona interessada, de forma [&hellip;]<\/p>\n","protected":false},"author":3,"featured_media":0,"parent":63,"menu_order":8,"comment_status":"closed","ping_status":"closed","template":"page-templates\/side-menu.php","meta":{"_bbp_topic_count":0,"_bbp_reply_count":0,"_bbp_total_topic_count":0,"_bbp_total_reply_count":0,"_bbp_voice_count":0,"_bbp_anonymous_reply_count":0,"_bbp_topic_count_hidden":0,"_bbp_reply_count_hidden":0,"_bbp_forum_subforum_count":0,"site-sidebar-layout":"default","site-content-layout":"","ast-site-content-layout":"","site-content-style":"default","site-sidebar-style":"default","ast-global-header-display":"","ast-banner-title-visibility":"","ast-main-header-display":"","ast-hfb-above-header-display":"","ast-hfb-below-header-display":"","ast-hfb-mobile-header-display":"","site-post-title":"","ast-breadcrumbs-content":"","ast-featured-img":"","footer-sml-layout":"","theme-transparent-header-meta":"","adv-header-id-meta":"","stick-header-meta":"","header-above-stick-meta":"","header-main-stick-meta":"","header-below-stick-meta":"","astra-migrate-meta-layouts":"default","ast-page-background-enabled":"default","ast-page-background-meta":{"desktop":{"background-color":"var(--ast-global-color-4)","background-image":"","background-repeat":"repeat","background-position":"center center","background-size":"auto","background-attachment":"scroll","background-type":"","background-media":"","overlay-type":"","overlay-color":"","overlay-opacity":"","overlay-gradient":""},"tablet":{"background-color":"","background-image":"","background-repeat":"repeat","background-position":"center center","background-size":"auto","background-attachment":"scroll","background-type":"","background-media":"","overlay-type":"","overlay-color":"","overlay-opacity":"","overlay-gradient":""},"mobile":{"background-color":"","background-image":"","background-repeat":"repeat","background-position":"center center","background-size":"auto","background-attachment":"scroll","background-type":"","background-media":"","overlay-type":"","overlay-color":"","overlay-opacity":"","overlay-gradient":""}},"ast-content-background-meta":{"desktop":{"background-color":"var(--ast-global-color-5)","background-image":"","background-repeat":"repeat","background-position":"center center","background-size":"auto","background-attachment":"scroll","background-type":"","background-media":"","overlay-type":"","overlay-color":"","overlay-opacity":"","overlay-gradient":""},"tablet":{"background-color":"var(--ast-global-color-5)","background-image":"","background-repeat":"repeat","background-position":"center center","background-size":"auto","background-attachment":"scroll","background-type":"","background-media":"","overlay-type":"","overlay-color":"","overlay-opacity":"","overlay-gradient":""},"mobile":{"background-color":"var(--ast-global-color-5)","background-image":"","background-repeat":"repeat","background-position":"center center","background-size":"auto","background-attachment":"scroll","background-type":"","background-media":"","overlay-type":"","overlay-color":"","overlay-opacity":"","overlay-gradient":""}},"footnotes":""},"class_list":["post-2365","page","type-page","status-publish","hentry"],"post_mailing_queue_ids":[],"_links":{"self":[{"href":"https:\/\/agora.xtec.cat\/ies-antoni-pous\/wp-json\/wp\/v2\/pages\/2365","targetHints":{"allow":["GET"]}}],"collection":[{"href":"https:\/\/agora.xtec.cat\/ies-antoni-pous\/wp-json\/wp\/v2\/pages"}],"about":[{"href":"https:\/\/agora.xtec.cat\/ies-antoni-pous\/wp-json\/wp\/v2\/types\/page"}],"author":[{"embeddable":true,"href":"https:\/\/agora.xtec.cat\/ies-antoni-pous\/wp-json\/wp\/v2\/users\/3"}],"replies":[{"embeddable":true,"href":"https:\/\/agora.xtec.cat\/ies-antoni-pous\/wp-json\/wp\/v2\/comments?post=2365"}],"version-history":[{"count":4,"href":"https:\/\/agora.xtec.cat\/ies-antoni-pous\/wp-json\/wp\/v2\/pages\/2365\/revisions"}],"predecessor-version":[{"id":12106,"href":"https:\/\/agora.xtec.cat\/ies-antoni-pous\/wp-json\/wp\/v2\/pages\/2365\/revisions\/12106"}],"up":[{"embeddable":true,"href":"https:\/\/agora.xtec.cat\/ies-antoni-pous\/wp-json\/wp\/v2\/pages\/63"}],"wp:attachment":[{"href":"https:\/\/agora.xtec.cat\/ies-antoni-pous\/wp-json\/wp\/v2\/media?parent=2365"}],"curies":[{"name":"wp","href":"https:\/\/api.w.org\/{rel}","templated":true}]}}